{"id":481,"date":"2024-03-14T16:33:02","date_gmt":"2024-03-14T20:33:02","guid":{"rendered":"https:\/\/jupitermachinerie.ca\/produits\/panier\/"},"modified":"2024-03-14T16:33:02","modified_gmt":"2024-03-14T20:33:02","slug":"basket-2","status":"publish","type":"page","link":"https:\/\/jupitermachinerie.ca\/produits\/en\/basket-2\/","title":{"rendered":"Basket"},"content":{"rendered":"<div data-block-name=\"woocommerce\/cart\" class=\"wp-block-woocommerce-cart alignwide is-loading\">\n<div data-block-name=\"woocommerce\/filled-cart-block\" class=\"wp-block-woocommerce-filled-cart-block\">\n<div data-block-name=\"woocommerce\/cart-items-block\" class=\"wp-block-woocommerce-cart-items-block\">\n<div data-block-name=\"woocommerce\/cart-line-items-block\" class=\"wp-block-woocommerce-cart-line-items-block\"><\/div>\n\n\n\n<div data-block-name=\"woocommerce\/cart-cross-sells-block\" class=\"wp-block-woocommerce-cart-cross-sells-block\">\n<h2 class=\"wp-block-heading has-large-font-size\">You may be interested in...<\/h2>\n\n\n\n<div data-block-name=\"woocommerce\/cart-cross-sells-products-block\" class=\"wp-block-woocommerce-cart-cross-sells-products-block\"><\/div>\n<\/div>\n<\/div>\n\n\n\n<div data-block-name=\"woocommerce\/cart-totals-block\" class=\"wp-block-woocommerce-cart-totals-block\">\n<div data-block-name=\"woocommerce\/cart-order-summary-block\" class=\"wp-block-woocommerce-cart-order-summary-block\">\n<div data-block-name=\"woocommerce\/cart-order-summary-heading-block\" class=\"wp-block-woocommerce-cart-order-summary-heading-block\"><\/div><div data-block-name=\"woocommerce\/cart-order-summary-coupon-form-block\" class=\"wp-block-woocommerce-cart-order-summary-coupon-form-block\"><\/div><div data-block-name=\"woocommerce\/cart-order-summary-totals-block\" class=\"wp-block-woocommerce-cart-order-summary-totals-block\">\n<div data-block-name=\"woocommerce\/cart-order-summary-subtotal-block\" class=\"wp-block-woocommerce-cart-order-summary-subtotal-block\"><\/div>\n<div data-block-name=\"woocommerce\/cart-order-summary-discount-block\" class=\"wp-block-woocommerce-cart-order-summary-discount-block\"><\/div>\n<div data-block-name=\"woocommerce\/cart-order-summary-fee-block\" class=\"wp-block-woocommerce-cart-order-summary-fee-block\"><\/div>\n<div data-block-name=\"woocommerce\/cart-order-summary-shipping-block\" class=\"wp-block-woocommerce-cart-order-summary-shipping-block\"><\/div>\n<div data-block-name=\"woocommerce\/cart-order-summary-taxes-block\" class=\"wp-block-woocommerce-cart-order-summary-taxes-block\"><\/div><\/div>\n<\/div>\n\n\n\n<div data-block-name=\"woocommerce\/cart-express-payment-block\" class=\"wp-block-woocommerce-cart-express-payment-block\"><\/div>\n\n\n\n<div data-block-name=\"woocommerce\/proceed-to-checkout-block\" class=\"wp-block-woocommerce-proceed-to-checkout-block\"><\/div>\n\n\n\n<div data-block-name=\"woocommerce\/cart-accepted-payment-methods-block\" class=\"wp-block-woocommerce-cart-accepted-payment-methods-block\"><\/div>\n<\/div>\n<\/div>\n\n\n\n<div data-block-name=\"woocommerce\/empty-cart-block\" class=\"wp-block-woocommerce-empty-cart-block\">\n<h2 class=\"wp-block-heading has-text-align-center with-empty-cart-icon wc-block-cart__empty-cart__title\">Your basket is currently empty!<\/h2>\n\n\n\n<hr class=\"wp-block-separator has-alpha-channel-opacity is-style-dots\"\/>\n\n\n\n<h2 class=\"wp-block-heading has-text-align-center\">New in the store<\/h2>\n\n\n<div data-block-name=\"woocommerce\/product-new\" data-columns=\"4\" data-rows=\"1\" class=\"wc-block-grid wp-block-product-new wp-block-woocommerce-product-new wc-block-product-new has-4-columns\"><ul class=\"wc-block-grid__products\"><li class=\"wc-block-grid__product\">\n\t\t\t\t<a href=\"https:\/\/jupitermachinerie.ca\/produits\/en\/product\/mehta-laser-fibre-grand-format-mr\/\" class=\"wc-block-grid__product-link\">\n\t\t\t\t\t\n\t\t\t\t\t<div class=\"wc-block-grid__product-image\"><img decoding=\"async\" width=\"500\" height=\"162\" src=\"https:\/\/jupitermachinerie.ca\/produits\/wp-content\/uploads\/2026\/01\/Capture-decran-2026-01-23-135806-500x162.png\" class=\"attachment-woocommerce_thumbnail size-woocommerce_thumbnail\" alt=\"Mehta Laser fibre grand format MR\" srcset=\"https:\/\/jupitermachinerie.ca\/produits\/wp-content\/uploads\/2026\/01\/Capture-decran-2026-01-23-135806-18x6.png 18w, https:\/\/jupitermachinerie.ca\/produits\/wp-content\/uploads\/2026\/01\/Capture-decran-2026-01-23-135806-200x65.png 200w, https:\/\/jupitermachinerie.ca\/produits\/wp-content\/uploads\/2026\/01\/Capture-decran-2026-01-23-135806-300x97.png 300w, https:\/\/jupitermachinerie.ca\/produits\/wp-content\/uploads\/2026\/01\/Capture-decran-2026-01-23-135806-400x129.png 400w, https:\/\/jupitermachinerie.ca\/produits\/wp-content\/uploads\/2026\/01\/Capture-decran-2026-01-23-135806-500x162.png 500w, https:\/\/jupitermachinerie.ca\/produits\/wp-content\/uploads\/2026\/01\/Capture-decran-2026-01-23-135806-600x194.png 600w, https:\/\/jupitermachinerie.ca\/produits\/wp-content\/uploads\/2026\/01\/Capture-decran-2026-01-23-135806-700x226.png 700w, https:\/\/jupitermachinerie.ca\/produits\/wp-content\/uploads\/2026\/01\/Capture-decran-2026-01-23-135806-768x248.png 768w, https:\/\/jupitermachinerie.ca\/produits\/wp-content\/uploads\/2026\/01\/Capture-decran-2026-01-23-135806.png 795w\" sizes=\"(max-width: 500px) 100vw, 500px\" \/><\/div>\n\t\t\t\t\t<div class=\"wc-block-grid__product-title\">Mehta Laser fibre grand format MR<\/div>\n\t\t\t\t<\/a>\n\t\t\t\t<div class=\"wc-block-grid__product-price price\"><\/div>\n\t\t\t\t\n\t\t\t\t<div class=\"wp-block-button wc-block-grid__product-add-to-cart\"><a href=\"https:\/\/jupitermachinerie.ca\/produits\/en\/product\/mehta-laser-fibre-grand-format-mr\/\" aria-label=\"Read more about \u201cMehta Laser fibre grand format MR\u201d\" data-quantity=\"1\" data-product_id=\"262555\" data-product_sku=\"\" data-price=\"0\" rel=\"nofollow\" class=\"wp-block-button__link  add_to_cart_button\" data-no-translation=\"\" data-trp-gettext=\"\" data-no-translation-aria-label=\"\">Read more<\/a><\/div>\n\t\t\t<\/li><li class=\"wc-block-grid__product\">\n\t\t\t\t<a href=\"https:\/\/jupitermachinerie.ca\/produits\/en\/product\/cellule-de-pliage-robotise\/\" class=\"wc-block-grid__product-link\">\n\t\t\t\t\t\n\t\t\t\t\t<div class=\"wc-block-grid__product-image\"><img decoding=\"async\" width=\"500\" height=\"281\" src=\"https:\/\/jupitermachinerie.ca\/produits\/wp-content\/uploads\/2025\/11\/autotend-500x281.jpg\" class=\"attachment-woocommerce_thumbnail size-woocommerce_thumbnail\" alt=\"Cellule de pliage robotis\u00e9\" srcset=\"https:\/\/jupitermachinerie.ca\/produits\/wp-content\/uploads\/2025\/11\/autotend-18x10.jpg 18w, https:\/\/jupitermachinerie.ca\/produits\/wp-content\/uploads\/2025\/11\/autotend-200x113.jpg 200w, https:\/\/jupitermachinerie.ca\/produits\/wp-content\/uploads\/2025\/11\/autotend-300x169.jpg 300w, https:\/\/jupitermachinerie.ca\/produits\/wp-content\/uploads\/2025\/11\/autotend-400x225.jpg 400w, https:\/\/jupitermachinerie.ca\/produits\/wp-content\/uploads\/2025\/11\/autotend-500x281.jpg 500w, https:\/\/jupitermachinerie.ca\/produits\/wp-content\/uploads\/2025\/11\/autotend-600x338.jpg 600w, https:\/\/jupitermachinerie.ca\/produits\/wp-content\/uploads\/2025\/11\/autotend-700x394.jpg 700w, https:\/\/jupitermachinerie.ca\/produits\/wp-content\/uploads\/2025\/11\/autotend-768x432.jpg 768w, https:\/\/jupitermachinerie.ca\/produits\/wp-content\/uploads\/2025\/11\/autotend-800x450.jpg 800w, https:\/\/jupitermachinerie.ca\/produits\/wp-content\/uploads\/2025\/11\/autotend.jpg 1024w\" sizes=\"(max-width: 500px) 100vw, 500px\" \/><\/div>\n\t\t\t\t\t<div class=\"wc-block-grid__product-title\">Cellule de pliage robotis\u00e9<\/div>\n\t\t\t\t<\/a>\n\t\t\t\t<div class=\"wc-block-grid__product-price price\"><\/div>\n\t\t\t\t\n\t\t\t\t<div class=\"wp-block-button wc-block-grid__product-add-to-cart\"><a href=\"https:\/\/jupitermachinerie.ca\/produits\/en\/product\/cellule-de-pliage-robotise\/\" aria-label=\"Read more about \u201cCellule de pliage robotis\u00e9\u201d\" data-quantity=\"1\" data-product_id=\"262548\" data-product_sku=\"\" data-price=\"0\" rel=\"nofollow\" class=\"wp-block-button__link  add_to_cart_button\" data-no-translation=\"\" data-trp-gettext=\"\" data-no-translation-aria-label=\"\">Read more<\/a><\/div>\n\t\t\t<\/li><li class=\"wc-block-grid__product\">\n\t\t\t\t<a href=\"https:\/\/jupitermachinerie.ca\/produits\/en\/product\/profileuse-ntm-ssq-3\/\" class=\"wc-block-grid__product-link\">\n\t\t\t\t\t\n\t\t\t\t\t<div class=\"wc-block-grid__product-image\"><img decoding=\"async\" width=\"500\" height=\"269\" src=\"https:\/\/jupitermachinerie.ca\/produits\/wp-content\/uploads\/2025\/10\/SSQ3-rendered-scaled-1-500x269.png\" class=\"attachment-woocommerce_thumbnail size-woocommerce_thumbnail\" alt=\"Profileuse NTM SSQ 3\" srcset=\"https:\/\/jupitermachinerie.ca\/produits\/wp-content\/uploads\/2025\/10\/SSQ3-rendered-scaled-1-18x10.png 18w, https:\/\/jupitermachinerie.ca\/produits\/wp-content\/uploads\/2025\/10\/SSQ3-rendered-scaled-1-200x108.png 200w, https:\/\/jupitermachinerie.ca\/produits\/wp-content\/uploads\/2025\/10\/SSQ3-rendered-scaled-1-300x161.png 300w, https:\/\/jupitermachinerie.ca\/produits\/wp-content\/uploads\/2025\/10\/SSQ3-rendered-scaled-1-400x215.png 400w, https:\/\/jupitermachinerie.ca\/produits\/wp-content\/uploads\/2025\/10\/SSQ3-rendered-scaled-1-500x269.png 500w, https:\/\/jupitermachinerie.ca\/produits\/wp-content\/uploads\/2025\/10\/SSQ3-rendered-scaled-1-600x323.png 600w, https:\/\/jupitermachinerie.ca\/produits\/wp-content\/uploads\/2025\/10\/SSQ3-rendered-scaled-1-700x377.png 700w, https:\/\/jupitermachinerie.ca\/produits\/wp-content\/uploads\/2025\/10\/SSQ3-rendered-scaled-1-768x413.png 768w, https:\/\/jupitermachinerie.ca\/produits\/wp-content\/uploads\/2025\/10\/SSQ3-rendered-scaled-1-800x431.png 800w, https:\/\/jupitermachinerie.ca\/produits\/wp-content\/uploads\/2025\/10\/SSQ3-rendered-scaled-1-1024x551.png 1024w, https:\/\/jupitermachinerie.ca\/produits\/wp-content\/uploads\/2025\/10\/SSQ3-rendered-scaled-1-1200x646.png 1200w, https:\/\/jupitermachinerie.ca\/produits\/wp-content\/uploads\/2025\/10\/SSQ3-rendered-scaled-1-1536x827.png 1536w\" sizes=\"(max-width: 500px) 100vw, 500px\" \/><\/div>\n\t\t\t\t\t<div class=\"wc-block-grid__product-title\">Profileuse NTM SSQ 3<\/div>\n\t\t\t\t<\/a>\n\t\t\t\t<div class=\"wc-block-grid__product-price price\"><\/div>\n\t\t\t\t\n\t\t\t\t<div class=\"wp-block-button wc-block-grid__product-add-to-cart\"><a href=\"https:\/\/jupitermachinerie.ca\/produits\/en\/product\/profileuse-ntm-ssq-3\/\" aria-label=\"Read more about \u201cProfileuse NTM SSQ 3\u201d\" data-quantity=\"1\" data-product_id=\"262546\" data-product_sku=\"\" data-price=\"0\" rel=\"nofollow\" class=\"wp-block-button__link  add_to_cart_button\" data-no-translation=\"\" data-trp-gettext=\"\" data-no-translation-aria-label=\"\">Read more<\/a><\/div>\n\t\t\t<\/li><li class=\"wc-block-grid__product\">\n\t\t\t\t<a href=\"https:\/\/jupitermachinerie.ca\/produits\/en\/product\/cisaille-electrique-4-m-x-2-mm-butee-ar-electrique-750-mm-forte-capacite\/\" class=\"wc-block-grid__product-link\">\n\t\t\t\t\t\n\t\t\t\t\t<div class=\"wc-block-grid__product-image\"><img decoding=\"async\" width=\"500\" height=\"281\" src=\"https:\/\/jupitermachinerie.ca\/produits\/wp-content\/uploads\/2025\/10\/800x450___cisaille-electrique-3-m-x-3-mm-butee-ar-electrique-750-mm-controle-numerique_gabarit-cgi33-bae-3-500x281.jpg\" class=\"attachment-woocommerce_thumbnail size-woocommerce_thumbnail\" alt=\"Shear electric 4 M x 2 mm, electric rear stop 750 mm, high capacity\" srcset=\"https:\/\/jupitermachinerie.ca\/produits\/wp-content\/uploads\/2025\/10\/800x450___cisaille-electrique-3-m-x-3-mm-butee-ar-electrique-750-mm-controle-numerique_gabarit-cgi33-bae-3-18x10.jpg 18w, https:\/\/jupitermachinerie.ca\/produits\/wp-content\/uploads\/2025\/10\/800x450___cisaille-electrique-3-m-x-3-mm-butee-ar-electrique-750-mm-controle-numerique_gabarit-cgi33-bae-3-200x113.jpg 200w, https:\/\/jupitermachinerie.ca\/produits\/wp-content\/uploads\/2025\/10\/800x450___cisaille-electrique-3-m-x-3-mm-butee-ar-electrique-750-mm-controle-numerique_gabarit-cgi33-bae-3-300x169.jpg 300w, https:\/\/jupitermachinerie.ca\/produits\/wp-content\/uploads\/2025\/10\/800x450___cisaille-electrique-3-m-x-3-mm-butee-ar-electrique-750-mm-controle-numerique_gabarit-cgi33-bae-3-400x225.jpg 400w, https:\/\/jupitermachinerie.ca\/produits\/wp-content\/uploads\/2025\/10\/800x450___cisaille-electrique-3-m-x-3-mm-butee-ar-electrique-750-mm-controle-numerique_gabarit-cgi33-bae-3-500x281.jpg 500w, https:\/\/jupitermachinerie.ca\/produits\/wp-content\/uploads\/2025\/10\/800x450___cisaille-electrique-3-m-x-3-mm-butee-ar-electrique-750-mm-controle-numerique_gabarit-cgi33-bae-3-600x338.jpg 600w, https:\/\/jupitermachinerie.ca\/produits\/wp-content\/uploads\/2025\/10\/800x450___cisaille-electrique-3-m-x-3-mm-butee-ar-electrique-750-mm-controle-numerique_gabarit-cgi33-bae-3-700x394.jpg 700w, https:\/\/jupitermachinerie.ca\/produits\/wp-content\/uploads\/2025\/10\/800x450___cisaille-electrique-3-m-x-3-mm-butee-ar-electrique-750-mm-controle-numerique_gabarit-cgi33-bae-3-768x432.jpg 768w, https:\/\/jupitermachinerie.ca\/produits\/wp-content\/uploads\/2025\/10\/800x450___cisaille-electrique-3-m-x-3-mm-butee-ar-electrique-750-mm-controle-numerique_gabarit-cgi33-bae-3.jpg 800w\" sizes=\"(max-width: 500px) 100vw, 500px\" \/><\/div>\n\t\t\t\t\t<div class=\"wc-block-grid__product-title\">Shear electric 4 M x 2 mm, electric rear stop 750 mm, high capacity<\/div>\n\t\t\t\t<\/a>\n\t\t\t\t<div class=\"wc-block-grid__product-price price\"><\/div>\n\t\t\t\t\n\t\t\t\t<div class=\"wp-block-button wc-block-grid__product-add-to-cart\"><a href=\"https:\/\/jupitermachinerie.ca\/produits\/en\/product\/cisaille-electrique-4-m-x-2-mm-butee-ar-electrique-750-mm-forte-capacite\/\" aria-label=\"Read more about \u201cCisaille \u00e9lectrique 4 M x 2 mm, but\u00e9e AR \u00e9lectrique 750 mm, Forte capacit\u00e9\u201d\" data-quantity=\"1\" data-product_id=\"262545\" data-product_sku=\"\" data-price=\"0\" rel=\"nofollow\" class=\"wp-block-button__link  add_to_cart_button\" data-no-translation=\"\" data-trp-gettext=\"\" data-no-translation-aria-label=\"\">Read more<\/a><\/div>\n\t\t\t<\/li><\/ul><\/div><\/div>\n<\/div>","protected":false},"excerpt":{"rendered":"","protected":false},"author":1,"featured_media":0,"parent":0,"menu_order":0,"comment_status":"closed","ping_status":"closed","template":"","meta":{"footnotes":""},"class_list":["post-481","page","type-page","status-publish","hentry"],"yoast_head":"<!-- This site is optimized with the Yoast SEO Premium plugin v27.1 (Yoast SEO v27.3) - https:\/\/yoast.com\/product\/yoast-seo-premium-wordpress\/ -->\n<title>Panier - Jupiter machinerie<\/title>\n<meta name=\"robots\" content=\"index, follow, max-snippet:-1, max-image-preview:large, max-video-preview:-1\" \/>\n<link rel=\"canonical\" href=\"https:\/\/jupitermachinerie.ca\/produits\/en\/basket-2\/\" \/>\n<meta property=\"og:locale\" content=\"en_US\" \/>\n<meta property=\"og:type\" content=\"article\" \/>\n<meta property=\"og:title\" content=\"Panier\" \/>\n<meta property=\"og:url\" content=\"https:\/\/jupitermachinerie.ca\/produits\/en\/basket-2\/\" \/>\n<meta property=\"og:site_name\" content=\"Jupiter machinerie\" \/>\n<meta property=\"article:publisher\" content=\"https:\/\/www.facebook.com\/jupiter.machinerie\" \/>\n<meta name=\"twitter:card\" content=\"summary_large_image\" \/>\n<script type=\"application\/ld+json\" class=\"yoast-schema-graph\">{\"@context\":\"https:\\\/\\\/schema.org\",\"@graph\":[{\"@type\":\"WebPage\",\"@id\":\"https:\\\/\\\/jupitermachinerie.ca\\\/produits\\\/panier\\\/\",\"url\":\"https:\\\/\\\/jupitermachinerie.ca\\\/produits\\\/panier\\\/\",\"name\":\"Panier - Jupiter machinerie\",\"isPartOf\":{\"@id\":\"https:\\\/\\\/jupitermachinerie.ca\\\/produits\\\/#website\"},\"datePublished\":\"2024-03-14T20:33:02+00:00\",\"breadcrumb\":{\"@id\":\"https:\\\/\\\/jupitermachinerie.ca\\\/produits\\\/panier\\\/#breadcrumb\"},\"inLanguage\":\"en-CA\",\"potentialAction\":[{\"@type\":\"ReadAction\",\"target\":[\"https:\\\/\\\/jupitermachinerie.ca\\\/produits\\\/panier\\\/\"]}]},{\"@type\":\"BreadcrumbList\",\"@id\":\"https:\\\/\\\/jupitermachinerie.ca\\\/produits\\\/panier\\\/#breadcrumb\",\"itemListElement\":[{\"@type\":\"ListItem\",\"position\":1,\"name\":\"Accueil\",\"item\":\"https:\\\/\\\/jupitermachinerie.ca\\\/produits\\\/\"},{\"@type\":\"ListItem\",\"position\":2,\"name\":\"Panier\"}]},{\"@type\":\"WebSite\",\"@id\":\"https:\\\/\\\/jupitermachinerie.ca\\\/produits\\\/#website\",\"url\":\"https:\\\/\\\/jupitermachinerie.ca\\\/produits\\\/\",\"name\":\"Jupiter machinerie\",\"description\":\"\",\"publisher\":{\"@id\":\"https:\\\/\\\/jupitermachinerie.ca\\\/produits\\\/#organization\"},\"potentialAction\":[{\"@type\":\"SearchAction\",\"target\":{\"@type\":\"EntryPoint\",\"urlTemplate\":\"https:\\\/\\\/jupitermachinerie.ca\\\/produits\\\/?s={search_term_string}\"},\"query-input\":{\"@type\":\"PropertyValueSpecification\",\"valueRequired\":true,\"valueName\":\"search_term_string\"}}],\"inLanguage\":\"en-CA\"},{\"@type\":\"Organization\",\"@id\":\"https:\\\/\\\/jupitermachinerie.ca\\\/produits\\\/#organization\",\"name\":\"Jupiter machinerie\",\"url\":\"https:\\\/\\\/jupitermachinerie.ca\\\/produits\\\/\",\"logo\":{\"@type\":\"ImageObject\",\"inLanguage\":\"en-CA\",\"@id\":\"https:\\\/\\\/jupitermachinerie.ca\\\/produits\\\/#\\\/schema\\\/logo\\\/image\\\/\",\"url\":\"https:\\\/\\\/jupitermachinerie.ca\\\/produits\\\/wp-content\\\/uploads\\\/2026\\\/03\\\/LOGOfinal-copie1.jpg\",\"contentUrl\":\"https:\\\/\\\/jupitermachinerie.ca\\\/produits\\\/wp-content\\\/uploads\\\/2026\\\/03\\\/LOGOfinal-copie1.jpg\",\"width\":602,\"height\":334,\"caption\":\"Jupiter machinerie\"},\"image\":{\"@id\":\"https:\\\/\\\/jupitermachinerie.ca\\\/produits\\\/#\\\/schema\\\/logo\\\/image\\\/\"},\"sameAs\":[\"https:\\\/\\\/www.facebook.com\\\/jupiter.machinerie\",\"https:\\\/\\\/www.linkedin.com\\\/company\\\/jupitermachinerie\"]}]}<\/script>\n<!-- \/ Yoast SEO Premium plugin. -->","yoast_head_json":{"title":"Panier - Jupiter machinerie","robots":{"index":"index","follow":"follow","max-snippet":"max-snippet:-1","max-image-preview":"max-image-preview:large","max-video-preview":"max-video-preview:-1"},"canonical":"https:\/\/jupitermachinerie.ca\/produits\/en\/basket-2\/","og_locale":"en_US","og_type":"article","og_title":"Panier","og_url":"https:\/\/jupitermachinerie.ca\/produits\/en\/basket-2\/","og_site_name":"Jupiter machinerie","article_publisher":"https:\/\/www.facebook.com\/jupiter.machinerie","twitter_card":"summary_large_image","schema":{"@context":"https:\/\/schema.org","@graph":[{"@type":"WebPage","@id":"https:\/\/jupitermachinerie.ca\/produits\/panier\/","url":"https:\/\/jupitermachinerie.ca\/produits\/panier\/","name":"Panier - Jupiter machinerie","isPartOf":{"@id":"https:\/\/jupitermachinerie.ca\/produits\/#website"},"datePublished":"2024-03-14T20:33:02+00:00","breadcrumb":{"@id":"https:\/\/jupitermachinerie.ca\/produits\/panier\/#breadcrumb"},"inLanguage":"en-CA","potentialAction":[{"@type":"ReadAction","target":["https:\/\/jupitermachinerie.ca\/produits\/panier\/"]}]},{"@type":"BreadcrumbList","@id":"https:\/\/jupitermachinerie.ca\/produits\/panier\/#breadcrumb","itemListElement":[{"@type":"ListItem","position":1,"name":"Accueil","item":"https:\/\/jupitermachinerie.ca\/produits\/"},{"@type":"ListItem","position":2,"name":"Panier"}]},{"@type":"WebSite","@id":"https:\/\/jupitermachinerie.ca\/produits\/#website","url":"https:\/\/jupitermachinerie.ca\/produits\/","name":"Jupiter machinery","description":"","publisher":{"@id":"https:\/\/jupitermachinerie.ca\/produits\/#organization"},"potentialAction":[{"@type":"SearchAction","target":{"@type":"EntryPoint","urlTemplate":"https:\/\/jupitermachinerie.ca\/produits\/?s={search_term_string}"},"query-input":{"@type":"PropertyValueSpecification","valueRequired":true,"valueName":"search_term_string"}}],"inLanguage":"en-CA"},{"@type":"Organization","@id":"https:\/\/jupitermachinerie.ca\/produits\/#organization","name":"Jupiter machinery","url":"https:\/\/jupitermachinerie.ca\/produits\/","logo":{"@type":"ImageObject","inLanguage":"en-CA","@id":"https:\/\/jupitermachinerie.ca\/produits\/#\/schema\/logo\/image\/","url":"https:\/\/jupitermachinerie.ca\/produits\/wp-content\/uploads\/2026\/03\/LOGOfinal-copie1.jpg","contentUrl":"https:\/\/jupitermachinerie.ca\/produits\/wp-content\/uploads\/2026\/03\/LOGOfinal-copie1.jpg","width":602,"height":334,"caption":"Jupiter machinerie"},"image":{"@id":"https:\/\/jupitermachinerie.ca\/produits\/#\/schema\/logo\/image\/"},"sameAs":["https:\/\/www.facebook.com\/jupiter.machinerie","https:\/\/www.linkedin.com\/company\/jupitermachinerie"]}]}},"_links":{"self":[{"href":"https:\/\/jupitermachinerie.ca\/produits\/en\/wp-json\/wp\/v2\/pages\/481","targetHints":{"allow":["GET"]}}],"collection":[{"href":"https:\/\/jupitermachinerie.ca\/produits\/en\/wp-json\/wp\/v2\/pages"}],"about":[{"href":"https:\/\/jupitermachinerie.ca\/produits\/en\/wp-json\/wp\/v2\/types\/page"}],"author":[{"embeddable":true,"href":"https:\/\/jupitermachinerie.ca\/produits\/en\/wp-json\/wp\/v2\/users\/1"}],"replies":[{"embeddable":true,"href":"https:\/\/jupitermachinerie.ca\/produits\/en\/wp-json\/wp\/v2\/comments?post=481"}],"version-history":[{"count":0,"href":"https:\/\/jupitermachinerie.ca\/produits\/en\/wp-json\/wp\/v2\/pages\/481\/revisions"}],"wp:attachment":[{"href":"https:\/\/jupitermachinerie.ca\/produits\/en\/wp-json\/wp\/v2\/media?parent=481"}],"curies":[{"name":"wp","href":"https:\/\/api.w.org\/{rel}","templated":true}]}}