{"id":261580,"date":"2019-05-03T17:21:00","date_gmt":"2019-05-03T21:21:00","guid":{"rendered":"https:\/\/jupitermachinerie.ca\/produits\/produit\/accell-h\/"},"modified":"2024-11-21T11:27:38","modified_gmt":"2024-11-21T16:27:38","slug":"accell-h","status":"publish","type":"product","link":"https:\/\/jupitermachinerie.ca\/produits\/en\/product\/accell-h\/","title":{"rendered":"Accurpress Accell H press brake"},"content":{"rendered":"","protected":false},"excerpt":{"rendered":"<p>Accell H models combine power and precision in a sleek design. Thanks to a combination of electric and hydraulic drive systems, these hybrid machines are highly efficient, incredibly quiet and use the latest Accurpress motion technology. Offering flexible features and options, the Accell H is the ultimate press brake for the creation of complex parts.<br \/>\n<img decoding=\"async\" class=\"alignnone size-thumbnail wp-image-207861\" src=\"https:\/\/jupiternet.com\/wp-content\/uploads\/2019\/04\/Logos__0013_Accurpress-150x150.png\" alt=\"\" width=\"150\" height=\"150\" \/><\/p>","protected":false},"featured_media":261581,"template":"","meta":[],"product_brand":[],"product_cat":[37],"product_tag":[100],"class_list":{"0":"post-261580","1":"product","2":"type-product","3":"status-publish","4":"has-post-thumbnail","6":"product_cat-presses-plieuses-hydrauliques","7":"product_tag-accurpress","9":"first","10":"onbackorder","11":"virtual","12":"product-type-simple"},"yoast_head":"<!-- This site is optimized with the Yoast SEO Premium plugin v27.1 (Yoast SEO v27.4) - https:\/\/yoast.com\/product\/yoast-seo-premium-wordpress\/ -->\n<title>Presse Plieuse Accurpress Accell H - Jupiter machinerie<\/title>\n<meta name=\"robots\" content=\"index, follow, max-snippet:-1, max-image-preview:large, max-video-preview:-1\" \/>\n<link rel=\"canonical\" href=\"https:\/\/jupitermachinerie.ca\/produits\/en\/product\/accell-h\/\" \/>\n<meta property=\"og:locale\" content=\"en_US\" \/>\n<meta property=\"og:type\" content=\"article\" \/>\n<meta property=\"og:title\" content=\"Presse Plieuse Accurpress Accell H\" \/>\n<meta property=\"og:description\" content=\"Les mod\u00e8les Accell H allient puissance et pr\u00e9cision dans un design \u00e9pur\u00e9. Gr\u00e2ce \u00e0 une combinaison de syst\u00e8mes d\u0092entra\u00eenement \u00e9lectriques et hydrauliques, ces machines hybrides sont tr\u00e8s efficaces, incroyablement silencieuses et utilisent les derni\u00e8res technologies de mouvement Accurpress. Offrant une flexibilit\u00e9 de fonctionnalit\u00e9s et d\u0092options, la Accell H est l\u0092ultime Presse Plieuse pour la cr\u00e9ation de pi\u00e8ces complexes.\" \/>\n<meta property=\"og:url\" content=\"https:\/\/jupitermachinerie.ca\/produits\/en\/product\/accell-h\/\" \/>\n<meta property=\"og:site_name\" content=\"Jupiter machinerie\" \/>\n<meta property=\"article:publisher\" content=\"https:\/\/www.facebook.com\/jupiter.machinerie\" \/>\n<meta property=\"article:modified_time\" content=\"2024-11-21T16:27:38+00:00\" \/>\n<meta property=\"og:image\" content=\"https:\/\/jupitermachinerie.ca\/produits\/wp-content\/uploads\/2024\/03\/1-H-resized-4.jpg\" \/>\n\t<meta property=\"og:image:width\" content=\"600\" \/>\n\t<meta property=\"og:image:height\" content=\"600\" \/>\n\t<meta property=\"og:image:type\" content=\"image\/jpeg\" \/>\n<meta name=\"twitter:card\" content=\"summary_large_image\" \/>\n<script type=\"application\/ld+json\" class=\"yoast-schema-graph\">{\"@context\":\"https:\\\/\\\/schema.org\",\"@graph\":[{\"@type\":\"WebPage\",\"@id\":\"https:\\\/\\\/jupitermachinerie.ca\\\/produits\\\/produit\\\/accell-h\\\/\",\"url\":\"https:\\\/\\\/jupitermachinerie.ca\\\/produits\\\/produit\\\/accell-h\\\/\",\"name\":\"Presse Plieuse Accurpress Accell H - Jupiter machinerie\",\"isPartOf\":{\"@id\":\"https:\\\/\\\/jupitermachinerie.ca\\\/produits\\\/#website\"},\"primaryImageOfPage\":{\"@id\":\"https:\\\/\\\/jupitermachinerie.ca\\\/produits\\\/produit\\\/accell-h\\\/#primaryimage\"},\"image\":{\"@id\":\"https:\\\/\\\/jupitermachinerie.ca\\\/produits\\\/produit\\\/accell-h\\\/#primaryimage\"},\"thumbnailUrl\":\"https:\\\/\\\/jupitermachinerie.ca\\\/produits\\\/wp-content\\\/uploads\\\/2024\\\/03\\\/1-H-resized-4.jpg\",\"datePublished\":\"2019-05-03T21:21:00+00:00\",\"dateModified\":\"2024-11-21T16:27:38+00:00\",\"breadcrumb\":{\"@id\":\"https:\\\/\\\/jupitermachinerie.ca\\\/produits\\\/produit\\\/accell-h\\\/#breadcrumb\"},\"inLanguage\":\"en-CA\",\"potentialAction\":[{\"@type\":\"ReadAction\",\"target\":[\"https:\\\/\\\/jupitermachinerie.ca\\\/produits\\\/produit\\\/accell-h\\\/\"]}]},{\"@type\":\"ImageObject\",\"inLanguage\":\"en-CA\",\"@id\":\"https:\\\/\\\/jupitermachinerie.ca\\\/produits\\\/produit\\\/accell-h\\\/#primaryimage\",\"url\":\"https:\\\/\\\/jupitermachinerie.ca\\\/produits\\\/wp-content\\\/uploads\\\/2024\\\/03\\\/1-H-resized-4.jpg\",\"contentUrl\":\"https:\\\/\\\/jupitermachinerie.ca\\\/produits\\\/wp-content\\\/uploads\\\/2024\\\/03\\\/1-H-resized-4.jpg\",\"width\":600,\"height\":600,\"caption\":\"Accell H\"},{\"@type\":\"BreadcrumbList\",\"@id\":\"https:\\\/\\\/jupitermachinerie.ca\\\/produits\\\/produit\\\/accell-h\\\/#breadcrumb\",\"itemListElement\":[{\"@type\":\"ListItem\",\"position\":1,\"name\":\"Accueil\",\"item\":\"https:\\\/\\\/jupitermachinerie.ca\\\/produits\\\/\"},{\"@type\":\"ListItem\",\"position\":2,\"name\":\"Boutique\",\"item\":\"https:\\\/\\\/jupitermachinerie.ca\\\/produits\\\/boutique\\\/\"},{\"@type\":\"ListItem\",\"position\":3,\"name\":\"Presse Plieuse Accurpress Accell H\"}]},{\"@type\":\"WebSite\",\"@id\":\"https:\\\/\\\/jupitermachinerie.ca\\\/produits\\\/#website\",\"url\":\"https:\\\/\\\/jupitermachinerie.ca\\\/produits\\\/\",\"name\":\"Jupiter machinerie\",\"description\":\"\",\"publisher\":{\"@id\":\"https:\\\/\\\/jupitermachinerie.ca\\\/produits\\\/#organization\"},\"potentialAction\":[{\"@type\":\"SearchAction\",\"target\":{\"@type\":\"EntryPoint\",\"urlTemplate\":\"https:\\\/\\\/jupitermachinerie.ca\\\/produits\\\/?s={search_term_string}\"},\"query-input\":{\"@type\":\"PropertyValueSpecification\",\"valueRequired\":true,\"valueName\":\"search_term_string\"}}],\"inLanguage\":\"en-CA\"},{\"@type\":\"Organization\",\"@id\":\"https:\\\/\\\/jupitermachinerie.ca\\\/produits\\\/#organization\",\"name\":\"Jupiter machinerie\",\"url\":\"https:\\\/\\\/jupitermachinerie.ca\\\/produits\\\/\",\"logo\":{\"@type\":\"ImageObject\",\"inLanguage\":\"en-CA\",\"@id\":\"https:\\\/\\\/jupitermachinerie.ca\\\/produits\\\/#\\\/schema\\\/logo\\\/image\\\/\",\"url\":\"https:\\\/\\\/jupitermachinerie.ca\\\/produits\\\/wp-content\\\/uploads\\\/2026\\\/03\\\/LOGOfinal-copie1.jpg\",\"contentUrl\":\"https:\\\/\\\/jupitermachinerie.ca\\\/produits\\\/wp-content\\\/uploads\\\/2026\\\/03\\\/LOGOfinal-copie1.jpg\",\"width\":602,\"height\":334,\"caption\":\"Jupiter machinerie\"},\"image\":{\"@id\":\"https:\\\/\\\/jupitermachinerie.ca\\\/produits\\\/#\\\/schema\\\/logo\\\/image\\\/\"},\"sameAs\":[\"https:\\\/\\\/www.facebook.com\\\/jupiter.machinerie\",\"https:\\\/\\\/www.linkedin.com\\\/company\\\/jupitermachinerie\"]}]}<\/script>\n<!-- \/ Yoast SEO Premium plugin. -->","yoast_head_json":{"title":"Presse Plieuse Accurpress Accell H - Jupiter machinerie","robots":{"index":"index","follow":"follow","max-snippet":"max-snippet:-1","max-image-preview":"max-image-preview:large","max-video-preview":"max-video-preview:-1"},"canonical":"https:\/\/jupitermachinerie.ca\/produits\/en\/product\/accell-h\/","og_locale":"en_US","og_type":"article","og_title":"Presse Plieuse Accurpress Accell H","og_description":"Les mod\u00e8les Accell H allient puissance et pr\u00e9cision dans un design \u00e9pur\u00e9. Gr\u00e2ce \u00e0 une combinaison de syst\u00e8mes d\u0092entra\u00eenement \u00e9lectriques et hydrauliques, ces machines hybrides sont tr\u00e8s efficaces, incroyablement silencieuses et utilisent les derni\u00e8res technologies de mouvement Accurpress. Offrant une flexibilit\u00e9 de fonctionnalit\u00e9s et d\u0092options, la Accell H est l\u0092ultime Presse Plieuse pour la cr\u00e9ation de pi\u00e8ces complexes.","og_url":"https:\/\/jupitermachinerie.ca\/produits\/en\/product\/accell-h\/","og_site_name":"Jupiter machinerie","article_publisher":"https:\/\/www.facebook.com\/jupiter.machinerie","article_modified_time":"2024-11-21T16:27:38+00:00","og_image":[{"width":600,"height":600,"url":"https:\/\/jupitermachinerie.ca\/produits\/wp-content\/uploads\/2024\/03\/1-H-resized-4.jpg","type":"image\/jpeg"}],"twitter_card":"summary_large_image","schema":{"@context":"https:\/\/schema.org","@graph":[{"@type":"WebPage","@id":"https:\/\/jupitermachinerie.ca\/produits\/produit\/accell-h\/","url":"https:\/\/jupitermachinerie.ca\/produits\/produit\/accell-h\/","name":"Presse Plieuse Accurpress Accell H - Jupiter machinerie","isPartOf":{"@id":"https:\/\/jupitermachinerie.ca\/produits\/#website"},"primaryImageOfPage":{"@id":"https:\/\/jupitermachinerie.ca\/produits\/produit\/accell-h\/#primaryimage"},"image":{"@id":"https:\/\/jupitermachinerie.ca\/produits\/produit\/accell-h\/#primaryimage"},"thumbnailUrl":"https:\/\/jupitermachinerie.ca\/produits\/wp-content\/uploads\/2024\/03\/1-H-resized-4.jpg","datePublished":"2019-05-03T21:21:00+00:00","dateModified":"2024-11-21T16:27:38+00:00","breadcrumb":{"@id":"https:\/\/jupitermachinerie.ca\/produits\/produit\/accell-h\/#breadcrumb"},"inLanguage":"en-CA","potentialAction":[{"@type":"ReadAction","target":["https:\/\/jupitermachinerie.ca\/produits\/produit\/accell-h\/"]}]},{"@type":"ImageObject","inLanguage":"en-CA","@id":"https:\/\/jupitermachinerie.ca\/produits\/produit\/accell-h\/#primaryimage","url":"https:\/\/jupitermachinerie.ca\/produits\/wp-content\/uploads\/2024\/03\/1-H-resized-4.jpg","contentUrl":"https:\/\/jupitermachinerie.ca\/produits\/wp-content\/uploads\/2024\/03\/1-H-resized-4.jpg","width":600,"height":600,"caption":"Accell H"},{"@type":"BreadcrumbList","@id":"https:\/\/jupitermachinerie.ca\/produits\/produit\/accell-h\/#breadcrumb","itemListElement":[{"@type":"ListItem","position":1,"name":"Accueil","item":"https:\/\/jupitermachinerie.ca\/produits\/"},{"@type":"ListItem","position":2,"name":"Boutique","item":"https:\/\/jupitermachinerie.ca\/produits\/boutique\/"},{"@type":"ListItem","position":3,"name":"Presse Plieuse Accurpress Accell H"}]},{"@type":"WebSite","@id":"https:\/\/jupitermachinerie.ca\/produits\/#website","url":"https:\/\/jupitermachinerie.ca\/produits\/","name":"Jupiter machinery","description":"","publisher":{"@id":"https:\/\/jupitermachinerie.ca\/produits\/#organization"},"potentialAction":[{"@type":"SearchAction","target":{"@type":"EntryPoint","urlTemplate":"https:\/\/jupitermachinerie.ca\/produits\/?s={search_term_string}"},"query-input":{"@type":"PropertyValueSpecification","valueRequired":true,"valueName":"search_term_string"}}],"inLanguage":"en-CA"},{"@type":"Organization","@id":"https:\/\/jupitermachinerie.ca\/produits\/#organization","name":"Jupiter machinery","url":"https:\/\/jupitermachinerie.ca\/produits\/","logo":{"@type":"ImageObject","inLanguage":"en-CA","@id":"https:\/\/jupitermachinerie.ca\/produits\/#\/schema\/logo\/image\/","url":"https:\/\/jupitermachinerie.ca\/produits\/wp-content\/uploads\/2026\/03\/LOGOfinal-copie1.jpg","contentUrl":"https:\/\/jupitermachinerie.ca\/produits\/wp-content\/uploads\/2026\/03\/LOGOfinal-copie1.jpg","width":602,"height":334,"caption":"Jupiter machinerie"},"image":{"@id":"https:\/\/jupitermachinerie.ca\/produits\/#\/schema\/logo\/image\/"},"sameAs":["https:\/\/www.facebook.com\/jupiter.machinerie","https:\/\/www.linkedin.com\/company\/jupitermachinerie"]}]}},"_links":{"self":[{"href":"https:\/\/jupitermachinerie.ca\/produits\/en\/wp-json\/wp\/v2\/product\/261580","targetHints":{"allow":["GET"]}}],"collection":[{"href":"https:\/\/jupitermachinerie.ca\/produits\/en\/wp-json\/wp\/v2\/product"}],"about":[{"href":"https:\/\/jupitermachinerie.ca\/produits\/en\/wp-json\/wp\/v2\/types\/product"}],"wp:featuredmedia":[{"embeddable":true,"href":"https:\/\/jupitermachinerie.ca\/produits\/en\/wp-json\/wp\/v2\/media\/261581"}],"wp:attachment":[{"href":"https:\/\/jupitermachinerie.ca\/produits\/en\/wp-json\/wp\/v2\/media?parent=261580"}],"wp:term":[{"taxonomy":"product_brand","embeddable":true,"href":"https:\/\/jupitermachinerie.ca\/produits\/en\/wp-json\/wp\/v2\/product_brand?post=261580"},{"taxonomy":"product_cat","embeddable":true,"href":"https:\/\/jupitermachinerie.ca\/produits\/en\/wp-json\/wp\/v2\/product_cat?post=261580"},{"taxonomy":"product_tag","embeddable":true,"href":"https:\/\/jupitermachinerie.ca\/produits\/en\/wp-json\/wp\/v2\/product_tag?post=261580"}],"curies":[{"name":"wp","href":"https:\/\/api.w.org\/{rel}","templated":true}]}}