{"id":261954,"date":"2019-10-07T15:05:00","date_gmt":"2019-10-07T19:05:00","guid":{"rendered":"https:\/\/jupitermachinerie.ca\/produits\/produit\/plieuse-tennsmith-serie-hb\/"},"modified":"2024-11-21T11:22:57","modified_gmt":"2024-11-21T16:22:57","slug":"tennsmith-hb-series-folder-2","status":"publish","type":"product","link":"https:\/\/jupitermachinerie.ca\/produits\/en\/product\/tennsmith-hb-series-folder-2\/","title":{"rendered":"Folding machine Tennsmith HB Series"},"content":{"rendered":"","protected":false},"excerpt":{"rendered":"<p>Tennsmith HB Series bending machines are rugged models with capacities of 12GA, 14GA, 16GA and 18GA for steel, and are designed and built to provide years of service and precise bending.<br \/>\n<img decoding=\"async\" class=\"alignnone size-thumbnail wp-image-207891\" src=\"https:\/\/jupiternet.com\/wp-content\/uploads\/2019\/04\/Logos__0003_Tennsmith-150x150.png\" alt=\"\" width=\"150\" height=\"150\" \/><br \/>\nAvailable models:<br \/>\nHB48-12 HB121-18<br \/>\nHB73-16 HB121-16<br \/>\nHB97-18 HB121-14<br \/>\nHB97-16 HB145-18<br \/>\nHB97-12<\/p>","protected":false},"featured_media":261955,"template":"","meta":[],"product_brand":[],"product_cat":[15],"product_tag":[89],"class_list":{"0":"post-261954","1":"product","2":"type-product","3":"status-publish","4":"has-post-thumbnail","6":"product_cat-non-classe","7":"product_tag-tennsmith","9":"first","10":"instock","11":"virtual","12":"product-type-simple"},"yoast_head":"<!-- This site is optimized with the Yoast SEO Premium plugin v27.1 (Yoast SEO v27.3) - https:\/\/yoast.com\/product\/yoast-seo-premium-wordpress\/ -->\n<title>Plieuse Tennsmith S\u00e9rie HB - Jupiter machinerie<\/title>\n<meta name=\"robots\" content=\"index, follow, max-snippet:-1, max-image-preview:large, max-video-preview:-1\" \/>\n<link rel=\"canonical\" href=\"https:\/\/jupitermachinerie.ca\/produits\/en\/product\/tennsmith-hb-series-folder-2\/\" \/>\n<meta property=\"og:locale\" content=\"en_US\" \/>\n<meta property=\"og:type\" content=\"article\" \/>\n<meta property=\"og:title\" content=\"Plieuse Tennsmith S\u00e9rie HB\" \/>\n<meta property=\"og:description\" content=\"Les plieuses Tennsmith de la s\u00e9rie HB sont des mod\u00e8les robustes avec des capacit\u00e9s de 12GA, 14GA, 16GA et 18GA pour l\u0092acier et sont con\u00e7ues et construites pour servir pendant plusieurs ann\u00e9es et offrent un pliage pr\u00e9cis.  Mod\u00e8les disponibles: HB48-12&nbsp;&nbsp;HB121-18 HB73-16&nbsp;&nbsp;HB121-16 HB97-18&nbsp;&nbsp;HB121-14 HB97-16&nbsp;&nbsp;HB145-18 HB97-12\" \/>\n<meta property=\"og:url\" content=\"https:\/\/jupitermachinerie.ca\/produits\/en\/product\/tennsmith-hb-series-folder-2\/\" \/>\n<meta property=\"og:site_name\" content=\"Jupiter machinerie\" \/>\n<meta property=\"article:publisher\" content=\"https:\/\/www.facebook.com\/jupiter.machinerie\" \/>\n<meta property=\"article:modified_time\" content=\"2024-11-21T16:22:57+00:00\" \/>\n<meta property=\"og:image\" content=\"https:\/\/jupitermachinerie.ca\/produits\/wp-content\/uploads\/2024\/03\/HB97-16-resized-4.jpg\" \/>\n\t<meta property=\"og:image:width\" content=\"600\" \/>\n\t<meta property=\"og:image:height\" content=\"600\" \/>\n\t<meta property=\"og:image:type\" content=\"image\/jpeg\" \/>\n<meta name=\"twitter:card\" content=\"summary_large_image\" \/>\n<script type=\"application\/ld+json\" class=\"yoast-schema-graph\">{\"@context\":\"https:\\\/\\\/schema.org\",\"@graph\":[{\"@type\":\"WebPage\",\"@id\":\"https:\\\/\\\/jupitermachinerie.ca\\\/produits\\\/produit\\\/plieuse-tennsmith-serie-hb\\\/\",\"url\":\"https:\\\/\\\/jupitermachinerie.ca\\\/produits\\\/produit\\\/plieuse-tennsmith-serie-hb\\\/\",\"name\":\"Plieuse Tennsmith S\u00e9rie HB - Jupiter machinerie\",\"isPartOf\":{\"@id\":\"https:\\\/\\\/jupitermachinerie.ca\\\/produits\\\/#website\"},\"primaryImageOfPage\":{\"@id\":\"https:\\\/\\\/jupitermachinerie.ca\\\/produits\\\/produit\\\/plieuse-tennsmith-serie-hb\\\/#primaryimage\"},\"image\":{\"@id\":\"https:\\\/\\\/jupitermachinerie.ca\\\/produits\\\/produit\\\/plieuse-tennsmith-serie-hb\\\/#primaryimage\"},\"thumbnailUrl\":\"https:\\\/\\\/jupitermachinerie.ca\\\/produits\\\/wp-content\\\/uploads\\\/2024\\\/03\\\/HB97-16-resized-4.jpg\",\"datePublished\":\"2019-10-07T19:05:00+00:00\",\"dateModified\":\"2024-11-21T16:22:57+00:00\",\"breadcrumb\":{\"@id\":\"https:\\\/\\\/jupitermachinerie.ca\\\/produits\\\/produit\\\/plieuse-tennsmith-serie-hb\\\/#breadcrumb\"},\"inLanguage\":\"en-CA\",\"potentialAction\":[{\"@type\":\"ReadAction\",\"target\":[\"https:\\\/\\\/jupitermachinerie.ca\\\/produits\\\/produit\\\/plieuse-tennsmith-serie-hb\\\/\"]}]},{\"@type\":\"ImageObject\",\"inLanguage\":\"en-CA\",\"@id\":\"https:\\\/\\\/jupitermachinerie.ca\\\/produits\\\/produit\\\/plieuse-tennsmith-serie-hb\\\/#primaryimage\",\"url\":\"https:\\\/\\\/jupitermachinerie.ca\\\/produits\\\/wp-content\\\/uploads\\\/2024\\\/03\\\/HB97-16-resized-4.jpg\",\"contentUrl\":\"https:\\\/\\\/jupitermachinerie.ca\\\/produits\\\/wp-content\\\/uploads\\\/2024\\\/03\\\/HB97-16-resized-4.jpg\",\"width\":600,\"height\":600,\"caption\":\"Plieuse Tennsmith S\u00e9rie HB\"},{\"@type\":\"BreadcrumbList\",\"@id\":\"https:\\\/\\\/jupitermachinerie.ca\\\/produits\\\/produit\\\/plieuse-tennsmith-serie-hb\\\/#breadcrumb\",\"itemListElement\":[{\"@type\":\"ListItem\",\"position\":1,\"name\":\"Accueil\",\"item\":\"https:\\\/\\\/jupitermachinerie.ca\\\/produits\\\/\"},{\"@type\":\"ListItem\",\"position\":2,\"name\":\"Boutique\",\"item\":\"https:\\\/\\\/jupitermachinerie.ca\\\/produits\\\/boutique\\\/\"},{\"@type\":\"ListItem\",\"position\":3,\"name\":\"Plieuse Tennsmith S\u00e9rie HB\"}]},{\"@type\":\"WebSite\",\"@id\":\"https:\\\/\\\/jupitermachinerie.ca\\\/produits\\\/#website\",\"url\":\"https:\\\/\\\/jupitermachinerie.ca\\\/produits\\\/\",\"name\":\"Jupiter machinerie\",\"description\":\"\",\"publisher\":{\"@id\":\"https:\\\/\\\/jupitermachinerie.ca\\\/produits\\\/#organization\"},\"potentialAction\":[{\"@type\":\"SearchAction\",\"target\":{\"@type\":\"EntryPoint\",\"urlTemplate\":\"https:\\\/\\\/jupitermachinerie.ca\\\/produits\\\/?s={search_term_string}\"},\"query-input\":{\"@type\":\"PropertyValueSpecification\",\"valueRequired\":true,\"valueName\":\"search_term_string\"}}],\"inLanguage\":\"en-CA\"},{\"@type\":\"Organization\",\"@id\":\"https:\\\/\\\/jupitermachinerie.ca\\\/produits\\\/#organization\",\"name\":\"Jupiter machinerie\",\"url\":\"https:\\\/\\\/jupitermachinerie.ca\\\/produits\\\/\",\"logo\":{\"@type\":\"ImageObject\",\"inLanguage\":\"en-CA\",\"@id\":\"https:\\\/\\\/jupitermachinerie.ca\\\/produits\\\/#\\\/schema\\\/logo\\\/image\\\/\",\"url\":\"https:\\\/\\\/jupitermachinerie.ca\\\/produits\\\/wp-content\\\/uploads\\\/2026\\\/03\\\/LOGOfinal-copie1.jpg\",\"contentUrl\":\"https:\\\/\\\/jupitermachinerie.ca\\\/produits\\\/wp-content\\\/uploads\\\/2026\\\/03\\\/LOGOfinal-copie1.jpg\",\"width\":602,\"height\":334,\"caption\":\"Jupiter machinerie\"},\"image\":{\"@id\":\"https:\\\/\\\/jupitermachinerie.ca\\\/produits\\\/#\\\/schema\\\/logo\\\/image\\\/\"},\"sameAs\":[\"https:\\\/\\\/www.facebook.com\\\/jupiter.machinerie\",\"https:\\\/\\\/www.linkedin.com\\\/company\\\/jupitermachinerie\"]}]}<\/script>\n<!-- \/ Yoast SEO Premium plugin. -->","yoast_head_json":{"title":"Plieuse Tennsmith S\u00e9rie HB - Jupiter machinerie","robots":{"index":"index","follow":"follow","max-snippet":"max-snippet:-1","max-image-preview":"max-image-preview:large","max-video-preview":"max-video-preview:-1"},"canonical":"https:\/\/jupitermachinerie.ca\/produits\/en\/product\/tennsmith-hb-series-folder-2\/","og_locale":"en_US","og_type":"article","og_title":"Plieuse Tennsmith S\u00e9rie HB","og_description":"Les plieuses Tennsmith de la s\u00e9rie HB sont des mod\u00e8les robustes avec des capacit\u00e9s de 12GA, 14GA, 16GA et 18GA pour l\u0092acier et sont con\u00e7ues et construites pour servir pendant plusieurs ann\u00e9es et offrent un pliage pr\u00e9cis.  Mod\u00e8les disponibles: HB48-12&nbsp;&nbsp;HB121-18 HB73-16&nbsp;&nbsp;HB121-16 HB97-18&nbsp;&nbsp;HB121-14 HB97-16&nbsp;&nbsp;HB145-18 HB97-12","og_url":"https:\/\/jupitermachinerie.ca\/produits\/en\/product\/tennsmith-hb-series-folder-2\/","og_site_name":"Jupiter machinerie","article_publisher":"https:\/\/www.facebook.com\/jupiter.machinerie","article_modified_time":"2024-11-21T16:22:57+00:00","og_image":[{"width":600,"height":600,"url":"https:\/\/jupitermachinerie.ca\/produits\/wp-content\/uploads\/2024\/03\/HB97-16-resized-4.jpg","type":"image\/jpeg"}],"twitter_card":"summary_large_image","schema":{"@context":"https:\/\/schema.org","@graph":[{"@type":"WebPage","@id":"https:\/\/jupitermachinerie.ca\/produits\/produit\/plieuse-tennsmith-serie-hb\/","url":"https:\/\/jupitermachinerie.ca\/produits\/produit\/plieuse-tennsmith-serie-hb\/","name":"Plieuse Tennsmith S\u00e9rie HB - Jupiter machinerie","isPartOf":{"@id":"https:\/\/jupitermachinerie.ca\/produits\/#website"},"primaryImageOfPage":{"@id":"https:\/\/jupitermachinerie.ca\/produits\/produit\/plieuse-tennsmith-serie-hb\/#primaryimage"},"image":{"@id":"https:\/\/jupitermachinerie.ca\/produits\/produit\/plieuse-tennsmith-serie-hb\/#primaryimage"},"thumbnailUrl":"https:\/\/jupitermachinerie.ca\/produits\/wp-content\/uploads\/2024\/03\/HB97-16-resized-4.jpg","datePublished":"2019-10-07T19:05:00+00:00","dateModified":"2024-11-21T16:22:57+00:00","breadcrumb":{"@id":"https:\/\/jupitermachinerie.ca\/produits\/produit\/plieuse-tennsmith-serie-hb\/#breadcrumb"},"inLanguage":"en-CA","potentialAction":[{"@type":"ReadAction","target":["https:\/\/jupitermachinerie.ca\/produits\/produit\/plieuse-tennsmith-serie-hb\/"]}]},{"@type":"ImageObject","inLanguage":"en-CA","@id":"https:\/\/jupitermachinerie.ca\/produits\/produit\/plieuse-tennsmith-serie-hb\/#primaryimage","url":"https:\/\/jupitermachinerie.ca\/produits\/wp-content\/uploads\/2024\/03\/HB97-16-resized-4.jpg","contentUrl":"https:\/\/jupitermachinerie.ca\/produits\/wp-content\/uploads\/2024\/03\/HB97-16-resized-4.jpg","width":600,"height":600,"caption":"Plieuse Tennsmith S\u00e9rie HB"},{"@type":"BreadcrumbList","@id":"https:\/\/jupitermachinerie.ca\/produits\/produit\/plieuse-tennsmith-serie-hb\/#breadcrumb","itemListElement":[{"@type":"ListItem","position":1,"name":"Accueil","item":"https:\/\/jupitermachinerie.ca\/produits\/"},{"@type":"ListItem","position":2,"name":"Boutique","item":"https:\/\/jupitermachinerie.ca\/produits\/boutique\/"},{"@type":"ListItem","position":3,"name":"Plieuse Tennsmith S\u00e9rie HB"}]},{"@type":"WebSite","@id":"https:\/\/jupitermachinerie.ca\/produits\/#website","url":"https:\/\/jupitermachinerie.ca\/produits\/","name":"Jupiter machinery","description":"","publisher":{"@id":"https:\/\/jupitermachinerie.ca\/produits\/#organization"},"potentialAction":[{"@type":"SearchAction","target":{"@type":"EntryPoint","urlTemplate":"https:\/\/jupitermachinerie.ca\/produits\/?s={search_term_string}"},"query-input":{"@type":"PropertyValueSpecification","valueRequired":true,"valueName":"search_term_string"}}],"inLanguage":"en-CA"},{"@type":"Organization","@id":"https:\/\/jupitermachinerie.ca\/produits\/#organization","name":"Jupiter machinery","url":"https:\/\/jupitermachinerie.ca\/produits\/","logo":{"@type":"ImageObject","inLanguage":"en-CA","@id":"https:\/\/jupitermachinerie.ca\/produits\/#\/schema\/logo\/image\/","url":"https:\/\/jupitermachinerie.ca\/produits\/wp-content\/uploads\/2026\/03\/LOGOfinal-copie1.jpg","contentUrl":"https:\/\/jupitermachinerie.ca\/produits\/wp-content\/uploads\/2026\/03\/LOGOfinal-copie1.jpg","width":602,"height":334,"caption":"Jupiter machinerie"},"image":{"@id":"https:\/\/jupitermachinerie.ca\/produits\/#\/schema\/logo\/image\/"},"sameAs":["https:\/\/www.facebook.com\/jupiter.machinerie","https:\/\/www.linkedin.com\/company\/jupitermachinerie"]}]}},"_links":{"self":[{"href":"https:\/\/jupitermachinerie.ca\/produits\/en\/wp-json\/wp\/v2\/product\/261954","targetHints":{"allow":["GET"]}}],"collection":[{"href":"https:\/\/jupitermachinerie.ca\/produits\/en\/wp-json\/wp\/v2\/product"}],"about":[{"href":"https:\/\/jupitermachinerie.ca\/produits\/en\/wp-json\/wp\/v2\/types\/product"}],"wp:featuredmedia":[{"embeddable":true,"href":"https:\/\/jupitermachinerie.ca\/produits\/en\/wp-json\/wp\/v2\/media\/261955"}],"wp:attachment":[{"href":"https:\/\/jupitermachinerie.ca\/produits\/en\/wp-json\/wp\/v2\/media?parent=261954"}],"wp:term":[{"taxonomy":"product_brand","embeddable":true,"href":"https:\/\/jupitermachinerie.ca\/produits\/en\/wp-json\/wp\/v2\/product_brand?post=261954"},{"taxonomy":"product_cat","embeddable":true,"href":"https:\/\/jupitermachinerie.ca\/produits\/en\/wp-json\/wp\/v2\/product_cat?post=261954"},{"taxonomy":"product_tag","embeddable":true,"href":"https:\/\/jupitermachinerie.ca\/produits\/en\/wp-json\/wp\/v2\/product_tag?post=261954"}],"curies":[{"name":"wp","href":"https:\/\/api.w.org\/{rel}","templated":true}]}}