{"id":262145,"date":"2024-06-17T15:34:15","date_gmt":"2024-06-17T19:34:15","guid":{"rendered":"https:\/\/jupitermachinerie.ca\/produits\/?post_type=product&#038;p=262145"},"modified":"2024-09-27T11:30:01","modified_gmt":"2024-09-27T15:30:01","slug":"tilt-welding-positioner-with-side-by-side-gearing-2","status":"publish","type":"product","link":"https:\/\/jupitermachinerie.ca\/produits\/en\/product\/tilt-welding-positioner-with-side-by-side-gearing-2\/","title":{"rendered":"Tilt welding positioner with side-by-side gearing"},"content":{"rendered":"<pre class=\"tw-data-text tw-text-large tw-ta\" dir=\"ltr\" data-placeholder=\"Traduction\" aria-label=\"Translated text\" data-ved=\"2ahUKEwiJyOj_p-OGAxWyFFkFHV9VCTUQ3ewLegQIEBAU\"><span class=\"Y2IQFc\" lang=\"fr\"> These positioners are designed to tilt parts around their horizontal axis\r\ntheir horizontal axis, enabling welders to carry out their work without having to constantly\r\nreposition their equipment. This feature increases the efficiency and precision\r\nof welding operations, saving time and reducing costs.\r\n\r\n<\/span><\/pre>\n<pre id=\"tw-target-text\" class=\"tw-data-text tw-text-large tw-ta\" dir=\"ltr\" data-placeholder=\"Traduction\" aria-label=\"Translated text\" data-ved=\"2ahUKEwiJyOj_p-OGAxWyFFkFHV9VCTUQ3ewLegQIEBAU\"><span class=\"Y2IQFc\" lang=\"fr\">These machines are equipped with high-quality gears and bearings that guarantee smooth and\r\nmovements during operation. In addition, they have adjustable rotation and tilting speeds\r\nspeeds, making them adaptable to different welding requirements.<\/span><\/pre>\n<pre id=\"tw-target-text\" class=\"tw-data-text tw-text-large tw-ta\" dir=\"ltr\" data-placeholder=\"Traduction\" aria-label=\"Translated text\" data-ved=\"2ahUKEwiJyOj_p-OGAxWyFFkFHV9VCTUQ3ewLegQIEBAU\"><span class=\"Y2IQFc\" lang=\"fr\">Available in capacities ranging from 3,000 lbs to 24,000 lbs.\r\n\r\nSee the table for the different products available.\r\n<a href=\"https:\/\/jupitermachinerie.ca\/produits\/wp-content\/uploads\/2024\/06\/geartiltpositionner.pdf\" target=\"_blank\" rel=\"noopener\">LJ Welding Gear Tilt Positioners<\/a>\r\n\r\n\r\n<\/span><\/pre>","protected":false},"excerpt":{"rendered":"<p><span class=\"Y2IQFc\" lang=\"fr\">Gear-driven tilting positioners are versatile welding tools that offer the right angle of inclination for any welding task.<br \/>\nideal for welding a variety of parts.<\/span><\/p>","protected":false},"featured_media":262148,"template":"","meta":[],"product_brand":[],"product_cat":[155],"product_tag":[167],"class_list":{"0":"post-262145","1":"product","2":"type-product","3":"status-publish","4":"has-post-thumbnail","6":"product_cat-positionneurs-de-soudure","7":"product_tag-lj-welding","9":"first","10":"instock","11":"shipping-taxable","12":"product-type-simple"},"yoast_head":"<!-- This site is optimized with the Yoast SEO Premium plugin v27.1 (Yoast SEO v27.3) - https:\/\/yoast.com\/product\/yoast-seo-premium-wordpress\/ -->\n<title>Positionneur de soudage \u00e0 inclinaison avec engrenage c\u00f4te \u00e0 c\u00f4te - Jupiter machinerie<\/title>\n<meta name=\"robots\" content=\"index, follow, max-snippet:-1, max-image-preview:large, max-video-preview:-1\" \/>\n<link rel=\"canonical\" href=\"https:\/\/jupitermachinerie.ca\/produits\/en\/product\/tilt-welding-positioner-with-side-by-side-gearing-2\/\" \/>\n<meta property=\"og:locale\" content=\"en_US\" \/>\n<meta property=\"og:type\" content=\"article\" \/>\n<meta property=\"og:title\" content=\"Positionneur de soudage \u00e0 inclinaison avec engrenage c\u00f4te \u00e0 c\u00f4te\" \/>\n<meta property=\"og:description\" content=\"Les positionneurs d&#039;inclinaison \u00e0 engrenages sont des outils de soudage polyvalents qui offrent l&#039;angle id\u00e9al pour souder une vari\u00e9t\u00e9 de pi\u00e8ces.\" \/>\n<meta property=\"og:url\" content=\"https:\/\/jupitermachinerie.ca\/produits\/en\/product\/tilt-welding-positioner-with-side-by-side-gearing-2\/\" \/>\n<meta property=\"og:site_name\" content=\"Jupiter machinerie\" \/>\n<meta property=\"article:publisher\" content=\"https:\/\/www.facebook.com\/jupiter.machinerie\" \/>\n<meta property=\"article:modified_time\" content=\"2024-09-27T15:30:01+00:00\" \/>\n<meta property=\"og:image\" content=\"https:\/\/jupitermachinerie.ca\/produits\/wp-content\/uploads\/2024\/06\/02-MAG-1PT-300-1200sq.webp\" \/>\n\t<meta property=\"og:image:width\" content=\"1200\" \/>\n\t<meta property=\"og:image:height\" content=\"1200\" \/>\n\t<meta property=\"og:image:type\" content=\"image\/webp\" \/>\n<meta name=\"twitter:card\" content=\"summary_large_image\" \/>\n<meta name=\"twitter:label1\" content=\"Est. reading time\" \/>\n\t<meta name=\"twitter:data1\" content=\"1 minute\" \/>\n<script type=\"application\/ld+json\" class=\"yoast-schema-graph\">{\"@context\":\"https:\\\/\\\/schema.org\",\"@graph\":[{\"@type\":\"WebPage\",\"@id\":\"https:\\\/\\\/jupitermachinerie.ca\\\/produits\\\/produit\\\/positionneur-de-soudage-a-inclinaison-avec-engrenage-cote-a-cote\\\/\",\"url\":\"https:\\\/\\\/jupitermachinerie.ca\\\/produits\\\/produit\\\/positionneur-de-soudage-a-inclinaison-avec-engrenage-cote-a-cote\\\/\",\"name\":\"Positionneur de soudage \u00e0 inclinaison avec engrenage c\u00f4te \u00e0 c\u00f4te - Jupiter machinerie\",\"isPartOf\":{\"@id\":\"https:\\\/\\\/jupitermachinerie.ca\\\/produits\\\/#website\"},\"primaryImageOfPage\":{\"@id\":\"https:\\\/\\\/jupitermachinerie.ca\\\/produits\\\/produit\\\/positionneur-de-soudage-a-inclinaison-avec-engrenage-cote-a-cote\\\/#primaryimage\"},\"image\":{\"@id\":\"https:\\\/\\\/jupitermachinerie.ca\\\/produits\\\/produit\\\/positionneur-de-soudage-a-inclinaison-avec-engrenage-cote-a-cote\\\/#primaryimage\"},\"thumbnailUrl\":\"https:\\\/\\\/jupitermachinerie.ca\\\/produits\\\/wp-content\\\/uploads\\\/2024\\\/06\\\/02-MAG-1PT-300-1200sq.webp\",\"datePublished\":\"2024-06-17T19:34:15+00:00\",\"dateModified\":\"2024-09-27T15:30:01+00:00\",\"breadcrumb\":{\"@id\":\"https:\\\/\\\/jupitermachinerie.ca\\\/produits\\\/produit\\\/positionneur-de-soudage-a-inclinaison-avec-engrenage-cote-a-cote\\\/#breadcrumb\"},\"inLanguage\":\"en-CA\",\"potentialAction\":[{\"@type\":\"ReadAction\",\"target\":[\"https:\\\/\\\/jupitermachinerie.ca\\\/produits\\\/produit\\\/positionneur-de-soudage-a-inclinaison-avec-engrenage-cote-a-cote\\\/\"]}]},{\"@type\":\"ImageObject\",\"inLanguage\":\"en-CA\",\"@id\":\"https:\\\/\\\/jupitermachinerie.ca\\\/produits\\\/produit\\\/positionneur-de-soudage-a-inclinaison-avec-engrenage-cote-a-cote\\\/#primaryimage\",\"url\":\"https:\\\/\\\/jupitermachinerie.ca\\\/produits\\\/wp-content\\\/uploads\\\/2024\\\/06\\\/02-MAG-1PT-300-1200sq.webp\",\"contentUrl\":\"https:\\\/\\\/jupitermachinerie.ca\\\/produits\\\/wp-content\\\/uploads\\\/2024\\\/06\\\/02-MAG-1PT-300-1200sq.webp\",\"width\":1200,\"height\":1200},{\"@type\":\"BreadcrumbList\",\"@id\":\"https:\\\/\\\/jupitermachinerie.ca\\\/produits\\\/produit\\\/positionneur-de-soudage-a-inclinaison-avec-engrenage-cote-a-cote\\\/#breadcrumb\",\"itemListElement\":[{\"@type\":\"ListItem\",\"position\":1,\"name\":\"Accueil\",\"item\":\"https:\\\/\\\/jupitermachinerie.ca\\\/produits\\\/\"},{\"@type\":\"ListItem\",\"position\":2,\"name\":\"Boutique\",\"item\":\"https:\\\/\\\/jupitermachinerie.ca\\\/produits\\\/boutique\\\/\"},{\"@type\":\"ListItem\",\"position\":3,\"name\":\"Positionneur de soudage \u00e0 inclinaison avec engrenage c\u00f4te \u00e0 c\u00f4te\"}]},{\"@type\":\"WebSite\",\"@id\":\"https:\\\/\\\/jupitermachinerie.ca\\\/produits\\\/#website\",\"url\":\"https:\\\/\\\/jupitermachinerie.ca\\\/produits\\\/\",\"name\":\"Jupiter machinerie\",\"description\":\"\",\"publisher\":{\"@id\":\"https:\\\/\\\/jupitermachinerie.ca\\\/produits\\\/#organization\"},\"potentialAction\":[{\"@type\":\"SearchAction\",\"target\":{\"@type\":\"EntryPoint\",\"urlTemplate\":\"https:\\\/\\\/jupitermachinerie.ca\\\/produits\\\/?s={search_term_string}\"},\"query-input\":{\"@type\":\"PropertyValueSpecification\",\"valueRequired\":true,\"valueName\":\"search_term_string\"}}],\"inLanguage\":\"en-CA\"},{\"@type\":\"Organization\",\"@id\":\"https:\\\/\\\/jupitermachinerie.ca\\\/produits\\\/#organization\",\"name\":\"Jupiter machinerie\",\"url\":\"https:\\\/\\\/jupitermachinerie.ca\\\/produits\\\/\",\"logo\":{\"@type\":\"ImageObject\",\"inLanguage\":\"en-CA\",\"@id\":\"https:\\\/\\\/jupitermachinerie.ca\\\/produits\\\/#\\\/schema\\\/logo\\\/image\\\/\",\"url\":\"https:\\\/\\\/jupitermachinerie.ca\\\/produits\\\/wp-content\\\/uploads\\\/2026\\\/03\\\/LOGOfinal-copie1.jpg\",\"contentUrl\":\"https:\\\/\\\/jupitermachinerie.ca\\\/produits\\\/wp-content\\\/uploads\\\/2026\\\/03\\\/LOGOfinal-copie1.jpg\",\"width\":602,\"height\":334,\"caption\":\"Jupiter machinerie\"},\"image\":{\"@id\":\"https:\\\/\\\/jupitermachinerie.ca\\\/produits\\\/#\\\/schema\\\/logo\\\/image\\\/\"},\"sameAs\":[\"https:\\\/\\\/www.facebook.com\\\/jupiter.machinerie\",\"https:\\\/\\\/www.linkedin.com\\\/company\\\/jupitermachinerie\"]}]}<\/script>\n<!-- \/ Yoast SEO Premium plugin. -->","yoast_head_json":{"title":"Positionneur de soudage \u00e0 inclinaison avec engrenage c\u00f4te \u00e0 c\u00f4te - Jupiter machinerie","robots":{"index":"index","follow":"follow","max-snippet":"max-snippet:-1","max-image-preview":"max-image-preview:large","max-video-preview":"max-video-preview:-1"},"canonical":"https:\/\/jupitermachinerie.ca\/produits\/en\/product\/tilt-welding-positioner-with-side-by-side-gearing-2\/","og_locale":"en_US","og_type":"article","og_title":"Positionneur de soudage \u00e0 inclinaison avec engrenage c\u00f4te \u00e0 c\u00f4te","og_description":"Les positionneurs d'inclinaison \u00e0 engrenages sont des outils de soudage polyvalents qui offrent l'angle id\u00e9al pour souder une vari\u00e9t\u00e9 de pi\u00e8ces.","og_url":"https:\/\/jupitermachinerie.ca\/produits\/en\/product\/tilt-welding-positioner-with-side-by-side-gearing-2\/","og_site_name":"Jupiter machinerie","article_publisher":"https:\/\/www.facebook.com\/jupiter.machinerie","article_modified_time":"2024-09-27T15:30:01+00:00","og_image":[{"width":1200,"height":1200,"url":"https:\/\/jupitermachinerie.ca\/produits\/wp-content\/uploads\/2024\/06\/02-MAG-1PT-300-1200sq.webp","type":"image\/webp"}],"twitter_card":"summary_large_image","twitter_misc":{"Est. reading time":"1 minute"},"schema":{"@context":"https:\/\/schema.org","@graph":[{"@type":"WebPage","@id":"https:\/\/jupitermachinerie.ca\/produits\/produit\/positionneur-de-soudage-a-inclinaison-avec-engrenage-cote-a-cote\/","url":"https:\/\/jupitermachinerie.ca\/produits\/produit\/positionneur-de-soudage-a-inclinaison-avec-engrenage-cote-a-cote\/","name":"Positionneur de soudage \u00e0 inclinaison avec engrenage c\u00f4te \u00e0 c\u00f4te - Jupiter machinerie","isPartOf":{"@id":"https:\/\/jupitermachinerie.ca\/produits\/#website"},"primaryImageOfPage":{"@id":"https:\/\/jupitermachinerie.ca\/produits\/produit\/positionneur-de-soudage-a-inclinaison-avec-engrenage-cote-a-cote\/#primaryimage"},"image":{"@id":"https:\/\/jupitermachinerie.ca\/produits\/produit\/positionneur-de-soudage-a-inclinaison-avec-engrenage-cote-a-cote\/#primaryimage"},"thumbnailUrl":"https:\/\/jupitermachinerie.ca\/produits\/wp-content\/uploads\/2024\/06\/02-MAG-1PT-300-1200sq.webp","datePublished":"2024-06-17T19:34:15+00:00","dateModified":"2024-09-27T15:30:01+00:00","breadcrumb":{"@id":"https:\/\/jupitermachinerie.ca\/produits\/produit\/positionneur-de-soudage-a-inclinaison-avec-engrenage-cote-a-cote\/#breadcrumb"},"inLanguage":"en-CA","potentialAction":[{"@type":"ReadAction","target":["https:\/\/jupitermachinerie.ca\/produits\/produit\/positionneur-de-soudage-a-inclinaison-avec-engrenage-cote-a-cote\/"]}]},{"@type":"ImageObject","inLanguage":"en-CA","@id":"https:\/\/jupitermachinerie.ca\/produits\/produit\/positionneur-de-soudage-a-inclinaison-avec-engrenage-cote-a-cote\/#primaryimage","url":"https:\/\/jupitermachinerie.ca\/produits\/wp-content\/uploads\/2024\/06\/02-MAG-1PT-300-1200sq.webp","contentUrl":"https:\/\/jupitermachinerie.ca\/produits\/wp-content\/uploads\/2024\/06\/02-MAG-1PT-300-1200sq.webp","width":1200,"height":1200},{"@type":"BreadcrumbList","@id":"https:\/\/jupitermachinerie.ca\/produits\/produit\/positionneur-de-soudage-a-inclinaison-avec-engrenage-cote-a-cote\/#breadcrumb","itemListElement":[{"@type":"ListItem","position":1,"name":"Accueil","item":"https:\/\/jupitermachinerie.ca\/produits\/"},{"@type":"ListItem","position":2,"name":"Boutique","item":"https:\/\/jupitermachinerie.ca\/produits\/boutique\/"},{"@type":"ListItem","position":3,"name":"Positionneur de soudage \u00e0 inclinaison avec engrenage c\u00f4te \u00e0 c\u00f4te"}]},{"@type":"WebSite","@id":"https:\/\/jupitermachinerie.ca\/produits\/#website","url":"https:\/\/jupitermachinerie.ca\/produits\/","name":"Jupiter machinery","description":"","publisher":{"@id":"https:\/\/jupitermachinerie.ca\/produits\/#organization"},"potentialAction":[{"@type":"SearchAction","target":{"@type":"EntryPoint","urlTemplate":"https:\/\/jupitermachinerie.ca\/produits\/?s={search_term_string}"},"query-input":{"@type":"PropertyValueSpecification","valueRequired":true,"valueName":"search_term_string"}}],"inLanguage":"en-CA"},{"@type":"Organization","@id":"https:\/\/jupitermachinerie.ca\/produits\/#organization","name":"Jupiter machinery","url":"https:\/\/jupitermachinerie.ca\/produits\/","logo":{"@type":"ImageObject","inLanguage":"en-CA","@id":"https:\/\/jupitermachinerie.ca\/produits\/#\/schema\/logo\/image\/","url":"https:\/\/jupitermachinerie.ca\/produits\/wp-content\/uploads\/2026\/03\/LOGOfinal-copie1.jpg","contentUrl":"https:\/\/jupitermachinerie.ca\/produits\/wp-content\/uploads\/2026\/03\/LOGOfinal-copie1.jpg","width":602,"height":334,"caption":"Jupiter machinerie"},"image":{"@id":"https:\/\/jupitermachinerie.ca\/produits\/#\/schema\/logo\/image\/"},"sameAs":["https:\/\/www.facebook.com\/jupiter.machinerie","https:\/\/www.linkedin.com\/company\/jupitermachinerie"]}]}},"_links":{"self":[{"href":"https:\/\/jupitermachinerie.ca\/produits\/en\/wp-json\/wp\/v2\/product\/262145","targetHints":{"allow":["GET"]}}],"collection":[{"href":"https:\/\/jupitermachinerie.ca\/produits\/en\/wp-json\/wp\/v2\/product"}],"about":[{"href":"https:\/\/jupitermachinerie.ca\/produits\/en\/wp-json\/wp\/v2\/types\/product"}],"wp:featuredmedia":[{"embeddable":true,"href":"https:\/\/jupitermachinerie.ca\/produits\/en\/wp-json\/wp\/v2\/media\/262148"}],"wp:attachment":[{"href":"https:\/\/jupitermachinerie.ca\/produits\/en\/wp-json\/wp\/v2\/media?parent=262145"}],"wp:term":[{"taxonomy":"product_brand","embeddable":true,"href":"https:\/\/jupitermachinerie.ca\/produits\/en\/wp-json\/wp\/v2\/product_brand?post=262145"},{"taxonomy":"product_cat","embeddable":true,"href":"https:\/\/jupitermachinerie.ca\/produits\/en\/wp-json\/wp\/v2\/product_cat?post=262145"},{"taxonomy":"product_tag","embeddable":true,"href":"https:\/\/jupitermachinerie.ca\/produits\/en\/wp-json\/wp\/v2\/product_tag?post=262145"}],"curies":[{"name":"wp","href":"https:\/\/api.w.org\/{rel}","templated":true}]}}