{"id":262189,"date":"2024-08-06T17:16:25","date_gmt":"2024-08-06T21:16:25","guid":{"rendered":"https:\/\/jupitermachinerie.ca\/produits\/?post_type=product&#038;p=262189"},"modified":"2026-01-23T14:45:29","modified_gmt":"2026-01-23T19:45:29","slug":"mehta-laser-compact-m8","status":"publish","type":"product","link":"https:\/\/jupitermachinerie.ca\/produits\/en\/product\/mehta-laser-compact-m8\/","title":{"rendered":"Mehta Laser fibre Compact M8"},"content":{"rendered":"<p>At the very heart of Mehta's M8 laser cutting system, you'll find over 30 years of expertise in equipment using numerical control systems.<\/p>\n<p>Mehta Hitech, with its 22 sales offices and 1,000 employees, has established a constant process of innovation. As one of the largest organizations, they are the undisputed market leader across India, and have developed a worldwide distribution network.<\/p>\n<p>The equipment manufactured by Mehta Hitech is based on high-quality parts from well-known brands available worldwide.<\/p>\n<p>The company has a passion for technology and quality of service. The state-of-the-art R&amp;D department clearly demonstrates their passion for quality and commitment to constantly developing technologically advanced products, enabling customers to grow their businesses and compete worldwide.<\/p>\n<p>With the M8 laser cutting system, the space required for installation is no longer a barrier to your cutting autonomy. This single-door, automated carriage model lets you easily load sheets one by one, without having to compromise on an external loading table. With power ratings ranging from 3kw to 12kw, you'll have access to cutting the thicknesses required for your business. Our technical advisors and laser cutting specialists will support you in the selection, planning, installation, set-up and training of your operators.<\/p>\n<p><strong>Technical data<\/strong><\/p>\n<p><strong>\u00a0<\/strong><\/p>\n<table width=\"746\">\n<tbody>\n<tr>\n<td width=\"373\"><strong>Model<\/strong><\/td>\n<td width=\"373\"><strong>M8 (Canadian version)<\/strong><\/td>\n<\/tr>\n<tr>\n<td width=\"373\"><strong>Description of goods<\/strong><\/td>\n<td width=\"373\"><strong>Closed laser cutter with front opening<\/strong><\/td>\n<\/tr>\n<tr>\n<td width=\"373\"><strong>Work area dimensions<\/strong><\/td>\n<td width=\"373\"><strong>1550 x 3050mm (5\u2032 x 10\u2032)<\/strong><\/td>\n<\/tr>\n<tr>\n<td width=\"373\"><strong>Laser source<\/strong><\/td>\n<td width=\"373\"><strong>3000 to 12000 watts<\/strong><\/td>\n<\/tr>\n<tr>\n<td width=\"373\"><strong>Laser Type<\/strong><\/td>\n<td width=\"373\"><strong>Raycus fiber laser<\/strong><\/td>\n<\/tr>\n<tr>\n<td width=\"373\"><strong>Laser wavelength<\/strong><\/td>\n<td width=\"373\"><strong>1080 nm<\/strong><\/td>\n<\/tr>\n<tr>\n<td width=\"373\"><strong>Cutting head<\/strong><\/td>\n<td width=\"373\"><strong>Raycus (3kw only) or Precitec<\/strong><\/td>\n<\/tr>\n<tr>\n<td width=\"373\"><strong>Maximum cutting speed<\/strong><\/td>\n<td width=\"373\"><strong>750 inches per minute<\/strong><\/td>\n<\/tr>\n<tr>\n<td width=\"373\"><strong>Maximum travel speed<\/strong><\/td>\n<td width=\"373\"><strong>5000 inches per minute<\/strong><\/td>\n<\/tr>\n<tr>\n<td width=\"373\"><strong>Positioning accuracy<\/strong><\/td>\n<td width=\"373\"><strong>&lt;\u00b1 0.04 mm<\/strong><\/td>\n<\/tr>\n<tr>\n<td width=\"373\"><strong>Minimum line width<\/strong><\/td>\n<td width=\"373\"><strong>&lt; 0.12 mm<\/strong><\/td>\n<\/tr>\n<tr>\n<td width=\"373\"><strong>Cooling system<\/strong><\/td>\n<td width=\"373\"><strong>Water cooling (included)<\/strong><\/td>\n<\/tr>\n<tr>\n<td width=\"373\"><strong>Training and control<\/strong><\/td>\n<td width=\"373\"><strong>Panasonic AC servomotor<\/strong><\/td>\n<\/tr>\n<tr>\n<td width=\"373\"><strong>Working voltage<\/strong><\/td>\n<td width=\"373\"><strong>380 VAC (transformer 600v to 380v included)<\/strong><\/td>\n<\/tr>\n<tr>\n<td width=\"373\"><strong>\u00a0<\/strong><\/td>\n<td width=\"373\"><strong>\u00a0<\/strong><\/td>\n<\/tr>\n<tr>\n<td width=\"373\"><strong>Transmission<\/strong><\/td>\n<td width=\"373\"><strong>Z axis with ball screw. Square rail axes X-Y<\/strong><\/td>\n<\/tr>\n<tr>\n<td width=\"373\"><strong>Controller<\/strong><\/td>\n<td width=\"373\"><strong>CypCutE<\/strong><\/td>\n<\/tr>\n<tr>\n<td width=\"373\"><strong>Dust collector<\/strong><\/td>\n<td width=\"373\"><strong>Donaldson, <\/strong><\/td>\n<\/tr>\n<\/tbody>\n<\/table>\n<p><strong>\u00a0<\/strong><\/p>","protected":false},"excerpt":{"rendered":"<p>Au coeur m\u00eame du laser de d\u00e9coupe M8 de Mehta, [&hellip;]<\/p>","protected":false},"featured_media":262553,"template":"","meta":[],"product_brand":[180],"product_cat":[74],"product_tag":[120],"class_list":{"0":"post-262189","1":"product","2":"type-product","3":"status-publish","4":"has-post-thumbnail","6":"product_brand-mehta","7":"product_cat-systemes-de-decoupe-laser-a-fibre","8":"product_tag-mehta-laser","10":"first","11":"instock","12":"shipping-taxable","13":"product-type-simple"},"yoast_head":"<!-- This site is optimized with the Yoast SEO Premium plugin v27.1 (Yoast SEO v27.3) - https:\/\/yoast.com\/product\/yoast-seo-premium-wordpress\/ -->\n<title>Mehta Laser fibre Compact M8 - Jupiter machinerie<\/title>\n<meta name=\"description\" content=\"Laser fibre Mehta M8 : d\u00e9coupe automatis\u00e9e haute pr\u00e9cision avec chargement int\u00e9gr\u00e9, puissance de 3 \u00e0 12kW pour production industrielle exigeante.\" \/>\n<meta name=\"robots\" content=\"index, follow, max-snippet:-1, max-image-preview:large, max-video-preview:-1\" \/>\n<link rel=\"canonical\" href=\"https:\/\/jupitermachinerie.ca\/produits\/en\/product\/mehta-laser-compact-m8\/\" \/>\n<meta property=\"og:locale\" content=\"en_US\" \/>\n<meta property=\"og:type\" content=\"article\" \/>\n<meta property=\"og:title\" content=\"Mehta Laser fibre Compact M8\" \/>\n<meta property=\"og:description\" content=\"Laser fibre Mehta M8 : d\u00e9coupe automatis\u00e9e haute pr\u00e9cision avec chargement int\u00e9gr\u00e9, puissance de 3 \u00e0 12kW pour production industrielle exigeante.\" \/>\n<meta property=\"og:url\" content=\"https:\/\/jupitermachinerie.ca\/produits\/en\/product\/mehta-laser-compact-m8\/\" \/>\n<meta property=\"og:site_name\" content=\"Jupiter machinerie\" \/>\n<meta property=\"article:publisher\" content=\"https:\/\/www.facebook.com\/jupiter.machinerie\" \/>\n<meta property=\"article:modified_time\" content=\"2026-01-23T19:45:29+00:00\" \/>\n<meta property=\"og:image\" content=\"https:\/\/jupitermachinerie.ca\/produits\/wp-content\/uploads\/2024\/08\/M8.jpg\" \/>\n\t<meta property=\"og:image:width\" content=\"1536\" \/>\n\t<meta property=\"og:image:height\" content=\"1024\" \/>\n\t<meta property=\"og:image:type\" content=\"image\/jpeg\" \/>\n<meta name=\"twitter:card\" content=\"summary_large_image\" \/>\n<meta name=\"twitter:label1\" content=\"Est. reading time\" \/>\n\t<meta name=\"twitter:data1\" content=\"3 minutes\" \/>\n<script type=\"application\/ld+json\" class=\"yoast-schema-graph\">{\"@context\":\"https:\\\/\\\/schema.org\",\"@graph\":[{\"@type\":\"WebPage\",\"@id\":\"https:\\\/\\\/jupitermachinerie.ca\\\/produits\\\/produit\\\/mehta-laser-compact-m8\\\/\",\"url\":\"https:\\\/\\\/jupitermachinerie.ca\\\/produits\\\/produit\\\/mehta-laser-compact-m8\\\/\",\"name\":\"Mehta Laser fibre Compact M8 - Jupiter machinerie\",\"isPartOf\":{\"@id\":\"https:\\\/\\\/jupitermachinerie.ca\\\/produits\\\/#website\"},\"primaryImageOfPage\":{\"@id\":\"https:\\\/\\\/jupitermachinerie.ca\\\/produits\\\/produit\\\/mehta-laser-compact-m8\\\/#primaryimage\"},\"image\":{\"@id\":\"https:\\\/\\\/jupitermachinerie.ca\\\/produits\\\/produit\\\/mehta-laser-compact-m8\\\/#primaryimage\"},\"thumbnailUrl\":\"https:\\\/\\\/jupitermachinerie.ca\\\/produits\\\/wp-content\\\/uploads\\\/2024\\\/08\\\/M8.jpg\",\"datePublished\":\"2024-08-06T21:16:25+00:00\",\"dateModified\":\"2026-01-23T19:45:29+00:00\",\"description\":\"Laser fibre Mehta M8 : d\u00e9coupe automatis\u00e9e haute pr\u00e9cision avec chargement int\u00e9gr\u00e9, puissance de 3 \u00e0 12kW pour production industrielle exigeante.\",\"breadcrumb\":{\"@id\":\"https:\\\/\\\/jupitermachinerie.ca\\\/produits\\\/produit\\\/mehta-laser-compact-m8\\\/#breadcrumb\"},\"inLanguage\":\"en-CA\",\"potentialAction\":[{\"@type\":\"ReadAction\",\"target\":[\"https:\\\/\\\/jupitermachinerie.ca\\\/produits\\\/produit\\\/mehta-laser-compact-m8\\\/\"]}]},{\"@type\":\"ImageObject\",\"inLanguage\":\"en-CA\",\"@id\":\"https:\\\/\\\/jupitermachinerie.ca\\\/produits\\\/produit\\\/mehta-laser-compact-m8\\\/#primaryimage\",\"url\":\"https:\\\/\\\/jupitermachinerie.ca\\\/produits\\\/wp-content\\\/uploads\\\/2024\\\/08\\\/M8.jpg\",\"contentUrl\":\"https:\\\/\\\/jupitermachinerie.ca\\\/produits\\\/wp-content\\\/uploads\\\/2024\\\/08\\\/M8.jpg\",\"width\":1536,\"height\":1024},{\"@type\":\"BreadcrumbList\",\"@id\":\"https:\\\/\\\/jupitermachinerie.ca\\\/produits\\\/produit\\\/mehta-laser-compact-m8\\\/#breadcrumb\",\"itemListElement\":[{\"@type\":\"ListItem\",\"position\":1,\"name\":\"Accueil\",\"item\":\"https:\\\/\\\/jupitermachinerie.ca\\\/produits\\\/\"},{\"@type\":\"ListItem\",\"position\":2,\"name\":\"Boutique\",\"item\":\"https:\\\/\\\/jupitermachinerie.ca\\\/produits\\\/boutique\\\/\"},{\"@type\":\"ListItem\",\"position\":3,\"name\":\"Mehta Laser fibre Compact M8\"}]},{\"@type\":\"WebSite\",\"@id\":\"https:\\\/\\\/jupitermachinerie.ca\\\/produits\\\/#website\",\"url\":\"https:\\\/\\\/jupitermachinerie.ca\\\/produits\\\/\",\"name\":\"Jupiter machinerie\",\"description\":\"\",\"publisher\":{\"@id\":\"https:\\\/\\\/jupitermachinerie.ca\\\/produits\\\/#organization\"},\"potentialAction\":[{\"@type\":\"SearchAction\",\"target\":{\"@type\":\"EntryPoint\",\"urlTemplate\":\"https:\\\/\\\/jupitermachinerie.ca\\\/produits\\\/?s={search_term_string}\"},\"query-input\":{\"@type\":\"PropertyValueSpecification\",\"valueRequired\":true,\"valueName\":\"search_term_string\"}}],\"inLanguage\":\"en-CA\"},{\"@type\":\"Organization\",\"@id\":\"https:\\\/\\\/jupitermachinerie.ca\\\/produits\\\/#organization\",\"name\":\"Jupiter machinerie\",\"url\":\"https:\\\/\\\/jupitermachinerie.ca\\\/produits\\\/\",\"logo\":{\"@type\":\"ImageObject\",\"inLanguage\":\"en-CA\",\"@id\":\"https:\\\/\\\/jupitermachinerie.ca\\\/produits\\\/#\\\/schema\\\/logo\\\/image\\\/\",\"url\":\"https:\\\/\\\/jupitermachinerie.ca\\\/produits\\\/wp-content\\\/uploads\\\/2026\\\/03\\\/LOGOfinal-copie1.jpg\",\"contentUrl\":\"https:\\\/\\\/jupitermachinerie.ca\\\/produits\\\/wp-content\\\/uploads\\\/2026\\\/03\\\/LOGOfinal-copie1.jpg\",\"width\":602,\"height\":334,\"caption\":\"Jupiter machinerie\"},\"image\":{\"@id\":\"https:\\\/\\\/jupitermachinerie.ca\\\/produits\\\/#\\\/schema\\\/logo\\\/image\\\/\"},\"sameAs\":[\"https:\\\/\\\/www.facebook.com\\\/jupiter.machinerie\",\"https:\\\/\\\/www.linkedin.com\\\/company\\\/jupitermachinerie\"]}]}<\/script>\n<!-- \/ Yoast SEO Premium plugin. -->","yoast_head_json":{"title":"Mehta Laser fibre Compact M8 - Jupiter machinerie","description":"Laser fibre Mehta M8 : d\u00e9coupe automatis\u00e9e haute pr\u00e9cision avec chargement int\u00e9gr\u00e9, puissance de 3 \u00e0 12kW pour production industrielle exigeante.","robots":{"index":"index","follow":"follow","max-snippet":"max-snippet:-1","max-image-preview":"max-image-preview:large","max-video-preview":"max-video-preview:-1"},"canonical":"https:\/\/jupitermachinerie.ca\/produits\/en\/product\/mehta-laser-compact-m8\/","og_locale":"en_US","og_type":"article","og_title":"Mehta Laser fibre Compact M8","og_description":"Laser fibre Mehta M8 : d\u00e9coupe automatis\u00e9e haute pr\u00e9cision avec chargement int\u00e9gr\u00e9, puissance de 3 \u00e0 12kW pour production industrielle exigeante.","og_url":"https:\/\/jupitermachinerie.ca\/produits\/en\/product\/mehta-laser-compact-m8\/","og_site_name":"Jupiter machinerie","article_publisher":"https:\/\/www.facebook.com\/jupiter.machinerie","article_modified_time":"2026-01-23T19:45:29+00:00","og_image":[{"width":1536,"height":1024,"url":"https:\/\/jupitermachinerie.ca\/produits\/wp-content\/uploads\/2024\/08\/M8.jpg","type":"image\/jpeg"}],"twitter_card":"summary_large_image","twitter_misc":{"Est. reading time":"3 minutes"},"schema":{"@context":"https:\/\/schema.org","@graph":[{"@type":"WebPage","@id":"https:\/\/jupitermachinerie.ca\/produits\/produit\/mehta-laser-compact-m8\/","url":"https:\/\/jupitermachinerie.ca\/produits\/produit\/mehta-laser-compact-m8\/","name":"Mehta Laser fibre Compact M8 - Jupiter machinerie","isPartOf":{"@id":"https:\/\/jupitermachinerie.ca\/produits\/#website"},"primaryImageOfPage":{"@id":"https:\/\/jupitermachinerie.ca\/produits\/produit\/mehta-laser-compact-m8\/#primaryimage"},"image":{"@id":"https:\/\/jupitermachinerie.ca\/produits\/produit\/mehta-laser-compact-m8\/#primaryimage"},"thumbnailUrl":"https:\/\/jupitermachinerie.ca\/produits\/wp-content\/uploads\/2024\/08\/M8.jpg","datePublished":"2024-08-06T21:16:25+00:00","dateModified":"2026-01-23T19:45:29+00:00","description":"Laser fibre Mehta M8 : d\u00e9coupe automatis\u00e9e haute pr\u00e9cision avec chargement int\u00e9gr\u00e9, puissance de 3 \u00e0 12kW pour production industrielle exigeante.","breadcrumb":{"@id":"https:\/\/jupitermachinerie.ca\/produits\/produit\/mehta-laser-compact-m8\/#breadcrumb"},"inLanguage":"en-CA","potentialAction":[{"@type":"ReadAction","target":["https:\/\/jupitermachinerie.ca\/produits\/produit\/mehta-laser-compact-m8\/"]}]},{"@type":"ImageObject","inLanguage":"en-CA","@id":"https:\/\/jupitermachinerie.ca\/produits\/produit\/mehta-laser-compact-m8\/#primaryimage","url":"https:\/\/jupitermachinerie.ca\/produits\/wp-content\/uploads\/2024\/08\/M8.jpg","contentUrl":"https:\/\/jupitermachinerie.ca\/produits\/wp-content\/uploads\/2024\/08\/M8.jpg","width":1536,"height":1024},{"@type":"BreadcrumbList","@id":"https:\/\/jupitermachinerie.ca\/produits\/produit\/mehta-laser-compact-m8\/#breadcrumb","itemListElement":[{"@type":"ListItem","position":1,"name":"Accueil","item":"https:\/\/jupitermachinerie.ca\/produits\/"},{"@type":"ListItem","position":2,"name":"Boutique","item":"https:\/\/jupitermachinerie.ca\/produits\/boutique\/"},{"@type":"ListItem","position":3,"name":"Mehta Laser fibre Compact M8"}]},{"@type":"WebSite","@id":"https:\/\/jupitermachinerie.ca\/produits\/#website","url":"https:\/\/jupitermachinerie.ca\/produits\/","name":"Jupiter machinery","description":"","publisher":{"@id":"https:\/\/jupitermachinerie.ca\/produits\/#organization"},"potentialAction":[{"@type":"SearchAction","target":{"@type":"EntryPoint","urlTemplate":"https:\/\/jupitermachinerie.ca\/produits\/?s={search_term_string}"},"query-input":{"@type":"PropertyValueSpecification","valueRequired":true,"valueName":"search_term_string"}}],"inLanguage":"en-CA"},{"@type":"Organization","@id":"https:\/\/jupitermachinerie.ca\/produits\/#organization","name":"Jupiter machinery","url":"https:\/\/jupitermachinerie.ca\/produits\/","logo":{"@type":"ImageObject","inLanguage":"en-CA","@id":"https:\/\/jupitermachinerie.ca\/produits\/#\/schema\/logo\/image\/","url":"https:\/\/jupitermachinerie.ca\/produits\/wp-content\/uploads\/2026\/03\/LOGOfinal-copie1.jpg","contentUrl":"https:\/\/jupitermachinerie.ca\/produits\/wp-content\/uploads\/2026\/03\/LOGOfinal-copie1.jpg","width":602,"height":334,"caption":"Jupiter machinerie"},"image":{"@id":"https:\/\/jupitermachinerie.ca\/produits\/#\/schema\/logo\/image\/"},"sameAs":["https:\/\/www.facebook.com\/jupiter.machinerie","https:\/\/www.linkedin.com\/company\/jupitermachinerie"]}]}},"_links":{"self":[{"href":"https:\/\/jupitermachinerie.ca\/produits\/en\/wp-json\/wp\/v2\/product\/262189","targetHints":{"allow":["GET"]}}],"collection":[{"href":"https:\/\/jupitermachinerie.ca\/produits\/en\/wp-json\/wp\/v2\/product"}],"about":[{"href":"https:\/\/jupitermachinerie.ca\/produits\/en\/wp-json\/wp\/v2\/types\/product"}],"wp:featuredmedia":[{"embeddable":true,"href":"https:\/\/jupitermachinerie.ca\/produits\/en\/wp-json\/wp\/v2\/media\/262553"}],"wp:attachment":[{"href":"https:\/\/jupitermachinerie.ca\/produits\/en\/wp-json\/wp\/v2\/media?parent=262189"}],"wp:term":[{"taxonomy":"product_brand","embeddable":true,"href":"https:\/\/jupitermachinerie.ca\/produits\/en\/wp-json\/wp\/v2\/product_brand?post=262189"},{"taxonomy":"product_cat","embeddable":true,"href":"https:\/\/jupitermachinerie.ca\/produits\/en\/wp-json\/wp\/v2\/product_cat?post=262189"},{"taxonomy":"product_tag","embeddable":true,"href":"https:\/\/jupitermachinerie.ca\/produits\/en\/wp-json\/wp\/v2\/product_tag?post=262189"}],"curies":[{"name":"wp","href":"https:\/\/api.w.org\/{rel}","templated":true}]}}