{"id":262199,"date":"2024-08-07T10:43:30","date_gmt":"2024-08-07T14:43:30","guid":{"rendered":"https:\/\/jupitermachinerie.ca\/produits\/?post_type=product&#038;p=262199"},"modified":"2025-05-06T17:15:41","modified_gmt":"2025-05-06T21:15:41","slug":"mehta-laser-combo-plate-and-tube-2","status":"publish","type":"product","link":"https:\/\/jupitermachinerie.ca\/produits\/en\/product\/mehta-laser-combo-plate-and-tube-2\/","title":{"rendered":"Mehta Laser Combo Plate and tube"},"content":{"rendered":"<p>In order to become the pioneer in its country, Mehta Hitech has chosen to manufacture machines to the high standards of the fiber-optic laser cutting industry.<\/p>\n<p>By using high-quality parts from world-renowned manufacturers, accessibility to spare parts remains sustainable. With over 22 offices and more than 1,000 employees, Mehta Hitech has developed a global position that extends all the way to North America.<\/p>\n<p>&nbsp;<\/p>\n<p>The Mehta Gloria Combo laser cutting system lets you cut both sheets and tubes. All in a completely covered design to minimize dust and meet the highest safety standards. Need versatility for varied production? This product will enable you to adapt your cutting production to a single machine, minimizing the space required.<\/p>\n<p>Le syst\u00e8me Gloria Combo est con\u00e7u pour offrir une performance optimale sur une grande vari\u00e9t\u00e9 de mat\u00e9riaux. Il permet la d\u00e9coupe pr\u00e9cise de feuilles ou plaques d\u2019aluminium, d\u2019acier doux ainsi que d\u2019acier inoxydable (stainless steel), r\u00e9pondant ainsi aux exigences les plus strictes des ateliers de fabrication m\u00e9tallique modernes. Cette compatibilit\u00e9 avec diff\u00e9rents m\u00e9taux en fait une solution de choix pour les entreprises recherchant flexibilit\u00e9, pr\u00e9cision et productivit\u00e9 sur une seule plateforme technologique.<\/p>\n<p>&nbsp;<\/p>\n<table width=\"746\">\n<tbody>\n<tr>\n<td width=\"373\"><strong>Model<\/strong><\/td>\n<td width=\"373\"><strong>GLORIA-ZX-COMBO-1530-CTC-**** R6<\/strong><\/td>\n<\/tr>\n<tr>\n<td width=\"373\"><strong>Description<\/strong><\/td>\n<td width=\"373\"><strong>Closed laser cutter with table change <\/strong><\/td>\n<\/tr>\n<tr>\n<td width=\"373\"><strong>Work area dimensions<\/strong><\/td>\n<td width=\"373\"><strong>1550 x 3050mm (5' x 10')<\/strong><\/td>\n<\/tr>\n<tr>\n<td width=\"373\"><strong>Laser source<\/strong><\/td>\n<td width=\"373\"><strong>3,000 Watt to 24,000 Watt<\/strong><\/td>\n<\/tr>\n<tr>\n<td width=\"373\"><strong>Laser type<\/strong><\/td>\n<td width=\"373\"><strong>Raycus fiber laser<\/strong><\/td>\n<\/tr>\n<tr>\n<td width=\"373\"><strong>Laser wavelength<\/strong><\/td>\n<td width=\"373\"><strong>1080 nm<\/strong><\/td>\n<\/tr>\n<tr>\n<td width=\"373\"><strong>Cutting head<\/strong><\/td>\n<td width=\"373\"><strong>Precitec<\/strong><strong> Thor <\/strong><\/td>\n<\/tr>\n<tr>\n<td width=\"373\"><strong>Maximum cutting speed<\/strong><\/td>\n<td width=\"373\"><strong>80 meters\/minute<\/strong><\/td>\n<\/tr>\n<tr>\n<td width=\"373\"><strong>Maximum travel speed<\/strong><\/td>\n<td width=\"373\"><strong>130 metres\/minute<\/strong><\/td>\n<\/tr>\n<tr>\n<td width=\"373\"><strong>Positioning accuracy<\/strong><\/td>\n<td width=\"373\"><strong>&lt;\u00b1 0.04 mm<\/strong><\/td>\n<\/tr>\n<tr>\n<td width=\"373\"><strong>Minimum line width<\/strong><\/td>\n<td width=\"373\"><strong>&lt; 0.12 mm<\/strong><\/td>\n<\/tr>\n<tr>\n<td width=\"373\"><strong>Cooling system<\/strong><\/td>\n<td width=\"373\"><strong>Water cooling<\/strong><\/td>\n<\/tr>\n<tr>\n<td width=\"373\"><strong>Training and control<\/strong><\/td>\n<td width=\"373\"><strong>Panasonic AC servomotor<\/strong><\/td>\n<\/tr>\n<tr>\n<td width=\"373\"><strong>Working voltage<\/strong><\/td>\n<td width=\"373\"><strong>380 VAC<\/strong><\/td>\n<\/tr>\n<tr>\n<td width=\"373\"><strong>Size of tube work area<\/strong><\/td>\n<td width=\"373\"><strong>20mm-200mm x 6m <\/strong><\/td>\n<\/tr>\n<tr>\n<td width=\"373\"><strong>Transmission<\/strong><\/td>\n<td width=\"373\"><strong>Z axis with ball screw. X-Y axis square rail<\/strong><\/td>\n<\/tr>\n<tr>\n<td width=\"373\"><strong>Controller<\/strong><\/td>\n<td width=\"373\"><strong>CypCutE<\/strong><\/td>\n<\/tr>\n<tr>\n<td width=\"373\"><strong>Smoke extractor<\/strong><\/td>\n<td width=\"373\"><strong>Donaldson <\/strong><\/td>\n<\/tr>\n<\/tbody>\n<\/table>\n<p>&nbsp;<\/p>","protected":false},"excerpt":{"rendered":"<p>Afin de devenir le pionnier dans son pays, Mehta Hitech [&hellip;]<\/p>","protected":false},"featured_media":262201,"template":"","meta":[],"product_brand":[],"product_cat":[74],"product_tag":[120],"class_list":{"0":"post-262199","1":"product","2":"type-product","3":"status-publish","4":"has-post-thumbnail","6":"product_cat-systemes-de-decoupe-laser-a-fibre","7":"product_tag-mehta-laser","9":"first","10":"instock","11":"shipping-taxable","12":"product-type-simple"},"yoast_head":"<!-- This site is optimized with the Yoast SEO Premium plugin v27.1 (Yoast SEO v27.5) - https:\/\/yoast.com\/product\/yoast-seo-premium-wordpress\/ -->\n<title>Mehta Laser Combo Plaque et tube - Jupiter machinerie<\/title>\n<meta name=\"description\" content=\"D\u00e9coupeuse laser Mehta Combo : d\u00e9coupe plaques et tubes avec pr\u00e9cision, s\u00e9curit\u00e9 et compacit\u00e9. Puissance jusqu\u2019\u00e0 24 000W, syst\u00e8me ferm\u00e9 haute performance\" \/>\n<meta name=\"robots\" content=\"index, follow, max-snippet:-1, max-image-preview:large, max-video-preview:-1\" \/>\n<link rel=\"canonical\" href=\"https:\/\/jupitermachinerie.ca\/produits\/en\/product\/mehta-laser-combo-plate-and-tube-2\/\" \/>\n<meta property=\"og:locale\" content=\"en_US\" \/>\n<meta property=\"og:type\" content=\"article\" \/>\n<meta property=\"og:title\" content=\"Mehta Laser Combo Plaque et tube\" \/>\n<meta property=\"og:description\" content=\"D\u00e9coupeuse laser Mehta Combo : d\u00e9coupe plaques et tubes avec pr\u00e9cision, s\u00e9curit\u00e9 et compacit\u00e9. Puissance jusqu\u2019\u00e0 24 000W, syst\u00e8me ferm\u00e9 haute performance\" \/>\n<meta property=\"og:url\" content=\"https:\/\/jupitermachinerie.ca\/produits\/en\/product\/mehta-laser-combo-plate-and-tube-2\/\" \/>\n<meta property=\"og:site_name\" content=\"Jupiter machinerie\" \/>\n<meta property=\"article:publisher\" content=\"https:\/\/www.facebook.com\/jupiter.machinerie\" \/>\n<meta property=\"article:modified_time\" content=\"2025-05-06T21:15:41+00:00\" \/>\n<meta property=\"og:image\" content=\"https:\/\/jupitermachinerie.ca\/produits\/wp-content\/uploads\/2024\/08\/mehtalasercombo.jpg\" \/>\n\t<meta property=\"og:image:width\" content=\"500\" \/>\n\t<meta property=\"og:image:height\" content=\"500\" \/>\n\t<meta property=\"og:image:type\" content=\"image\/jpeg\" \/>\n<meta name=\"twitter:card\" content=\"summary_large_image\" \/>\n<meta name=\"twitter:label1\" content=\"Est. reading time\" \/>\n\t<meta name=\"twitter:data1\" content=\"2 minutes\" \/>\n<script type=\"application\/ld+json\" class=\"yoast-schema-graph\">{\"@context\":\"https:\\\/\\\/schema.org\",\"@graph\":[{\"@type\":\"WebPage\",\"@id\":\"https:\\\/\\\/jupitermachinerie.ca\\\/produits\\\/produit\\\/mehta-laser-combo-plaque-et-tube\\\/\",\"url\":\"https:\\\/\\\/jupitermachinerie.ca\\\/produits\\\/produit\\\/mehta-laser-combo-plaque-et-tube\\\/\",\"name\":\"Mehta Laser Combo Plaque et tube - Jupiter machinerie\",\"isPartOf\":{\"@id\":\"https:\\\/\\\/jupitermachinerie.ca\\\/produits\\\/#website\"},\"primaryImageOfPage\":{\"@id\":\"https:\\\/\\\/jupitermachinerie.ca\\\/produits\\\/produit\\\/mehta-laser-combo-plaque-et-tube\\\/#primaryimage\"},\"image\":{\"@id\":\"https:\\\/\\\/jupitermachinerie.ca\\\/produits\\\/produit\\\/mehta-laser-combo-plaque-et-tube\\\/#primaryimage\"},\"thumbnailUrl\":\"https:\\\/\\\/jupitermachinerie.ca\\\/produits\\\/wp-content\\\/uploads\\\/2024\\\/08\\\/mehtalasercombo.jpg\",\"datePublished\":\"2024-08-07T14:43:30+00:00\",\"dateModified\":\"2025-05-06T21:15:41+00:00\",\"description\":\"D\u00e9coupeuse laser Mehta Combo : d\u00e9coupe plaques et tubes avec pr\u00e9cision, s\u00e9curit\u00e9 et compacit\u00e9. Puissance jusqu\u2019\u00e0 24 000W, syst\u00e8me ferm\u00e9 haute performance\",\"breadcrumb\":{\"@id\":\"https:\\\/\\\/jupitermachinerie.ca\\\/produits\\\/produit\\\/mehta-laser-combo-plaque-et-tube\\\/#breadcrumb\"},\"inLanguage\":\"en-CA\",\"potentialAction\":[{\"@type\":\"ReadAction\",\"target\":[\"https:\\\/\\\/jupitermachinerie.ca\\\/produits\\\/produit\\\/mehta-laser-combo-plaque-et-tube\\\/\"]}]},{\"@type\":\"ImageObject\",\"inLanguage\":\"en-CA\",\"@id\":\"https:\\\/\\\/jupitermachinerie.ca\\\/produits\\\/produit\\\/mehta-laser-combo-plaque-et-tube\\\/#primaryimage\",\"url\":\"https:\\\/\\\/jupitermachinerie.ca\\\/produits\\\/wp-content\\\/uploads\\\/2024\\\/08\\\/mehtalasercombo.jpg\",\"contentUrl\":\"https:\\\/\\\/jupitermachinerie.ca\\\/produits\\\/wp-content\\\/uploads\\\/2024\\\/08\\\/mehtalasercombo.jpg\",\"width\":500,\"height\":500},{\"@type\":\"BreadcrumbList\",\"@id\":\"https:\\\/\\\/jupitermachinerie.ca\\\/produits\\\/produit\\\/mehta-laser-combo-plaque-et-tube\\\/#breadcrumb\",\"itemListElement\":[{\"@type\":\"ListItem\",\"position\":1,\"name\":\"Accueil\",\"item\":\"https:\\\/\\\/jupitermachinerie.ca\\\/produits\\\/\"},{\"@type\":\"ListItem\",\"position\":2,\"name\":\"Boutique\",\"item\":\"https:\\\/\\\/jupitermachinerie.ca\\\/produits\\\/boutique\\\/\"},{\"@type\":\"ListItem\",\"position\":3,\"name\":\"Mehta Laser Combo Plaque et tube\"}]},{\"@type\":\"WebSite\",\"@id\":\"https:\\\/\\\/jupitermachinerie.ca\\\/produits\\\/#website\",\"url\":\"https:\\\/\\\/jupitermachinerie.ca\\\/produits\\\/\",\"name\":\"Jupiter machinerie\",\"description\":\"\",\"publisher\":{\"@id\":\"https:\\\/\\\/jupitermachinerie.ca\\\/produits\\\/#organization\"},\"potentialAction\":[{\"@type\":\"SearchAction\",\"target\":{\"@type\":\"EntryPoint\",\"urlTemplate\":\"https:\\\/\\\/jupitermachinerie.ca\\\/produits\\\/?s={search_term_string}\"},\"query-input\":{\"@type\":\"PropertyValueSpecification\",\"valueRequired\":true,\"valueName\":\"search_term_string\"}}],\"inLanguage\":\"en-CA\"},{\"@type\":\"Organization\",\"@id\":\"https:\\\/\\\/jupitermachinerie.ca\\\/produits\\\/#organization\",\"name\":\"Jupiter machinerie\",\"url\":\"https:\\\/\\\/jupitermachinerie.ca\\\/produits\\\/\",\"logo\":{\"@type\":\"ImageObject\",\"inLanguage\":\"en-CA\",\"@id\":\"https:\\\/\\\/jupitermachinerie.ca\\\/produits\\\/#\\\/schema\\\/logo\\\/image\\\/\",\"url\":\"https:\\\/\\\/jupitermachinerie.ca\\\/produits\\\/wp-content\\\/uploads\\\/2026\\\/03\\\/LOGOfinal-copie1.jpg\",\"contentUrl\":\"https:\\\/\\\/jupitermachinerie.ca\\\/produits\\\/wp-content\\\/uploads\\\/2026\\\/03\\\/LOGOfinal-copie1.jpg\",\"width\":602,\"height\":334,\"caption\":\"Jupiter machinerie\"},\"image\":{\"@id\":\"https:\\\/\\\/jupitermachinerie.ca\\\/produits\\\/#\\\/schema\\\/logo\\\/image\\\/\"},\"sameAs\":[\"https:\\\/\\\/www.facebook.com\\\/jupiter.machinerie\",\"https:\\\/\\\/www.linkedin.com\\\/company\\\/jupitermachinerie\"]}]}<\/script>\n<!-- \/ Yoast SEO Premium plugin. -->","yoast_head_json":{"title":"Mehta Laser Combo Plaque et tube - Jupiter machinerie","description":"D\u00e9coupeuse laser Mehta Combo : d\u00e9coupe plaques et tubes avec pr\u00e9cision, s\u00e9curit\u00e9 et compacit\u00e9. Puissance jusqu\u2019\u00e0 24 000W, syst\u00e8me ferm\u00e9 haute performance","robots":{"index":"index","follow":"follow","max-snippet":"max-snippet:-1","max-image-preview":"max-image-preview:large","max-video-preview":"max-video-preview:-1"},"canonical":"https:\/\/jupitermachinerie.ca\/produits\/en\/product\/mehta-laser-combo-plate-and-tube-2\/","og_locale":"en_US","og_type":"article","og_title":"Mehta Laser Combo Plaque et tube","og_description":"D\u00e9coupeuse laser Mehta Combo : d\u00e9coupe plaques et tubes avec pr\u00e9cision, s\u00e9curit\u00e9 et compacit\u00e9. Puissance jusqu\u2019\u00e0 24 000W, syst\u00e8me ferm\u00e9 haute performance","og_url":"https:\/\/jupitermachinerie.ca\/produits\/en\/product\/mehta-laser-combo-plate-and-tube-2\/","og_site_name":"Jupiter machinerie","article_publisher":"https:\/\/www.facebook.com\/jupiter.machinerie","article_modified_time":"2025-05-06T21:15:41+00:00","og_image":[{"width":500,"height":500,"url":"https:\/\/jupitermachinerie.ca\/produits\/wp-content\/uploads\/2024\/08\/mehtalasercombo.jpg","type":"image\/jpeg"}],"twitter_card":"summary_large_image","twitter_misc":{"Est. reading time":"2 minutes"},"schema":{"@context":"https:\/\/schema.org","@graph":[{"@type":"WebPage","@id":"https:\/\/jupitermachinerie.ca\/produits\/produit\/mehta-laser-combo-plaque-et-tube\/","url":"https:\/\/jupitermachinerie.ca\/produits\/produit\/mehta-laser-combo-plaque-et-tube\/","name":"Mehta Laser Combo Plaque et tube - Jupiter machinerie","isPartOf":{"@id":"https:\/\/jupitermachinerie.ca\/produits\/#website"},"primaryImageOfPage":{"@id":"https:\/\/jupitermachinerie.ca\/produits\/produit\/mehta-laser-combo-plaque-et-tube\/#primaryimage"},"image":{"@id":"https:\/\/jupitermachinerie.ca\/produits\/produit\/mehta-laser-combo-plaque-et-tube\/#primaryimage"},"thumbnailUrl":"https:\/\/jupitermachinerie.ca\/produits\/wp-content\/uploads\/2024\/08\/mehtalasercombo.jpg","datePublished":"2024-08-07T14:43:30+00:00","dateModified":"2025-05-06T21:15:41+00:00","description":"D\u00e9coupeuse laser Mehta Combo : d\u00e9coupe plaques et tubes avec pr\u00e9cision, s\u00e9curit\u00e9 et compacit\u00e9. Puissance jusqu\u2019\u00e0 24 000W, syst\u00e8me ferm\u00e9 haute performance","breadcrumb":{"@id":"https:\/\/jupitermachinerie.ca\/produits\/produit\/mehta-laser-combo-plaque-et-tube\/#breadcrumb"},"inLanguage":"en-CA","potentialAction":[{"@type":"ReadAction","target":["https:\/\/jupitermachinerie.ca\/produits\/produit\/mehta-laser-combo-plaque-et-tube\/"]}]},{"@type":"ImageObject","inLanguage":"en-CA","@id":"https:\/\/jupitermachinerie.ca\/produits\/produit\/mehta-laser-combo-plaque-et-tube\/#primaryimage","url":"https:\/\/jupitermachinerie.ca\/produits\/wp-content\/uploads\/2024\/08\/mehtalasercombo.jpg","contentUrl":"https:\/\/jupitermachinerie.ca\/produits\/wp-content\/uploads\/2024\/08\/mehtalasercombo.jpg","width":500,"height":500},{"@type":"BreadcrumbList","@id":"https:\/\/jupitermachinerie.ca\/produits\/produit\/mehta-laser-combo-plaque-et-tube\/#breadcrumb","itemListElement":[{"@type":"ListItem","position":1,"name":"Accueil","item":"https:\/\/jupitermachinerie.ca\/produits\/"},{"@type":"ListItem","position":2,"name":"Boutique","item":"https:\/\/jupitermachinerie.ca\/produits\/boutique\/"},{"@type":"ListItem","position":3,"name":"Mehta Laser Combo Plaque et tube"}]},{"@type":"WebSite","@id":"https:\/\/jupitermachinerie.ca\/produits\/#website","url":"https:\/\/jupitermachinerie.ca\/produits\/","name":"Jupiter machinery","description":"","publisher":{"@id":"https:\/\/jupitermachinerie.ca\/produits\/#organization"},"potentialAction":[{"@type":"SearchAction","target":{"@type":"EntryPoint","urlTemplate":"https:\/\/jupitermachinerie.ca\/produits\/?s={search_term_string}"},"query-input":{"@type":"PropertyValueSpecification","valueRequired":true,"valueName":"search_term_string"}}],"inLanguage":"en-CA"},{"@type":"Organization","@id":"https:\/\/jupitermachinerie.ca\/produits\/#organization","name":"Jupiter machinery","url":"https:\/\/jupitermachinerie.ca\/produits\/","logo":{"@type":"ImageObject","inLanguage":"en-CA","@id":"https:\/\/jupitermachinerie.ca\/produits\/#\/schema\/logo\/image\/","url":"https:\/\/jupitermachinerie.ca\/produits\/wp-content\/uploads\/2026\/03\/LOGOfinal-copie1.jpg","contentUrl":"https:\/\/jupitermachinerie.ca\/produits\/wp-content\/uploads\/2026\/03\/LOGOfinal-copie1.jpg","width":602,"height":334,"caption":"Jupiter machinerie"},"image":{"@id":"https:\/\/jupitermachinerie.ca\/produits\/#\/schema\/logo\/image\/"},"sameAs":["https:\/\/www.facebook.com\/jupiter.machinerie","https:\/\/www.linkedin.com\/company\/jupitermachinerie"]}]}},"_links":{"self":[{"href":"https:\/\/jupitermachinerie.ca\/produits\/en\/wp-json\/wp\/v2\/product\/262199","targetHints":{"allow":["GET"]}}],"collection":[{"href":"https:\/\/jupitermachinerie.ca\/produits\/en\/wp-json\/wp\/v2\/product"}],"about":[{"href":"https:\/\/jupitermachinerie.ca\/produits\/en\/wp-json\/wp\/v2\/types\/product"}],"wp:featuredmedia":[{"embeddable":true,"href":"https:\/\/jupitermachinerie.ca\/produits\/en\/wp-json\/wp\/v2\/media\/262201"}],"wp:attachment":[{"href":"https:\/\/jupitermachinerie.ca\/produits\/en\/wp-json\/wp\/v2\/media?parent=262199"}],"wp:term":[{"taxonomy":"product_brand","embeddable":true,"href":"https:\/\/jupitermachinerie.ca\/produits\/en\/wp-json\/wp\/v2\/product_brand?post=262199"},{"taxonomy":"product_cat","embeddable":true,"href":"https:\/\/jupitermachinerie.ca\/produits\/en\/wp-json\/wp\/v2\/product_cat?post=262199"},{"taxonomy":"product_tag","embeddable":true,"href":"https:\/\/jupitermachinerie.ca\/produits\/en\/wp-json\/wp\/v2\/product_tag?post=262199"}],"curies":[{"name":"wp","href":"https:\/\/api.w.org\/{rel}","templated":true}]}}