{"id":262223,"date":"2024-09-27T16:25:14","date_gmt":"2024-09-27T20:25:14","guid":{"rendered":"https:\/\/jupitermachinerie.ca\/produits\/?post_type=product&#038;p=262223"},"modified":"2025-05-06T16:37:20","modified_gmt":"2025-05-06T20:37:20","slug":"laser-galaxy-4-en-1-mehta","status":"publish","type":"product","link":"https:\/\/jupitermachinerie.ca\/produits\/en\/product\/laser-galaxy-4-en-1-mehta\/","title":{"rendered":"Laser Galaxy 4 in 1 Mehta"},"content":{"rendered":"<p>La parfait ma\u00eetrise du laser fibre optique par Mehta nous permet de vous offrir le produits Galaxy .<\/p>\n<ul>\n<li>Soudure Laser<\/li>\n<li>D\u00e9coupe Laser<\/li>\n<li>Nettoyage Laser<\/li>\n<li>Nettoyage de soudure au laser<\/li>\n<\/ul>\n<p>La fonction de soudure laser vous permettra de souder avec ou sans ajout. L&rsquo;avantage est que vous pouvez souder facilement deux alliages diff\u00e9rents. La soudure est propre et sans br\u00fblure m\u00eame pour une personne inexp\u00e9riment\u00e9e.<\/p>\n<p>La fonction de d\u00e9coupe laser vous permettra de d\u00e9couper en suivant des mod\u00e8les ou \u00e0 main lever rapidement.<\/p>\n<p>La fonction de nettoyage laser vous permet d&rsquo;enlever la rouille, la peinture, l&rsquo;huile ou diff\u00e9rent traitement de surface du m\u00e9tal.<\/p>\n<p>Le nettoyage au laser des joints de soudure de l&rsquo;acier inoxydable \u00e9limine l&rsquo;utilisation de p\u00e2te de d\u00e9capage ou d&rsquo;autres traitements chimiques<\/p>\n<p>Avec des puissance de\u00a0 1500W, 2000W et 3000W nous avons pouvons r\u00e9pondre \u00e0 vos demandes.<\/p>\n<p>&nbsp;<\/p>\n<p>&nbsp;<\/p>","protected":false},"excerpt":{"rendered":"<p>La parfait ma\u00eetrise du laser fibre optique par Mehta nous [&hellip;]<\/p>","protected":false},"featured_media":262224,"template":"","meta":[],"product_brand":[],"product_cat":[42,157,74],"product_tag":[120],"class_list":{"0":"post-262223","1":"product","2":"type-product","3":"status-publish","4":"has-post-thumbnail","6":"product_cat-equipements-speciaux","7":"product_cat-systeme-de-soudure-au-laser","8":"product_cat-systemes-de-decoupe-laser-a-fibre","9":"product_tag-mehta-laser","11":"first","12":"instock","13":"shipping-taxable","14":"product-type-simple"},"yoast_head":"<!-- This site is optimized with the Yoast SEO Premium plugin v27.1 (Yoast SEO v27.3) - https:\/\/yoast.com\/product\/yoast-seo-premium-wordpress\/ -->\n<title>Laser Galaxy 4 en 1 Mehta - Jupiter machinerie<\/title>\n<meta name=\"description\" content=\"Laser Galaxy 4 en 1 Mehta : soudez, d\u00e9coupez et nettoyez vos m\u00e9taux avec pr\u00e9cision gr\u00e2ce \u00e0 un syst\u00e8me laser multifonction de 1500 \u00e0 3000W.\" \/>\n<meta name=\"robots\" content=\"index, follow, max-snippet:-1, max-image-preview:large, max-video-preview:-1\" \/>\n<link rel=\"canonical\" href=\"https:\/\/jupitermachinerie.ca\/produits\/en\/product\/laser-galaxy-4-en-1-mehta\/\" \/>\n<meta property=\"og:locale\" content=\"en_US\" \/>\n<meta property=\"og:type\" content=\"article\" \/>\n<meta property=\"og:title\" content=\"Laser Galaxy 4 en 1 Mehta\" \/>\n<meta property=\"og:description\" content=\"Laser Galaxy 4 en 1 Mehta : soudez, d\u00e9coupez et nettoyez vos m\u00e9taux avec pr\u00e9cision gr\u00e2ce \u00e0 un syst\u00e8me laser multifonction de 1500 \u00e0 3000W.\" \/>\n<meta property=\"og:url\" content=\"https:\/\/jupitermachinerie.ca\/produits\/en\/product\/laser-galaxy-4-en-1-mehta\/\" \/>\n<meta property=\"og:site_name\" content=\"Jupiter machinerie\" \/>\n<meta property=\"article:publisher\" content=\"https:\/\/www.facebook.com\/jupiter.machinerie\" \/>\n<meta property=\"article:modified_time\" content=\"2025-05-06T20:37:20+00:00\" \/>\n<meta property=\"og:image\" content=\"https:\/\/jupitermachinerie.ca\/produits\/wp-content\/uploads\/2024\/09\/4-in-1-Laser-Welding-Machine-Machine.png\" \/>\n\t<meta property=\"og:image:width\" content=\"500\" \/>\n\t<meta property=\"og:image:height\" content=\"500\" \/>\n\t<meta property=\"og:image:type\" content=\"image\/png\" \/>\n<meta name=\"twitter:card\" content=\"summary_large_image\" \/>\n<meta name=\"twitter:label1\" content=\"Est. reading time\" \/>\n\t<meta name=\"twitter:data1\" content=\"1 minute\" \/>\n<script type=\"application\/ld+json\" class=\"yoast-schema-graph\">{\"@context\":\"https:\\\/\\\/schema.org\",\"@graph\":[{\"@type\":\"WebPage\",\"@id\":\"https:\\\/\\\/jupitermachinerie.ca\\\/produits\\\/produit\\\/laser-galaxy-4-en-1-mehta\\\/\",\"url\":\"https:\\\/\\\/jupitermachinerie.ca\\\/produits\\\/produit\\\/laser-galaxy-4-en-1-mehta\\\/\",\"name\":\"Laser Galaxy 4 en 1 Mehta - Jupiter machinerie\",\"isPartOf\":{\"@id\":\"https:\\\/\\\/jupitermachinerie.ca\\\/produits\\\/#website\"},\"primaryImageOfPage\":{\"@id\":\"https:\\\/\\\/jupitermachinerie.ca\\\/produits\\\/produit\\\/laser-galaxy-4-en-1-mehta\\\/#primaryimage\"},\"image\":{\"@id\":\"https:\\\/\\\/jupitermachinerie.ca\\\/produits\\\/produit\\\/laser-galaxy-4-en-1-mehta\\\/#primaryimage\"},\"thumbnailUrl\":\"https:\\\/\\\/jupitermachinerie.ca\\\/produits\\\/wp-content\\\/uploads\\\/2024\\\/09\\\/4-in-1-Laser-Welding-Machine-Machine.png\",\"datePublished\":\"2024-09-27T20:25:14+00:00\",\"dateModified\":\"2025-05-06T20:37:20+00:00\",\"description\":\"Laser Galaxy 4 en 1 Mehta : soudez, d\u00e9coupez et nettoyez vos m\u00e9taux avec pr\u00e9cision gr\u00e2ce \u00e0 un syst\u00e8me laser multifonction de 1500 \u00e0 3000W.\",\"breadcrumb\":{\"@id\":\"https:\\\/\\\/jupitermachinerie.ca\\\/produits\\\/produit\\\/laser-galaxy-4-en-1-mehta\\\/#breadcrumb\"},\"inLanguage\":\"en-CA\",\"potentialAction\":[{\"@type\":\"ReadAction\",\"target\":[\"https:\\\/\\\/jupitermachinerie.ca\\\/produits\\\/produit\\\/laser-galaxy-4-en-1-mehta\\\/\"]}]},{\"@type\":\"ImageObject\",\"inLanguage\":\"en-CA\",\"@id\":\"https:\\\/\\\/jupitermachinerie.ca\\\/produits\\\/produit\\\/laser-galaxy-4-en-1-mehta\\\/#primaryimage\",\"url\":\"https:\\\/\\\/jupitermachinerie.ca\\\/produits\\\/wp-content\\\/uploads\\\/2024\\\/09\\\/4-in-1-Laser-Welding-Machine-Machine.png\",\"contentUrl\":\"https:\\\/\\\/jupitermachinerie.ca\\\/produits\\\/wp-content\\\/uploads\\\/2024\\\/09\\\/4-in-1-Laser-Welding-Machine-Machine.png\",\"width\":500,\"height\":500},{\"@type\":\"BreadcrumbList\",\"@id\":\"https:\\\/\\\/jupitermachinerie.ca\\\/produits\\\/produit\\\/laser-galaxy-4-en-1-mehta\\\/#breadcrumb\",\"itemListElement\":[{\"@type\":\"ListItem\",\"position\":1,\"name\":\"Accueil\",\"item\":\"https:\\\/\\\/jupitermachinerie.ca\\\/produits\\\/\"},{\"@type\":\"ListItem\",\"position\":2,\"name\":\"Boutique\",\"item\":\"https:\\\/\\\/jupitermachinerie.ca\\\/produits\\\/boutique\\\/\"},{\"@type\":\"ListItem\",\"position\":3,\"name\":\"Laser Galaxy 4 en 1 Mehta\"}]},{\"@type\":\"WebSite\",\"@id\":\"https:\\\/\\\/jupitermachinerie.ca\\\/produits\\\/#website\",\"url\":\"https:\\\/\\\/jupitermachinerie.ca\\\/produits\\\/\",\"name\":\"Jupiter machinerie\",\"description\":\"\",\"publisher\":{\"@id\":\"https:\\\/\\\/jupitermachinerie.ca\\\/produits\\\/#organization\"},\"potentialAction\":[{\"@type\":\"SearchAction\",\"target\":{\"@type\":\"EntryPoint\",\"urlTemplate\":\"https:\\\/\\\/jupitermachinerie.ca\\\/produits\\\/?s={search_term_string}\"},\"query-input\":{\"@type\":\"PropertyValueSpecification\",\"valueRequired\":true,\"valueName\":\"search_term_string\"}}],\"inLanguage\":\"en-CA\"},{\"@type\":\"Organization\",\"@id\":\"https:\\\/\\\/jupitermachinerie.ca\\\/produits\\\/#organization\",\"name\":\"Jupiter machinerie\",\"url\":\"https:\\\/\\\/jupitermachinerie.ca\\\/produits\\\/\",\"logo\":{\"@type\":\"ImageObject\",\"inLanguage\":\"en-CA\",\"@id\":\"https:\\\/\\\/jupitermachinerie.ca\\\/produits\\\/#\\\/schema\\\/logo\\\/image\\\/\",\"url\":\"https:\\\/\\\/jupitermachinerie.ca\\\/produits\\\/wp-content\\\/uploads\\\/2026\\\/03\\\/LOGOfinal-copie1.jpg\",\"contentUrl\":\"https:\\\/\\\/jupitermachinerie.ca\\\/produits\\\/wp-content\\\/uploads\\\/2026\\\/03\\\/LOGOfinal-copie1.jpg\",\"width\":602,\"height\":334,\"caption\":\"Jupiter machinerie\"},\"image\":{\"@id\":\"https:\\\/\\\/jupitermachinerie.ca\\\/produits\\\/#\\\/schema\\\/logo\\\/image\\\/\"},\"sameAs\":[\"https:\\\/\\\/www.facebook.com\\\/jupiter.machinerie\",\"https:\\\/\\\/www.linkedin.com\\\/company\\\/jupitermachinerie\"]}]}<\/script>\n<!-- \/ Yoast SEO Premium plugin. -->","yoast_head_json":{"title":"Laser Galaxy 4 en 1 Mehta - Jupiter machinerie","description":"Laser Galaxy 4 en 1 Mehta : soudez, d\u00e9coupez et nettoyez vos m\u00e9taux avec pr\u00e9cision gr\u00e2ce \u00e0 un syst\u00e8me laser multifonction de 1500 \u00e0 3000W.","robots":{"index":"index","follow":"follow","max-snippet":"max-snippet:-1","max-image-preview":"max-image-preview:large","max-video-preview":"max-video-preview:-1"},"canonical":"https:\/\/jupitermachinerie.ca\/produits\/en\/product\/laser-galaxy-4-en-1-mehta\/","og_locale":"en_US","og_type":"article","og_title":"Laser Galaxy 4 en 1 Mehta","og_description":"Laser Galaxy 4 en 1 Mehta : soudez, d\u00e9coupez et nettoyez vos m\u00e9taux avec pr\u00e9cision gr\u00e2ce \u00e0 un syst\u00e8me laser multifonction de 1500 \u00e0 3000W.","og_url":"https:\/\/jupitermachinerie.ca\/produits\/en\/product\/laser-galaxy-4-en-1-mehta\/","og_site_name":"Jupiter machinerie","article_publisher":"https:\/\/www.facebook.com\/jupiter.machinerie","article_modified_time":"2025-05-06T20:37:20+00:00","og_image":[{"width":500,"height":500,"url":"https:\/\/jupitermachinerie.ca\/produits\/wp-content\/uploads\/2024\/09\/4-in-1-Laser-Welding-Machine-Machine.png","type":"image\/png"}],"twitter_card":"summary_large_image","twitter_misc":{"Est. reading time":"1 minute"},"schema":{"@context":"https:\/\/schema.org","@graph":[{"@type":"WebPage","@id":"https:\/\/jupitermachinerie.ca\/produits\/produit\/laser-galaxy-4-en-1-mehta\/","url":"https:\/\/jupitermachinerie.ca\/produits\/produit\/laser-galaxy-4-en-1-mehta\/","name":"Laser Galaxy 4 en 1 Mehta - Jupiter machinerie","isPartOf":{"@id":"https:\/\/jupitermachinerie.ca\/produits\/#website"},"primaryImageOfPage":{"@id":"https:\/\/jupitermachinerie.ca\/produits\/produit\/laser-galaxy-4-en-1-mehta\/#primaryimage"},"image":{"@id":"https:\/\/jupitermachinerie.ca\/produits\/produit\/laser-galaxy-4-en-1-mehta\/#primaryimage"},"thumbnailUrl":"https:\/\/jupitermachinerie.ca\/produits\/wp-content\/uploads\/2024\/09\/4-in-1-Laser-Welding-Machine-Machine.png","datePublished":"2024-09-27T20:25:14+00:00","dateModified":"2025-05-06T20:37:20+00:00","description":"Laser Galaxy 4 en 1 Mehta : soudez, d\u00e9coupez et nettoyez vos m\u00e9taux avec pr\u00e9cision gr\u00e2ce \u00e0 un syst\u00e8me laser multifonction de 1500 \u00e0 3000W.","breadcrumb":{"@id":"https:\/\/jupitermachinerie.ca\/produits\/produit\/laser-galaxy-4-en-1-mehta\/#breadcrumb"},"inLanguage":"en-CA","potentialAction":[{"@type":"ReadAction","target":["https:\/\/jupitermachinerie.ca\/produits\/produit\/laser-galaxy-4-en-1-mehta\/"]}]},{"@type":"ImageObject","inLanguage":"en-CA","@id":"https:\/\/jupitermachinerie.ca\/produits\/produit\/laser-galaxy-4-en-1-mehta\/#primaryimage","url":"https:\/\/jupitermachinerie.ca\/produits\/wp-content\/uploads\/2024\/09\/4-in-1-Laser-Welding-Machine-Machine.png","contentUrl":"https:\/\/jupitermachinerie.ca\/produits\/wp-content\/uploads\/2024\/09\/4-in-1-Laser-Welding-Machine-Machine.png","width":500,"height":500},{"@type":"BreadcrumbList","@id":"https:\/\/jupitermachinerie.ca\/produits\/produit\/laser-galaxy-4-en-1-mehta\/#breadcrumb","itemListElement":[{"@type":"ListItem","position":1,"name":"Accueil","item":"https:\/\/jupitermachinerie.ca\/produits\/"},{"@type":"ListItem","position":2,"name":"Boutique","item":"https:\/\/jupitermachinerie.ca\/produits\/boutique\/"},{"@type":"ListItem","position":3,"name":"Laser Galaxy 4 en 1 Mehta"}]},{"@type":"WebSite","@id":"https:\/\/jupitermachinerie.ca\/produits\/#website","url":"https:\/\/jupitermachinerie.ca\/produits\/","name":"Jupiter machinery","description":"","publisher":{"@id":"https:\/\/jupitermachinerie.ca\/produits\/#organization"},"potentialAction":[{"@type":"SearchAction","target":{"@type":"EntryPoint","urlTemplate":"https:\/\/jupitermachinerie.ca\/produits\/?s={search_term_string}"},"query-input":{"@type":"PropertyValueSpecification","valueRequired":true,"valueName":"search_term_string"}}],"inLanguage":"en-CA"},{"@type":"Organization","@id":"https:\/\/jupitermachinerie.ca\/produits\/#organization","name":"Jupiter machinery","url":"https:\/\/jupitermachinerie.ca\/produits\/","logo":{"@type":"ImageObject","inLanguage":"en-CA","@id":"https:\/\/jupitermachinerie.ca\/produits\/#\/schema\/logo\/image\/","url":"https:\/\/jupitermachinerie.ca\/produits\/wp-content\/uploads\/2026\/03\/LOGOfinal-copie1.jpg","contentUrl":"https:\/\/jupitermachinerie.ca\/produits\/wp-content\/uploads\/2026\/03\/LOGOfinal-copie1.jpg","width":602,"height":334,"caption":"Jupiter machinerie"},"image":{"@id":"https:\/\/jupitermachinerie.ca\/produits\/#\/schema\/logo\/image\/"},"sameAs":["https:\/\/www.facebook.com\/jupiter.machinerie","https:\/\/www.linkedin.com\/company\/jupitermachinerie"]}]}},"_links":{"self":[{"href":"https:\/\/jupitermachinerie.ca\/produits\/en\/wp-json\/wp\/v2\/product\/262223","targetHints":{"allow":["GET"]}}],"collection":[{"href":"https:\/\/jupitermachinerie.ca\/produits\/en\/wp-json\/wp\/v2\/product"}],"about":[{"href":"https:\/\/jupitermachinerie.ca\/produits\/en\/wp-json\/wp\/v2\/types\/product"}],"wp:featuredmedia":[{"embeddable":true,"href":"https:\/\/jupitermachinerie.ca\/produits\/en\/wp-json\/wp\/v2\/media\/262224"}],"wp:attachment":[{"href":"https:\/\/jupitermachinerie.ca\/produits\/en\/wp-json\/wp\/v2\/media?parent=262223"}],"wp:term":[{"taxonomy":"product_brand","embeddable":true,"href":"https:\/\/jupitermachinerie.ca\/produits\/en\/wp-json\/wp\/v2\/product_brand?post=262223"},{"taxonomy":"product_cat","embeddable":true,"href":"https:\/\/jupitermachinerie.ca\/produits\/en\/wp-json\/wp\/v2\/product_cat?post=262223"},{"taxonomy":"product_tag","embeddable":true,"href":"https:\/\/jupitermachinerie.ca\/produits\/en\/wp-json\/wp\/v2\/product_tag?post=262223"}],"curies":[{"name":"wp","href":"https:\/\/api.w.org\/{rel}","templated":true}]}}