{"id":262230,"date":"2024-09-30T08:50:37","date_gmt":"2024-09-30T12:50:37","guid":{"rendered":"https:\/\/jupitermachinerie.ca\/produits\/?post_type=product&#038;p=262230"},"modified":"2024-09-30T08:50:38","modified_gmt":"2024-09-30T12:50:38","slug":"evan-laser-de-marquage","status":"publish","type":"product","link":"https:\/\/jupitermachinerie.ca\/produits\/en\/product\/evan-laser-de-marquage\/","title":{"rendered":"EVAN Laser de marquage"},"content":{"rendered":"<p>Le laser EVAN offre un moyen rapide, flexible et efficace de marquer de mani\u00e8re permanente une grande vari\u00e9t\u00e9 de mat\u00e9riaux tels que les m\u00e9taux, les plastiques, la c\u00e9ramique, le silicium, etc.<\/p>\n<ul>\n<li>Premi\u00e8re et derni\u00e8re impulsion utilisables<\/li>\n<li>Compatible avec le marquage Bitmap<\/li>\n<li>Con\u00e7u pour le haut volume<\/li>\n<li>Moniteur de statut<\/li>\n<li>Marquage haute vitesse MHz<\/li>\n<li>Longue dur\u00e9e ( plus de 100 000 heures)<\/li>\n<li>Tr\u00e8s stable et peu de maintenance<\/li>\n<li>Marquage niveau de gris haute qualit\u00e9<\/li>\n<\/ul>\n<p>Les lasers \u00e0 fibres sont jusqu&rsquo;\u00e0 dix fois plus efficaces que les syst\u00e8mes laser YAG ou co2 traditionnels. consommant peu ou pas d&rsquo;\u00e9nergie lorsqu&rsquo;ils ne sont pas actifs.\u00a0Les lasers \u00e0 fibres n&rsquo;ont pas d&rsquo;optique \u00e0 ajuster ou \u00e0 aligner et pas de lampe \u00e0 remplacer. La maintenance est minime, donc l&rsquo;utilisation et les temps de disponibilit\u00e9 sont maximis\u00e9s. Cette cat\u00e9gorie de laser est con\u00e7u comme outil d&rsquo;atelier industriel.<\/p>\n<p>Disponible en 10W, 20W, 30W, 50W et 100W.<\/p>","protected":false},"excerpt":{"rendered":"<p>Le laser EVAN offre un moyen rapide, flexible et efficace [&hellip;]<\/p>","protected":false},"featured_media":262231,"template":"","meta":[],"product_brand":[],"product_cat":[158],"product_tag":[],"class_list":{"0":"post-262230","1":"product","2":"type-product","3":"status-publish","4":"has-post-thumbnail","6":"product_cat-systeme-de-marquage-et-impression","8":"first","9":"instock","10":"shipping-taxable","11":"product-type-simple"},"yoast_head":"<!-- This site is optimized with the Yoast SEO Premium plugin v27.1 (Yoast SEO v27.4) - https:\/\/yoast.com\/product\/yoast-seo-premium-wordpress\/ -->\n<title>EVAN Laser de marquage - Jupiter machinerie<\/title>\n<meta name=\"robots\" content=\"index, follow, max-snippet:-1, max-image-preview:large, max-video-preview:-1\" \/>\n<link rel=\"canonical\" href=\"https:\/\/jupitermachinerie.ca\/produits\/en\/product\/evan-laser-de-marquage\/\" \/>\n<meta property=\"og:locale\" content=\"en_US\" \/>\n<meta property=\"og:type\" content=\"article\" \/>\n<meta property=\"og:title\" content=\"EVAN Laser de marquage\" \/>\n<meta property=\"og:description\" content=\"Le laser EVAN offre un moyen rapide, flexible et efficace [&hellip;]\" \/>\n<meta property=\"og:url\" content=\"https:\/\/jupitermachinerie.ca\/produits\/en\/product\/evan-laser-de-marquage\/\" \/>\n<meta property=\"og:site_name\" content=\"Jupiter machinerie\" \/>\n<meta property=\"article:publisher\" content=\"https:\/\/www.facebook.com\/jupiter.machinerie\" \/>\n<meta property=\"article:modified_time\" content=\"2024-09-30T12:50:38+00:00\" \/>\n<meta property=\"og:image\" content=\"https:\/\/jupitermachinerie.ca\/produits\/wp-content\/uploads\/2024\/09\/EVAN-202-768x1166-1.png\" \/>\n\t<meta property=\"og:image:width\" content=\"768\" \/>\n\t<meta property=\"og:image:height\" content=\"1166\" \/>\n\t<meta property=\"og:image:type\" content=\"image\/png\" \/>\n<meta name=\"twitter:card\" content=\"summary_large_image\" \/>\n<meta name=\"twitter:label1\" content=\"Est. reading time\" \/>\n\t<meta name=\"twitter:data1\" content=\"1 minute\" \/>\n<script type=\"application\/ld+json\" class=\"yoast-schema-graph\">{\"@context\":\"https:\\\/\\\/schema.org\",\"@graph\":[{\"@type\":\"WebPage\",\"@id\":\"https:\\\/\\\/jupitermachinerie.ca\\\/produits\\\/en\\\/product\\\/evan-laser-de-marquage\\\/\",\"url\":\"https:\\\/\\\/jupitermachinerie.ca\\\/produits\\\/en\\\/product\\\/evan-laser-de-marquage\\\/\",\"name\":\"EVAN Laser de marquage - Jupiter machinerie\",\"isPartOf\":{\"@id\":\"https:\\\/\\\/jupitermachinerie.ca\\\/produits\\\/#website\"},\"primaryImageOfPage\":{\"@id\":\"https:\\\/\\\/jupitermachinerie.ca\\\/produits\\\/en\\\/product\\\/evan-laser-de-marquage\\\/#primaryimage\"},\"image\":{\"@id\":\"https:\\\/\\\/jupitermachinerie.ca\\\/produits\\\/en\\\/product\\\/evan-laser-de-marquage\\\/#primaryimage\"},\"thumbnailUrl\":\"https:\\\/\\\/jupitermachinerie.ca\\\/produits\\\/wp-content\\\/uploads\\\/2024\\\/09\\\/EVAN-202-768x1166-1.png\",\"datePublished\":\"2024-09-30T12:50:37+00:00\",\"dateModified\":\"2024-09-30T12:50:38+00:00\",\"breadcrumb\":{\"@id\":\"https:\\\/\\\/jupitermachinerie.ca\\\/produits\\\/en\\\/product\\\/evan-laser-de-marquage\\\/#breadcrumb\"},\"inLanguage\":\"en-CA\",\"potentialAction\":[{\"@type\":\"ReadAction\",\"target\":[\"https:\\\/\\\/jupitermachinerie.ca\\\/produits\\\/en\\\/product\\\/evan-laser-de-marquage\\\/\"]}]},{\"@type\":\"ImageObject\",\"inLanguage\":\"en-CA\",\"@id\":\"https:\\\/\\\/jupitermachinerie.ca\\\/produits\\\/en\\\/product\\\/evan-laser-de-marquage\\\/#primaryimage\",\"url\":\"https:\\\/\\\/jupitermachinerie.ca\\\/produits\\\/wp-content\\\/uploads\\\/2024\\\/09\\\/EVAN-202-768x1166-1.png\",\"contentUrl\":\"https:\\\/\\\/jupitermachinerie.ca\\\/produits\\\/wp-content\\\/uploads\\\/2024\\\/09\\\/EVAN-202-768x1166-1.png\",\"width\":768,\"height\":1166},{\"@type\":\"BreadcrumbList\",\"@id\":\"https:\\\/\\\/jupitermachinerie.ca\\\/produits\\\/en\\\/product\\\/evan-laser-de-marquage\\\/#breadcrumb\",\"itemListElement\":[{\"@type\":\"ListItem\",\"position\":1,\"name\":\"Accueil\",\"item\":\"https:\\\/\\\/jupitermachinerie.ca\\\/produits\\\/\"},{\"@type\":\"ListItem\",\"position\":2,\"name\":\"Boutique\",\"item\":\"https:\\\/\\\/jupitermachinerie.ca\\\/produits\\\/boutique\\\/\"},{\"@type\":\"ListItem\",\"position\":3,\"name\":\"EVAN Laser de marquage\"}]},{\"@type\":\"WebSite\",\"@id\":\"https:\\\/\\\/jupitermachinerie.ca\\\/produits\\\/#website\",\"url\":\"https:\\\/\\\/jupitermachinerie.ca\\\/produits\\\/\",\"name\":\"Jupiter machinerie\",\"description\":\"\",\"publisher\":{\"@id\":\"https:\\\/\\\/jupitermachinerie.ca\\\/produits\\\/#organization\"},\"potentialAction\":[{\"@type\":\"SearchAction\",\"target\":{\"@type\":\"EntryPoint\",\"urlTemplate\":\"https:\\\/\\\/jupitermachinerie.ca\\\/produits\\\/?s={search_term_string}\"},\"query-input\":{\"@type\":\"PropertyValueSpecification\",\"valueRequired\":true,\"valueName\":\"search_term_string\"}}],\"inLanguage\":\"en-CA\"},{\"@type\":\"Organization\",\"@id\":\"https:\\\/\\\/jupitermachinerie.ca\\\/produits\\\/#organization\",\"name\":\"Jupiter machinerie\",\"url\":\"https:\\\/\\\/jupitermachinerie.ca\\\/produits\\\/\",\"logo\":{\"@type\":\"ImageObject\",\"inLanguage\":\"en-CA\",\"@id\":\"https:\\\/\\\/jupitermachinerie.ca\\\/produits\\\/#\\\/schema\\\/logo\\\/image\\\/\",\"url\":\"https:\\\/\\\/jupitermachinerie.ca\\\/produits\\\/wp-content\\\/uploads\\\/2026\\\/03\\\/LOGOfinal-copie1.jpg\",\"contentUrl\":\"https:\\\/\\\/jupitermachinerie.ca\\\/produits\\\/wp-content\\\/uploads\\\/2026\\\/03\\\/LOGOfinal-copie1.jpg\",\"width\":602,\"height\":334,\"caption\":\"Jupiter machinerie\"},\"image\":{\"@id\":\"https:\\\/\\\/jupitermachinerie.ca\\\/produits\\\/#\\\/schema\\\/logo\\\/image\\\/\"},\"sameAs\":[\"https:\\\/\\\/www.facebook.com\\\/jupiter.machinerie\",\"https:\\\/\\\/www.linkedin.com\\\/company\\\/jupitermachinerie\"]}]}<\/script>\n<!-- \/ Yoast SEO Premium plugin. -->","yoast_head_json":{"title":"EVAN Laser de marquage - Jupiter machinerie","robots":{"index":"index","follow":"follow","max-snippet":"max-snippet:-1","max-image-preview":"max-image-preview:large","max-video-preview":"max-video-preview:-1"},"canonical":"https:\/\/jupitermachinerie.ca\/produits\/en\/product\/evan-laser-de-marquage\/","og_locale":"en_US","og_type":"article","og_title":"EVAN Laser de marquage","og_description":"Le laser EVAN offre un moyen rapide, flexible et efficace [&hellip;]","og_url":"https:\/\/jupitermachinerie.ca\/produits\/en\/product\/evan-laser-de-marquage\/","og_site_name":"Jupiter machinerie","article_publisher":"https:\/\/www.facebook.com\/jupiter.machinerie","article_modified_time":"2024-09-30T12:50:38+00:00","og_image":[{"width":768,"height":1166,"url":"https:\/\/jupitermachinerie.ca\/produits\/wp-content\/uploads\/2024\/09\/EVAN-202-768x1166-1.png","type":"image\/png"}],"twitter_card":"summary_large_image","twitter_misc":{"Est. reading time":"1 minute"},"schema":{"@context":"https:\/\/schema.org","@graph":[{"@type":"WebPage","@id":"https:\/\/jupitermachinerie.ca\/produits\/en\/product\/evan-laser-de-marquage\/","url":"https:\/\/jupitermachinerie.ca\/produits\/en\/product\/evan-laser-de-marquage\/","name":"EVAN Laser de marquage - Jupiter machinerie","isPartOf":{"@id":"https:\/\/jupitermachinerie.ca\/produits\/#website"},"primaryImageOfPage":{"@id":"https:\/\/jupitermachinerie.ca\/produits\/en\/product\/evan-laser-de-marquage\/#primaryimage"},"image":{"@id":"https:\/\/jupitermachinerie.ca\/produits\/en\/product\/evan-laser-de-marquage\/#primaryimage"},"thumbnailUrl":"https:\/\/jupitermachinerie.ca\/produits\/wp-content\/uploads\/2024\/09\/EVAN-202-768x1166-1.png","datePublished":"2024-09-30T12:50:37+00:00","dateModified":"2024-09-30T12:50:38+00:00","breadcrumb":{"@id":"https:\/\/jupitermachinerie.ca\/produits\/en\/product\/evan-laser-de-marquage\/#breadcrumb"},"inLanguage":"en-CA","potentialAction":[{"@type":"ReadAction","target":["https:\/\/jupitermachinerie.ca\/produits\/en\/product\/evan-laser-de-marquage\/"]}]},{"@type":"ImageObject","inLanguage":"en-CA","@id":"https:\/\/jupitermachinerie.ca\/produits\/en\/product\/evan-laser-de-marquage\/#primaryimage","url":"https:\/\/jupitermachinerie.ca\/produits\/wp-content\/uploads\/2024\/09\/EVAN-202-768x1166-1.png","contentUrl":"https:\/\/jupitermachinerie.ca\/produits\/wp-content\/uploads\/2024\/09\/EVAN-202-768x1166-1.png","width":768,"height":1166},{"@type":"BreadcrumbList","@id":"https:\/\/jupitermachinerie.ca\/produits\/en\/product\/evan-laser-de-marquage\/#breadcrumb","itemListElement":[{"@type":"ListItem","position":1,"name":"Accueil","item":"https:\/\/jupitermachinerie.ca\/produits\/"},{"@type":"ListItem","position":2,"name":"Boutique","item":"https:\/\/jupitermachinerie.ca\/produits\/boutique\/"},{"@type":"ListItem","position":3,"name":"EVAN Laser de marquage"}]},{"@type":"WebSite","@id":"https:\/\/jupitermachinerie.ca\/produits\/#website","url":"https:\/\/jupitermachinerie.ca\/produits\/","name":"Jupiter machinery","description":"","publisher":{"@id":"https:\/\/jupitermachinerie.ca\/produits\/#organization"},"potentialAction":[{"@type":"SearchAction","target":{"@type":"EntryPoint","urlTemplate":"https:\/\/jupitermachinerie.ca\/produits\/?s={search_term_string}"},"query-input":{"@type":"PropertyValueSpecification","valueRequired":true,"valueName":"search_term_string"}}],"inLanguage":"en-CA"},{"@type":"Organization","@id":"https:\/\/jupitermachinerie.ca\/produits\/#organization","name":"Jupiter machinery","url":"https:\/\/jupitermachinerie.ca\/produits\/","logo":{"@type":"ImageObject","inLanguage":"en-CA","@id":"https:\/\/jupitermachinerie.ca\/produits\/#\/schema\/logo\/image\/","url":"https:\/\/jupitermachinerie.ca\/produits\/wp-content\/uploads\/2026\/03\/LOGOfinal-copie1.jpg","contentUrl":"https:\/\/jupitermachinerie.ca\/produits\/wp-content\/uploads\/2026\/03\/LOGOfinal-copie1.jpg","width":602,"height":334,"caption":"Jupiter machinerie"},"image":{"@id":"https:\/\/jupitermachinerie.ca\/produits\/#\/schema\/logo\/image\/"},"sameAs":["https:\/\/www.facebook.com\/jupiter.machinerie","https:\/\/www.linkedin.com\/company\/jupitermachinerie"]}]}},"_links":{"self":[{"href":"https:\/\/jupitermachinerie.ca\/produits\/en\/wp-json\/wp\/v2\/product\/262230","targetHints":{"allow":["GET"]}}],"collection":[{"href":"https:\/\/jupitermachinerie.ca\/produits\/en\/wp-json\/wp\/v2\/product"}],"about":[{"href":"https:\/\/jupitermachinerie.ca\/produits\/en\/wp-json\/wp\/v2\/types\/product"}],"wp:featuredmedia":[{"embeddable":true,"href":"https:\/\/jupitermachinerie.ca\/produits\/en\/wp-json\/wp\/v2\/media\/262231"}],"wp:attachment":[{"href":"https:\/\/jupitermachinerie.ca\/produits\/en\/wp-json\/wp\/v2\/media?parent=262230"}],"wp:term":[{"taxonomy":"product_brand","embeddable":true,"href":"https:\/\/jupitermachinerie.ca\/produits\/en\/wp-json\/wp\/v2\/product_brand?post=262230"},{"taxonomy":"product_cat","embeddable":true,"href":"https:\/\/jupitermachinerie.ca\/produits\/en\/wp-json\/wp\/v2\/product_cat?post=262230"},{"taxonomy":"product_tag","embeddable":true,"href":"https:\/\/jupitermachinerie.ca\/produits\/en\/wp-json\/wp\/v2\/product_tag?post=262230"}],"curies":[{"name":"wp","href":"https:\/\/api.w.org\/{rel}","templated":true}]}}