{"id":262253,"date":"2024-10-25T08:01:10","date_gmt":"2024-10-25T12:01:10","guid":{"rendered":"https:\/\/jupitermachinerie.ca\/produits\/?post_type=product&#038;p=262253"},"modified":"2024-10-25T08:04:04","modified_gmt":"2024-10-25T12:04:04","slug":"positionneur-de-soudure-pour-tube-p6ps-100","status":"publish","type":"product","link":"https:\/\/jupitermachinerie.ca\/produits\/en\/product\/positionneur-de-soudure-pour-tube-p6ps-100\/","title":{"rendered":"Positionneur de soudure pour tube P6PS-100"},"content":{"rendered":"<h1>P6PS-100<\/h1>\n<p>Les positionneurs de soudure de LJ Welding sont un atout important sur votre cha\u00eene de production. Ils pr\u00e9viennent la fatigue des travailleurs en r\u00e9duisant l&rsquo;effort physique requis pendant le processus de soudage en plus d&rsquo;augmenter la qualit\u00e9 continue de la soudure. Augmente la productivit\u00e9 tout en am\u00e9liorant le d\u00e9bit et en r\u00e9duisant le gaspillage de mat\u00e9riaux<\/p>\n<p>Contactez nous pour obtenir plus d&rsquo;informations.<\/p>\n<p>La gamme de produits LJ Welding est fabriqu\u00e9 au Canada.<\/p>\n<h4>SP\u00c9CIFICATIONS<\/h4>\n<table>\n<tbody>\n<tr>\n<td>Capacit\u00e9 de charge<\/td>\n<td>6,000 lbs (pour charge suspendue de 12\u00a0\u00bb)<\/td>\n<\/tr>\n<tr>\n<td>Empreinte<\/td>\n<td>67-\u00bc\u201d x 43-\u215d\u201d x 55\u201d<\/td>\n<\/tr>\n<tr>\n<td>Couple de rotation<\/td>\n<td>60,000 po-lbs<\/td>\n<\/tr>\n<tr>\n<td>Vitesse de rotation<\/td>\n<td>0.1 &#8211; 2.5 RPM<\/td>\n<\/tr>\n<tr>\n<td>Plage de hauteur<\/td>\n<td>34&Prime;- 70&Prime; (sur plaque de montage), ajustable en incr\u00e9ments de 2&Prime;<\/td>\n<\/tr>\n<tr>\n<td>Diam\u00e8tre plaque de montage<\/td>\n<td>42\u201d (Plaque \u00e0 rainures en T avec 6 fentes de 5\/8&Prime;)<\/td>\n<\/tr>\n<tr>\n<td>Alimentation<\/td>\n<td>480V, 5A, 3-ph, 60Hz<\/td>\n<\/tr>\n<tr>\n<td>Capacit\u00e9 mise \u00e0 la terre<\/td>\n<td>800 Amps<\/td>\n<\/tr>\n<tr>\n<td>Weight<\/td>\n<td>2,150 lbs<\/td>\n<\/tr>\n<\/tbody>\n<\/table>","protected":false},"excerpt":{"rendered":"<p>P6PS-100 Les positionneurs de soudure de LJ Welding sont un [&hellip;]<\/p>","protected":false},"featured_media":262254,"template":"","meta":[],"product_brand":[],"product_cat":[155],"product_tag":[167],"class_list":{"0":"post-262253","1":"product","2":"type-product","3":"status-publish","4":"has-post-thumbnail","6":"product_cat-positionneurs-de-soudure","7":"product_tag-lj-welding","9":"first","10":"instock","11":"shipping-taxable","12":"product-type-simple"},"yoast_head":"<!-- This site is optimized with the Yoast SEO Premium plugin v27.1 (Yoast SEO v27.3) - https:\/\/yoast.com\/product\/yoast-seo-premium-wordpress\/ -->\n<title>Positionneur de soudure pour tube P6PS-100 - Jupiter machinerie<\/title>\n<meta name=\"robots\" content=\"index, follow, max-snippet:-1, max-image-preview:large, max-video-preview:-1\" \/>\n<link rel=\"canonical\" href=\"https:\/\/jupitermachinerie.ca\/produits\/en\/product\/positionneur-de-soudure-pour-tube-p6ps-100\/\" \/>\n<meta property=\"og:locale\" content=\"en_US\" \/>\n<meta property=\"og:type\" content=\"article\" \/>\n<meta property=\"og:title\" content=\"Positionneur de soudure pour tube P6PS-100\" \/>\n<meta property=\"og:description\" content=\"P6PS-100 Les positionneurs de soudure de LJ Welding sont un [&hellip;]\" \/>\n<meta property=\"og:url\" content=\"https:\/\/jupitermachinerie.ca\/produits\/en\/product\/positionneur-de-soudure-pour-tube-p6ps-100\/\" \/>\n<meta property=\"og:site_name\" content=\"Jupiter machinerie\" \/>\n<meta property=\"article:publisher\" content=\"https:\/\/www.facebook.com\/jupiter.machinerie\" \/>\n<meta property=\"article:modified_time\" content=\"2024-10-25T12:04:04+00:00\" \/>\n<meta property=\"og:image\" content=\"https:\/\/jupitermachinerie.ca\/produits\/wp-content\/uploads\/2024\/10\/P6PS-100.jpg\" \/>\n\t<meta property=\"og:image:width\" content=\"1200\" \/>\n\t<meta property=\"og:image:height\" content=\"1200\" \/>\n\t<meta property=\"og:image:type\" content=\"image\/jpeg\" \/>\n<meta name=\"twitter:card\" content=\"summary_large_image\" \/>\n<meta name=\"twitter:label1\" content=\"Est. reading time\" \/>\n\t<meta name=\"twitter:data1\" content=\"1 minute\" \/>\n<script type=\"application\/ld+json\" class=\"yoast-schema-graph\">{\"@context\":\"https:\\\/\\\/schema.org\",\"@graph\":[{\"@type\":\"WebPage\",\"@id\":\"https:\\\/\\\/jupitermachinerie.ca\\\/produits\\\/produit\\\/positionneur-de-soudure-pour-tube-p6ps-100\\\/\",\"url\":\"https:\\\/\\\/jupitermachinerie.ca\\\/produits\\\/produit\\\/positionneur-de-soudure-pour-tube-p6ps-100\\\/\",\"name\":\"Positionneur de soudure pour tube P6PS-100 - Jupiter machinerie\",\"isPartOf\":{\"@id\":\"https:\\\/\\\/jupitermachinerie.ca\\\/produits\\\/#website\"},\"primaryImageOfPage\":{\"@id\":\"https:\\\/\\\/jupitermachinerie.ca\\\/produits\\\/produit\\\/positionneur-de-soudure-pour-tube-p6ps-100\\\/#primaryimage\"},\"image\":{\"@id\":\"https:\\\/\\\/jupitermachinerie.ca\\\/produits\\\/produit\\\/positionneur-de-soudure-pour-tube-p6ps-100\\\/#primaryimage\"},\"thumbnailUrl\":\"https:\\\/\\\/jupitermachinerie.ca\\\/produits\\\/wp-content\\\/uploads\\\/2024\\\/10\\\/P6PS-100.jpg\",\"datePublished\":\"2024-10-25T12:01:10+00:00\",\"dateModified\":\"2024-10-25T12:04:04+00:00\",\"breadcrumb\":{\"@id\":\"https:\\\/\\\/jupitermachinerie.ca\\\/produits\\\/produit\\\/positionneur-de-soudure-pour-tube-p6ps-100\\\/#breadcrumb\"},\"inLanguage\":\"en-CA\",\"potentialAction\":[{\"@type\":\"ReadAction\",\"target\":[\"https:\\\/\\\/jupitermachinerie.ca\\\/produits\\\/produit\\\/positionneur-de-soudure-pour-tube-p6ps-100\\\/\"]}]},{\"@type\":\"ImageObject\",\"inLanguage\":\"en-CA\",\"@id\":\"https:\\\/\\\/jupitermachinerie.ca\\\/produits\\\/produit\\\/positionneur-de-soudure-pour-tube-p6ps-100\\\/#primaryimage\",\"url\":\"https:\\\/\\\/jupitermachinerie.ca\\\/produits\\\/wp-content\\\/uploads\\\/2024\\\/10\\\/P6PS-100.jpg\",\"contentUrl\":\"https:\\\/\\\/jupitermachinerie.ca\\\/produits\\\/wp-content\\\/uploads\\\/2024\\\/10\\\/P6PS-100.jpg\",\"width\":1200,\"height\":1200},{\"@type\":\"BreadcrumbList\",\"@id\":\"https:\\\/\\\/jupitermachinerie.ca\\\/produits\\\/produit\\\/positionneur-de-soudure-pour-tube-p6ps-100\\\/#breadcrumb\",\"itemListElement\":[{\"@type\":\"ListItem\",\"position\":1,\"name\":\"Accueil\",\"item\":\"https:\\\/\\\/jupitermachinerie.ca\\\/produits\\\/\"},{\"@type\":\"ListItem\",\"position\":2,\"name\":\"Boutique\",\"item\":\"https:\\\/\\\/jupitermachinerie.ca\\\/produits\\\/boutique\\\/\"},{\"@type\":\"ListItem\",\"position\":3,\"name\":\"Positionneur de soudure pour tube P6PS-100\"}]},{\"@type\":\"WebSite\",\"@id\":\"https:\\\/\\\/jupitermachinerie.ca\\\/produits\\\/#website\",\"url\":\"https:\\\/\\\/jupitermachinerie.ca\\\/produits\\\/\",\"name\":\"Jupiter machinerie\",\"description\":\"\",\"publisher\":{\"@id\":\"https:\\\/\\\/jupitermachinerie.ca\\\/produits\\\/#organization\"},\"potentialAction\":[{\"@type\":\"SearchAction\",\"target\":{\"@type\":\"EntryPoint\",\"urlTemplate\":\"https:\\\/\\\/jupitermachinerie.ca\\\/produits\\\/?s={search_term_string}\"},\"query-input\":{\"@type\":\"PropertyValueSpecification\",\"valueRequired\":true,\"valueName\":\"search_term_string\"}}],\"inLanguage\":\"en-CA\"},{\"@type\":\"Organization\",\"@id\":\"https:\\\/\\\/jupitermachinerie.ca\\\/produits\\\/#organization\",\"name\":\"Jupiter machinerie\",\"url\":\"https:\\\/\\\/jupitermachinerie.ca\\\/produits\\\/\",\"logo\":{\"@type\":\"ImageObject\",\"inLanguage\":\"en-CA\",\"@id\":\"https:\\\/\\\/jupitermachinerie.ca\\\/produits\\\/#\\\/schema\\\/logo\\\/image\\\/\",\"url\":\"https:\\\/\\\/jupitermachinerie.ca\\\/produits\\\/wp-content\\\/uploads\\\/2026\\\/03\\\/LOGOfinal-copie1.jpg\",\"contentUrl\":\"https:\\\/\\\/jupitermachinerie.ca\\\/produits\\\/wp-content\\\/uploads\\\/2026\\\/03\\\/LOGOfinal-copie1.jpg\",\"width\":602,\"height\":334,\"caption\":\"Jupiter machinerie\"},\"image\":{\"@id\":\"https:\\\/\\\/jupitermachinerie.ca\\\/produits\\\/#\\\/schema\\\/logo\\\/image\\\/\"},\"sameAs\":[\"https:\\\/\\\/www.facebook.com\\\/jupiter.machinerie\",\"https:\\\/\\\/www.linkedin.com\\\/company\\\/jupitermachinerie\"]}]}<\/script>\n<!-- \/ Yoast SEO Premium plugin. -->","yoast_head_json":{"title":"Positionneur de soudure pour tube P6PS-100 - Jupiter machinerie","robots":{"index":"index","follow":"follow","max-snippet":"max-snippet:-1","max-image-preview":"max-image-preview:large","max-video-preview":"max-video-preview:-1"},"canonical":"https:\/\/jupitermachinerie.ca\/produits\/en\/product\/positionneur-de-soudure-pour-tube-p6ps-100\/","og_locale":"en_US","og_type":"article","og_title":"Positionneur de soudure pour tube P6PS-100","og_description":"P6PS-100 Les positionneurs de soudure de LJ Welding sont un [&hellip;]","og_url":"https:\/\/jupitermachinerie.ca\/produits\/en\/product\/positionneur-de-soudure-pour-tube-p6ps-100\/","og_site_name":"Jupiter machinerie","article_publisher":"https:\/\/www.facebook.com\/jupiter.machinerie","article_modified_time":"2024-10-25T12:04:04+00:00","og_image":[{"width":1200,"height":1200,"url":"https:\/\/jupitermachinerie.ca\/produits\/wp-content\/uploads\/2024\/10\/P6PS-100.jpg","type":"image\/jpeg"}],"twitter_card":"summary_large_image","twitter_misc":{"Est. reading time":"1 minute"},"schema":{"@context":"https:\/\/schema.org","@graph":[{"@type":"WebPage","@id":"https:\/\/jupitermachinerie.ca\/produits\/produit\/positionneur-de-soudure-pour-tube-p6ps-100\/","url":"https:\/\/jupitermachinerie.ca\/produits\/produit\/positionneur-de-soudure-pour-tube-p6ps-100\/","name":"Positionneur de soudure pour tube P6PS-100 - Jupiter machinerie","isPartOf":{"@id":"https:\/\/jupitermachinerie.ca\/produits\/#website"},"primaryImageOfPage":{"@id":"https:\/\/jupitermachinerie.ca\/produits\/produit\/positionneur-de-soudure-pour-tube-p6ps-100\/#primaryimage"},"image":{"@id":"https:\/\/jupitermachinerie.ca\/produits\/produit\/positionneur-de-soudure-pour-tube-p6ps-100\/#primaryimage"},"thumbnailUrl":"https:\/\/jupitermachinerie.ca\/produits\/wp-content\/uploads\/2024\/10\/P6PS-100.jpg","datePublished":"2024-10-25T12:01:10+00:00","dateModified":"2024-10-25T12:04:04+00:00","breadcrumb":{"@id":"https:\/\/jupitermachinerie.ca\/produits\/produit\/positionneur-de-soudure-pour-tube-p6ps-100\/#breadcrumb"},"inLanguage":"en-CA","potentialAction":[{"@type":"ReadAction","target":["https:\/\/jupitermachinerie.ca\/produits\/produit\/positionneur-de-soudure-pour-tube-p6ps-100\/"]}]},{"@type":"ImageObject","inLanguage":"en-CA","@id":"https:\/\/jupitermachinerie.ca\/produits\/produit\/positionneur-de-soudure-pour-tube-p6ps-100\/#primaryimage","url":"https:\/\/jupitermachinerie.ca\/produits\/wp-content\/uploads\/2024\/10\/P6PS-100.jpg","contentUrl":"https:\/\/jupitermachinerie.ca\/produits\/wp-content\/uploads\/2024\/10\/P6PS-100.jpg","width":1200,"height":1200},{"@type":"BreadcrumbList","@id":"https:\/\/jupitermachinerie.ca\/produits\/produit\/positionneur-de-soudure-pour-tube-p6ps-100\/#breadcrumb","itemListElement":[{"@type":"ListItem","position":1,"name":"Accueil","item":"https:\/\/jupitermachinerie.ca\/produits\/"},{"@type":"ListItem","position":2,"name":"Boutique","item":"https:\/\/jupitermachinerie.ca\/produits\/boutique\/"},{"@type":"ListItem","position":3,"name":"Positionneur de soudure pour tube P6PS-100"}]},{"@type":"WebSite","@id":"https:\/\/jupitermachinerie.ca\/produits\/#website","url":"https:\/\/jupitermachinerie.ca\/produits\/","name":"Jupiter machinery","description":"","publisher":{"@id":"https:\/\/jupitermachinerie.ca\/produits\/#organization"},"potentialAction":[{"@type":"SearchAction","target":{"@type":"EntryPoint","urlTemplate":"https:\/\/jupitermachinerie.ca\/produits\/?s={search_term_string}"},"query-input":{"@type":"PropertyValueSpecification","valueRequired":true,"valueName":"search_term_string"}}],"inLanguage":"en-CA"},{"@type":"Organization","@id":"https:\/\/jupitermachinerie.ca\/produits\/#organization","name":"Jupiter machinery","url":"https:\/\/jupitermachinerie.ca\/produits\/","logo":{"@type":"ImageObject","inLanguage":"en-CA","@id":"https:\/\/jupitermachinerie.ca\/produits\/#\/schema\/logo\/image\/","url":"https:\/\/jupitermachinerie.ca\/produits\/wp-content\/uploads\/2026\/03\/LOGOfinal-copie1.jpg","contentUrl":"https:\/\/jupitermachinerie.ca\/produits\/wp-content\/uploads\/2026\/03\/LOGOfinal-copie1.jpg","width":602,"height":334,"caption":"Jupiter machinerie"},"image":{"@id":"https:\/\/jupitermachinerie.ca\/produits\/#\/schema\/logo\/image\/"},"sameAs":["https:\/\/www.facebook.com\/jupiter.machinerie","https:\/\/www.linkedin.com\/company\/jupitermachinerie"]}]}},"_links":{"self":[{"href":"https:\/\/jupitermachinerie.ca\/produits\/en\/wp-json\/wp\/v2\/product\/262253","targetHints":{"allow":["GET"]}}],"collection":[{"href":"https:\/\/jupitermachinerie.ca\/produits\/en\/wp-json\/wp\/v2\/product"}],"about":[{"href":"https:\/\/jupitermachinerie.ca\/produits\/en\/wp-json\/wp\/v2\/types\/product"}],"wp:featuredmedia":[{"embeddable":true,"href":"https:\/\/jupitermachinerie.ca\/produits\/en\/wp-json\/wp\/v2\/media\/262254"}],"wp:attachment":[{"href":"https:\/\/jupitermachinerie.ca\/produits\/en\/wp-json\/wp\/v2\/media?parent=262253"}],"wp:term":[{"taxonomy":"product_brand","embeddable":true,"href":"https:\/\/jupitermachinerie.ca\/produits\/en\/wp-json\/wp\/v2\/product_brand?post=262253"},{"taxonomy":"product_cat","embeddable":true,"href":"https:\/\/jupitermachinerie.ca\/produits\/en\/wp-json\/wp\/v2\/product_cat?post=262253"},{"taxonomy":"product_tag","embeddable":true,"href":"https:\/\/jupitermachinerie.ca\/produits\/en\/wp-json\/wp\/v2\/product_tag?post=262253"}],"curies":[{"name":"wp","href":"https:\/\/api.w.org\/{rel}","templated":true}]}}