{"id":262293,"date":"2024-11-26T10:00:57","date_gmt":"2024-11-26T15:00:57","guid":{"rendered":"https:\/\/jupitermachinerie.ca\/produits\/?post_type=product&#038;p=262293"},"modified":"2024-11-26T10:03:25","modified_gmt":"2024-11-26T15:03:25","slug":"lasertube-mehta-3","status":"publish","type":"product","link":"https:\/\/jupitermachinerie.ca\/produits\/en\/product\/lasertube-mehta-3\/","title":{"rendered":"Laser tube Mehta 9m (30\u2032) 3KW"},"content":{"rendered":"<p><strong>MEHTA <\/strong><strong>GLORIA-TX-L9-CB-3000w<\/strong><\/p>\n<p>Mehta's tube laser cutting system offering a capacity of 3KW and a length of 30 feet will allow you to improve the performance of your production while offering exceptional quality. Offering a basic 20mm \u2013 220mm chuck, it is also possible to have the option of 20mm \u2013 300mm on your work requires it.<\/p>\n<p>&nbsp;<\/p>\n<p>Equipped with a Precitec cutting head, a Raycus digital resonator, a Mehta circulation cooler and a Donaldson dust collector. The TubePro software included in your new acquisition will allow you to easily operate it thanks to one of the most intuitive interfaces on the market. The construction has been completely redesigned for the Canadian market to offer superior durability with servo motors using Ethercat technology.<\/p>\n<p>&nbsp;<\/p>\n<table width=\"746\">\n<tbody>\n<tr>\n<td width=\"373\">Model<\/td>\n<td width=\"373\">GLORIA-TX-L9-CB-3000<\/td>\n<\/tr>\n<tr>\n<td width=\"373\">Description<\/td>\n<td width=\"373\">Closed laser tube cutting machine<\/td>\n<\/tr>\n<tr>\n<td width=\"373\">Work area dimensions<\/td>\n<td width=\"373\">20mm-220mm x 9m (0.79\u2019\u2019 \u2013 8.6\u2019\u2019 x 30\u2019)<\/td>\n<\/tr>\n<tr>\n<td width=\"373\">Laser source<\/td>\n<td width=\"373\">3 000 Watts<\/td>\n<\/tr>\n<tr>\n<td width=\"373\">Laser type<\/td>\n<td width=\"373\">Laser \u00e0 fibre RAYCUS<\/td>\n<\/tr>\n<tr>\n<td width=\"373\">Laser wavelength<\/td>\n<td width=\"373\">1080 nm<\/td>\n<\/tr>\n<tr>\n<td width=\"373\">Cutting head<\/td>\n<td width=\"373\">PRECITEC<\/td>\n<\/tr>\n<tr>\n<td width=\"373\">Maximum cutting speed<\/td>\n<td width=\"373\">80 meters\/minute<\/td>\n<\/tr>\n<tr>\n<td width=\"373\">Maximum travel speed<\/td>\n<td width=\"373\">140 m\u00e8tres\/minute<\/td>\n<\/tr>\n<tr>\n<td width=\"373\">Positioning accuracy<\/td>\n<td width=\"373\">&lt;\u00b1 0.04 mm<\/td>\n<\/tr>\n<tr>\n<td width=\"373\">Minimum line width<\/td>\n<td width=\"373\">&lt; 0.12 mm<\/td>\n<\/tr>\n<tr>\n<td width=\"373\">Cooling system<\/td>\n<td width=\"373\">Water cooling<\/td>\n<\/tr>\n<tr>\n<td width=\"373\">Training and control<\/td>\n<td width=\"373\">PANASONIC AC servo motor<\/td>\n<\/tr>\n<tr>\n<td width=\"373\">Working voltage<\/td>\n<td width=\"373\">380 VAC<\/td>\n<\/tr>\n<tr>\n<td width=\"373\">Weight<\/td>\n<td width=\"373\">\u00b1 5\u00a0000 kg (40k lbs.)<\/td>\n<\/tr>\n<tr>\n<td width=\"373\">Transmission<\/td>\n<td width=\"373\">Z axis with ball screw. X-Y axis square rail<\/td>\n<\/tr>\n<tr>\n<td width=\"373\">Controller<\/td>\n<td width=\"373\">TUBEPRO<\/td>\n<\/tr>\n<tr>\n<td width=\"373\">Smoke extractor<\/td>\n<td width=\"373\">DONALDSON<\/td>\n<\/tr>\n<\/tbody>\n<\/table>","protected":false},"excerpt":{"rendered":"<p>Tube laser cutting has never been so easy and affordable!<\/p>","protected":false},"featured_media":261725,"template":"","meta":[],"product_brand":[],"product_cat":[74],"product_tag":[120],"class_list":{"0":"post-262293","1":"product","2":"type-product","3":"status-publish","4":"has-post-thumbnail","6":"product_cat-systemes-de-decoupe-laser-a-fibre","7":"product_tag-mehta-laser","9":"first","10":"onbackorder","11":"shipping-taxable","12":"purchasable","13":"product-type-simple"},"yoast_head":"<!-- This site is optimized with the Yoast SEO Premium plugin v27.1 (Yoast SEO v27.4) - https:\/\/yoast.com\/product\/yoast-seo-premium-wordpress\/ -->\n<title>Laser tube Mehta 9m (30&#039;) 3KW - Jupiter machinerie<\/title>\n<meta name=\"robots\" content=\"index, follow, max-snippet:-1, max-image-preview:large, max-video-preview:-1\" \/>\n<link rel=\"canonical\" href=\"https:\/\/jupitermachinerie.ca\/produits\/en\/product\/lasertube-mehta-3\/\" \/>\n<meta property=\"og:locale\" content=\"en_US\" \/>\n<meta property=\"og:type\" content=\"article\" \/>\n<meta property=\"og:title\" content=\"Laser tube Mehta 9m (30&#039;) 3KW\" \/>\n<meta property=\"og:description\" content=\"La d\u00e9coupe laser tube n&#039;a jamais \u00e9t\u00e9 aussi facile et abordable !\" \/>\n<meta property=\"og:url\" content=\"https:\/\/jupitermachinerie.ca\/produits\/en\/product\/lasertube-mehta-3\/\" \/>\n<meta property=\"og:site_name\" content=\"Jupiter machinerie\" \/>\n<meta property=\"article:publisher\" content=\"https:\/\/www.facebook.com\/jupiter.machinerie\" \/>\n<meta property=\"article:modified_time\" content=\"2024-11-26T15:03:25+00:00\" \/>\n<meta property=\"og:image\" content=\"https:\/\/jupitermachinerie.ca\/produits\/wp-content\/uploads\/2024\/03\/mehta-tube-4.png\" \/>\n\t<meta property=\"og:image:width\" content=\"600\" \/>\n\t<meta property=\"og:image:height\" content=\"600\" \/>\n\t<meta property=\"og:image:type\" content=\"image\/png\" \/>\n<meta name=\"twitter:card\" content=\"summary_large_image\" \/>\n<script type=\"application\/ld+json\" class=\"yoast-schema-graph\">{\"@context\":\"https:\\\/\\\/schema.org\",\"@graph\":[{\"@type\":\"WebPage\",\"@id\":\"https:\\\/\\\/jupitermachinerie.ca\\\/produits\\\/produit\\\/laser-tube-mehta-9m-30-3kw\\\/\",\"url\":\"https:\\\/\\\/jupitermachinerie.ca\\\/produits\\\/produit\\\/laser-tube-mehta-9m-30-3kw\\\/\",\"name\":\"Laser tube Mehta 9m (30') 3KW - Jupiter machinerie\",\"isPartOf\":{\"@id\":\"https:\\\/\\\/jupitermachinerie.ca\\\/produits\\\/#website\"},\"primaryImageOfPage\":{\"@id\":\"https:\\\/\\\/jupitermachinerie.ca\\\/produits\\\/produit\\\/laser-tube-mehta-9m-30-3kw\\\/#primaryimage\"},\"image\":{\"@id\":\"https:\\\/\\\/jupitermachinerie.ca\\\/produits\\\/produit\\\/laser-tube-mehta-9m-30-3kw\\\/#primaryimage\"},\"thumbnailUrl\":\"https:\\\/\\\/jupitermachinerie.ca\\\/produits\\\/wp-content\\\/uploads\\\/2024\\\/03\\\/mehta-tube-4.png\",\"datePublished\":\"2024-11-26T15:00:57+00:00\",\"dateModified\":\"2024-11-26T15:03:25+00:00\",\"breadcrumb\":{\"@id\":\"https:\\\/\\\/jupitermachinerie.ca\\\/produits\\\/produit\\\/laser-tube-mehta-9m-30-3kw\\\/#breadcrumb\"},\"inLanguage\":\"en-CA\",\"potentialAction\":[{\"@type\":\"ReadAction\",\"target\":[\"https:\\\/\\\/jupitermachinerie.ca\\\/produits\\\/produit\\\/laser-tube-mehta-9m-30-3kw\\\/\"]}]},{\"@type\":\"ImageObject\",\"inLanguage\":\"en-CA\",\"@id\":\"https:\\\/\\\/jupitermachinerie.ca\\\/produits\\\/produit\\\/laser-tube-mehta-9m-30-3kw\\\/#primaryimage\",\"url\":\"https:\\\/\\\/jupitermachinerie.ca\\\/produits\\\/wp-content\\\/uploads\\\/2024\\\/03\\\/mehta-tube-4.png\",\"contentUrl\":\"https:\\\/\\\/jupitermachinerie.ca\\\/produits\\\/wp-content\\\/uploads\\\/2024\\\/03\\\/mehta-tube-4.png\",\"width\":600,\"height\":600,\"caption\":\"Lasertube Mehta\"},{\"@type\":\"BreadcrumbList\",\"@id\":\"https:\\\/\\\/jupitermachinerie.ca\\\/produits\\\/produit\\\/laser-tube-mehta-9m-30-3kw\\\/#breadcrumb\",\"itemListElement\":[{\"@type\":\"ListItem\",\"position\":1,\"name\":\"Accueil\",\"item\":\"https:\\\/\\\/jupitermachinerie.ca\\\/produits\\\/\"},{\"@type\":\"ListItem\",\"position\":2,\"name\":\"Boutique\",\"item\":\"https:\\\/\\\/jupitermachinerie.ca\\\/produits\\\/boutique\\\/\"},{\"@type\":\"ListItem\",\"position\":3,\"name\":\"Laser tube Mehta 9m (30&prime;) 3KW\"}]},{\"@type\":\"WebSite\",\"@id\":\"https:\\\/\\\/jupitermachinerie.ca\\\/produits\\\/#website\",\"url\":\"https:\\\/\\\/jupitermachinerie.ca\\\/produits\\\/\",\"name\":\"Jupiter machinerie\",\"description\":\"\",\"publisher\":{\"@id\":\"https:\\\/\\\/jupitermachinerie.ca\\\/produits\\\/#organization\"},\"potentialAction\":[{\"@type\":\"SearchAction\",\"target\":{\"@type\":\"EntryPoint\",\"urlTemplate\":\"https:\\\/\\\/jupitermachinerie.ca\\\/produits\\\/?s={search_term_string}\"},\"query-input\":{\"@type\":\"PropertyValueSpecification\",\"valueRequired\":true,\"valueName\":\"search_term_string\"}}],\"inLanguage\":\"en-CA\"},{\"@type\":\"Organization\",\"@id\":\"https:\\\/\\\/jupitermachinerie.ca\\\/produits\\\/#organization\",\"name\":\"Jupiter machinerie\",\"url\":\"https:\\\/\\\/jupitermachinerie.ca\\\/produits\\\/\",\"logo\":{\"@type\":\"ImageObject\",\"inLanguage\":\"en-CA\",\"@id\":\"https:\\\/\\\/jupitermachinerie.ca\\\/produits\\\/#\\\/schema\\\/logo\\\/image\\\/\",\"url\":\"https:\\\/\\\/jupitermachinerie.ca\\\/produits\\\/wp-content\\\/uploads\\\/2026\\\/03\\\/LOGOfinal-copie1.jpg\",\"contentUrl\":\"https:\\\/\\\/jupitermachinerie.ca\\\/produits\\\/wp-content\\\/uploads\\\/2026\\\/03\\\/LOGOfinal-copie1.jpg\",\"width\":602,\"height\":334,\"caption\":\"Jupiter machinerie\"},\"image\":{\"@id\":\"https:\\\/\\\/jupitermachinerie.ca\\\/produits\\\/#\\\/schema\\\/logo\\\/image\\\/\"},\"sameAs\":[\"https:\\\/\\\/www.facebook.com\\\/jupiter.machinerie\",\"https:\\\/\\\/www.linkedin.com\\\/company\\\/jupitermachinerie\"]}]}<\/script>\n<!-- \/ Yoast SEO Premium plugin. -->","yoast_head_json":{"title":"Laser tube Mehta 9m (30') 3KW - Jupiter machinerie","robots":{"index":"index","follow":"follow","max-snippet":"max-snippet:-1","max-image-preview":"max-image-preview:large","max-video-preview":"max-video-preview:-1"},"canonical":"https:\/\/jupitermachinerie.ca\/produits\/en\/product\/lasertube-mehta-3\/","og_locale":"en_US","og_type":"article","og_title":"Laser tube Mehta 9m (30') 3KW","og_description":"La d\u00e9coupe laser tube n'a jamais \u00e9t\u00e9 aussi facile et abordable !","og_url":"https:\/\/jupitermachinerie.ca\/produits\/en\/product\/lasertube-mehta-3\/","og_site_name":"Jupiter machinerie","article_publisher":"https:\/\/www.facebook.com\/jupiter.machinerie","article_modified_time":"2024-11-26T15:03:25+00:00","og_image":[{"width":600,"height":600,"url":"https:\/\/jupitermachinerie.ca\/produits\/wp-content\/uploads\/2024\/03\/mehta-tube-4.png","type":"image\/png"}],"twitter_card":"summary_large_image","schema":{"@context":"https:\/\/schema.org","@graph":[{"@type":"WebPage","@id":"https:\/\/jupitermachinerie.ca\/produits\/produit\/laser-tube-mehta-9m-30-3kw\/","url":"https:\/\/jupitermachinerie.ca\/produits\/produit\/laser-tube-mehta-9m-30-3kw\/","name":"Laser tube Mehta 9m (30') 3KW - Jupiter machinerie","isPartOf":{"@id":"https:\/\/jupitermachinerie.ca\/produits\/#website"},"primaryImageOfPage":{"@id":"https:\/\/jupitermachinerie.ca\/produits\/produit\/laser-tube-mehta-9m-30-3kw\/#primaryimage"},"image":{"@id":"https:\/\/jupitermachinerie.ca\/produits\/produit\/laser-tube-mehta-9m-30-3kw\/#primaryimage"},"thumbnailUrl":"https:\/\/jupitermachinerie.ca\/produits\/wp-content\/uploads\/2024\/03\/mehta-tube-4.png","datePublished":"2024-11-26T15:00:57+00:00","dateModified":"2024-11-26T15:03:25+00:00","breadcrumb":{"@id":"https:\/\/jupitermachinerie.ca\/produits\/produit\/laser-tube-mehta-9m-30-3kw\/#breadcrumb"},"inLanguage":"en-CA","potentialAction":[{"@type":"ReadAction","target":["https:\/\/jupitermachinerie.ca\/produits\/produit\/laser-tube-mehta-9m-30-3kw\/"]}]},{"@type":"ImageObject","inLanguage":"en-CA","@id":"https:\/\/jupitermachinerie.ca\/produits\/produit\/laser-tube-mehta-9m-30-3kw\/#primaryimage","url":"https:\/\/jupitermachinerie.ca\/produits\/wp-content\/uploads\/2024\/03\/mehta-tube-4.png","contentUrl":"https:\/\/jupitermachinerie.ca\/produits\/wp-content\/uploads\/2024\/03\/mehta-tube-4.png","width":600,"height":600,"caption":"Lasertube Mehta"},{"@type":"BreadcrumbList","@id":"https:\/\/jupitermachinerie.ca\/produits\/produit\/laser-tube-mehta-9m-30-3kw\/#breadcrumb","itemListElement":[{"@type":"ListItem","position":1,"name":"Accueil","item":"https:\/\/jupitermachinerie.ca\/produits\/"},{"@type":"ListItem","position":2,"name":"Boutique","item":"https:\/\/jupitermachinerie.ca\/produits\/boutique\/"},{"@type":"ListItem","position":3,"name":"Laser tube Mehta 9m (30&prime;) 3KW"}]},{"@type":"WebSite","@id":"https:\/\/jupitermachinerie.ca\/produits\/#website","url":"https:\/\/jupitermachinerie.ca\/produits\/","name":"Jupiter machinery","description":"","publisher":{"@id":"https:\/\/jupitermachinerie.ca\/produits\/#organization"},"potentialAction":[{"@type":"SearchAction","target":{"@type":"EntryPoint","urlTemplate":"https:\/\/jupitermachinerie.ca\/produits\/?s={search_term_string}"},"query-input":{"@type":"PropertyValueSpecification","valueRequired":true,"valueName":"search_term_string"}}],"inLanguage":"en-CA"},{"@type":"Organization","@id":"https:\/\/jupitermachinerie.ca\/produits\/#organization","name":"Jupiter machinery","url":"https:\/\/jupitermachinerie.ca\/produits\/","logo":{"@type":"ImageObject","inLanguage":"en-CA","@id":"https:\/\/jupitermachinerie.ca\/produits\/#\/schema\/logo\/image\/","url":"https:\/\/jupitermachinerie.ca\/produits\/wp-content\/uploads\/2026\/03\/LOGOfinal-copie1.jpg","contentUrl":"https:\/\/jupitermachinerie.ca\/produits\/wp-content\/uploads\/2026\/03\/LOGOfinal-copie1.jpg","width":602,"height":334,"caption":"Jupiter machinerie"},"image":{"@id":"https:\/\/jupitermachinerie.ca\/produits\/#\/schema\/logo\/image\/"},"sameAs":["https:\/\/www.facebook.com\/jupiter.machinerie","https:\/\/www.linkedin.com\/company\/jupitermachinerie"]}]}},"_links":{"self":[{"href":"https:\/\/jupitermachinerie.ca\/produits\/en\/wp-json\/wp\/v2\/product\/262293","targetHints":{"allow":["GET"]}}],"collection":[{"href":"https:\/\/jupitermachinerie.ca\/produits\/en\/wp-json\/wp\/v2\/product"}],"about":[{"href":"https:\/\/jupitermachinerie.ca\/produits\/en\/wp-json\/wp\/v2\/types\/product"}],"wp:featuredmedia":[{"embeddable":true,"href":"https:\/\/jupitermachinerie.ca\/produits\/en\/wp-json\/wp\/v2\/media\/261725"}],"wp:attachment":[{"href":"https:\/\/jupitermachinerie.ca\/produits\/en\/wp-json\/wp\/v2\/media?parent=262293"}],"wp:term":[{"taxonomy":"product_brand","embeddable":true,"href":"https:\/\/jupitermachinerie.ca\/produits\/en\/wp-json\/wp\/v2\/product_brand?post=262293"},{"taxonomy":"product_cat","embeddable":true,"href":"https:\/\/jupitermachinerie.ca\/produits\/en\/wp-json\/wp\/v2\/product_cat?post=262293"},{"taxonomy":"product_tag","embeddable":true,"href":"https:\/\/jupitermachinerie.ca\/produits\/en\/wp-json\/wp\/v2\/product_tag?post=262293"}],"curies":[{"name":"wp","href":"https:\/\/api.w.org\/{rel}","templated":true}]}}