{"id":262408,"date":"2025-03-26T07:30:02","date_gmt":"2025-03-26T11:30:02","guid":{"rendered":"https:\/\/jupitermachinerie.ca\/produits\/?post_type=product&#038;p=262408"},"modified":"2025-03-26T07:30:42","modified_gmt":"2025-03-26T11:30:42","slug":"perceuses-industrielles-erlo-serie-s","status":"publish","type":"product","link":"https:\/\/jupitermachinerie.ca\/produits\/en\/product\/perceuses-industrielles-erlo-serie-s\/","title":{"rendered":"Perceuses Industrielles Erlo S\u00e9rie S"},"content":{"rendered":"<p>La s\u00e9rie S de perceuses industrielles par Erlo fait partie de la gamme de machine de production pour montage sur \u00e9tabli.<\/p>\n<p>Disponible en version 18mm &#8211; 25mm et 30mm<\/p>\n<p>&nbsp;<\/p>\n<h3>S\u00e9rie S<\/h3>\n<h4>Perceuse de table\u00a0 &#8211; Avance manuelle<\/h4>\n<ul>\n<li>Avance manuelle<\/li>\n<li>Transmission courroies<\/li>\n<li>Diam\u00e8tre de colonne: 100 mm<\/li>\n<li>Distance de la broche \u00e0 la colonne: 250 mm<\/li>\n<li>Table fixe, t\u00eate d\u00e9pla\u00e7able et rotative<\/li>\n<li>Capacit\u00e9 de per\u00e7age: \u2300 18-25-30 mm<\/li>\n<li>Capacit\u00e9 de taraudage: M 14-18-25<\/li>\n<li>C\u00f4ne broche: CM 3<\/li>\n<li>Puissance de moteur: 0.68\/1.4 | 0.95\/1.8 | 1.2\/2 CV<\/li>\n<li>Nombre et gamme de vitesses: (10) 245-4000 t\/min.<\/li>\n<li>Profondeur de per\u00e7age: 120 mm<\/li>\n<li>Poids: 200 kg<\/li>\n<li>Mesures: 630x490x950 mm<\/li>\n<li>\u00c9quipement de refroidissement: Optionnel<\/li>\n<li><\/li>\n<\/ul>\n<table class=\"pictogramas tablestack stacktable large-only\">\n<tbody>\n<tr>\n<td><\/td>\n<td><img decoding=\"async\" src=\"https:\/\/www.erlogroup.com\/temas\/bootstrap\/imagenes\/pictogramas\/capacidad_taladrado.png\" alt=\"Capacit\u00e9 de per\u00e7age\" \/><\/td>\n<td><img decoding=\"async\" src=\"https:\/\/www.erlogroup.com\/temas\/bootstrap\/imagenes\/pictogramas\/capacidad_roscado.png\" alt=\"Capacit\u00e9 de taraudage\" \/><\/td>\n<td><img decoding=\"async\" src=\"https:\/\/www.erlogroup.com\/temas\/bootstrap\/imagenes\/pictogramas\/potencia_motor.png\" alt=\"Puissance de moteur\" \/><\/td>\n<td><img decoding=\"async\" src=\"https:\/\/www.erlogroup.com\/temas\/bootstrap\/imagenes\/pictogramas\/cono_morse.png\" alt=\"C\u00f4ne broche\" \/><\/td>\n<td><img decoding=\"async\" src=\"https:\/\/www.erlogroup.com\/temas\/bootstrap\/imagenes\/pictogramas\/profundidad_taladrado.png\" alt=\"Profondeur de per\u00e7age\" \/><\/td>\n<td><img decoding=\"async\" src=\"https:\/\/www.erlogroup.com\/temas\/bootstrap\/imagenes\/pictogramas\/diametro_columna.png\" alt=\"Diam\u00e8tre de colonne\" \/><\/td>\n<td><img decoding=\"async\" src=\"https:\/\/www.erlogroup.com\/temas\/bootstrap\/imagenes\/pictogramas\/distancia_husillo_columna.png\" alt=\"Distance de la broche \u00e0 la colonne\" \/><\/td>\n<\/tr>\n<tr>\n<td><\/td>\n<td>\u2300 18 mm<br \/>\n\u2300 25 mm<br \/>\n\u2300 30 mm<\/td>\n<td>M 14<br \/>\nM 18<br \/>\nM 25<\/td>\n<td>0.68\/1.4 CV<br \/>\n0.95\/1.8 CV<br \/>\n1.2\/2 CV<\/td>\n<td>CM 3<\/td>\n<td>120 mm<\/td>\n<td>100 mm<\/td>\n<td>250 mm<\/td>\n<\/tr>\n<\/tbody>\n<\/table>\n<p>&nbsp;<\/p>\n<p><a href=\"https:\/\/jupitermachinerie.ca\/produits\/wp-content\/uploads\/2025\/03\/erlo-taladros-roscadoras-fresadoras-sobremesa-serie-S-SVfr.pdf\" target=\"_blank\" rel=\"noopener\">DATA SHEET<\/a><\/p>","protected":false},"excerpt":{"rendered":"<p>La s\u00e9rie S de perceuses industrielles par Erlo fait partie [&hellip;]<\/p>","protected":false},"featured_media":262410,"template":"","meta":[],"product_brand":[],"product_cat":[43],"product_tag":[],"class_list":{"0":"post-262408","1":"product","2":"type-product","3":"status-publish","4":"has-post-thumbnail","6":"product_cat-perceuses-a-colonne","8":"first","9":"instock","10":"shipping-taxable","11":"product-type-simple"},"yoast_head":"<!-- This site is optimized with the Yoast SEO Premium plugin v27.1 (Yoast SEO v27.4) - https:\/\/yoast.com\/product\/yoast-seo-premium-wordpress\/ -->\n<title>Perceuses Industrielles Erlo S\u00e9rie S - Jupiter machinerie<\/title>\n<meta name=\"robots\" content=\"index, follow, max-snippet:-1, max-image-preview:large, max-video-preview:-1\" \/>\n<link rel=\"canonical\" href=\"https:\/\/jupitermachinerie.ca\/produits\/en\/product\/perceuses-industrielles-erlo-serie-s\/\" \/>\n<meta property=\"og:locale\" content=\"en_US\" \/>\n<meta property=\"og:type\" content=\"article\" \/>\n<meta property=\"og:title\" content=\"Perceuses Industrielles Erlo S\u00e9rie S\" \/>\n<meta property=\"og:description\" content=\"La s\u00e9rie S de perceuses industrielles par Erlo fait partie [&hellip;]\" \/>\n<meta property=\"og:url\" content=\"https:\/\/jupitermachinerie.ca\/produits\/en\/product\/perceuses-industrielles-erlo-serie-s\/\" \/>\n<meta property=\"og:site_name\" content=\"Jupiter machinerie\" \/>\n<meta property=\"article:publisher\" content=\"https:\/\/www.facebook.com\/jupiter.machinerie\" \/>\n<meta property=\"article:modified_time\" content=\"2025-03-26T11:30:42+00:00\" \/>\n<meta property=\"og:image\" content=\"https:\/\/jupitermachinerie.ca\/produits\/wp-content\/uploads\/2025\/03\/01-Main-picture-1024x683.png\" \/>\n\t<meta property=\"og:image:width\" content=\"1024\" \/>\n\t<meta property=\"og:image:height\" content=\"683\" \/>\n\t<meta property=\"og:image:type\" content=\"image\/png\" \/>\n<meta name=\"twitter:card\" content=\"summary_large_image\" \/>\n<meta name=\"twitter:label1\" content=\"Est. reading time\" \/>\n\t<meta name=\"twitter:data1\" content=\"3 minutes\" \/>\n<script type=\"application\/ld+json\" class=\"yoast-schema-graph\">{\"@context\":\"https:\\\/\\\/schema.org\",\"@graph\":[{\"@type\":\"WebPage\",\"@id\":\"https:\\\/\\\/jupitermachinerie.ca\\\/produits\\\/produit\\\/perceuses-industrielles-erlo-serie-s\\\/\",\"url\":\"https:\\\/\\\/jupitermachinerie.ca\\\/produits\\\/produit\\\/perceuses-industrielles-erlo-serie-s\\\/\",\"name\":\"Perceuses Industrielles Erlo S\u00e9rie S - Jupiter machinerie\",\"isPartOf\":{\"@id\":\"https:\\\/\\\/jupitermachinerie.ca\\\/produits\\\/#website\"},\"primaryImageOfPage\":{\"@id\":\"https:\\\/\\\/jupitermachinerie.ca\\\/produits\\\/produit\\\/perceuses-industrielles-erlo-serie-s\\\/#primaryimage\"},\"image\":{\"@id\":\"https:\\\/\\\/jupitermachinerie.ca\\\/produits\\\/produit\\\/perceuses-industrielles-erlo-serie-s\\\/#primaryimage\"},\"thumbnailUrl\":\"https:\\\/\\\/jupitermachinerie.ca\\\/produits\\\/wp-content\\\/uploads\\\/2025\\\/03\\\/01-Main-picture.png\",\"datePublished\":\"2025-03-26T11:30:02+00:00\",\"dateModified\":\"2025-03-26T11:30:42+00:00\",\"breadcrumb\":{\"@id\":\"https:\\\/\\\/jupitermachinerie.ca\\\/produits\\\/produit\\\/perceuses-industrielles-erlo-serie-s\\\/#breadcrumb\"},\"inLanguage\":\"en-CA\",\"potentialAction\":[{\"@type\":\"ReadAction\",\"target\":[\"https:\\\/\\\/jupitermachinerie.ca\\\/produits\\\/produit\\\/perceuses-industrielles-erlo-serie-s\\\/\"]}]},{\"@type\":\"ImageObject\",\"inLanguage\":\"en-CA\",\"@id\":\"https:\\\/\\\/jupitermachinerie.ca\\\/produits\\\/produit\\\/perceuses-industrielles-erlo-serie-s\\\/#primaryimage\",\"url\":\"https:\\\/\\\/jupitermachinerie.ca\\\/produits\\\/wp-content\\\/uploads\\\/2025\\\/03\\\/01-Main-picture.png\",\"contentUrl\":\"https:\\\/\\\/jupitermachinerie.ca\\\/produits\\\/wp-content\\\/uploads\\\/2025\\\/03\\\/01-Main-picture.png\",\"width\":5760,\"height\":3841},{\"@type\":\"BreadcrumbList\",\"@id\":\"https:\\\/\\\/jupitermachinerie.ca\\\/produits\\\/produit\\\/perceuses-industrielles-erlo-serie-s\\\/#breadcrumb\",\"itemListElement\":[{\"@type\":\"ListItem\",\"position\":1,\"name\":\"Accueil\",\"item\":\"https:\\\/\\\/jupitermachinerie.ca\\\/produits\\\/\"},{\"@type\":\"ListItem\",\"position\":2,\"name\":\"Boutique\",\"item\":\"https:\\\/\\\/jupitermachinerie.ca\\\/produits\\\/boutique\\\/\"},{\"@type\":\"ListItem\",\"position\":3,\"name\":\"Perceuses Industrielles Erlo S\u00e9rie S\"}]},{\"@type\":\"WebSite\",\"@id\":\"https:\\\/\\\/jupitermachinerie.ca\\\/produits\\\/#website\",\"url\":\"https:\\\/\\\/jupitermachinerie.ca\\\/produits\\\/\",\"name\":\"Jupiter machinerie\",\"description\":\"\",\"publisher\":{\"@id\":\"https:\\\/\\\/jupitermachinerie.ca\\\/produits\\\/#organization\"},\"potentialAction\":[{\"@type\":\"SearchAction\",\"target\":{\"@type\":\"EntryPoint\",\"urlTemplate\":\"https:\\\/\\\/jupitermachinerie.ca\\\/produits\\\/?s={search_term_string}\"},\"query-input\":{\"@type\":\"PropertyValueSpecification\",\"valueRequired\":true,\"valueName\":\"search_term_string\"}}],\"inLanguage\":\"en-CA\"},{\"@type\":\"Organization\",\"@id\":\"https:\\\/\\\/jupitermachinerie.ca\\\/produits\\\/#organization\",\"name\":\"Jupiter machinerie\",\"url\":\"https:\\\/\\\/jupitermachinerie.ca\\\/produits\\\/\",\"logo\":{\"@type\":\"ImageObject\",\"inLanguage\":\"en-CA\",\"@id\":\"https:\\\/\\\/jupitermachinerie.ca\\\/produits\\\/#\\\/schema\\\/logo\\\/image\\\/\",\"url\":\"https:\\\/\\\/jupitermachinerie.ca\\\/produits\\\/wp-content\\\/uploads\\\/2026\\\/03\\\/LOGOfinal-copie1.jpg\",\"contentUrl\":\"https:\\\/\\\/jupitermachinerie.ca\\\/produits\\\/wp-content\\\/uploads\\\/2026\\\/03\\\/LOGOfinal-copie1.jpg\",\"width\":602,\"height\":334,\"caption\":\"Jupiter machinerie\"},\"image\":{\"@id\":\"https:\\\/\\\/jupitermachinerie.ca\\\/produits\\\/#\\\/schema\\\/logo\\\/image\\\/\"},\"sameAs\":[\"https:\\\/\\\/www.facebook.com\\\/jupiter.machinerie\",\"https:\\\/\\\/www.linkedin.com\\\/company\\\/jupitermachinerie\"]}]}<\/script>\n<!-- \/ Yoast SEO Premium plugin. -->","yoast_head_json":{"title":"Perceuses Industrielles Erlo S\u00e9rie S - Jupiter machinerie","robots":{"index":"index","follow":"follow","max-snippet":"max-snippet:-1","max-image-preview":"max-image-preview:large","max-video-preview":"max-video-preview:-1"},"canonical":"https:\/\/jupitermachinerie.ca\/produits\/en\/product\/perceuses-industrielles-erlo-serie-s\/","og_locale":"en_US","og_type":"article","og_title":"Perceuses Industrielles Erlo S\u00e9rie S","og_description":"La s\u00e9rie S de perceuses industrielles par Erlo fait partie [&hellip;]","og_url":"https:\/\/jupitermachinerie.ca\/produits\/en\/product\/perceuses-industrielles-erlo-serie-s\/","og_site_name":"Jupiter machinerie","article_publisher":"https:\/\/www.facebook.com\/jupiter.machinerie","article_modified_time":"2025-03-26T11:30:42+00:00","og_image":[{"width":1024,"height":683,"url":"https:\/\/jupitermachinerie.ca\/produits\/wp-content\/uploads\/2025\/03\/01-Main-picture-1024x683.png","type":"image\/png"}],"twitter_card":"summary_large_image","twitter_misc":{"Est. reading time":"3 minutes"},"schema":{"@context":"https:\/\/schema.org","@graph":[{"@type":"WebPage","@id":"https:\/\/jupitermachinerie.ca\/produits\/produit\/perceuses-industrielles-erlo-serie-s\/","url":"https:\/\/jupitermachinerie.ca\/produits\/produit\/perceuses-industrielles-erlo-serie-s\/","name":"Perceuses Industrielles Erlo S\u00e9rie S - Jupiter machinerie","isPartOf":{"@id":"https:\/\/jupitermachinerie.ca\/produits\/#website"},"primaryImageOfPage":{"@id":"https:\/\/jupitermachinerie.ca\/produits\/produit\/perceuses-industrielles-erlo-serie-s\/#primaryimage"},"image":{"@id":"https:\/\/jupitermachinerie.ca\/produits\/produit\/perceuses-industrielles-erlo-serie-s\/#primaryimage"},"thumbnailUrl":"https:\/\/jupitermachinerie.ca\/produits\/wp-content\/uploads\/2025\/03\/01-Main-picture.png","datePublished":"2025-03-26T11:30:02+00:00","dateModified":"2025-03-26T11:30:42+00:00","breadcrumb":{"@id":"https:\/\/jupitermachinerie.ca\/produits\/produit\/perceuses-industrielles-erlo-serie-s\/#breadcrumb"},"inLanguage":"en-CA","potentialAction":[{"@type":"ReadAction","target":["https:\/\/jupitermachinerie.ca\/produits\/produit\/perceuses-industrielles-erlo-serie-s\/"]}]},{"@type":"ImageObject","inLanguage":"en-CA","@id":"https:\/\/jupitermachinerie.ca\/produits\/produit\/perceuses-industrielles-erlo-serie-s\/#primaryimage","url":"https:\/\/jupitermachinerie.ca\/produits\/wp-content\/uploads\/2025\/03\/01-Main-picture.png","contentUrl":"https:\/\/jupitermachinerie.ca\/produits\/wp-content\/uploads\/2025\/03\/01-Main-picture.png","width":5760,"height":3841},{"@type":"BreadcrumbList","@id":"https:\/\/jupitermachinerie.ca\/produits\/produit\/perceuses-industrielles-erlo-serie-s\/#breadcrumb","itemListElement":[{"@type":"ListItem","position":1,"name":"Accueil","item":"https:\/\/jupitermachinerie.ca\/produits\/"},{"@type":"ListItem","position":2,"name":"Boutique","item":"https:\/\/jupitermachinerie.ca\/produits\/boutique\/"},{"@type":"ListItem","position":3,"name":"Perceuses Industrielles Erlo S\u00e9rie S"}]},{"@type":"WebSite","@id":"https:\/\/jupitermachinerie.ca\/produits\/#website","url":"https:\/\/jupitermachinerie.ca\/produits\/","name":"Jupiter machinery","description":"","publisher":{"@id":"https:\/\/jupitermachinerie.ca\/produits\/#organization"},"potentialAction":[{"@type":"SearchAction","target":{"@type":"EntryPoint","urlTemplate":"https:\/\/jupitermachinerie.ca\/produits\/?s={search_term_string}"},"query-input":{"@type":"PropertyValueSpecification","valueRequired":true,"valueName":"search_term_string"}}],"inLanguage":"en-CA"},{"@type":"Organization","@id":"https:\/\/jupitermachinerie.ca\/produits\/#organization","name":"Jupiter machinery","url":"https:\/\/jupitermachinerie.ca\/produits\/","logo":{"@type":"ImageObject","inLanguage":"en-CA","@id":"https:\/\/jupitermachinerie.ca\/produits\/#\/schema\/logo\/image\/","url":"https:\/\/jupitermachinerie.ca\/produits\/wp-content\/uploads\/2026\/03\/LOGOfinal-copie1.jpg","contentUrl":"https:\/\/jupitermachinerie.ca\/produits\/wp-content\/uploads\/2026\/03\/LOGOfinal-copie1.jpg","width":602,"height":334,"caption":"Jupiter machinerie"},"image":{"@id":"https:\/\/jupitermachinerie.ca\/produits\/#\/schema\/logo\/image\/"},"sameAs":["https:\/\/www.facebook.com\/jupiter.machinerie","https:\/\/www.linkedin.com\/company\/jupitermachinerie"]}]}},"_links":{"self":[{"href":"https:\/\/jupitermachinerie.ca\/produits\/en\/wp-json\/wp\/v2\/product\/262408","targetHints":{"allow":["GET"]}}],"collection":[{"href":"https:\/\/jupitermachinerie.ca\/produits\/en\/wp-json\/wp\/v2\/product"}],"about":[{"href":"https:\/\/jupitermachinerie.ca\/produits\/en\/wp-json\/wp\/v2\/types\/product"}],"wp:featuredmedia":[{"embeddable":true,"href":"https:\/\/jupitermachinerie.ca\/produits\/en\/wp-json\/wp\/v2\/media\/262410"}],"wp:attachment":[{"href":"https:\/\/jupitermachinerie.ca\/produits\/en\/wp-json\/wp\/v2\/media?parent=262408"}],"wp:term":[{"taxonomy":"product_brand","embeddable":true,"href":"https:\/\/jupitermachinerie.ca\/produits\/en\/wp-json\/wp\/v2\/product_brand?post=262408"},{"taxonomy":"product_cat","embeddable":true,"href":"https:\/\/jupitermachinerie.ca\/produits\/en\/wp-json\/wp\/v2\/product_cat?post=262408"},{"taxonomy":"product_tag","embeddable":true,"href":"https:\/\/jupitermachinerie.ca\/produits\/en\/wp-json\/wp\/v2\/product_tag?post=262408"}],"curies":[{"name":"wp","href":"https:\/\/api.w.org\/{rel}","templated":true}]}}