{"id":262417,"date":"2025-03-26T07:47:54","date_gmt":"2025-03-26T11:47:54","guid":{"rendered":"https:\/\/jupitermachinerie.ca\/produits\/?post_type=product&#038;p=262417"},"modified":"2025-03-26T07:50:00","modified_gmt":"2025-03-26T11:50:00","slug":"perceuses-industrielles-erlo-serie-sea","status":"publish","type":"product","link":"https:\/\/jupitermachinerie.ca\/produits\/en\/product\/perceuses-industrielles-erlo-serie-sea\/","title":{"rendered":"Perceuse de table Erlo S\u00e9rie SEA"},"content":{"rendered":"<p>La s\u00e9rie SEA de perceuses industrielles par Erlo fait partie de la gamme de machine de production pour montage sur \u00e9tabli avec une transmission par engrenages pour plus de pr\u00e9cision et une avance automatique m\u00e9canique.<\/p>\n<p>Disponible en version 25mm et 30mm<\/p>\n<p>&nbsp;<\/p>\n<h3>S\u00e9rie SEA<\/h3>\n<h4>Perceuse de table d&rsquo;avance automatique m\u00e9canique<\/h4>\n<ul>\n<li>Avance automatique m\u00e9canique<\/li>\n<li>Transmission engrenages<\/li>\n<li>Diam\u00e8tre de colonne: 100 mm<\/li>\n<li>Distance de la broche \u00e0 la colonne: 250 mm<\/li>\n<li>Table fixe, t\u00eate d\u00e9pla\u00e7able et rotative<\/li>\n<li>Capacit\u00e9 de per\u00e7age: \u2300 25-30 mm<\/li>\n<li>Capacit\u00e9 de taraudage: M 22-25<\/li>\n<li>C\u00f4ne broche: CM 3<\/li>\n<li>Avance : 0,10-0,20<\/li>\n<li>Puissance de moteur: 1.1\/1.6 | 1.5\/1.9 CV<\/li>\n<li>Vitesses variables: (8) 65 \u2013 3060 t\/min.<\/li>\n<li>Profondeur de per\u00e7age: 120 mm<\/li>\n<li>Poids: 200 kg<\/li>\n<li>Mesures: 560x380x935 mm<\/li>\n<li>\u00c9quipement de refroidissement: Optionnel<\/li>\n<\/ul>\n<p><a href=\"https:\/\/jupitermachinerie.ca\/produits\/wp-content\/uploads\/2025\/03\/erlo-taladros-roscadoras-fresadoras-sobremesa-serie-SE-SEAfr.pdf\" target=\"_blank\" rel=\"noopener\">DATA SHEET<\/a><\/p>","protected":false},"excerpt":{"rendered":"<p>La s\u00e9rie SEA de perceuses industrielles par Erlo fait partie [&hellip;]<\/p>","protected":false},"featured_media":262414,"template":"","meta":[],"product_brand":[],"product_cat":[43],"product_tag":[],"class_list":{"0":"post-262417","1":"product","2":"type-product","3":"status-publish","4":"has-post-thumbnail","6":"product_cat-perceuses-a-colonne","8":"first","9":"instock","10":"shipping-taxable","11":"product-type-simple"},"yoast_head":"<!-- This site is optimized with the Yoast SEO Premium plugin v27.1 (Yoast SEO v27.4) - https:\/\/yoast.com\/product\/yoast-seo-premium-wordpress\/ -->\n<title>Perceuse de table Erlo S\u00e9rie SEA - Jupiter machinerie<\/title>\n<meta name=\"robots\" content=\"index, follow, max-snippet:-1, max-image-preview:large, max-video-preview:-1\" \/>\n<link rel=\"canonical\" href=\"https:\/\/jupitermachinerie.ca\/produits\/en\/product\/perceuses-industrielles-erlo-serie-sea\/\" \/>\n<meta property=\"og:locale\" content=\"en_US\" \/>\n<meta property=\"og:type\" content=\"article\" \/>\n<meta property=\"og:title\" content=\"Perceuse de table Erlo S\u00e9rie SEA\" \/>\n<meta property=\"og:description\" content=\"La s\u00e9rie SEA de perceuses industrielles par Erlo fait partie [&hellip;]\" \/>\n<meta property=\"og:url\" content=\"https:\/\/jupitermachinerie.ca\/produits\/en\/product\/perceuses-industrielles-erlo-serie-sea\/\" \/>\n<meta property=\"og:site_name\" content=\"Jupiter machinerie\" \/>\n<meta property=\"article:publisher\" content=\"https:\/\/www.facebook.com\/jupiter.machinerie\" \/>\n<meta property=\"article:modified_time\" content=\"2025-03-26T11:50:00+00:00\" \/>\n<meta property=\"og:image\" content=\"https:\/\/jupitermachinerie.ca\/produits\/wp-content\/uploads\/2025\/03\/01-main-picture-1-683x1024.png\" \/>\n\t<meta property=\"og:image:width\" content=\"683\" \/>\n\t<meta property=\"og:image:height\" content=\"1024\" \/>\n\t<meta property=\"og:image:type\" content=\"image\/png\" \/>\n<meta name=\"twitter:card\" content=\"summary_large_image\" \/>\n<meta name=\"twitter:label1\" content=\"Est. reading time\" \/>\n\t<meta name=\"twitter:data1\" content=\"1 minute\" \/>\n<script type=\"application\/ld+json\" class=\"yoast-schema-graph\">{\"@context\":\"https:\\\/\\\/schema.org\",\"@graph\":[{\"@type\":\"WebPage\",\"@id\":\"https:\\\/\\\/jupitermachinerie.ca\\\/produits\\\/produit\\\/perceuses-industrielles-erlo-serie-sea\\\/\",\"url\":\"https:\\\/\\\/jupitermachinerie.ca\\\/produits\\\/produit\\\/perceuses-industrielles-erlo-serie-sea\\\/\",\"name\":\"Perceuse de table Erlo S\u00e9rie SEA - Jupiter machinerie\",\"isPartOf\":{\"@id\":\"https:\\\/\\\/jupitermachinerie.ca\\\/produits\\\/#website\"},\"primaryImageOfPage\":{\"@id\":\"https:\\\/\\\/jupitermachinerie.ca\\\/produits\\\/produit\\\/perceuses-industrielles-erlo-serie-sea\\\/#primaryimage\"},\"image\":{\"@id\":\"https:\\\/\\\/jupitermachinerie.ca\\\/produits\\\/produit\\\/perceuses-industrielles-erlo-serie-sea\\\/#primaryimage\"},\"thumbnailUrl\":\"https:\\\/\\\/jupitermachinerie.ca\\\/produits\\\/wp-content\\\/uploads\\\/2025\\\/03\\\/01-main-picture-1.png\",\"datePublished\":\"2025-03-26T11:47:54+00:00\",\"dateModified\":\"2025-03-26T11:50:00+00:00\",\"breadcrumb\":{\"@id\":\"https:\\\/\\\/jupitermachinerie.ca\\\/produits\\\/produit\\\/perceuses-industrielles-erlo-serie-sea\\\/#breadcrumb\"},\"inLanguage\":\"en-CA\",\"potentialAction\":[{\"@type\":\"ReadAction\",\"target\":[\"https:\\\/\\\/jupitermachinerie.ca\\\/produits\\\/produit\\\/perceuses-industrielles-erlo-serie-sea\\\/\"]}]},{\"@type\":\"ImageObject\",\"inLanguage\":\"en-CA\",\"@id\":\"https:\\\/\\\/jupitermachinerie.ca\\\/produits\\\/produit\\\/perceuses-industrielles-erlo-serie-sea\\\/#primaryimage\",\"url\":\"https:\\\/\\\/jupitermachinerie.ca\\\/produits\\\/wp-content\\\/uploads\\\/2025\\\/03\\\/01-main-picture-1.png\",\"contentUrl\":\"https:\\\/\\\/jupitermachinerie.ca\\\/produits\\\/wp-content\\\/uploads\\\/2025\\\/03\\\/01-main-picture-1.png\",\"width\":3841,\"height\":5762},{\"@type\":\"BreadcrumbList\",\"@id\":\"https:\\\/\\\/jupitermachinerie.ca\\\/produits\\\/produit\\\/perceuses-industrielles-erlo-serie-sea\\\/#breadcrumb\",\"itemListElement\":[{\"@type\":\"ListItem\",\"position\":1,\"name\":\"Accueil\",\"item\":\"https:\\\/\\\/jupitermachinerie.ca\\\/produits\\\/\"},{\"@type\":\"ListItem\",\"position\":2,\"name\":\"Boutique\",\"item\":\"https:\\\/\\\/jupitermachinerie.ca\\\/produits\\\/boutique\\\/\"},{\"@type\":\"ListItem\",\"position\":3,\"name\":\"Perceuse de table Erlo S\u00e9rie SEA\"}]},{\"@type\":\"WebSite\",\"@id\":\"https:\\\/\\\/jupitermachinerie.ca\\\/produits\\\/#website\",\"url\":\"https:\\\/\\\/jupitermachinerie.ca\\\/produits\\\/\",\"name\":\"Jupiter machinerie\",\"description\":\"\",\"publisher\":{\"@id\":\"https:\\\/\\\/jupitermachinerie.ca\\\/produits\\\/#organization\"},\"potentialAction\":[{\"@type\":\"SearchAction\",\"target\":{\"@type\":\"EntryPoint\",\"urlTemplate\":\"https:\\\/\\\/jupitermachinerie.ca\\\/produits\\\/?s={search_term_string}\"},\"query-input\":{\"@type\":\"PropertyValueSpecification\",\"valueRequired\":true,\"valueName\":\"search_term_string\"}}],\"inLanguage\":\"en-CA\"},{\"@type\":\"Organization\",\"@id\":\"https:\\\/\\\/jupitermachinerie.ca\\\/produits\\\/#organization\",\"name\":\"Jupiter machinerie\",\"url\":\"https:\\\/\\\/jupitermachinerie.ca\\\/produits\\\/\",\"logo\":{\"@type\":\"ImageObject\",\"inLanguage\":\"en-CA\",\"@id\":\"https:\\\/\\\/jupitermachinerie.ca\\\/produits\\\/#\\\/schema\\\/logo\\\/image\\\/\",\"url\":\"https:\\\/\\\/jupitermachinerie.ca\\\/produits\\\/wp-content\\\/uploads\\\/2026\\\/03\\\/LOGOfinal-copie1.jpg\",\"contentUrl\":\"https:\\\/\\\/jupitermachinerie.ca\\\/produits\\\/wp-content\\\/uploads\\\/2026\\\/03\\\/LOGOfinal-copie1.jpg\",\"width\":602,\"height\":334,\"caption\":\"Jupiter machinerie\"},\"image\":{\"@id\":\"https:\\\/\\\/jupitermachinerie.ca\\\/produits\\\/#\\\/schema\\\/logo\\\/image\\\/\"},\"sameAs\":[\"https:\\\/\\\/www.facebook.com\\\/jupiter.machinerie\",\"https:\\\/\\\/www.linkedin.com\\\/company\\\/jupitermachinerie\"]}]}<\/script>\n<!-- \/ Yoast SEO Premium plugin. -->","yoast_head_json":{"title":"Perceuse de table Erlo S\u00e9rie SEA - Jupiter machinerie","robots":{"index":"index","follow":"follow","max-snippet":"max-snippet:-1","max-image-preview":"max-image-preview:large","max-video-preview":"max-video-preview:-1"},"canonical":"https:\/\/jupitermachinerie.ca\/produits\/en\/product\/perceuses-industrielles-erlo-serie-sea\/","og_locale":"en_US","og_type":"article","og_title":"Perceuse de table Erlo S\u00e9rie SEA","og_description":"La s\u00e9rie SEA de perceuses industrielles par Erlo fait partie [&hellip;]","og_url":"https:\/\/jupitermachinerie.ca\/produits\/en\/product\/perceuses-industrielles-erlo-serie-sea\/","og_site_name":"Jupiter machinerie","article_publisher":"https:\/\/www.facebook.com\/jupiter.machinerie","article_modified_time":"2025-03-26T11:50:00+00:00","og_image":[{"width":683,"height":1024,"url":"https:\/\/jupitermachinerie.ca\/produits\/wp-content\/uploads\/2025\/03\/01-main-picture-1-683x1024.png","type":"image\/png"}],"twitter_card":"summary_large_image","twitter_misc":{"Est. reading time":"1 minute"},"schema":{"@context":"https:\/\/schema.org","@graph":[{"@type":"WebPage","@id":"https:\/\/jupitermachinerie.ca\/produits\/produit\/perceuses-industrielles-erlo-serie-sea\/","url":"https:\/\/jupitermachinerie.ca\/produits\/produit\/perceuses-industrielles-erlo-serie-sea\/","name":"Perceuse de table Erlo S\u00e9rie SEA - Jupiter machinerie","isPartOf":{"@id":"https:\/\/jupitermachinerie.ca\/produits\/#website"},"primaryImageOfPage":{"@id":"https:\/\/jupitermachinerie.ca\/produits\/produit\/perceuses-industrielles-erlo-serie-sea\/#primaryimage"},"image":{"@id":"https:\/\/jupitermachinerie.ca\/produits\/produit\/perceuses-industrielles-erlo-serie-sea\/#primaryimage"},"thumbnailUrl":"https:\/\/jupitermachinerie.ca\/produits\/wp-content\/uploads\/2025\/03\/01-main-picture-1.png","datePublished":"2025-03-26T11:47:54+00:00","dateModified":"2025-03-26T11:50:00+00:00","breadcrumb":{"@id":"https:\/\/jupitermachinerie.ca\/produits\/produit\/perceuses-industrielles-erlo-serie-sea\/#breadcrumb"},"inLanguage":"en-CA","potentialAction":[{"@type":"ReadAction","target":["https:\/\/jupitermachinerie.ca\/produits\/produit\/perceuses-industrielles-erlo-serie-sea\/"]}]},{"@type":"ImageObject","inLanguage":"en-CA","@id":"https:\/\/jupitermachinerie.ca\/produits\/produit\/perceuses-industrielles-erlo-serie-sea\/#primaryimage","url":"https:\/\/jupitermachinerie.ca\/produits\/wp-content\/uploads\/2025\/03\/01-main-picture-1.png","contentUrl":"https:\/\/jupitermachinerie.ca\/produits\/wp-content\/uploads\/2025\/03\/01-main-picture-1.png","width":3841,"height":5762},{"@type":"BreadcrumbList","@id":"https:\/\/jupitermachinerie.ca\/produits\/produit\/perceuses-industrielles-erlo-serie-sea\/#breadcrumb","itemListElement":[{"@type":"ListItem","position":1,"name":"Accueil","item":"https:\/\/jupitermachinerie.ca\/produits\/"},{"@type":"ListItem","position":2,"name":"Boutique","item":"https:\/\/jupitermachinerie.ca\/produits\/boutique\/"},{"@type":"ListItem","position":3,"name":"Perceuse de table Erlo S\u00e9rie SEA"}]},{"@type":"WebSite","@id":"https:\/\/jupitermachinerie.ca\/produits\/#website","url":"https:\/\/jupitermachinerie.ca\/produits\/","name":"Jupiter machinery","description":"","publisher":{"@id":"https:\/\/jupitermachinerie.ca\/produits\/#organization"},"potentialAction":[{"@type":"SearchAction","target":{"@type":"EntryPoint","urlTemplate":"https:\/\/jupitermachinerie.ca\/produits\/?s={search_term_string}"},"query-input":{"@type":"PropertyValueSpecification","valueRequired":true,"valueName":"search_term_string"}}],"inLanguage":"en-CA"},{"@type":"Organization","@id":"https:\/\/jupitermachinerie.ca\/produits\/#organization","name":"Jupiter machinery","url":"https:\/\/jupitermachinerie.ca\/produits\/","logo":{"@type":"ImageObject","inLanguage":"en-CA","@id":"https:\/\/jupitermachinerie.ca\/produits\/#\/schema\/logo\/image\/","url":"https:\/\/jupitermachinerie.ca\/produits\/wp-content\/uploads\/2026\/03\/LOGOfinal-copie1.jpg","contentUrl":"https:\/\/jupitermachinerie.ca\/produits\/wp-content\/uploads\/2026\/03\/LOGOfinal-copie1.jpg","width":602,"height":334,"caption":"Jupiter machinerie"},"image":{"@id":"https:\/\/jupitermachinerie.ca\/produits\/#\/schema\/logo\/image\/"},"sameAs":["https:\/\/www.facebook.com\/jupiter.machinerie","https:\/\/www.linkedin.com\/company\/jupitermachinerie"]}]}},"_links":{"self":[{"href":"https:\/\/jupitermachinerie.ca\/produits\/en\/wp-json\/wp\/v2\/product\/262417","targetHints":{"allow":["GET"]}}],"collection":[{"href":"https:\/\/jupitermachinerie.ca\/produits\/en\/wp-json\/wp\/v2\/product"}],"about":[{"href":"https:\/\/jupitermachinerie.ca\/produits\/en\/wp-json\/wp\/v2\/types\/product"}],"wp:featuredmedia":[{"embeddable":true,"href":"https:\/\/jupitermachinerie.ca\/produits\/en\/wp-json\/wp\/v2\/media\/262414"}],"wp:attachment":[{"href":"https:\/\/jupitermachinerie.ca\/produits\/en\/wp-json\/wp\/v2\/media?parent=262417"}],"wp:term":[{"taxonomy":"product_brand","embeddable":true,"href":"https:\/\/jupitermachinerie.ca\/produits\/en\/wp-json\/wp\/v2\/product_brand?post=262417"},{"taxonomy":"product_cat","embeddable":true,"href":"https:\/\/jupitermachinerie.ca\/produits\/en\/wp-json\/wp\/v2\/product_cat?post=262417"},{"taxonomy":"product_tag","embeddable":true,"href":"https:\/\/jupitermachinerie.ca\/produits\/en\/wp-json\/wp\/v2\/product_tag?post=262417"}],"curies":[{"name":"wp","href":"https:\/\/api.w.org\/{rel}","templated":true}]}}