{"id":262458,"date":"2025-06-19T08:31:45","date_gmt":"2025-06-19T12:31:45","guid":{"rendered":"https:\/\/jupitermachinerie.ca\/produits\/?post_type=product&#038;p=262458"},"modified":"2025-06-19T08:31:45","modified_gmt":"2025-06-19T12:31:45","slug":"profileuse-snap-lock","status":"publish","type":"product","link":"https:\/\/jupitermachinerie.ca\/produits\/en\/product\/profileuse-snap-lock\/","title":{"rendered":"Profileuse Snap Lock"},"content":{"rendered":"<p>&nbsp;<\/p>\n<p>Cette machine industrielle robuste est con\u00e7ue pour un changement rapide de la largeur de bande ainsi que des motifs de surface. Elle int\u00e8gre des unit\u00e9s de poin\u00e7onnage et de pliage pour les avant-toits directement dans la profileuse Snap Lock. Enti\u00e8rement automatis\u00e9e, elle s\u2019adapte facilement aux exigences sp\u00e9cifiques des clients.<\/p>\n<p>Facile \u00e0 utiliser et \u00e0 entretenir, elle offre \u00e9galement une connectivit\u00e9 Internet int\u00e9gr\u00e9e, permettant un acc\u00e8s \u00e0 distance pour un service rapide et fiable. Son syst\u00e8me d\u2019automatisation peut \u00eatre directement connect\u00e9 au logiciel ERP de l\u2019usine, facilitant la gestion des commandes et le suivi de la production en temps r\u00e9el.<\/p>\n<p><strong>Caract\u00e9ristiques principales :<\/strong><\/p>\n<ul>\n<li>R\u00e9glage automatique de la largeur de bande<\/li>\n<li>Unit\u00e9 de poin\u00e7onnage int\u00e9gr\u00e9e pour les bordures de chevauchement<\/li>\n<li>Unit\u00e9 de pliage des avant-toits avec modes stop-and-go ou en continu (volant)<\/li>\n<li>Unit\u00e9 de per\u00e7age rotative pour la fixation par vis<\/li>\n<li>Compatible avec des profils plats ou textur\u00e9s<\/li>\n<li>Large choix de mod\u00e8les Snap Lock et de motifs de surface<\/li>\n<\/ul>\n<p>&nbsp;<\/p>\n<p>PROFIILIKESKUS est un manufacturier Finlandais reconnu pour ces produits de haute qualit\u00e9 et une fiabilit\u00e9 dans les plus hauts standards.<\/p>","protected":false},"excerpt":{"rendered":"<p>Profileuse Snap Lock<\/p>","protected":false},"featured_media":262459,"template":"","meta":[],"product_brand":[],"product_cat":[38],"product_tag":[],"class_list":{"0":"post-262458","1":"product","2":"type-product","3":"status-publish","4":"has-post-thumbnail","6":"product_cat-profileuses","8":"first","9":"instock","10":"shipping-taxable","11":"product-type-simple"},"yoast_head":"<!-- This site is optimized with the Yoast SEO Premium plugin v27.1 (Yoast SEO v27.3) - https:\/\/yoast.com\/product\/yoast-seo-premium-wordpress\/ -->\n<title>Profileuse Snap Lock - Jupiter machinerie<\/title>\n<meta name=\"description\" content=\"La profileuse Snap Lock de PROFIILIKESKUS : une machine industrielle robuste id\u00e9ale pour la fabrication de panneaux m\u00e9talliques. Productivit\u00e9 et pr\u00e9cision assur\u00e9es.\" \/>\n<meta name=\"robots\" content=\"index, follow, max-snippet:-1, max-image-preview:large, max-video-preview:-1\" \/>\n<link rel=\"canonical\" href=\"https:\/\/jupitermachinerie.ca\/produits\/en\/product\/profileuse-snap-lock\/\" \/>\n<meta property=\"og:locale\" content=\"en_US\" \/>\n<meta property=\"og:type\" content=\"article\" \/>\n<meta property=\"og:title\" content=\"Profileuse Snap Lock\" \/>\n<meta property=\"og:description\" content=\"La profileuse Snap Lock de PROFIILIKESKUS : une machine industrielle robuste id\u00e9ale pour la fabrication de panneaux m\u00e9talliques. Productivit\u00e9 et pr\u00e9cision assur\u00e9es.\" \/>\n<meta property=\"og:url\" content=\"https:\/\/jupitermachinerie.ca\/produits\/en\/product\/profileuse-snap-lock\/\" \/>\n<meta property=\"og:site_name\" content=\"Jupiter machinerie\" \/>\n<meta property=\"article:publisher\" content=\"https:\/\/www.facebook.com\/jupiter.machinerie\" \/>\n<meta property=\"og:image\" content=\"https:\/\/jupitermachinerie.ca\/produits\/wp-content\/uploads\/2025\/06\/Snap_Lock_roll_former.jpg\" \/>\n\t<meta property=\"og:image:width\" content=\"600\" \/>\n\t<meta property=\"og:image:height\" content=\"360\" \/>\n\t<meta property=\"og:image:type\" content=\"image\/jpeg\" \/>\n<meta name=\"twitter:card\" content=\"summary_large_image\" \/>\n<meta name=\"twitter:label1\" content=\"Est. reading time\" \/>\n\t<meta name=\"twitter:data1\" content=\"1 minute\" \/>\n<script type=\"application\/ld+json\" class=\"yoast-schema-graph\">{\"@context\":\"https:\\\/\\\/schema.org\",\"@graph\":[{\"@type\":\"WebPage\",\"@id\":\"https:\\\/\\\/jupitermachinerie.ca\\\/produits\\\/produit\\\/profileuse-snap-lock\\\/\",\"url\":\"https:\\\/\\\/jupitermachinerie.ca\\\/produits\\\/produit\\\/profileuse-snap-lock\\\/\",\"name\":\"Profileuse Snap Lock - Jupiter machinerie\",\"isPartOf\":{\"@id\":\"https:\\\/\\\/jupitermachinerie.ca\\\/produits\\\/#website\"},\"primaryImageOfPage\":{\"@id\":\"https:\\\/\\\/jupitermachinerie.ca\\\/produits\\\/produit\\\/profileuse-snap-lock\\\/#primaryimage\"},\"image\":{\"@id\":\"https:\\\/\\\/jupitermachinerie.ca\\\/produits\\\/produit\\\/profileuse-snap-lock\\\/#primaryimage\"},\"thumbnailUrl\":\"https:\\\/\\\/jupitermachinerie.ca\\\/produits\\\/wp-content\\\/uploads\\\/2025\\\/06\\\/Snap_Lock_roll_former.jpg\",\"datePublished\":\"2025-06-19T12:31:45+00:00\",\"description\":\"La profileuse Snap Lock de PROFIILIKESKUS : une machine industrielle robuste id\u00e9ale pour la fabrication de panneaux m\u00e9talliques. Productivit\u00e9 et pr\u00e9cision assur\u00e9es.\",\"breadcrumb\":{\"@id\":\"https:\\\/\\\/jupitermachinerie.ca\\\/produits\\\/produit\\\/profileuse-snap-lock\\\/#breadcrumb\"},\"inLanguage\":\"en-CA\",\"potentialAction\":[{\"@type\":\"ReadAction\",\"target\":[\"https:\\\/\\\/jupitermachinerie.ca\\\/produits\\\/produit\\\/profileuse-snap-lock\\\/\"]}]},{\"@type\":\"ImageObject\",\"inLanguage\":\"en-CA\",\"@id\":\"https:\\\/\\\/jupitermachinerie.ca\\\/produits\\\/produit\\\/profileuse-snap-lock\\\/#primaryimage\",\"url\":\"https:\\\/\\\/jupitermachinerie.ca\\\/produits\\\/wp-content\\\/uploads\\\/2025\\\/06\\\/Snap_Lock_roll_former.jpg\",\"contentUrl\":\"https:\\\/\\\/jupitermachinerie.ca\\\/produits\\\/wp-content\\\/uploads\\\/2025\\\/06\\\/Snap_Lock_roll_former.jpg\",\"width\":600,\"height\":360},{\"@type\":\"BreadcrumbList\",\"@id\":\"https:\\\/\\\/jupitermachinerie.ca\\\/produits\\\/produit\\\/profileuse-snap-lock\\\/#breadcrumb\",\"itemListElement\":[{\"@type\":\"ListItem\",\"position\":1,\"name\":\"Accueil\",\"item\":\"https:\\\/\\\/jupitermachinerie.ca\\\/produits\\\/\"},{\"@type\":\"ListItem\",\"position\":2,\"name\":\"Boutique\",\"item\":\"https:\\\/\\\/jupitermachinerie.ca\\\/produits\\\/boutique\\\/\"},{\"@type\":\"ListItem\",\"position\":3,\"name\":\"Profileuse Snap Lock\"}]},{\"@type\":\"WebSite\",\"@id\":\"https:\\\/\\\/jupitermachinerie.ca\\\/produits\\\/#website\",\"url\":\"https:\\\/\\\/jupitermachinerie.ca\\\/produits\\\/\",\"name\":\"Jupiter machinerie\",\"description\":\"\",\"publisher\":{\"@id\":\"https:\\\/\\\/jupitermachinerie.ca\\\/produits\\\/#organization\"},\"potentialAction\":[{\"@type\":\"SearchAction\",\"target\":{\"@type\":\"EntryPoint\",\"urlTemplate\":\"https:\\\/\\\/jupitermachinerie.ca\\\/produits\\\/?s={search_term_string}\"},\"query-input\":{\"@type\":\"PropertyValueSpecification\",\"valueRequired\":true,\"valueName\":\"search_term_string\"}}],\"inLanguage\":\"en-CA\"},{\"@type\":\"Organization\",\"@id\":\"https:\\\/\\\/jupitermachinerie.ca\\\/produits\\\/#organization\",\"name\":\"Jupiter machinerie\",\"url\":\"https:\\\/\\\/jupitermachinerie.ca\\\/produits\\\/\",\"logo\":{\"@type\":\"ImageObject\",\"inLanguage\":\"en-CA\",\"@id\":\"https:\\\/\\\/jupitermachinerie.ca\\\/produits\\\/#\\\/schema\\\/logo\\\/image\\\/\",\"url\":\"https:\\\/\\\/jupitermachinerie.ca\\\/produits\\\/wp-content\\\/uploads\\\/2026\\\/03\\\/LOGOfinal-copie1.jpg\",\"contentUrl\":\"https:\\\/\\\/jupitermachinerie.ca\\\/produits\\\/wp-content\\\/uploads\\\/2026\\\/03\\\/LOGOfinal-copie1.jpg\",\"width\":602,\"height\":334,\"caption\":\"Jupiter machinerie\"},\"image\":{\"@id\":\"https:\\\/\\\/jupitermachinerie.ca\\\/produits\\\/#\\\/schema\\\/logo\\\/image\\\/\"},\"sameAs\":[\"https:\\\/\\\/www.facebook.com\\\/jupiter.machinerie\",\"https:\\\/\\\/www.linkedin.com\\\/company\\\/jupitermachinerie\"]}]}<\/script>\n<!-- \/ Yoast SEO Premium plugin. -->","yoast_head_json":{"title":"Profileuse Snap Lock - Jupiter machinerie","description":"La profileuse Snap Lock de PROFIILIKESKUS : une machine industrielle robuste id\u00e9ale pour la fabrication de panneaux m\u00e9talliques. Productivit\u00e9 et pr\u00e9cision assur\u00e9es.","robots":{"index":"index","follow":"follow","max-snippet":"max-snippet:-1","max-image-preview":"max-image-preview:large","max-video-preview":"max-video-preview:-1"},"canonical":"https:\/\/jupitermachinerie.ca\/produits\/en\/product\/profileuse-snap-lock\/","og_locale":"en_US","og_type":"article","og_title":"Profileuse Snap Lock","og_description":"La profileuse Snap Lock de PROFIILIKESKUS : une machine industrielle robuste id\u00e9ale pour la fabrication de panneaux m\u00e9talliques. Productivit\u00e9 et pr\u00e9cision assur\u00e9es.","og_url":"https:\/\/jupitermachinerie.ca\/produits\/en\/product\/profileuse-snap-lock\/","og_site_name":"Jupiter machinerie","article_publisher":"https:\/\/www.facebook.com\/jupiter.machinerie","og_image":[{"width":600,"height":360,"url":"https:\/\/jupitermachinerie.ca\/produits\/wp-content\/uploads\/2025\/06\/Snap_Lock_roll_former.jpg","type":"image\/jpeg"}],"twitter_card":"summary_large_image","twitter_misc":{"Est. reading time":"1 minute"},"schema":{"@context":"https:\/\/schema.org","@graph":[{"@type":"WebPage","@id":"https:\/\/jupitermachinerie.ca\/produits\/produit\/profileuse-snap-lock\/","url":"https:\/\/jupitermachinerie.ca\/produits\/produit\/profileuse-snap-lock\/","name":"Profileuse Snap Lock - Jupiter machinerie","isPartOf":{"@id":"https:\/\/jupitermachinerie.ca\/produits\/#website"},"primaryImageOfPage":{"@id":"https:\/\/jupitermachinerie.ca\/produits\/produit\/profileuse-snap-lock\/#primaryimage"},"image":{"@id":"https:\/\/jupitermachinerie.ca\/produits\/produit\/profileuse-snap-lock\/#primaryimage"},"thumbnailUrl":"https:\/\/jupitermachinerie.ca\/produits\/wp-content\/uploads\/2025\/06\/Snap_Lock_roll_former.jpg","datePublished":"2025-06-19T12:31:45+00:00","description":"La profileuse Snap Lock de PROFIILIKESKUS : une machine industrielle robuste id\u00e9ale pour la fabrication de panneaux m\u00e9talliques. Productivit\u00e9 et pr\u00e9cision assur\u00e9es.","breadcrumb":{"@id":"https:\/\/jupitermachinerie.ca\/produits\/produit\/profileuse-snap-lock\/#breadcrumb"},"inLanguage":"en-CA","potentialAction":[{"@type":"ReadAction","target":["https:\/\/jupitermachinerie.ca\/produits\/produit\/profileuse-snap-lock\/"]}]},{"@type":"ImageObject","inLanguage":"en-CA","@id":"https:\/\/jupitermachinerie.ca\/produits\/produit\/profileuse-snap-lock\/#primaryimage","url":"https:\/\/jupitermachinerie.ca\/produits\/wp-content\/uploads\/2025\/06\/Snap_Lock_roll_former.jpg","contentUrl":"https:\/\/jupitermachinerie.ca\/produits\/wp-content\/uploads\/2025\/06\/Snap_Lock_roll_former.jpg","width":600,"height":360},{"@type":"BreadcrumbList","@id":"https:\/\/jupitermachinerie.ca\/produits\/produit\/profileuse-snap-lock\/#breadcrumb","itemListElement":[{"@type":"ListItem","position":1,"name":"Accueil","item":"https:\/\/jupitermachinerie.ca\/produits\/"},{"@type":"ListItem","position":2,"name":"Boutique","item":"https:\/\/jupitermachinerie.ca\/produits\/boutique\/"},{"@type":"ListItem","position":3,"name":"Profileuse Snap Lock"}]},{"@type":"WebSite","@id":"https:\/\/jupitermachinerie.ca\/produits\/#website","url":"https:\/\/jupitermachinerie.ca\/produits\/","name":"Jupiter machinery","description":"","publisher":{"@id":"https:\/\/jupitermachinerie.ca\/produits\/#organization"},"potentialAction":[{"@type":"SearchAction","target":{"@type":"EntryPoint","urlTemplate":"https:\/\/jupitermachinerie.ca\/produits\/?s={search_term_string}"},"query-input":{"@type":"PropertyValueSpecification","valueRequired":true,"valueName":"search_term_string"}}],"inLanguage":"en-CA"},{"@type":"Organization","@id":"https:\/\/jupitermachinerie.ca\/produits\/#organization","name":"Jupiter machinery","url":"https:\/\/jupitermachinerie.ca\/produits\/","logo":{"@type":"ImageObject","inLanguage":"en-CA","@id":"https:\/\/jupitermachinerie.ca\/produits\/#\/schema\/logo\/image\/","url":"https:\/\/jupitermachinerie.ca\/produits\/wp-content\/uploads\/2026\/03\/LOGOfinal-copie1.jpg","contentUrl":"https:\/\/jupitermachinerie.ca\/produits\/wp-content\/uploads\/2026\/03\/LOGOfinal-copie1.jpg","width":602,"height":334,"caption":"Jupiter machinerie"},"image":{"@id":"https:\/\/jupitermachinerie.ca\/produits\/#\/schema\/logo\/image\/"},"sameAs":["https:\/\/www.facebook.com\/jupiter.machinerie","https:\/\/www.linkedin.com\/company\/jupitermachinerie"]}]}},"_links":{"self":[{"href":"https:\/\/jupitermachinerie.ca\/produits\/en\/wp-json\/wp\/v2\/product\/262458","targetHints":{"allow":["GET"]}}],"collection":[{"href":"https:\/\/jupitermachinerie.ca\/produits\/en\/wp-json\/wp\/v2\/product"}],"about":[{"href":"https:\/\/jupitermachinerie.ca\/produits\/en\/wp-json\/wp\/v2\/types\/product"}],"wp:featuredmedia":[{"embeddable":true,"href":"https:\/\/jupitermachinerie.ca\/produits\/en\/wp-json\/wp\/v2\/media\/262459"}],"wp:attachment":[{"href":"https:\/\/jupitermachinerie.ca\/produits\/en\/wp-json\/wp\/v2\/media?parent=262458"}],"wp:term":[{"taxonomy":"product_brand","embeddable":true,"href":"https:\/\/jupitermachinerie.ca\/produits\/en\/wp-json\/wp\/v2\/product_brand?post=262458"},{"taxonomy":"product_cat","embeddable":true,"href":"https:\/\/jupitermachinerie.ca\/produits\/en\/wp-json\/wp\/v2\/product_cat?post=262458"},{"taxonomy":"product_tag","embeddable":true,"href":"https:\/\/jupitermachinerie.ca\/produits\/en\/wp-json\/wp\/v2\/product_tag?post=262458"}],"curies":[{"name":"wp","href":"https:\/\/api.w.org\/{rel}","templated":true}]}}