{"id":262475,"date":"2025-07-21T08:24:55","date_gmt":"2025-07-21T12:24:55","guid":{"rendered":"https:\/\/jupitermachinerie.ca\/produits\/?post_type=product&#038;p=262475"},"modified":"2025-07-21T08:33:57","modified_gmt":"2025-07-21T12:33:57","slug":"perceuse-a-colonne-erlo-b","status":"publish","type":"product","link":"https:\/\/jupitermachinerie.ca\/produits\/en\/product\/perceuse-a-colonne-erlo-b\/","title":{"rendered":"Perceuse \u00e0 colonne Erlo B"},"content":{"rendered":"<p>La perceuse \u00e0 colonne Erlo de la s\u00e9rie B est offerte en version 40-50-60 et 70mm. \u00c9quip\u00e9e d&rsquo;une transmission \u00e0 \u00e0 engrenage, cette s\u00e9rie de per\u00e7euse \u00e0 colonne allie puissance, pr\u00e9cision et durabilit\u00e9 pour la production \u00e0 gros volume.<\/p>\n<p>ALIMENTATION AUTOMATIQUE AVEC EMBRAYAGE \u00c9LECTROMAGN\u00c9TIQUE<\/p>\n<p>&#8211; Engrenages en acier tremp\u00e9 et rectifi\u00e9<br \/>\n&#8211; Disposition frontale du plateau et commandes de s\u00e9lection de vitesse<br \/>\n&#8211; Table\/socle avec rainures en T<br \/>\n&#8211; Dispositif de refroidissement dans le socle<br \/>\n&#8211; Profondeur r\u00e9glable<br \/>\n&#8211; \u00c9clairage<br \/>\n&#8211; Molette frontale pour avance manuelle fine<br \/>\n&#8211; \u00c9jecteur d&rsquo;outils<br \/>\n&#8211; Protection moteur<br \/>\n&#8211; Bouton-poussoir d&rsquo;arr\u00eat d&rsquo;urgence<br \/>\n&#8211; S\u00e9lection du sens de rotation<br \/>\n&#8211; Interrupteur principal<br \/>\n&#8211; \u00c9quipement \u00e9lectrique basse tension<br \/>\n&#8211; \u00c9quipement \u00e9lectrique dans une armoire s\u00e9par\u00e9e<br \/>\n&#8211; Protection de per\u00e7age avec micro-but\u00e9e<br \/>\n&#8211; Table rotative inclinable<br \/>\n&#8211; Graissage des engrenages par pompe automatique<\/p>\n<p>&nbsp;<\/p>\n<p><strong>Options disponibles:<\/strong><\/p>\n<p>10022 LBC &#8211;\u00a0 \u00a0 \u00a0 \u00a0 \u00a0 \u00a0 \u00a0 \u00a0Lecteur de profondeur num\u00e9rique<br \/>\n40045 VE + TAK &#8211;\u00a0 \u00a0 Variateur de vitesse \u00e9lectronique et lecteur de vitesse num\u00e9rique<br \/>\n10042 IR\/RS &#8211;\u00a0 \u00a0 \u00a0 \u00a0 \u00a0 \u00a0 Inversion automatique de rotation pour taraudage manuel<br \/>\n10043 IR\/RS (VE) &#8211;\u00a0 Inversion automatique de rotation pour taraudage manuel (pour mod\u00e8les avec variateur)<br \/>\n30070 RHP &#8211;\u00a0 \u00a0 \u00a0 \u00a0 \u00a0 \u00a0 \u00a0 Syst\u00e8me de taraudage automatique avec broche standard (inclut un pas de filetage)<br \/>\n40100 ACNL &#8211;\u00a0 \u00a0 \u00a0 \u00a0 \u00a0 \u00a0 Approche et recul rapides avec contrepoids pneumatique<br \/>\n40110 CI &#8211;\u00a0 \u00a0 \u00a0 \u00a0 \u00a0 \u00a0 \u00a0 \u00a0 \u00a0 \u00a0Cycle complet avec encodeur<br \/>\n40039 AR &#8211;\u00a0 \u00a0 \u00a0 \u00a0 \u00a0 \u00a0 \u00a0 \u00a0 Avances automatiques \u00e0 50 % de la valeur standard<br \/>\n40070 SC &#8211;\u00a0 \u00a0 \u00a0 \u00a0 \u00a0 \u00a0 \u00a0 \u00a0 \u00a0Suppl\u00e9ment de colonne 200 mm<\/p>\n<p>&nbsp;<\/p>\n<p>&nbsp;<\/p>","protected":false},"excerpt":{"rendered":"<p>La perceuse \u00e0 colonne Erlo de la s\u00e9rie B est [&hellip;]<\/p>","protected":false},"featured_media":262476,"template":"","meta":[],"product_brand":[],"product_cat":[43],"product_tag":[],"class_list":{"0":"post-262475","1":"product","2":"type-product","3":"status-publish","4":"has-post-thumbnail","6":"product_cat-perceuses-a-colonne","8":"first","9":"instock","10":"shipping-taxable","11":"product-type-simple"},"yoast_head":"<!-- This site is optimized with the Yoast SEO Premium plugin v27.1 (Yoast SEO v27.3) - https:\/\/yoast.com\/product\/yoast-seo-premium-wordpress\/ -->\n<title>Perceuse \u00e0 colonne Erlo B - Jupiter machinerie<\/title>\n<meta name=\"robots\" content=\"index, follow, max-snippet:-1, max-image-preview:large, max-video-preview:-1\" \/>\n<link rel=\"canonical\" href=\"https:\/\/jupitermachinerie.ca\/produits\/en\/product\/perceuse-a-colonne-erlo-b\/\" \/>\n<meta property=\"og:locale\" content=\"en_US\" \/>\n<meta property=\"og:type\" content=\"article\" \/>\n<meta property=\"og:title\" content=\"Perceuse \u00e0 colonne Erlo B\" \/>\n<meta property=\"og:description\" content=\"La perceuse \u00e0 colonne Erlo de la s\u00e9rie B est [&hellip;]\" \/>\n<meta property=\"og:url\" content=\"https:\/\/jupitermachinerie.ca\/produits\/en\/product\/perceuse-a-colonne-erlo-b\/\" \/>\n<meta property=\"og:site_name\" content=\"Jupiter machinerie\" \/>\n<meta property=\"article:publisher\" content=\"https:\/\/www.facebook.com\/jupiter.machinerie\" \/>\n<meta property=\"article:modified_time\" content=\"2025-07-21T12:33:57+00:00\" \/>\n<meta property=\"og:image\" content=\"https:\/\/jupitermachinerie.ca\/produits\/wp-content\/uploads\/2025\/07\/Erlo-B-Serie-Main-scaled.jpg\" \/>\n\t<meta property=\"og:image:width\" content=\"1709\" \/>\n\t<meta property=\"og:image:height\" content=\"2560\" \/>\n\t<meta property=\"og:image:type\" content=\"image\/jpeg\" \/>\n<meta name=\"twitter:card\" content=\"summary_large_image\" \/>\n<meta name=\"twitter:label1\" content=\"Est. reading time\" \/>\n\t<meta name=\"twitter:data1\" content=\"2 minutes\" \/>\n<script type=\"application\/ld+json\" class=\"yoast-schema-graph\">{\"@context\":\"https:\\\/\\\/schema.org\",\"@graph\":[{\"@type\":\"WebPage\",\"@id\":\"https:\\\/\\\/jupitermachinerie.ca\\\/produits\\\/produit\\\/perceuse-a-colonne-erlo-b\\\/\",\"url\":\"https:\\\/\\\/jupitermachinerie.ca\\\/produits\\\/produit\\\/perceuse-a-colonne-erlo-b\\\/\",\"name\":\"Perceuse \u00e0 colonne Erlo B - Jupiter machinerie\",\"isPartOf\":{\"@id\":\"https:\\\/\\\/jupitermachinerie.ca\\\/produits\\\/#website\"},\"primaryImageOfPage\":{\"@id\":\"https:\\\/\\\/jupitermachinerie.ca\\\/produits\\\/produit\\\/perceuse-a-colonne-erlo-b\\\/#primaryimage\"},\"image\":{\"@id\":\"https:\\\/\\\/jupitermachinerie.ca\\\/produits\\\/produit\\\/perceuse-a-colonne-erlo-b\\\/#primaryimage\"},\"thumbnailUrl\":\"https:\\\/\\\/jupitermachinerie.ca\\\/produits\\\/wp-content\\\/uploads\\\/2025\\\/07\\\/Erlo-B-Serie-Main-scaled.jpg\",\"datePublished\":\"2025-07-21T12:24:55+00:00\",\"dateModified\":\"2025-07-21T12:33:57+00:00\",\"breadcrumb\":{\"@id\":\"https:\\\/\\\/jupitermachinerie.ca\\\/produits\\\/produit\\\/perceuse-a-colonne-erlo-b\\\/#breadcrumb\"},\"inLanguage\":\"en-CA\",\"potentialAction\":[{\"@type\":\"ReadAction\",\"target\":[\"https:\\\/\\\/jupitermachinerie.ca\\\/produits\\\/produit\\\/perceuse-a-colonne-erlo-b\\\/\"]}]},{\"@type\":\"ImageObject\",\"inLanguage\":\"en-CA\",\"@id\":\"https:\\\/\\\/jupitermachinerie.ca\\\/produits\\\/produit\\\/perceuse-a-colonne-erlo-b\\\/#primaryimage\",\"url\":\"https:\\\/\\\/jupitermachinerie.ca\\\/produits\\\/wp-content\\\/uploads\\\/2025\\\/07\\\/Erlo-B-Serie-Main-scaled.jpg\",\"contentUrl\":\"https:\\\/\\\/jupitermachinerie.ca\\\/produits\\\/wp-content\\\/uploads\\\/2025\\\/07\\\/Erlo-B-Serie-Main-scaled.jpg\",\"width\":1709,\"height\":2560},{\"@type\":\"BreadcrumbList\",\"@id\":\"https:\\\/\\\/jupitermachinerie.ca\\\/produits\\\/produit\\\/perceuse-a-colonne-erlo-b\\\/#breadcrumb\",\"itemListElement\":[{\"@type\":\"ListItem\",\"position\":1,\"name\":\"Accueil\",\"item\":\"https:\\\/\\\/jupitermachinerie.ca\\\/produits\\\/\"},{\"@type\":\"ListItem\",\"position\":2,\"name\":\"Boutique\",\"item\":\"https:\\\/\\\/jupitermachinerie.ca\\\/produits\\\/boutique\\\/\"},{\"@type\":\"ListItem\",\"position\":3,\"name\":\"Perceuse \u00e0 colonne Erlo B\"}]},{\"@type\":\"WebSite\",\"@id\":\"https:\\\/\\\/jupitermachinerie.ca\\\/produits\\\/#website\",\"url\":\"https:\\\/\\\/jupitermachinerie.ca\\\/produits\\\/\",\"name\":\"Jupiter machinerie\",\"description\":\"\",\"publisher\":{\"@id\":\"https:\\\/\\\/jupitermachinerie.ca\\\/produits\\\/#organization\"},\"potentialAction\":[{\"@type\":\"SearchAction\",\"target\":{\"@type\":\"EntryPoint\",\"urlTemplate\":\"https:\\\/\\\/jupitermachinerie.ca\\\/produits\\\/?s={search_term_string}\"},\"query-input\":{\"@type\":\"PropertyValueSpecification\",\"valueRequired\":true,\"valueName\":\"search_term_string\"}}],\"inLanguage\":\"en-CA\"},{\"@type\":\"Organization\",\"@id\":\"https:\\\/\\\/jupitermachinerie.ca\\\/produits\\\/#organization\",\"name\":\"Jupiter machinerie\",\"url\":\"https:\\\/\\\/jupitermachinerie.ca\\\/produits\\\/\",\"logo\":{\"@type\":\"ImageObject\",\"inLanguage\":\"en-CA\",\"@id\":\"https:\\\/\\\/jupitermachinerie.ca\\\/produits\\\/#\\\/schema\\\/logo\\\/image\\\/\",\"url\":\"https:\\\/\\\/jupitermachinerie.ca\\\/produits\\\/wp-content\\\/uploads\\\/2026\\\/03\\\/LOGOfinal-copie1.jpg\",\"contentUrl\":\"https:\\\/\\\/jupitermachinerie.ca\\\/produits\\\/wp-content\\\/uploads\\\/2026\\\/03\\\/LOGOfinal-copie1.jpg\",\"width\":602,\"height\":334,\"caption\":\"Jupiter machinerie\"},\"image\":{\"@id\":\"https:\\\/\\\/jupitermachinerie.ca\\\/produits\\\/#\\\/schema\\\/logo\\\/image\\\/\"},\"sameAs\":[\"https:\\\/\\\/www.facebook.com\\\/jupiter.machinerie\",\"https:\\\/\\\/www.linkedin.com\\\/company\\\/jupitermachinerie\"]}]}<\/script>\n<!-- \/ Yoast SEO Premium plugin. -->","yoast_head_json":{"title":"Perceuse \u00e0 colonne Erlo B - Jupiter machinerie","robots":{"index":"index","follow":"follow","max-snippet":"max-snippet:-1","max-image-preview":"max-image-preview:large","max-video-preview":"max-video-preview:-1"},"canonical":"https:\/\/jupitermachinerie.ca\/produits\/en\/product\/perceuse-a-colonne-erlo-b\/","og_locale":"en_US","og_type":"article","og_title":"Perceuse \u00e0 colonne Erlo B","og_description":"La perceuse \u00e0 colonne Erlo de la s\u00e9rie B est [&hellip;]","og_url":"https:\/\/jupitermachinerie.ca\/produits\/en\/product\/perceuse-a-colonne-erlo-b\/","og_site_name":"Jupiter machinerie","article_publisher":"https:\/\/www.facebook.com\/jupiter.machinerie","article_modified_time":"2025-07-21T12:33:57+00:00","og_image":[{"width":1709,"height":2560,"url":"https:\/\/jupitermachinerie.ca\/produits\/wp-content\/uploads\/2025\/07\/Erlo-B-Serie-Main-scaled.jpg","type":"image\/jpeg"}],"twitter_card":"summary_large_image","twitter_misc":{"Est. reading time":"2 minutes"},"schema":{"@context":"https:\/\/schema.org","@graph":[{"@type":"WebPage","@id":"https:\/\/jupitermachinerie.ca\/produits\/produit\/perceuse-a-colonne-erlo-b\/","url":"https:\/\/jupitermachinerie.ca\/produits\/produit\/perceuse-a-colonne-erlo-b\/","name":"Perceuse \u00e0 colonne Erlo B - Jupiter machinerie","isPartOf":{"@id":"https:\/\/jupitermachinerie.ca\/produits\/#website"},"primaryImageOfPage":{"@id":"https:\/\/jupitermachinerie.ca\/produits\/produit\/perceuse-a-colonne-erlo-b\/#primaryimage"},"image":{"@id":"https:\/\/jupitermachinerie.ca\/produits\/produit\/perceuse-a-colonne-erlo-b\/#primaryimage"},"thumbnailUrl":"https:\/\/jupitermachinerie.ca\/produits\/wp-content\/uploads\/2025\/07\/Erlo-B-Serie-Main-scaled.jpg","datePublished":"2025-07-21T12:24:55+00:00","dateModified":"2025-07-21T12:33:57+00:00","breadcrumb":{"@id":"https:\/\/jupitermachinerie.ca\/produits\/produit\/perceuse-a-colonne-erlo-b\/#breadcrumb"},"inLanguage":"en-CA","potentialAction":[{"@type":"ReadAction","target":["https:\/\/jupitermachinerie.ca\/produits\/produit\/perceuse-a-colonne-erlo-b\/"]}]},{"@type":"ImageObject","inLanguage":"en-CA","@id":"https:\/\/jupitermachinerie.ca\/produits\/produit\/perceuse-a-colonne-erlo-b\/#primaryimage","url":"https:\/\/jupitermachinerie.ca\/produits\/wp-content\/uploads\/2025\/07\/Erlo-B-Serie-Main-scaled.jpg","contentUrl":"https:\/\/jupitermachinerie.ca\/produits\/wp-content\/uploads\/2025\/07\/Erlo-B-Serie-Main-scaled.jpg","width":1709,"height":2560},{"@type":"BreadcrumbList","@id":"https:\/\/jupitermachinerie.ca\/produits\/produit\/perceuse-a-colonne-erlo-b\/#breadcrumb","itemListElement":[{"@type":"ListItem","position":1,"name":"Accueil","item":"https:\/\/jupitermachinerie.ca\/produits\/"},{"@type":"ListItem","position":2,"name":"Boutique","item":"https:\/\/jupitermachinerie.ca\/produits\/boutique\/"},{"@type":"ListItem","position":3,"name":"Perceuse \u00e0 colonne Erlo B"}]},{"@type":"WebSite","@id":"https:\/\/jupitermachinerie.ca\/produits\/#website","url":"https:\/\/jupitermachinerie.ca\/produits\/","name":"Jupiter machinery","description":"","publisher":{"@id":"https:\/\/jupitermachinerie.ca\/produits\/#organization"},"potentialAction":[{"@type":"SearchAction","target":{"@type":"EntryPoint","urlTemplate":"https:\/\/jupitermachinerie.ca\/produits\/?s={search_term_string}"},"query-input":{"@type":"PropertyValueSpecification","valueRequired":true,"valueName":"search_term_string"}}],"inLanguage":"en-CA"},{"@type":"Organization","@id":"https:\/\/jupitermachinerie.ca\/produits\/#organization","name":"Jupiter machinery","url":"https:\/\/jupitermachinerie.ca\/produits\/","logo":{"@type":"ImageObject","inLanguage":"en-CA","@id":"https:\/\/jupitermachinerie.ca\/produits\/#\/schema\/logo\/image\/","url":"https:\/\/jupitermachinerie.ca\/produits\/wp-content\/uploads\/2026\/03\/LOGOfinal-copie1.jpg","contentUrl":"https:\/\/jupitermachinerie.ca\/produits\/wp-content\/uploads\/2026\/03\/LOGOfinal-copie1.jpg","width":602,"height":334,"caption":"Jupiter machinerie"},"image":{"@id":"https:\/\/jupitermachinerie.ca\/produits\/#\/schema\/logo\/image\/"},"sameAs":["https:\/\/www.facebook.com\/jupiter.machinerie","https:\/\/www.linkedin.com\/company\/jupitermachinerie"]}]}},"_links":{"self":[{"href":"https:\/\/jupitermachinerie.ca\/produits\/en\/wp-json\/wp\/v2\/product\/262475","targetHints":{"allow":["GET"]}}],"collection":[{"href":"https:\/\/jupitermachinerie.ca\/produits\/en\/wp-json\/wp\/v2\/product"}],"about":[{"href":"https:\/\/jupitermachinerie.ca\/produits\/en\/wp-json\/wp\/v2\/types\/product"}],"wp:featuredmedia":[{"embeddable":true,"href":"https:\/\/jupitermachinerie.ca\/produits\/en\/wp-json\/wp\/v2\/media\/262476"}],"wp:attachment":[{"href":"https:\/\/jupitermachinerie.ca\/produits\/en\/wp-json\/wp\/v2\/media?parent=262475"}],"wp:term":[{"taxonomy":"product_brand","embeddable":true,"href":"https:\/\/jupitermachinerie.ca\/produits\/en\/wp-json\/wp\/v2\/product_brand?post=262475"},{"taxonomy":"product_cat","embeddable":true,"href":"https:\/\/jupitermachinerie.ca\/produits\/en\/wp-json\/wp\/v2\/product_cat?post=262475"},{"taxonomy":"product_tag","embeddable":true,"href":"https:\/\/jupitermachinerie.ca\/produits\/en\/wp-json\/wp\/v2\/product_tag?post=262475"}],"curies":[{"name":"wp","href":"https:\/\/api.w.org\/{rel}","templated":true}]}}