{"id":262488,"date":"2025-07-21T08:50:44","date_gmt":"2025-07-21T12:50:44","guid":{"rendered":"https:\/\/jupitermachinerie.ca\/produits\/?post_type=product&#038;p=262488"},"modified":"2025-07-21T08:57:20","modified_gmt":"2025-07-21T12:57:20","slug":"perceuse-a-colonne-erlo-gp40-50","status":"publish","type":"product","link":"https:\/\/jupitermachinerie.ca\/produits\/en\/product\/perceuse-a-colonne-erlo-gp40-50\/","title":{"rendered":"Perceuse \u00e0 colonne Erlo GP40-50"},"content":{"rendered":"<p>La perceuse \u00e0 colonne Erlo de la s\u00e9rie GP40-50 fait partie de la gamme con\u00e7ue pour votre d\u00e9partement de maintenance.<\/p>\n<p>Disponible en version 40 et 50mm avec une transmission \u00e0 engrenage robuste pour vos travaux lourds.<\/p>\n<p>&#8211; Engrenages en acier tremp\u00e9 et rectifi\u00e9<br \/>\n&#8211; Disposition frontale du plateau et commandes de s\u00e9lection de vitesse<br \/>\n&#8211; Table avec rainures en T<br \/>\n&#8211; Profondeur r\u00e9glable<br \/>\n&#8211; \u00c9jecteur d&rsquo;outil<br \/>\n&#8211; Protection moteur<br \/>\n&#8211; Bouton-poussoir d&rsquo;arr\u00eat d&rsquo;urgence<br \/>\n&#8211; S\u00e9lection du sens de rotation<br \/>\n&#8211; Interrupteur principal<br \/>\n&#8211; \u00c9quipement \u00e9lectrique basse tension<br \/>\n&#8211; \u00c9quipement \u00e9lectrique dans une armoire s\u00e9par\u00e9e<br \/>\n&#8211; Protection de per\u00e7age avec micro-but\u00e9e<br \/>\n&#8211; Table fixe (40 mod\u00e8les)<br \/>\n&#8211; Table rotative inclinable (50 mod\u00e8les)<br \/>\n&#8211; Graissage des engrenages par pompe automatique<\/p>\n<p>&nbsp;<\/p>\n<p><strong>Options disponibles:<\/strong><\/p>\n<p>20010 L &#8211;\u00a0 \u00a0 \u00a0 \u00a0 \u00a0 \u00a0\u00c9quipement d&rsquo;\u00e9clairage<br \/>\n10042 IR\/RS &#8211;\u00a0 Inversion automatique de rotation pour taraudage manuel<br \/>\n30084 MGI &#8211;\u00a0 \u00a0 Table rotative inclinable (standard pour le mod\u00e8le GP.50)<br \/>\n91118 ERB &#8211;\u00a0 \u00a0 \u00a0 \u00c9quipement de refroidissement dans la base<\/p>\n<p>&nbsp;<\/p>\n<p>&nbsp;<\/p>","protected":false},"excerpt":{"rendered":"<p>La perceuse \u00e0 colonne Erlo de la s\u00e9rie GP40-50 fait [&hellip;]<\/p>","protected":false},"featured_media":262489,"template":"","meta":[],"product_brand":[],"product_cat":[43],"product_tag":[],"class_list":{"0":"post-262488","1":"product","2":"type-product","3":"status-publish","4":"has-post-thumbnail","6":"product_cat-perceuses-a-colonne","8":"first","9":"instock","10":"shipping-taxable","11":"product-type-simple"},"yoast_head":"<!-- This site is optimized with the Yoast SEO Premium plugin v27.1 (Yoast SEO v27.4) - https:\/\/yoast.com\/product\/yoast-seo-premium-wordpress\/ -->\n<title>Perceuse \u00e0 colonne Erlo GP40-50 - Jupiter machinerie<\/title>\n<meta name=\"description\" content=\"La perceuse \u00e0 colonne id\u00e9ale pour votre atelier de maintenance. Produit fabriqu\u00e9 en Espagne. Qualit\u00e9, robustesse et pr\u00e9cision.\" \/>\n<meta name=\"robots\" content=\"index, follow, max-snippet:-1, max-image-preview:large, max-video-preview:-1\" \/>\n<link rel=\"canonical\" href=\"https:\/\/jupitermachinerie.ca\/produits\/en\/product\/perceuse-a-colonne-erlo-gp40-50\/\" \/>\n<meta property=\"og:locale\" content=\"en_US\" \/>\n<meta property=\"og:type\" content=\"article\" \/>\n<meta property=\"og:title\" content=\"Perceuse \u00e0 colonne Erlo GP40-50\" \/>\n<meta property=\"og:description\" content=\"La perceuse \u00e0 colonne id\u00e9ale pour votre atelier de maintenance. Produit fabriqu\u00e9 en Espagne. Qualit\u00e9, robustesse et pr\u00e9cision.\" \/>\n<meta property=\"og:url\" content=\"https:\/\/jupitermachinerie.ca\/produits\/en\/product\/perceuse-a-colonne-erlo-gp40-50\/\" \/>\n<meta property=\"og:site_name\" content=\"Jupiter machinerie\" \/>\n<meta property=\"article:publisher\" content=\"https:\/\/www.facebook.com\/jupiter.machinerie\" \/>\n<meta property=\"article:modified_time\" content=\"2025-07-21T12:57:20+00:00\" \/>\n<meta property=\"og:image\" content=\"https:\/\/jupitermachinerie.ca\/produits\/wp-content\/uploads\/2025\/07\/Erlo-GP40-50-Main-scaled.jpg\" \/>\n\t<meta property=\"og:image:width\" content=\"1707\" \/>\n\t<meta property=\"og:image:height\" content=\"2560\" \/>\n\t<meta property=\"og:image:type\" content=\"image\/jpeg\" \/>\n<meta name=\"twitter:card\" content=\"summary_large_image\" \/>\n<meta name=\"twitter:label1\" content=\"Est. reading time\" \/>\n\t<meta name=\"twitter:data1\" content=\"1 minute\" \/>\n<script type=\"application\/ld+json\" class=\"yoast-schema-graph\">{\"@context\":\"https:\\\/\\\/schema.org\",\"@graph\":[{\"@type\":\"WebPage\",\"@id\":\"https:\\\/\\\/jupitermachinerie.ca\\\/produits\\\/produit\\\/perceuse-a-colonne-erlo-gp40-50\\\/\",\"url\":\"https:\\\/\\\/jupitermachinerie.ca\\\/produits\\\/produit\\\/perceuse-a-colonne-erlo-gp40-50\\\/\",\"name\":\"Perceuse \u00e0 colonne Erlo GP40-50 - Jupiter machinerie\",\"isPartOf\":{\"@id\":\"https:\\\/\\\/jupitermachinerie.ca\\\/produits\\\/#website\"},\"primaryImageOfPage\":{\"@id\":\"https:\\\/\\\/jupitermachinerie.ca\\\/produits\\\/produit\\\/perceuse-a-colonne-erlo-gp40-50\\\/#primaryimage\"},\"image\":{\"@id\":\"https:\\\/\\\/jupitermachinerie.ca\\\/produits\\\/produit\\\/perceuse-a-colonne-erlo-gp40-50\\\/#primaryimage\"},\"thumbnailUrl\":\"https:\\\/\\\/jupitermachinerie.ca\\\/produits\\\/wp-content\\\/uploads\\\/2025\\\/07\\\/Erlo-GP40-50-Main-scaled.jpg\",\"datePublished\":\"2025-07-21T12:50:44+00:00\",\"dateModified\":\"2025-07-21T12:57:20+00:00\",\"description\":\"La perceuse \u00e0 colonne id\u00e9ale pour votre atelier de maintenance. Produit fabriqu\u00e9 en Espagne. Qualit\u00e9, robustesse et pr\u00e9cision.\",\"breadcrumb\":{\"@id\":\"https:\\\/\\\/jupitermachinerie.ca\\\/produits\\\/produit\\\/perceuse-a-colonne-erlo-gp40-50\\\/#breadcrumb\"},\"inLanguage\":\"en-CA\",\"potentialAction\":[{\"@type\":\"ReadAction\",\"target\":[\"https:\\\/\\\/jupitermachinerie.ca\\\/produits\\\/produit\\\/perceuse-a-colonne-erlo-gp40-50\\\/\"]}]},{\"@type\":\"ImageObject\",\"inLanguage\":\"en-CA\",\"@id\":\"https:\\\/\\\/jupitermachinerie.ca\\\/produits\\\/produit\\\/perceuse-a-colonne-erlo-gp40-50\\\/#primaryimage\",\"url\":\"https:\\\/\\\/jupitermachinerie.ca\\\/produits\\\/wp-content\\\/uploads\\\/2025\\\/07\\\/Erlo-GP40-50-Main-scaled.jpg\",\"contentUrl\":\"https:\\\/\\\/jupitermachinerie.ca\\\/produits\\\/wp-content\\\/uploads\\\/2025\\\/07\\\/Erlo-GP40-50-Main-scaled.jpg\",\"width\":1707,\"height\":2560},{\"@type\":\"BreadcrumbList\",\"@id\":\"https:\\\/\\\/jupitermachinerie.ca\\\/produits\\\/produit\\\/perceuse-a-colonne-erlo-gp40-50\\\/#breadcrumb\",\"itemListElement\":[{\"@type\":\"ListItem\",\"position\":1,\"name\":\"Accueil\",\"item\":\"https:\\\/\\\/jupitermachinerie.ca\\\/produits\\\/\"},{\"@type\":\"ListItem\",\"position\":2,\"name\":\"Boutique\",\"item\":\"https:\\\/\\\/jupitermachinerie.ca\\\/produits\\\/boutique\\\/\"},{\"@type\":\"ListItem\",\"position\":3,\"name\":\"Perceuse \u00e0 colonne Erlo GP40-50\"}]},{\"@type\":\"WebSite\",\"@id\":\"https:\\\/\\\/jupitermachinerie.ca\\\/produits\\\/#website\",\"url\":\"https:\\\/\\\/jupitermachinerie.ca\\\/produits\\\/\",\"name\":\"Jupiter machinerie\",\"description\":\"\",\"publisher\":{\"@id\":\"https:\\\/\\\/jupitermachinerie.ca\\\/produits\\\/#organization\"},\"potentialAction\":[{\"@type\":\"SearchAction\",\"target\":{\"@type\":\"EntryPoint\",\"urlTemplate\":\"https:\\\/\\\/jupitermachinerie.ca\\\/produits\\\/?s={search_term_string}\"},\"query-input\":{\"@type\":\"PropertyValueSpecification\",\"valueRequired\":true,\"valueName\":\"search_term_string\"}}],\"inLanguage\":\"en-CA\"},{\"@type\":\"Organization\",\"@id\":\"https:\\\/\\\/jupitermachinerie.ca\\\/produits\\\/#organization\",\"name\":\"Jupiter machinerie\",\"url\":\"https:\\\/\\\/jupitermachinerie.ca\\\/produits\\\/\",\"logo\":{\"@type\":\"ImageObject\",\"inLanguage\":\"en-CA\",\"@id\":\"https:\\\/\\\/jupitermachinerie.ca\\\/produits\\\/#\\\/schema\\\/logo\\\/image\\\/\",\"url\":\"https:\\\/\\\/jupitermachinerie.ca\\\/produits\\\/wp-content\\\/uploads\\\/2026\\\/03\\\/LOGOfinal-copie1.jpg\",\"contentUrl\":\"https:\\\/\\\/jupitermachinerie.ca\\\/produits\\\/wp-content\\\/uploads\\\/2026\\\/03\\\/LOGOfinal-copie1.jpg\",\"width\":602,\"height\":334,\"caption\":\"Jupiter machinerie\"},\"image\":{\"@id\":\"https:\\\/\\\/jupitermachinerie.ca\\\/produits\\\/#\\\/schema\\\/logo\\\/image\\\/\"},\"sameAs\":[\"https:\\\/\\\/www.facebook.com\\\/jupiter.machinerie\",\"https:\\\/\\\/www.linkedin.com\\\/company\\\/jupitermachinerie\"]}]}<\/script>\n<!-- \/ Yoast SEO Premium plugin. -->","yoast_head_json":{"title":"Perceuse \u00e0 colonne Erlo GP40-50 - Jupiter machinerie","description":"La perceuse \u00e0 colonne id\u00e9ale pour votre atelier de maintenance. Produit fabriqu\u00e9 en Espagne. Qualit\u00e9, robustesse et pr\u00e9cision.","robots":{"index":"index","follow":"follow","max-snippet":"max-snippet:-1","max-image-preview":"max-image-preview:large","max-video-preview":"max-video-preview:-1"},"canonical":"https:\/\/jupitermachinerie.ca\/produits\/en\/product\/perceuse-a-colonne-erlo-gp40-50\/","og_locale":"en_US","og_type":"article","og_title":"Perceuse \u00e0 colonne Erlo GP40-50","og_description":"La perceuse \u00e0 colonne id\u00e9ale pour votre atelier de maintenance. Produit fabriqu\u00e9 en Espagne. Qualit\u00e9, robustesse et pr\u00e9cision.","og_url":"https:\/\/jupitermachinerie.ca\/produits\/en\/product\/perceuse-a-colonne-erlo-gp40-50\/","og_site_name":"Jupiter machinerie","article_publisher":"https:\/\/www.facebook.com\/jupiter.machinerie","article_modified_time":"2025-07-21T12:57:20+00:00","og_image":[{"width":1707,"height":2560,"url":"https:\/\/jupitermachinerie.ca\/produits\/wp-content\/uploads\/2025\/07\/Erlo-GP40-50-Main-scaled.jpg","type":"image\/jpeg"}],"twitter_card":"summary_large_image","twitter_misc":{"Est. reading time":"1 minute"},"schema":{"@context":"https:\/\/schema.org","@graph":[{"@type":"WebPage","@id":"https:\/\/jupitermachinerie.ca\/produits\/produit\/perceuse-a-colonne-erlo-gp40-50\/","url":"https:\/\/jupitermachinerie.ca\/produits\/produit\/perceuse-a-colonne-erlo-gp40-50\/","name":"Perceuse \u00e0 colonne Erlo GP40-50 - Jupiter machinerie","isPartOf":{"@id":"https:\/\/jupitermachinerie.ca\/produits\/#website"},"primaryImageOfPage":{"@id":"https:\/\/jupitermachinerie.ca\/produits\/produit\/perceuse-a-colonne-erlo-gp40-50\/#primaryimage"},"image":{"@id":"https:\/\/jupitermachinerie.ca\/produits\/produit\/perceuse-a-colonne-erlo-gp40-50\/#primaryimage"},"thumbnailUrl":"https:\/\/jupitermachinerie.ca\/produits\/wp-content\/uploads\/2025\/07\/Erlo-GP40-50-Main-scaled.jpg","datePublished":"2025-07-21T12:50:44+00:00","dateModified":"2025-07-21T12:57:20+00:00","description":"La perceuse \u00e0 colonne id\u00e9ale pour votre atelier de maintenance. Produit fabriqu\u00e9 en Espagne. Qualit\u00e9, robustesse et pr\u00e9cision.","breadcrumb":{"@id":"https:\/\/jupitermachinerie.ca\/produits\/produit\/perceuse-a-colonne-erlo-gp40-50\/#breadcrumb"},"inLanguage":"en-CA","potentialAction":[{"@type":"ReadAction","target":["https:\/\/jupitermachinerie.ca\/produits\/produit\/perceuse-a-colonne-erlo-gp40-50\/"]}]},{"@type":"ImageObject","inLanguage":"en-CA","@id":"https:\/\/jupitermachinerie.ca\/produits\/produit\/perceuse-a-colonne-erlo-gp40-50\/#primaryimage","url":"https:\/\/jupitermachinerie.ca\/produits\/wp-content\/uploads\/2025\/07\/Erlo-GP40-50-Main-scaled.jpg","contentUrl":"https:\/\/jupitermachinerie.ca\/produits\/wp-content\/uploads\/2025\/07\/Erlo-GP40-50-Main-scaled.jpg","width":1707,"height":2560},{"@type":"BreadcrumbList","@id":"https:\/\/jupitermachinerie.ca\/produits\/produit\/perceuse-a-colonne-erlo-gp40-50\/#breadcrumb","itemListElement":[{"@type":"ListItem","position":1,"name":"Accueil","item":"https:\/\/jupitermachinerie.ca\/produits\/"},{"@type":"ListItem","position":2,"name":"Boutique","item":"https:\/\/jupitermachinerie.ca\/produits\/boutique\/"},{"@type":"ListItem","position":3,"name":"Perceuse \u00e0 colonne Erlo GP40-50"}]},{"@type":"WebSite","@id":"https:\/\/jupitermachinerie.ca\/produits\/#website","url":"https:\/\/jupitermachinerie.ca\/produits\/","name":"Jupiter machinery","description":"","publisher":{"@id":"https:\/\/jupitermachinerie.ca\/produits\/#organization"},"potentialAction":[{"@type":"SearchAction","target":{"@type":"EntryPoint","urlTemplate":"https:\/\/jupitermachinerie.ca\/produits\/?s={search_term_string}"},"query-input":{"@type":"PropertyValueSpecification","valueRequired":true,"valueName":"search_term_string"}}],"inLanguage":"en-CA"},{"@type":"Organization","@id":"https:\/\/jupitermachinerie.ca\/produits\/#organization","name":"Jupiter machinery","url":"https:\/\/jupitermachinerie.ca\/produits\/","logo":{"@type":"ImageObject","inLanguage":"en-CA","@id":"https:\/\/jupitermachinerie.ca\/produits\/#\/schema\/logo\/image\/","url":"https:\/\/jupitermachinerie.ca\/produits\/wp-content\/uploads\/2026\/03\/LOGOfinal-copie1.jpg","contentUrl":"https:\/\/jupitermachinerie.ca\/produits\/wp-content\/uploads\/2026\/03\/LOGOfinal-copie1.jpg","width":602,"height":334,"caption":"Jupiter machinerie"},"image":{"@id":"https:\/\/jupitermachinerie.ca\/produits\/#\/schema\/logo\/image\/"},"sameAs":["https:\/\/www.facebook.com\/jupiter.machinerie","https:\/\/www.linkedin.com\/company\/jupitermachinerie"]}]}},"_links":{"self":[{"href":"https:\/\/jupitermachinerie.ca\/produits\/en\/wp-json\/wp\/v2\/product\/262488","targetHints":{"allow":["GET"]}}],"collection":[{"href":"https:\/\/jupitermachinerie.ca\/produits\/en\/wp-json\/wp\/v2\/product"}],"about":[{"href":"https:\/\/jupitermachinerie.ca\/produits\/en\/wp-json\/wp\/v2\/types\/product"}],"wp:featuredmedia":[{"embeddable":true,"href":"https:\/\/jupitermachinerie.ca\/produits\/en\/wp-json\/wp\/v2\/media\/262489"}],"wp:attachment":[{"href":"https:\/\/jupitermachinerie.ca\/produits\/en\/wp-json\/wp\/v2\/media?parent=262488"}],"wp:term":[{"taxonomy":"product_brand","embeddable":true,"href":"https:\/\/jupitermachinerie.ca\/produits\/en\/wp-json\/wp\/v2\/product_brand?post=262488"},{"taxonomy":"product_cat","embeddable":true,"href":"https:\/\/jupitermachinerie.ca\/produits\/en\/wp-json\/wp\/v2\/product_cat?post=262488"},{"taxonomy":"product_tag","embeddable":true,"href":"https:\/\/jupitermachinerie.ca\/produits\/en\/wp-json\/wp\/v2\/product_tag?post=262488"}],"curies":[{"name":"wp","href":"https:\/\/api.w.org\/{rel}","templated":true}]}}