{"id":262498,"date":"2025-07-21T10:57:11","date_gmt":"2025-07-21T14:57:11","guid":{"rendered":"https:\/\/jupitermachinerie.ca\/produits\/?post_type=product&#038;p=262498"},"modified":"2025-07-21T10:57:11","modified_gmt":"2025-07-21T14:57:11","slug":"profileuse-panneaux-slate","status":"publish","type":"product","link":"https:\/\/jupitermachinerie.ca\/produits\/en\/product\/profileuse-panneaux-slate\/","title":{"rendered":"Profileuse panneaux Slate"},"content":{"rendered":"<p>La profileuse \u00e0 panneaux Slate de Profiilikeskus vous permet de produire \u00e0 grand volume des panneaux muraux en acier avec un effet de brique et de panneaux de toiture avec un effet ardoise.<\/p>\n<p>Les panneaux sont faciles et rapides \u00e0 installer.<\/p>\n<h3><\/h3>\n<h3>Toiture en t\u00f4le imitation ardoise<\/h3>\n<p>Le panneau de toiture <strong>Slate<\/strong> reproduit fid\u00e8lement l\u2019apparence des toitures traditionnelles en ardoise tout en offrant les nombreux avantages des couvertures en acier modernes. La machine permet \u00e9galement la fabrication de pi\u00e8ces de jonction, con\u00e7ues pour produire des \u00e9l\u00e9ments de toiture de longueur standard. Chaque panneau est dot\u00e9 de rebords qui se replient pour former, avec la pi\u00e8ce de jonction, un joint parfaitement invisible. Des rouleaux de gaufrage int\u00e9gr\u00e9s accentuent l\u2019effet ardoise pour un rendu encore plus r\u00e9aliste.<\/p>\n<h3>Panneaux muraux effet brique<\/h3>\n<p>Cette m\u00eame machine permet aussi la production de <strong>panneaux muraux de haute qualit\u00e9 \u00e0 motif brique<\/strong>. Gr\u00e2ce \u00e0 un profil ing\u00e9nieux, chaque panneau s\u2019embo\u00eete avec celui du dessous de fa\u00e7on \u00e9tanche, ne n\u00e9cessitant la fixation que d\u2019un seul c\u00f4t\u00e9.<\/p>\n<h3>Production multiformat sur une seule machine<\/h3>\n<p>La profileuse <strong>Slate<\/strong> peut r\u00e9aliser quatre largeurs diff\u00e9rentes de panneaux muraux effet brique, en plus des panneaux de toiture imitation ardoise et des pi\u00e8ces de jonction. Les largeurs de bande ont \u00e9t\u00e9 optimis\u00e9es pour limiter les pertes lors du refendage des bobines pleine largeur.<\/p>\n<p>Le changement de format se fait rapidement et sans effort. De plus, l\u2019effet brique peut \u00eatre ajust\u00e9 en modifiant le r\u00e9glage des rouleaux de gaufrage.<\/p>\n<h3>\u00c9quipements compl\u00e9mentaires pour la production en s\u00e9rie<\/h3>\n<p>En plus de la <strong>d\u00e9rouleuse<\/strong>, essentielle au fonctionnement de la machine, <strong>Profiilikeskus<\/strong> propose des solutions robotis\u00e9es d\u2019emballage, id\u00e9ales pour une production industrielle de panneaux ardoise et muraux effet brique.<\/p>\n<p>Enfin, Profiilikeskus peut \u00e9galement vous fournir une <strong>ligne automatis\u00e9e de refendage de bobines<\/strong>, vous permettant d\u2019acheter uniquement des bobines pleine largeur et de produire vous-m\u00eame les largeurs n\u00e9cessaires.<\/p>\n<p>&nbsp;<\/p>","protected":false},"excerpt":{"rendered":"<p>La profileuse \u00e0 panneaux Slate de Profiilikeskus vous permet de [&hellip;]<\/p>","protected":false},"featured_media":262499,"template":"","meta":[],"product_brand":[],"product_cat":[38],"product_tag":[],"class_list":{"0":"post-262498","1":"product","2":"type-product","3":"status-publish","4":"has-post-thumbnail","6":"product_cat-profileuses","8":"first","9":"instock","10":"shipping-taxable","11":"product-type-simple"},"yoast_head":"<!-- This site is optimized with the Yoast SEO Premium plugin v27.1 (Yoast SEO v27.3) - https:\/\/yoast.com\/product\/yoast-seo-premium-wordpress\/ -->\n<title>Profileuse panneaux Slate - Jupiter machinerie<\/title>\n<meta name=\"description\" content=\"Profileuse \u00e0 panneaux muraux et panneaux de toiture. Panneau m\u00e9tallique de type ardoise et panneau de type mur de brique.\" \/>\n<meta name=\"robots\" content=\"index, follow, max-snippet:-1, max-image-preview:large, max-video-preview:-1\" \/>\n<link rel=\"canonical\" href=\"https:\/\/jupitermachinerie.ca\/produits\/en\/product\/profileuse-panneaux-slate\/\" \/>\n<meta property=\"og:locale\" content=\"en_US\" \/>\n<meta property=\"og:type\" content=\"article\" \/>\n<meta property=\"og:title\" content=\"Profileuse panneaux Slate\" \/>\n<meta property=\"og:description\" content=\"Profileuse \u00e0 panneaux muraux et panneaux de toiture. Panneau m\u00e9tallique de type ardoise et panneau de type mur de brique.\" \/>\n<meta property=\"og:url\" content=\"https:\/\/jupitermachinerie.ca\/produits\/en\/product\/profileuse-panneaux-slate\/\" \/>\n<meta property=\"og:site_name\" content=\"Jupiter machinerie\" \/>\n<meta property=\"article:publisher\" content=\"https:\/\/www.facebook.com\/jupiter.machinerie\" \/>\n<meta property=\"og:image\" content=\"https:\/\/jupitermachinerie.ca\/produits\/wp-content\/uploads\/2025\/07\/machine-panneau-ardoise.jpg\" \/>\n\t<meta property=\"og:image:width\" content=\"500\" \/>\n\t<meta property=\"og:image:height\" content=\"313\" \/>\n\t<meta property=\"og:image:type\" content=\"image\/jpeg\" \/>\n<meta name=\"twitter:card\" content=\"summary_large_image\" \/>\n<meta name=\"twitter:label1\" content=\"Est. reading time\" \/>\n\t<meta name=\"twitter:data1\" content=\"1 minute\" \/>\n<script type=\"application\/ld+json\" class=\"yoast-schema-graph\">{\"@context\":\"https:\\\/\\\/schema.org\",\"@graph\":[{\"@type\":\"WebPage\",\"@id\":\"https:\\\/\\\/jupitermachinerie.ca\\\/produits\\\/produit\\\/profileuse-panneaux-slate\\\/\",\"url\":\"https:\\\/\\\/jupitermachinerie.ca\\\/produits\\\/produit\\\/profileuse-panneaux-slate\\\/\",\"name\":\"Profileuse panneaux Slate - Jupiter machinerie\",\"isPartOf\":{\"@id\":\"https:\\\/\\\/jupitermachinerie.ca\\\/produits\\\/#website\"},\"primaryImageOfPage\":{\"@id\":\"https:\\\/\\\/jupitermachinerie.ca\\\/produits\\\/produit\\\/profileuse-panneaux-slate\\\/#primaryimage\"},\"image\":{\"@id\":\"https:\\\/\\\/jupitermachinerie.ca\\\/produits\\\/produit\\\/profileuse-panneaux-slate\\\/#primaryimage\"},\"thumbnailUrl\":\"https:\\\/\\\/jupitermachinerie.ca\\\/produits\\\/wp-content\\\/uploads\\\/2025\\\/07\\\/machine-panneau-ardoise.jpg\",\"datePublished\":\"2025-07-21T14:57:11+00:00\",\"description\":\"Profileuse \u00e0 panneaux muraux et panneaux de toiture. Panneau m\u00e9tallique de type ardoise et panneau de type mur de brique.\",\"breadcrumb\":{\"@id\":\"https:\\\/\\\/jupitermachinerie.ca\\\/produits\\\/produit\\\/profileuse-panneaux-slate\\\/#breadcrumb\"},\"inLanguage\":\"en-CA\",\"potentialAction\":[{\"@type\":\"ReadAction\",\"target\":[\"https:\\\/\\\/jupitermachinerie.ca\\\/produits\\\/produit\\\/profileuse-panneaux-slate\\\/\"]}]},{\"@type\":\"ImageObject\",\"inLanguage\":\"en-CA\",\"@id\":\"https:\\\/\\\/jupitermachinerie.ca\\\/produits\\\/produit\\\/profileuse-panneaux-slate\\\/#primaryimage\",\"url\":\"https:\\\/\\\/jupitermachinerie.ca\\\/produits\\\/wp-content\\\/uploads\\\/2025\\\/07\\\/machine-panneau-ardoise.jpg\",\"contentUrl\":\"https:\\\/\\\/jupitermachinerie.ca\\\/produits\\\/wp-content\\\/uploads\\\/2025\\\/07\\\/machine-panneau-ardoise.jpg\",\"width\":500,\"height\":313},{\"@type\":\"BreadcrumbList\",\"@id\":\"https:\\\/\\\/jupitermachinerie.ca\\\/produits\\\/produit\\\/profileuse-panneaux-slate\\\/#breadcrumb\",\"itemListElement\":[{\"@type\":\"ListItem\",\"position\":1,\"name\":\"Accueil\",\"item\":\"https:\\\/\\\/jupitermachinerie.ca\\\/produits\\\/\"},{\"@type\":\"ListItem\",\"position\":2,\"name\":\"Boutique\",\"item\":\"https:\\\/\\\/jupitermachinerie.ca\\\/produits\\\/boutique\\\/\"},{\"@type\":\"ListItem\",\"position\":3,\"name\":\"Profileuse panneaux Slate\"}]},{\"@type\":\"WebSite\",\"@id\":\"https:\\\/\\\/jupitermachinerie.ca\\\/produits\\\/#website\",\"url\":\"https:\\\/\\\/jupitermachinerie.ca\\\/produits\\\/\",\"name\":\"Jupiter machinerie\",\"description\":\"\",\"publisher\":{\"@id\":\"https:\\\/\\\/jupitermachinerie.ca\\\/produits\\\/#organization\"},\"potentialAction\":[{\"@type\":\"SearchAction\",\"target\":{\"@type\":\"EntryPoint\",\"urlTemplate\":\"https:\\\/\\\/jupitermachinerie.ca\\\/produits\\\/?s={search_term_string}\"},\"query-input\":{\"@type\":\"PropertyValueSpecification\",\"valueRequired\":true,\"valueName\":\"search_term_string\"}}],\"inLanguage\":\"en-CA\"},{\"@type\":\"Organization\",\"@id\":\"https:\\\/\\\/jupitermachinerie.ca\\\/produits\\\/#organization\",\"name\":\"Jupiter machinerie\",\"url\":\"https:\\\/\\\/jupitermachinerie.ca\\\/produits\\\/\",\"logo\":{\"@type\":\"ImageObject\",\"inLanguage\":\"en-CA\",\"@id\":\"https:\\\/\\\/jupitermachinerie.ca\\\/produits\\\/#\\\/schema\\\/logo\\\/image\\\/\",\"url\":\"https:\\\/\\\/jupitermachinerie.ca\\\/produits\\\/wp-content\\\/uploads\\\/2026\\\/03\\\/LOGOfinal-copie1.jpg\",\"contentUrl\":\"https:\\\/\\\/jupitermachinerie.ca\\\/produits\\\/wp-content\\\/uploads\\\/2026\\\/03\\\/LOGOfinal-copie1.jpg\",\"width\":602,\"height\":334,\"caption\":\"Jupiter machinerie\"},\"image\":{\"@id\":\"https:\\\/\\\/jupitermachinerie.ca\\\/produits\\\/#\\\/schema\\\/logo\\\/image\\\/\"},\"sameAs\":[\"https:\\\/\\\/www.facebook.com\\\/jupiter.machinerie\",\"https:\\\/\\\/www.linkedin.com\\\/company\\\/jupitermachinerie\"]}]}<\/script>\n<!-- \/ Yoast SEO Premium plugin. -->","yoast_head_json":{"title":"Profileuse panneaux Slate - Jupiter machinerie","description":"Profileuse \u00e0 panneaux muraux et panneaux de toiture. Panneau m\u00e9tallique de type ardoise et panneau de type mur de brique.","robots":{"index":"index","follow":"follow","max-snippet":"max-snippet:-1","max-image-preview":"max-image-preview:large","max-video-preview":"max-video-preview:-1"},"canonical":"https:\/\/jupitermachinerie.ca\/produits\/en\/product\/profileuse-panneaux-slate\/","og_locale":"en_US","og_type":"article","og_title":"Profileuse panneaux Slate","og_description":"Profileuse \u00e0 panneaux muraux et panneaux de toiture. Panneau m\u00e9tallique de type ardoise et panneau de type mur de brique.","og_url":"https:\/\/jupitermachinerie.ca\/produits\/en\/product\/profileuse-panneaux-slate\/","og_site_name":"Jupiter machinerie","article_publisher":"https:\/\/www.facebook.com\/jupiter.machinerie","og_image":[{"width":500,"height":313,"url":"https:\/\/jupitermachinerie.ca\/produits\/wp-content\/uploads\/2025\/07\/machine-panneau-ardoise.jpg","type":"image\/jpeg"}],"twitter_card":"summary_large_image","twitter_misc":{"Est. reading time":"1 minute"},"schema":{"@context":"https:\/\/schema.org","@graph":[{"@type":"WebPage","@id":"https:\/\/jupitermachinerie.ca\/produits\/produit\/profileuse-panneaux-slate\/","url":"https:\/\/jupitermachinerie.ca\/produits\/produit\/profileuse-panneaux-slate\/","name":"Profileuse panneaux Slate - Jupiter machinerie","isPartOf":{"@id":"https:\/\/jupitermachinerie.ca\/produits\/#website"},"primaryImageOfPage":{"@id":"https:\/\/jupitermachinerie.ca\/produits\/produit\/profileuse-panneaux-slate\/#primaryimage"},"image":{"@id":"https:\/\/jupitermachinerie.ca\/produits\/produit\/profileuse-panneaux-slate\/#primaryimage"},"thumbnailUrl":"https:\/\/jupitermachinerie.ca\/produits\/wp-content\/uploads\/2025\/07\/machine-panneau-ardoise.jpg","datePublished":"2025-07-21T14:57:11+00:00","description":"Profileuse \u00e0 panneaux muraux et panneaux de toiture. Panneau m\u00e9tallique de type ardoise et panneau de type mur de brique.","breadcrumb":{"@id":"https:\/\/jupitermachinerie.ca\/produits\/produit\/profileuse-panneaux-slate\/#breadcrumb"},"inLanguage":"en-CA","potentialAction":[{"@type":"ReadAction","target":["https:\/\/jupitermachinerie.ca\/produits\/produit\/profileuse-panneaux-slate\/"]}]},{"@type":"ImageObject","inLanguage":"en-CA","@id":"https:\/\/jupitermachinerie.ca\/produits\/produit\/profileuse-panneaux-slate\/#primaryimage","url":"https:\/\/jupitermachinerie.ca\/produits\/wp-content\/uploads\/2025\/07\/machine-panneau-ardoise.jpg","contentUrl":"https:\/\/jupitermachinerie.ca\/produits\/wp-content\/uploads\/2025\/07\/machine-panneau-ardoise.jpg","width":500,"height":313},{"@type":"BreadcrumbList","@id":"https:\/\/jupitermachinerie.ca\/produits\/produit\/profileuse-panneaux-slate\/#breadcrumb","itemListElement":[{"@type":"ListItem","position":1,"name":"Accueil","item":"https:\/\/jupitermachinerie.ca\/produits\/"},{"@type":"ListItem","position":2,"name":"Boutique","item":"https:\/\/jupitermachinerie.ca\/produits\/boutique\/"},{"@type":"ListItem","position":3,"name":"Profileuse panneaux Slate"}]},{"@type":"WebSite","@id":"https:\/\/jupitermachinerie.ca\/produits\/#website","url":"https:\/\/jupitermachinerie.ca\/produits\/","name":"Jupiter machinery","description":"","publisher":{"@id":"https:\/\/jupitermachinerie.ca\/produits\/#organization"},"potentialAction":[{"@type":"SearchAction","target":{"@type":"EntryPoint","urlTemplate":"https:\/\/jupitermachinerie.ca\/produits\/?s={search_term_string}"},"query-input":{"@type":"PropertyValueSpecification","valueRequired":true,"valueName":"search_term_string"}}],"inLanguage":"en-CA"},{"@type":"Organization","@id":"https:\/\/jupitermachinerie.ca\/produits\/#organization","name":"Jupiter machinery","url":"https:\/\/jupitermachinerie.ca\/produits\/","logo":{"@type":"ImageObject","inLanguage":"en-CA","@id":"https:\/\/jupitermachinerie.ca\/produits\/#\/schema\/logo\/image\/","url":"https:\/\/jupitermachinerie.ca\/produits\/wp-content\/uploads\/2026\/03\/LOGOfinal-copie1.jpg","contentUrl":"https:\/\/jupitermachinerie.ca\/produits\/wp-content\/uploads\/2026\/03\/LOGOfinal-copie1.jpg","width":602,"height":334,"caption":"Jupiter machinerie"},"image":{"@id":"https:\/\/jupitermachinerie.ca\/produits\/#\/schema\/logo\/image\/"},"sameAs":["https:\/\/www.facebook.com\/jupiter.machinerie","https:\/\/www.linkedin.com\/company\/jupitermachinerie"]}]}},"_links":{"self":[{"href":"https:\/\/jupitermachinerie.ca\/produits\/en\/wp-json\/wp\/v2\/product\/262498","targetHints":{"allow":["GET"]}}],"collection":[{"href":"https:\/\/jupitermachinerie.ca\/produits\/en\/wp-json\/wp\/v2\/product"}],"about":[{"href":"https:\/\/jupitermachinerie.ca\/produits\/en\/wp-json\/wp\/v2\/types\/product"}],"wp:featuredmedia":[{"embeddable":true,"href":"https:\/\/jupitermachinerie.ca\/produits\/en\/wp-json\/wp\/v2\/media\/262499"}],"wp:attachment":[{"href":"https:\/\/jupitermachinerie.ca\/produits\/en\/wp-json\/wp\/v2\/media?parent=262498"}],"wp:term":[{"taxonomy":"product_brand","embeddable":true,"href":"https:\/\/jupitermachinerie.ca\/produits\/en\/wp-json\/wp\/v2\/product_brand?post=262498"},{"taxonomy":"product_cat","embeddable":true,"href":"https:\/\/jupitermachinerie.ca\/produits\/en\/wp-json\/wp\/v2\/product_cat?post=262498"},{"taxonomy":"product_tag","embeddable":true,"href":"https:\/\/jupitermachinerie.ca\/produits\/en\/wp-json\/wp\/v2\/product_tag?post=262498"}],"curies":[{"name":"wp","href":"https:\/\/api.w.org\/{rel}","templated":true}]}}