{"id":262539,"date":"2025-10-08T09:34:05","date_gmt":"2025-10-08T13:34:05","guid":{"rendered":"https:\/\/jupitermachinerie.ca\/produits\/?post_type=product&#038;p=262539"},"modified":"2025-10-08T09:39:32","modified_gmt":"2025-10-08T13:39:32","slug":"cisailles-guillotines-electriques-cgi-a-bae-4m-x-1-2mm","status":"publish","type":"product","link":"https:\/\/jupitermachinerie.ca\/produits\/en\/product\/cisailles-guillotines-electriques-cgi-a-bae-4m-x-1-2mm\/","title":{"rendered":"Shear Electric CGI-A-BAE 4M X 1.2mm"},"content":{"rendered":"<h2 id=\"description\" class=\"h2-product\">Cisaille \u00e9lectrique 4 M x 1.2 mm, but\u00e9e AR \u00e9lectrique 5-750 mm, contr\u00f4le num\u00e9rique<\/h2>\n<h3 class=\"h3-product\"><strong>\u00a0Standard equipment<\/strong><\/h3>\n<ul>\n<li>Table avant de largeur 300 mm et de hauteur 800 mm, rainur\u00e9e tous les 10 mm pour faciliter les coupes sans appui sur la but\u00e9e<\/li>\n<li>Table avant escamotable + 480 mm pour les grands formats<\/li>\n<li>Support de t\u00f4le arri\u00e8re escamotable 120 mm (hors option peigne)<\/li>\n<li>But\u00e9e d\u2019\u00e9querrage gradu\u00e9e \u00e0 gauche 300 mm, \u00e0 droite 500 mm<\/li>\n<li>But\u00e9e arri\u00e8re \u00e9lectrique \u00e0 courroie pilot\u00e9e par la CN,<br \/>\ncourse de 5 \u00e0 750 mm et dispositif de conicit\u00e9<\/li>\n<li>Serre t\u00f4le automatique<\/li>\n<li>Commande par p\u00e9dale<\/li>\n<li>Lames monoblocs r\u00e9versibles 1 fois<\/li>\n<li>Compteur de coups avec remise \u00e0 0<\/li>\n<li>Cellules photo\u00e9lectriques permettant l\u2019acc\u00e8s en toute s\u00e9curit\u00e9<br \/>\n\u00e0 l\u2019arri\u00e8re de la machine<\/li>\n<li>\u00c9clairage puissant de la ligne de coupe par ruban LED int\u00e9gr\u00e9 dans le presse t\u00f4le (\u00e9clairage permanent, meilleure visibilit\u00e9)<\/li>\n<li>Anneaux d\u2019\u00e9lingage<\/li>\n<\/ul>\n<h3 class=\"h3-product\"><strong>\u00a0Les points forts :<\/strong><\/h3>\n<ul>\n<li>Cisaille de derni\u00e8re g\u00e9n\u00e9ration, rigidit\u00e9 renforc\u00e9e<\/li>\n<li>Puissance et qualit\u00e9 de coupe<\/li>\n<li>Optimis\u00e9e pour la production en s\u00e9rie<\/li>\n<li>\u00c9clairage permanent et puissant de la ligne de coupe<br \/>\npar LED int\u00e9gr\u00e9 dans le presse t\u00f4le<\/li>\n<li>Grande visibilit\u00e9 des lames pour la coupe au trac\u00e9<\/li>\n<li>Commande num\u00e9rique intuitive avec \u00e9cran tactile 7\u2019\u2019<\/li>\n<li>Programmation rapide des longueurs et quantit\u00e9s<\/li>\n<li>But\u00e9e arri\u00e8re \u00e9lectrique \u00e0 d\u00e9placement rapide,<br \/>\ncourse de 5 \u00e0 750 mm<\/li>\n<li>R\u00e9glage de la largeur de coupe<\/li>\n<li>Pupitre de commande sur potence orientable en option<\/li>\n<li>Origine France Garantie<\/li>\n<\/ul>\n<h3 class=\"h3-product\"><strong>\u00a0Commande num\u00e9rique :<\/strong><\/h3>\n<ul>\n<li>Commande sur \u00e9cran tactile couleur 7&Prime;<\/li>\n<li>Programmation intuitive facile d&rsquo;utilisation<\/li>\n<li>Menu auto pour de la s\u00e9rie ou mode manuel coup par coup<\/li>\n<li>R\u00e9glage de la longueur de cisaillage permettant d&rsquo;augmenter<br \/>\nles cadences de coupes<\/li>\n<li>Gestion de la maintenance pr\u00e9ventive de la machine<\/li>\n<li>T\u00e9l\u00e9maintenance<\/li>\n<\/ul>","protected":false},"excerpt":{"rendered":"<p>Cisaille guillotine \u00e9lectrique d&rsquo;atelier r\u00e9f\u00e9rence CGI4080A-BAE, longueur utile de coupe 4 M, capacit\u00e9 acier 1,2 mm, contr\u00f4le par commande num\u00e9rique avec \u00e9cran tactile 7&Prime;, but\u00e9e arri\u00e8re \u00e9lectrique, course de 5 \u00e0 750 mm, but\u00e9es d&rsquo;\u00e9querrages, table avant escamotable<\/p>","protected":false},"featured_media":262526,"template":"","meta":[],"product_brand":[176],"product_cat":[23],"product_tag":[177],"class_list":{"0":"post-262539","1":"product","2":"type-product","3":"status-publish","4":"has-post-thumbnail","6":"product_brand-jouanel","7":"product_cat-cisailles","8":"product_tag-jouanel","10":"first","11":"instock","12":"shipping-taxable","13":"product-type-simple"},"yoast_head":"<!-- This site is optimized with the Yoast SEO Premium plugin v27.1 (Yoast SEO v27.3) - https:\/\/yoast.com\/product\/yoast-seo-premium-wordpress\/ -->\n<title>Cisailles Guillotines \u00c9lectriques CGI-A-BAE 4M X 1.2mm - Jupiter machinerie<\/title>\n<meta name=\"description\" content=\"Cisaille guillotine \u00e9lectrique \/ shear avec but\u00e9e arri\u00e8re. Syst\u00e8me de serrage automatique, commande num\u00e9rique 7&#039;&#039;,lames monoblocs r\u00e9versible 1x. 4M x 1.2mm\" \/>\n<meta name=\"robots\" content=\"index, follow, max-snippet:-1, max-image-preview:large, max-video-preview:-1\" \/>\n<link rel=\"canonical\" href=\"https:\/\/jupitermachinerie.ca\/produits\/en\/product\/cisailles-guillotines-electriques-cgi-a-bae-4m-x-1-2mm\/\" \/>\n<meta property=\"og:locale\" content=\"en_US\" \/>\n<meta property=\"og:type\" content=\"article\" \/>\n<meta property=\"og:title\" content=\"Cisailles Guillotines \u00c9lectriques CGI-A-BAE 4M X 1.2mm\" \/>\n<meta property=\"og:description\" content=\"Cisaille guillotine \u00e9lectrique \/ shear avec but\u00e9e arri\u00e8re. Syst\u00e8me de serrage automatique, commande num\u00e9rique 7&#039;&#039;,lames monoblocs r\u00e9versible 1x. 4M x 1.2mm\" \/>\n<meta property=\"og:url\" content=\"https:\/\/jupitermachinerie.ca\/produits\/en\/product\/cisailles-guillotines-electriques-cgi-a-bae-4m-x-1-2mm\/\" \/>\n<meta property=\"og:site_name\" content=\"Jupiter machinerie\" \/>\n<meta property=\"article:publisher\" content=\"https:\/\/www.facebook.com\/jupiter.machinerie\" \/>\n<meta property=\"article:modified_time\" content=\"2025-10-08T13:39:32+00:00\" \/>\n<meta property=\"og:image\" content=\"https:\/\/jupitermachinerie.ca\/produits\/wp-content\/uploads\/2025\/10\/800x450___cisaille-electrique-2-m-x-2-mm-butee-ar-electrique-750-mm-controle-numerique-1_gabarit-cgi3080a-bae.jpg\" \/>\n\t<meta property=\"og:image:width\" content=\"800\" \/>\n\t<meta property=\"og:image:height\" content=\"450\" \/>\n\t<meta property=\"og:image:type\" content=\"image\/jpeg\" \/>\n<meta name=\"twitter:card\" content=\"summary_large_image\" \/>\n<meta name=\"twitter:label1\" content=\"Est. reading time\" \/>\n\t<meta name=\"twitter:data1\" content=\"2 minutes\" \/>\n<script type=\"application\/ld+json\" class=\"yoast-schema-graph\">{\"@context\":\"https:\\\/\\\/schema.org\",\"@graph\":[{\"@type\":\"WebPage\",\"@id\":\"https:\\\/\\\/jupitermachinerie.ca\\\/produits\\\/produit\\\/cisailles-guillotines-electriques-cgi-a-bae-4m-x-1-2mm\\\/\",\"url\":\"https:\\\/\\\/jupitermachinerie.ca\\\/produits\\\/produit\\\/cisailles-guillotines-electriques-cgi-a-bae-4m-x-1-2mm\\\/\",\"name\":\"Cisailles Guillotines \u00c9lectriques CGI-A-BAE 4M X 1.2mm - Jupiter machinerie\",\"isPartOf\":{\"@id\":\"https:\\\/\\\/jupitermachinerie.ca\\\/produits\\\/#website\"},\"primaryImageOfPage\":{\"@id\":\"https:\\\/\\\/jupitermachinerie.ca\\\/produits\\\/produit\\\/cisailles-guillotines-electriques-cgi-a-bae-4m-x-1-2mm\\\/#primaryimage\"},\"image\":{\"@id\":\"https:\\\/\\\/jupitermachinerie.ca\\\/produits\\\/produit\\\/cisailles-guillotines-electriques-cgi-a-bae-4m-x-1-2mm\\\/#primaryimage\"},\"thumbnailUrl\":\"https:\\\/\\\/jupitermachinerie.ca\\\/produits\\\/wp-content\\\/uploads\\\/2025\\\/10\\\/800x450___cisaille-electrique-2-m-x-2-mm-butee-ar-electrique-750-mm-controle-numerique-1_gabarit-cgi3080a-bae.jpg\",\"datePublished\":\"2025-10-08T13:34:05+00:00\",\"dateModified\":\"2025-10-08T13:39:32+00:00\",\"description\":\"Cisaille guillotine \u00e9lectrique \\\/ shear avec but\u00e9e arri\u00e8re. Syst\u00e8me de serrage automatique, commande num\u00e9rique 7'',lames monoblocs r\u00e9versible 1x. 4M x 1.2mm\",\"breadcrumb\":{\"@id\":\"https:\\\/\\\/jupitermachinerie.ca\\\/produits\\\/produit\\\/cisailles-guillotines-electriques-cgi-a-bae-4m-x-1-2mm\\\/#breadcrumb\"},\"inLanguage\":\"en-CA\",\"potentialAction\":[{\"@type\":\"ReadAction\",\"target\":[\"https:\\\/\\\/jupitermachinerie.ca\\\/produits\\\/produit\\\/cisailles-guillotines-electriques-cgi-a-bae-4m-x-1-2mm\\\/\"]}]},{\"@type\":\"ImageObject\",\"inLanguage\":\"en-CA\",\"@id\":\"https:\\\/\\\/jupitermachinerie.ca\\\/produits\\\/produit\\\/cisailles-guillotines-electriques-cgi-a-bae-4m-x-1-2mm\\\/#primaryimage\",\"url\":\"https:\\\/\\\/jupitermachinerie.ca\\\/produits\\\/wp-content\\\/uploads\\\/2025\\\/10\\\/800x450___cisaille-electrique-2-m-x-2-mm-butee-ar-electrique-750-mm-controle-numerique-1_gabarit-cgi3080a-bae.jpg\",\"contentUrl\":\"https:\\\/\\\/jupitermachinerie.ca\\\/produits\\\/wp-content\\\/uploads\\\/2025\\\/10\\\/800x450___cisaille-electrique-2-m-x-2-mm-butee-ar-electrique-750-mm-controle-numerique-1_gabarit-cgi3080a-bae.jpg\",\"width\":800,\"height\":450},{\"@type\":\"BreadcrumbList\",\"@id\":\"https:\\\/\\\/jupitermachinerie.ca\\\/produits\\\/produit\\\/cisailles-guillotines-electriques-cgi-a-bae-4m-x-1-2mm\\\/#breadcrumb\",\"itemListElement\":[{\"@type\":\"ListItem\",\"position\":1,\"name\":\"Accueil\",\"item\":\"https:\\\/\\\/jupitermachinerie.ca\\\/produits\\\/\"},{\"@type\":\"ListItem\",\"position\":2,\"name\":\"Boutique\",\"item\":\"https:\\\/\\\/jupitermachinerie.ca\\\/produits\\\/boutique\\\/\"},{\"@type\":\"ListItem\",\"position\":3,\"name\":\"Cisailles Guillotines \u00c9lectriques CGI-A-BAE 4M X 1.2mm\"}]},{\"@type\":\"WebSite\",\"@id\":\"https:\\\/\\\/jupitermachinerie.ca\\\/produits\\\/#website\",\"url\":\"https:\\\/\\\/jupitermachinerie.ca\\\/produits\\\/\",\"name\":\"Jupiter machinerie\",\"description\":\"\",\"publisher\":{\"@id\":\"https:\\\/\\\/jupitermachinerie.ca\\\/produits\\\/#organization\"},\"potentialAction\":[{\"@type\":\"SearchAction\",\"target\":{\"@type\":\"EntryPoint\",\"urlTemplate\":\"https:\\\/\\\/jupitermachinerie.ca\\\/produits\\\/?s={search_term_string}\"},\"query-input\":{\"@type\":\"PropertyValueSpecification\",\"valueRequired\":true,\"valueName\":\"search_term_string\"}}],\"inLanguage\":\"en-CA\"},{\"@type\":\"Organization\",\"@id\":\"https:\\\/\\\/jupitermachinerie.ca\\\/produits\\\/#organization\",\"name\":\"Jupiter machinerie\",\"url\":\"https:\\\/\\\/jupitermachinerie.ca\\\/produits\\\/\",\"logo\":{\"@type\":\"ImageObject\",\"inLanguage\":\"en-CA\",\"@id\":\"https:\\\/\\\/jupitermachinerie.ca\\\/produits\\\/#\\\/schema\\\/logo\\\/image\\\/\",\"url\":\"https:\\\/\\\/jupitermachinerie.ca\\\/produits\\\/wp-content\\\/uploads\\\/2026\\\/03\\\/LOGOfinal-copie1.jpg\",\"contentUrl\":\"https:\\\/\\\/jupitermachinerie.ca\\\/produits\\\/wp-content\\\/uploads\\\/2026\\\/03\\\/LOGOfinal-copie1.jpg\",\"width\":602,\"height\":334,\"caption\":\"Jupiter machinerie\"},\"image\":{\"@id\":\"https:\\\/\\\/jupitermachinerie.ca\\\/produits\\\/#\\\/schema\\\/logo\\\/image\\\/\"},\"sameAs\":[\"https:\\\/\\\/www.facebook.com\\\/jupiter.machinerie\",\"https:\\\/\\\/www.linkedin.com\\\/company\\\/jupitermachinerie\"]}]}<\/script>\n<!-- \/ Yoast SEO Premium plugin. -->","yoast_head_json":{"title":"Cisailles Guillotines \u00c9lectriques CGI-A-BAE 4M X 1.2mm - Jupiter machinerie","description":"Cisaille guillotine \u00e9lectrique \/ shear avec but\u00e9e arri\u00e8re. Syst\u00e8me de serrage automatique, commande num\u00e9rique 7'',lames monoblocs r\u00e9versible 1x. 4M x 1.2mm","robots":{"index":"index","follow":"follow","max-snippet":"max-snippet:-1","max-image-preview":"max-image-preview:large","max-video-preview":"max-video-preview:-1"},"canonical":"https:\/\/jupitermachinerie.ca\/produits\/en\/product\/cisailles-guillotines-electriques-cgi-a-bae-4m-x-1-2mm\/","og_locale":"en_US","og_type":"article","og_title":"Cisailles Guillotines \u00c9lectriques CGI-A-BAE 4M X 1.2mm","og_description":"Cisaille guillotine \u00e9lectrique \/ shear avec but\u00e9e arri\u00e8re. Syst\u00e8me de serrage automatique, commande num\u00e9rique 7'',lames monoblocs r\u00e9versible 1x. 4M x 1.2mm","og_url":"https:\/\/jupitermachinerie.ca\/produits\/en\/product\/cisailles-guillotines-electriques-cgi-a-bae-4m-x-1-2mm\/","og_site_name":"Jupiter machinerie","article_publisher":"https:\/\/www.facebook.com\/jupiter.machinerie","article_modified_time":"2025-10-08T13:39:32+00:00","og_image":[{"width":800,"height":450,"url":"https:\/\/jupitermachinerie.ca\/produits\/wp-content\/uploads\/2025\/10\/800x450___cisaille-electrique-2-m-x-2-mm-butee-ar-electrique-750-mm-controle-numerique-1_gabarit-cgi3080a-bae.jpg","type":"image\/jpeg"}],"twitter_card":"summary_large_image","twitter_misc":{"Est. reading time":"2 minutes"},"schema":{"@context":"https:\/\/schema.org","@graph":[{"@type":"WebPage","@id":"https:\/\/jupitermachinerie.ca\/produits\/produit\/cisailles-guillotines-electriques-cgi-a-bae-4m-x-1-2mm\/","url":"https:\/\/jupitermachinerie.ca\/produits\/produit\/cisailles-guillotines-electriques-cgi-a-bae-4m-x-1-2mm\/","name":"Cisailles Guillotines \u00c9lectriques CGI-A-BAE 4M X 1.2mm - Jupiter machinerie","isPartOf":{"@id":"https:\/\/jupitermachinerie.ca\/produits\/#website"},"primaryImageOfPage":{"@id":"https:\/\/jupitermachinerie.ca\/produits\/produit\/cisailles-guillotines-electriques-cgi-a-bae-4m-x-1-2mm\/#primaryimage"},"image":{"@id":"https:\/\/jupitermachinerie.ca\/produits\/produit\/cisailles-guillotines-electriques-cgi-a-bae-4m-x-1-2mm\/#primaryimage"},"thumbnailUrl":"https:\/\/jupitermachinerie.ca\/produits\/wp-content\/uploads\/2025\/10\/800x450___cisaille-electrique-2-m-x-2-mm-butee-ar-electrique-750-mm-controle-numerique-1_gabarit-cgi3080a-bae.jpg","datePublished":"2025-10-08T13:34:05+00:00","dateModified":"2025-10-08T13:39:32+00:00","description":"Cisaille guillotine \u00e9lectrique \/ shear avec but\u00e9e arri\u00e8re. Syst\u00e8me de serrage automatique, commande num\u00e9rique 7'',lames monoblocs r\u00e9versible 1x. 4M x 1.2mm","breadcrumb":{"@id":"https:\/\/jupitermachinerie.ca\/produits\/produit\/cisailles-guillotines-electriques-cgi-a-bae-4m-x-1-2mm\/#breadcrumb"},"inLanguage":"en-CA","potentialAction":[{"@type":"ReadAction","target":["https:\/\/jupitermachinerie.ca\/produits\/produit\/cisailles-guillotines-electriques-cgi-a-bae-4m-x-1-2mm\/"]}]},{"@type":"ImageObject","inLanguage":"en-CA","@id":"https:\/\/jupitermachinerie.ca\/produits\/produit\/cisailles-guillotines-electriques-cgi-a-bae-4m-x-1-2mm\/#primaryimage","url":"https:\/\/jupitermachinerie.ca\/produits\/wp-content\/uploads\/2025\/10\/800x450___cisaille-electrique-2-m-x-2-mm-butee-ar-electrique-750-mm-controle-numerique-1_gabarit-cgi3080a-bae.jpg","contentUrl":"https:\/\/jupitermachinerie.ca\/produits\/wp-content\/uploads\/2025\/10\/800x450___cisaille-electrique-2-m-x-2-mm-butee-ar-electrique-750-mm-controle-numerique-1_gabarit-cgi3080a-bae.jpg","width":800,"height":450},{"@type":"BreadcrumbList","@id":"https:\/\/jupitermachinerie.ca\/produits\/produit\/cisailles-guillotines-electriques-cgi-a-bae-4m-x-1-2mm\/#breadcrumb","itemListElement":[{"@type":"ListItem","position":1,"name":"Accueil","item":"https:\/\/jupitermachinerie.ca\/produits\/"},{"@type":"ListItem","position":2,"name":"Boutique","item":"https:\/\/jupitermachinerie.ca\/produits\/boutique\/"},{"@type":"ListItem","position":3,"name":"Cisailles Guillotines \u00c9lectriques CGI-A-BAE 4M X 1.2mm"}]},{"@type":"WebSite","@id":"https:\/\/jupitermachinerie.ca\/produits\/#website","url":"https:\/\/jupitermachinerie.ca\/produits\/","name":"Jupiter machinery","description":"","publisher":{"@id":"https:\/\/jupitermachinerie.ca\/produits\/#organization"},"potentialAction":[{"@type":"SearchAction","target":{"@type":"EntryPoint","urlTemplate":"https:\/\/jupitermachinerie.ca\/produits\/?s={search_term_string}"},"query-input":{"@type":"PropertyValueSpecification","valueRequired":true,"valueName":"search_term_string"}}],"inLanguage":"en-CA"},{"@type":"Organization","@id":"https:\/\/jupitermachinerie.ca\/produits\/#organization","name":"Jupiter machinery","url":"https:\/\/jupitermachinerie.ca\/produits\/","logo":{"@type":"ImageObject","inLanguage":"en-CA","@id":"https:\/\/jupitermachinerie.ca\/produits\/#\/schema\/logo\/image\/","url":"https:\/\/jupitermachinerie.ca\/produits\/wp-content\/uploads\/2026\/03\/LOGOfinal-copie1.jpg","contentUrl":"https:\/\/jupitermachinerie.ca\/produits\/wp-content\/uploads\/2026\/03\/LOGOfinal-copie1.jpg","width":602,"height":334,"caption":"Jupiter machinerie"},"image":{"@id":"https:\/\/jupitermachinerie.ca\/produits\/#\/schema\/logo\/image\/"},"sameAs":["https:\/\/www.facebook.com\/jupiter.machinerie","https:\/\/www.linkedin.com\/company\/jupitermachinerie"]}]}},"_links":{"self":[{"href":"https:\/\/jupitermachinerie.ca\/produits\/en\/wp-json\/wp\/v2\/product\/262539","targetHints":{"allow":["GET"]}}],"collection":[{"href":"https:\/\/jupitermachinerie.ca\/produits\/en\/wp-json\/wp\/v2\/product"}],"about":[{"href":"https:\/\/jupitermachinerie.ca\/produits\/en\/wp-json\/wp\/v2\/types\/product"}],"wp:featuredmedia":[{"embeddable":true,"href":"https:\/\/jupitermachinerie.ca\/produits\/en\/wp-json\/wp\/v2\/media\/262526"}],"wp:attachment":[{"href":"https:\/\/jupitermachinerie.ca\/produits\/en\/wp-json\/wp\/v2\/media?parent=262539"}],"wp:term":[{"taxonomy":"product_brand","embeddable":true,"href":"https:\/\/jupitermachinerie.ca\/produits\/en\/wp-json\/wp\/v2\/product_brand?post=262539"},{"taxonomy":"product_cat","embeddable":true,"href":"https:\/\/jupitermachinerie.ca\/produits\/en\/wp-json\/wp\/v2\/product_cat?post=262539"},{"taxonomy":"product_tag","embeddable":true,"href":"https:\/\/jupitermachinerie.ca\/produits\/en\/wp-json\/wp\/v2\/product_tag?post=262539"}],"curies":[{"name":"wp","href":"https:\/\/api.w.org\/{rel}","templated":true}]}}