{"id":262546,"date":"2025-10-14T12:03:34","date_gmt":"2025-10-14T16:03:34","guid":{"rendered":"https:\/\/jupitermachinerie.ca\/produits\/?post_type=product&#038;p=262546"},"modified":"2025-10-14T12:15:39","modified_gmt":"2025-10-14T16:15:39","slug":"profileuse-ntm-ssq-3","status":"publish","type":"product","link":"https:\/\/jupitermachinerie.ca\/produits\/en\/product\/profileuse-ntm-ssq-3\/","title":{"rendered":"Profileuse NTM SSQ 3"},"content":{"rendered":"<p>Multi-profile panel machine for residential\/commercial roofs and walls.<\/p>\n<p>La SSQ3\u2122 MultiPro est arriv\u00e9e et va r\u00e9volutionner votre fa\u00e7on de concevoir le profilage portable.<br \/>\nOn dirait un argumentaire commercial, non\u00a0? Nos ing\u00e9nieurs ont travaill\u00e9 activement sur de nouvelles fonctionnalit\u00e9s, rendant la machine la plus vendue de NTM plus s\u00fbre, plus intelligente et plus efficace que jamais.<\/p>\n<p>La SSQ3 reprend tous les atouts de la SSQ II\u2122, d\u00e9j\u00e0 reconnue par les entrepreneurs\u00a0: sa fiabilit\u00e9, sa polyvalence pour l&rsquo;utilisation de 16 profils de joints debout et de panneaux muraux en option, et offre tout ce que vous attendiez\u00a0: une meilleure visibilit\u00e9, des r\u00e9glages plus rapides, une maintenance simplifi\u00e9e et une s\u00e9curit\u00e9 renforc\u00e9e.<\/p>\n<h4>Avantages du SSQ3 pour votre entreprise de profilage de m\u00e9taux\u00a0:<br \/>\nFonctionnement plus s\u00fbr, alertes plus claires<\/h4>\n<ul>\n<li>\u00a0Les carters d&rsquo;engrenages d&rsquo;entra\u00eenement scell\u00e9s renforcent la s\u00e9curit\u00e9 et bloquent les d\u00e9bris.<\/li>\n<li>Les capteurs RFID sur le contr\u00f4leur indiquent pr\u00e9cis\u00e9ment quel carter est ouvert.<\/li>\n<li>Le stroboscope d&rsquo;avertissement de cisaillement fournit un signal lumineux et visible avant et pendant les cycles.<\/li>\n<li>La protection inf\u00e9rieure am\u00e9lior\u00e9e limite l&rsquo;acc\u00e8s manuel ; l&rsquo;entonnoir \u00e0 limaces contr\u00f4le les chutes pour des sols plus propres et plus s\u00fbrs.<\/li>\n<\/ul>\n<h4>Installations et changements plus rapides et sans outil<\/h4>\n<ul>\n<li>Les tiges de guidage et le cadre \u00e0 rouleaux nervur\u00e9s \u00e0 changement rapide utilisent de grandes poign\u00e9es \u00e0 main : aucun outil, moins de pi\u00e8ces d\u00e9tach\u00e9es.<\/li>\n<li>Le cadre \u00e0 rouleaux nervur\u00e9s suspendu se maintient automatiquement pendant la fixation, r\u00e9duisant ainsi les efforts et le temps d&rsquo;installation.<\/li>\n<li>La porte d&rsquo;entr\u00e9e de l&rsquo;encocheuse (si \u00e9quip\u00e9e) offre un acc\u00e8s sans outil pour un r\u00e9glage pr\u00e9cis et rapide lors des changements de largeur de bobine.<\/li>\n<\/ul>\n<h4>Entretien plus rapide et plus propre<\/h4>\n<ul>\n<li>Les raccords Zerk d\u00e9port\u00e9s permettent de dissimuler les points de graissage \u00e0 l&rsquo;ext\u00e9rieur : pas besoin de retirer le couvercle, moins de salet\u00e9.<\/li>\n<li>Les couvercles d&rsquo;engrenages \u00e9tanches avec hublots d&rsquo;inspection permettent un contr\u00f4le visuel rapide de l&rsquo;\u00e9tat des engrenages.<\/li>\n<\/ul>\n<h4>Une meilleure visibilit\u00e9 l\u00e0 o\u00f9 c&rsquo;est important<\/h4>\n<ul>\n<li>Huit LED \u00e0 haut rendement et faible intensit\u00e9 \u00e9clairent les zones du rouleau \u00e0 nervures, du perforateur, de la cisaille et du ch\u00e2ssis. Les \u00e9clairages sont compatibles avec les dispositifs LOTO\u00a0: aliment\u00e9s c\u00f4t\u00e9 entr\u00e9e, vous permettant d&rsquo;\u00e9clairer l&rsquo;int\u00e9rieur pendant la consignation.<\/li>\n<\/ul>\n<h4>Fiabilit\u00e9 et disponibilit\u00e9 accrues<\/h4>\n<ul>\n<li>La protection contre les contaminants et la lubrification simplifi\u00e9e prolongent la dur\u00e9e de vie des engrenages, des roulements et du lubrifiant.<\/li>\n<li>La r\u00e9duction des op\u00e9rations de maintenance manqu\u00e9es, des diagnostics plus rapides et un entretien plus propre r\u00e9duisent les temps d&rsquo;arr\u00eat.<\/li>\n<\/ul>\n<p><strong>**Trailer not included<\/strong><\/p>\n<p>&nbsp;<\/p>\n<h2>Quelles sont les principales diff\u00e9rences entre la SSQ II et la nouvelle SSQ III\u00a0?<\/h2>\n<p>La SSQ3 est \u00e9quip\u00e9e de couvercles de pignons d&rsquo;entra\u00eenement \u00e9tanches avec hublots d&rsquo;inspection, de raccords Zerk d\u00e9port\u00e9s pour un graissage plus facile, de huit \u00e9clairages int\u00e9rieurs \u00e0 LED avec interrupteur ext\u00e9rieur, de capteurs RFID sur le couvercle avec diagnostic int\u00e9gr\u00e9 au contr\u00f4leur, d&rsquo;une porte d&rsquo;acc\u00e8s \u00e0 l&rsquo;encocheuse sans outil (si \u00e9quip\u00e9e), d&rsquo;un avertisseur de cisaillement stroboscopique, de tiges de guidage \u00e0 changement rapide avec rangement int\u00e9gr\u00e9 et d&rsquo;un cadre de rouleau \u00e0 nervures \u00e0 changement rapide avec fonction d&rsquo;accrochage. Ces am\u00e9liorations am\u00e9liorent la visibilit\u00e9 de l&rsquo;op\u00e9rateur, acc\u00e9l\u00e8rent les changements de format, simplifient la maintenance et renforcent la s\u00e9curit\u00e9 sans compromettre la qualit\u00e9 de fabrication.<\/p>","protected":false},"excerpt":{"rendered":"<p>Machine \u00e0 panneaux multi profils pour toitures et murs r\u00e9sidentiels\/commerciaux. [&hellip;]<\/p>","protected":false},"featured_media":262547,"template":"","meta":[],"product_brand":[],"product_cat":[42,38],"product_tag":[115],"class_list":{"0":"post-262546","1":"product","2":"type-product","3":"status-publish","4":"has-post-thumbnail","6":"product_cat-equipements-speciaux","7":"product_cat-profileuses","8":"product_tag-newtechmachinery","10":"first","11":"instock","12":"shipping-taxable","13":"product-type-simple"},"yoast_head":"<!-- This site is optimized with the Yoast SEO Premium plugin v27.1 (Yoast SEO v27.3) - https:\/\/yoast.com\/product\/yoast-seo-premium-wordpress\/ -->\n<title>Profileuse NTM SSQ 3 - Jupiter machinerie<\/title>\n<meta name=\"description\" content=\"Machine \u00e0 panneaux multi profils pour toitures et murs r\u00e9sidentiels\/commerciaux.La SSQ3\u2122 MultiPro est arriv\u00e9e et va r\u00e9volutionner votre fa\u00e7on de concevoir le profilage portable.\" \/>\n<meta name=\"robots\" content=\"index, follow, max-snippet:-1, max-image-preview:large, max-video-preview:-1\" \/>\n<link rel=\"canonical\" href=\"https:\/\/jupitermachinerie.ca\/produits\/en\/product\/profileuse-ntm-ssq-3\/\" \/>\n<meta property=\"og:locale\" content=\"en_US\" \/>\n<meta property=\"og:type\" content=\"article\" \/>\n<meta property=\"og:title\" content=\"Profileuse NTM SSQ 3\" \/>\n<meta property=\"og:description\" content=\"Machine \u00e0 panneaux multi profils pour toitures et murs r\u00e9sidentiels\/commerciaux.La SSQ3\u2122 MultiPro est arriv\u00e9e et va r\u00e9volutionner votre fa\u00e7on de concevoir le profilage portable.\" \/>\n<meta property=\"og:url\" content=\"https:\/\/jupitermachinerie.ca\/produits\/en\/product\/profileuse-ntm-ssq-3\/\" \/>\n<meta property=\"og:site_name\" content=\"Jupiter machinerie\" \/>\n<meta property=\"article:publisher\" content=\"https:\/\/www.facebook.com\/jupiter.machinerie\" \/>\n<meta property=\"article:modified_time\" content=\"2025-10-14T16:15:39+00:00\" \/>\n<meta property=\"og:image\" content=\"https:\/\/jupitermachinerie.ca\/produits\/wp-content\/uploads\/2025\/10\/SSQ3-rendered-scaled-1.png\" \/>\n\t<meta property=\"og:image:width\" content=\"2560\" \/>\n\t<meta property=\"og:image:height\" content=\"1378\" \/>\n\t<meta property=\"og:image:type\" content=\"image\/png\" \/>\n<meta name=\"twitter:card\" content=\"summary_large_image\" \/>\n<meta name=\"twitter:label1\" content=\"Est. reading time\" \/>\n\t<meta name=\"twitter:data1\" content=\"3 minutes\" \/>\n<script type=\"application\/ld+json\" class=\"yoast-schema-graph\">{\"@context\":\"https:\\\/\\\/schema.org\",\"@graph\":[{\"@type\":\"WebPage\",\"@id\":\"https:\\\/\\\/jupitermachinerie.ca\\\/produits\\\/produit\\\/profileuse-ntm-ssq-3\\\/\",\"url\":\"https:\\\/\\\/jupitermachinerie.ca\\\/produits\\\/produit\\\/profileuse-ntm-ssq-3\\\/\",\"name\":\"Profileuse NTM SSQ 3 - Jupiter machinerie\",\"isPartOf\":{\"@id\":\"https:\\\/\\\/jupitermachinerie.ca\\\/produits\\\/#website\"},\"primaryImageOfPage\":{\"@id\":\"https:\\\/\\\/jupitermachinerie.ca\\\/produits\\\/produit\\\/profileuse-ntm-ssq-3\\\/#primaryimage\"},\"image\":{\"@id\":\"https:\\\/\\\/jupitermachinerie.ca\\\/produits\\\/produit\\\/profileuse-ntm-ssq-3\\\/#primaryimage\"},\"thumbnailUrl\":\"https:\\\/\\\/jupitermachinerie.ca\\\/produits\\\/wp-content\\\/uploads\\\/2025\\\/10\\\/SSQ3-rendered-scaled-1.png\",\"datePublished\":\"2025-10-14T16:03:34+00:00\",\"dateModified\":\"2025-10-14T16:15:39+00:00\",\"description\":\"Machine \u00e0 panneaux multi profils pour toitures et murs r\u00e9sidentiels\\\/commerciaux.La SSQ3\u2122 MultiPro est arriv\u00e9e et va r\u00e9volutionner votre fa\u00e7on de concevoir le profilage portable.\",\"breadcrumb\":{\"@id\":\"https:\\\/\\\/jupitermachinerie.ca\\\/produits\\\/produit\\\/profileuse-ntm-ssq-3\\\/#breadcrumb\"},\"inLanguage\":\"en-CA\",\"potentialAction\":[{\"@type\":\"ReadAction\",\"target\":[\"https:\\\/\\\/jupitermachinerie.ca\\\/produits\\\/produit\\\/profileuse-ntm-ssq-3\\\/\"]}]},{\"@type\":\"ImageObject\",\"inLanguage\":\"en-CA\",\"@id\":\"https:\\\/\\\/jupitermachinerie.ca\\\/produits\\\/produit\\\/profileuse-ntm-ssq-3\\\/#primaryimage\",\"url\":\"https:\\\/\\\/jupitermachinerie.ca\\\/produits\\\/wp-content\\\/uploads\\\/2025\\\/10\\\/SSQ3-rendered-scaled-1.png\",\"contentUrl\":\"https:\\\/\\\/jupitermachinerie.ca\\\/produits\\\/wp-content\\\/uploads\\\/2025\\\/10\\\/SSQ3-rendered-scaled-1.png\",\"width\":2560,\"height\":1378},{\"@type\":\"BreadcrumbList\",\"@id\":\"https:\\\/\\\/jupitermachinerie.ca\\\/produits\\\/produit\\\/profileuse-ntm-ssq-3\\\/#breadcrumb\",\"itemListElement\":[{\"@type\":\"ListItem\",\"position\":1,\"name\":\"Accueil\",\"item\":\"https:\\\/\\\/jupitermachinerie.ca\\\/produits\\\/\"},{\"@type\":\"ListItem\",\"position\":2,\"name\":\"Boutique\",\"item\":\"https:\\\/\\\/jupitermachinerie.ca\\\/produits\\\/boutique\\\/\"},{\"@type\":\"ListItem\",\"position\":3,\"name\":\"Profileuse NTM SSQ 3\"}]},{\"@type\":\"WebSite\",\"@id\":\"https:\\\/\\\/jupitermachinerie.ca\\\/produits\\\/#website\",\"url\":\"https:\\\/\\\/jupitermachinerie.ca\\\/produits\\\/\",\"name\":\"Jupiter machinerie\",\"description\":\"\",\"publisher\":{\"@id\":\"https:\\\/\\\/jupitermachinerie.ca\\\/produits\\\/#organization\"},\"potentialAction\":[{\"@type\":\"SearchAction\",\"target\":{\"@type\":\"EntryPoint\",\"urlTemplate\":\"https:\\\/\\\/jupitermachinerie.ca\\\/produits\\\/?s={search_term_string}\"},\"query-input\":{\"@type\":\"PropertyValueSpecification\",\"valueRequired\":true,\"valueName\":\"search_term_string\"}}],\"inLanguage\":\"en-CA\"},{\"@type\":\"Organization\",\"@id\":\"https:\\\/\\\/jupitermachinerie.ca\\\/produits\\\/#organization\",\"name\":\"Jupiter machinerie\",\"url\":\"https:\\\/\\\/jupitermachinerie.ca\\\/produits\\\/\",\"logo\":{\"@type\":\"ImageObject\",\"inLanguage\":\"en-CA\",\"@id\":\"https:\\\/\\\/jupitermachinerie.ca\\\/produits\\\/#\\\/schema\\\/logo\\\/image\\\/\",\"url\":\"https:\\\/\\\/jupitermachinerie.ca\\\/produits\\\/wp-content\\\/uploads\\\/2026\\\/03\\\/LOGOfinal-copie1.jpg\",\"contentUrl\":\"https:\\\/\\\/jupitermachinerie.ca\\\/produits\\\/wp-content\\\/uploads\\\/2026\\\/03\\\/LOGOfinal-copie1.jpg\",\"width\":602,\"height\":334,\"caption\":\"Jupiter machinerie\"},\"image\":{\"@id\":\"https:\\\/\\\/jupitermachinerie.ca\\\/produits\\\/#\\\/schema\\\/logo\\\/image\\\/\"},\"sameAs\":[\"https:\\\/\\\/www.facebook.com\\\/jupiter.machinerie\",\"https:\\\/\\\/www.linkedin.com\\\/company\\\/jupitermachinerie\"]}]}<\/script>\n<!-- \/ Yoast SEO Premium plugin. -->","yoast_head_json":{"title":"Profileuse NTM SSQ 3 - Jupiter machinerie","description":"Machine \u00e0 panneaux multi profils pour toitures et murs r\u00e9sidentiels\/commerciaux.La SSQ3\u2122 MultiPro est arriv\u00e9e et va r\u00e9volutionner votre fa\u00e7on de concevoir le profilage portable.","robots":{"index":"index","follow":"follow","max-snippet":"max-snippet:-1","max-image-preview":"max-image-preview:large","max-video-preview":"max-video-preview:-1"},"canonical":"https:\/\/jupitermachinerie.ca\/produits\/en\/product\/profileuse-ntm-ssq-3\/","og_locale":"en_US","og_type":"article","og_title":"Profileuse NTM SSQ 3","og_description":"Machine \u00e0 panneaux multi profils pour toitures et murs r\u00e9sidentiels\/commerciaux.La SSQ3\u2122 MultiPro est arriv\u00e9e et va r\u00e9volutionner votre fa\u00e7on de concevoir le profilage portable.","og_url":"https:\/\/jupitermachinerie.ca\/produits\/en\/product\/profileuse-ntm-ssq-3\/","og_site_name":"Jupiter machinerie","article_publisher":"https:\/\/www.facebook.com\/jupiter.machinerie","article_modified_time":"2025-10-14T16:15:39+00:00","og_image":[{"width":2560,"height":1378,"url":"https:\/\/jupitermachinerie.ca\/produits\/wp-content\/uploads\/2025\/10\/SSQ3-rendered-scaled-1.png","type":"image\/png"}],"twitter_card":"summary_large_image","twitter_misc":{"Est. reading time":"3 minutes"},"schema":{"@context":"https:\/\/schema.org","@graph":[{"@type":"WebPage","@id":"https:\/\/jupitermachinerie.ca\/produits\/produit\/profileuse-ntm-ssq-3\/","url":"https:\/\/jupitermachinerie.ca\/produits\/produit\/profileuse-ntm-ssq-3\/","name":"Profileuse NTM SSQ 3 - Jupiter machinerie","isPartOf":{"@id":"https:\/\/jupitermachinerie.ca\/produits\/#website"},"primaryImageOfPage":{"@id":"https:\/\/jupitermachinerie.ca\/produits\/produit\/profileuse-ntm-ssq-3\/#primaryimage"},"image":{"@id":"https:\/\/jupitermachinerie.ca\/produits\/produit\/profileuse-ntm-ssq-3\/#primaryimage"},"thumbnailUrl":"https:\/\/jupitermachinerie.ca\/produits\/wp-content\/uploads\/2025\/10\/SSQ3-rendered-scaled-1.png","datePublished":"2025-10-14T16:03:34+00:00","dateModified":"2025-10-14T16:15:39+00:00","description":"Machine \u00e0 panneaux multi profils pour toitures et murs r\u00e9sidentiels\/commerciaux.La SSQ3\u2122 MultiPro est arriv\u00e9e et va r\u00e9volutionner votre fa\u00e7on de concevoir le profilage portable.","breadcrumb":{"@id":"https:\/\/jupitermachinerie.ca\/produits\/produit\/profileuse-ntm-ssq-3\/#breadcrumb"},"inLanguage":"en-CA","potentialAction":[{"@type":"ReadAction","target":["https:\/\/jupitermachinerie.ca\/produits\/produit\/profileuse-ntm-ssq-3\/"]}]},{"@type":"ImageObject","inLanguage":"en-CA","@id":"https:\/\/jupitermachinerie.ca\/produits\/produit\/profileuse-ntm-ssq-3\/#primaryimage","url":"https:\/\/jupitermachinerie.ca\/produits\/wp-content\/uploads\/2025\/10\/SSQ3-rendered-scaled-1.png","contentUrl":"https:\/\/jupitermachinerie.ca\/produits\/wp-content\/uploads\/2025\/10\/SSQ3-rendered-scaled-1.png","width":2560,"height":1378},{"@type":"BreadcrumbList","@id":"https:\/\/jupitermachinerie.ca\/produits\/produit\/profileuse-ntm-ssq-3\/#breadcrumb","itemListElement":[{"@type":"ListItem","position":1,"name":"Accueil","item":"https:\/\/jupitermachinerie.ca\/produits\/"},{"@type":"ListItem","position":2,"name":"Boutique","item":"https:\/\/jupitermachinerie.ca\/produits\/boutique\/"},{"@type":"ListItem","position":3,"name":"Profileuse NTM SSQ 3"}]},{"@type":"WebSite","@id":"https:\/\/jupitermachinerie.ca\/produits\/#website","url":"https:\/\/jupitermachinerie.ca\/produits\/","name":"Jupiter machinery","description":"","publisher":{"@id":"https:\/\/jupitermachinerie.ca\/produits\/#organization"},"potentialAction":[{"@type":"SearchAction","target":{"@type":"EntryPoint","urlTemplate":"https:\/\/jupitermachinerie.ca\/produits\/?s={search_term_string}"},"query-input":{"@type":"PropertyValueSpecification","valueRequired":true,"valueName":"search_term_string"}}],"inLanguage":"en-CA"},{"@type":"Organization","@id":"https:\/\/jupitermachinerie.ca\/produits\/#organization","name":"Jupiter machinery","url":"https:\/\/jupitermachinerie.ca\/produits\/","logo":{"@type":"ImageObject","inLanguage":"en-CA","@id":"https:\/\/jupitermachinerie.ca\/produits\/#\/schema\/logo\/image\/","url":"https:\/\/jupitermachinerie.ca\/produits\/wp-content\/uploads\/2026\/03\/LOGOfinal-copie1.jpg","contentUrl":"https:\/\/jupitermachinerie.ca\/produits\/wp-content\/uploads\/2026\/03\/LOGOfinal-copie1.jpg","width":602,"height":334,"caption":"Jupiter machinerie"},"image":{"@id":"https:\/\/jupitermachinerie.ca\/produits\/#\/schema\/logo\/image\/"},"sameAs":["https:\/\/www.facebook.com\/jupiter.machinerie","https:\/\/www.linkedin.com\/company\/jupitermachinerie"]}]}},"_links":{"self":[{"href":"https:\/\/jupitermachinerie.ca\/produits\/en\/wp-json\/wp\/v2\/product\/262546","targetHints":{"allow":["GET"]}}],"collection":[{"href":"https:\/\/jupitermachinerie.ca\/produits\/en\/wp-json\/wp\/v2\/product"}],"about":[{"href":"https:\/\/jupitermachinerie.ca\/produits\/en\/wp-json\/wp\/v2\/types\/product"}],"wp:featuredmedia":[{"embeddable":true,"href":"https:\/\/jupitermachinerie.ca\/produits\/en\/wp-json\/wp\/v2\/media\/262547"}],"wp:attachment":[{"href":"https:\/\/jupitermachinerie.ca\/produits\/en\/wp-json\/wp\/v2\/media?parent=262546"}],"wp:term":[{"taxonomy":"product_brand","embeddable":true,"href":"https:\/\/jupitermachinerie.ca\/produits\/en\/wp-json\/wp\/v2\/product_brand?post=262546"},{"taxonomy":"product_cat","embeddable":true,"href":"https:\/\/jupitermachinerie.ca\/produits\/en\/wp-json\/wp\/v2\/product_cat?post=262546"},{"taxonomy":"product_tag","embeddable":true,"href":"https:\/\/jupitermachinerie.ca\/produits\/en\/wp-json\/wp\/v2\/product_tag?post=262546"}],"curies":[{"name":"wp","href":"https:\/\/api.w.org\/{rel}","templated":true}]}}