{"id":21,"date":"2024-01-24T13:38:05","date_gmt":"2024-01-24T18:38:05","guid":{"rendered":"https:\/\/jupitermachinerie.ca\/produits\/?page_id=21"},"modified":"2026-03-12T14:08:41","modified_gmt":"2026-03-12T18:08:41","slug":"cisaille","status":"publish","type":"page","link":"https:\/\/jupitermachinerie.ca\/produits\/equipements\/cisaille\/","title":{"rendered":"Cisailles"},"content":{"rendered":"<div class=\"fusion-fullwidth fullwidth-box fusion-builder-row-1 fusion-flex-container has-pattern-background has-mask-background nonhundred-percent-fullwidth non-hundred-percent-height-scrolling\" style=\"--awb-border-radius-top-left:0px;--awb-border-radius-top-right:0px;--awb-border-radius-bottom-right:0px;--awb-border-radius-bottom-left:0px;--awb-flex-wrap:wrap;\" ><div class=\"fusion-builder-row fusion-row fusion-flex-align-items-flex-start fusion-flex-content-wrap\" style=\"max-width:1248px;margin-left: calc(-4% \/ 2 );margin-right: calc(-4% \/ 2 );\"><div class=\"fusion-layout-column fusion_builder_column fusion-builder-column-0 fusion_builder_column_1_3 1_3 fusion-flex-column\" style=\"--awb-bg-size:cover;--awb-width-large:33.333333333333%;--awb-margin-top-large:0px;--awb-spacing-right-large:5.76%;--awb-margin-bottom-large:20px;--awb-spacing-left-large:5.76%;--awb-width-medium:33.333333333333%;--awb-order-medium:0;--awb-spacing-right-medium:5.76%;--awb-spacing-left-medium:5.76%;--awb-width-small:100%;--awb-order-small:0;--awb-spacing-right-small:1.92%;--awb-spacing-left-small:1.92%;\"><div class=\"fusion-column-wrapper fusion-column-has-shadow fusion-flex-justify-content-flex-start fusion-content-layout-column\"><\/div><\/div><div class=\"fusion-layout-column fusion_builder_column fusion-builder-column-1 fusion_builder_column_2_3 2_3 fusion-flex-column\" style=\"--awb-bg-size:cover;--awb-width-large:66.666666666667%;--awb-margin-top-large:0px;--awb-spacing-right-large:2.88%;--awb-margin-bottom-large:20px;--awb-spacing-left-large:2.88%;--awb-width-medium:66.666666666667%;--awb-order-medium:0;--awb-spacing-right-medium:2.88%;--awb-spacing-left-medium:2.88%;--awb-width-small:100%;--awb-order-small:0;--awb-spacing-right-small:1.92%;--awb-spacing-left-small:1.92%;\"><div class=\"fusion-column-wrapper fusion-column-has-shadow fusion-flex-justify-content-flex-start fusion-content-layout-column\"><div class=\"fusion-image-element \" style=\"--awb-margin-top:10px;--awb-caption-title-font-family:var(--h2_typography-font-family);--awb-caption-title-font-weight:var(--h2_typography-font-weight);--awb-caption-title-font-style:var(--h2_typography-font-style);--awb-caption-title-size:var(--h2_typography-font-size);--awb-caption-title-transform:var(--h2_typography-text-transform);--awb-caption-title-line-height:var(--h2_typography-line-height);--awb-caption-title-letter-spacing:var(--h2_typography-letter-spacing);\"><span class=\" fusion-imageframe imageframe-none imageframe-1 hover-type-none\"><img decoding=\"async\" width=\"600\" height=\"600\" title=\"Accursheasr-\" src=\"https:\/\/jupitermachinerie.ca\/produits\/wp-content\/uploads\/2024\/01\/Accursheasr-.jpg\" alt class=\"img-responsive wp-image-79\" srcset=\"https:\/\/jupitermachinerie.ca\/produits\/wp-content\/uploads\/2024\/01\/Accursheasr--200x200.jpg 200w, https:\/\/jupitermachinerie.ca\/produits\/wp-content\/uploads\/2024\/01\/Accursheasr--400x400.jpg 400w, https:\/\/jupitermachinerie.ca\/produits\/wp-content\/uploads\/2024\/01\/Accursheasr-.jpg 600w\" sizes=\"(max-width: 640px) 100vw, 600px\" \/><\/span><\/div><div class=\"fusion-title title fusion-title-1 fusion-sep-none fusion-title-text fusion-title-size-two\" style=\"--awb-text-color:var(--awb-color4);--awb-margin-top:40px;--awb-font-size:30px;\"><h2 class=\"fusion-title-heading title-heading-left\" style=\"font-family:&quot;Satoshi Black&quot;;font-style:normal;font-weight:400;margin:0;font-size:1em;\">Cisaille<\/h2><\/div><div class=\"fusion-text fusion-text-1 fusion-text-no-margin\" style=\"--awb-font-size:18px;--awb-text-color:var(--awb-color7);--awb-margin-top:14px;--awb-margin-bottom:10px;--awb-text-font-family:&quot;Satoshi Regular&quot;;--awb-text-font-style:normal;--awb-text-font-weight:400;\"><p>Jupiter Machinerie vous propose une large s\u00e9lection de <strong data-start=\"636\" data-end=\"663\">cisailles industrielles<\/strong>, incluant des mod\u00e8les <strong data-start=\"686\" data-end=\"697\">manuels<\/strong> de Tennsmith et Roper Whitney, reconnus pour leur <strong data-start=\"748\" data-end=\"762\">durabilit\u00e9<\/strong> et leur <strong data-start=\"771\" data-end=\"800\">fonctionnement \u00e9conomique<\/strong>. Pour des performances sup\u00e9rieures, d\u00e9couvrez les <strong data-start=\"851\" data-end=\"888\">cisailles hydrauliques Accurshear<\/strong>, fabriqu\u00e9es en Am\u00e9rique du Nord.<\/p>\n<p data-start=\"928\" data-end=\"1176\">Que ce soit pour des travaux l\u00e9gers ou lourds, nous avons la solution id\u00e9ale pour la <strong data-start=\"1013\" data-end=\"1029\">ferblanterie<\/strong>, la <strong data-start=\"1034\" data-end=\"1061\">transformation du m\u00e9tal<\/strong> ou la <strong data-start=\"1068\" data-end=\"1096\">fabrication industrielle<\/strong>. Notre gamme convient \u00e0 la coupe de <strong data-start=\"1133\" data-end=\"1173\">l&rsquo;acier, de l&rsquo;aluminium ou de l&rsquo;inox<\/strong>.<\/p>\n<p data-start=\"1181\" data-end=\"1379\">Faites confiance \u00e0 notre \u00e9quipe et \u00e0 nos manufacturiers de renomm\u00e9e mondiale pour vous recommander la cisaille parfaitement adapt\u00e9e \u00e0 vos besoins. <strong data-start=\"976\" data-end=\"1023\"><a class=\"\" href=\"https:\/\/jupitermachinerie.ca\/produits\/categorie-produit\/cisailles\/\" rel=\"noopener\" data-start=\"978\" data-end=\"1021\">Consultez nos cisailles<\/a><\/strong><\/p>\n<\/div><\/div><\/div><\/div><\/div>\n","protected":false},"excerpt":{"rendered":"","protected":false},"author":1,"featured_media":0,"parent":19,"menu_order":0,"comment_status":"closed","ping_status":"closed","template":"100-width.php","meta":{"footnotes":""},"class_list":["post-21","page","type-page","status-publish","hentry"],"yoast_head":"<!-- This site is optimized with the Yoast SEO Premium plugin v27.1 (Yoast SEO v27.4) - https:\/\/yoast.com\/product\/yoast-seo-premium-wordpress\/ -->\n<title>Cisailles pour transformation du m\u00e9tal et ferblanterie - Jupiter machinerie<\/title>\n<meta name=\"description\" content=\"Trouvez les cisailles id\u00e9ales parmi nos mod\u00e8les manuels et hydrauliques, reconnues pour leur durabilit\u00e9 et performance.\" \/>\n<meta name=\"robots\" content=\"index, follow, max-snippet:-1, max-image-preview:large, max-video-preview:-1\" \/>\n<link rel=\"canonical\" href=\"https:\/\/jupitermachinerie.ca\/produits\/equipements\/cisaille\/\" \/>\n<meta property=\"og:locale\" content=\"fr_CA\" \/>\n<meta property=\"og:type\" content=\"article\" \/>\n<meta property=\"og:title\" content=\"Cisailles\" \/>\n<meta property=\"og:description\" content=\"Trouvez les cisailles id\u00e9ales parmi nos mod\u00e8les manuels et hydrauliques, reconnues pour leur durabilit\u00e9 et performance.\" \/>\n<meta property=\"og:url\" content=\"https:\/\/jupitermachinerie.ca\/produits\/equipements\/cisaille\/\" \/>\n<meta property=\"og:site_name\" content=\"Jupiter machinerie\" \/>\n<meta property=\"article:publisher\" content=\"https:\/\/www.facebook.com\/jupiter.machinerie\" \/>\n<meta property=\"article:modified_time\" content=\"2026-03-12T18:08:41+00:00\" \/>\n<meta name=\"twitter:card\" content=\"summary_large_image\" \/>\n<meta name=\"twitter:label1\" content=\"Estimation du temps de lecture\" \/>\n\t<meta name=\"twitter:data1\" content=\"1 minute\" \/>\n<script type=\"application\/ld+json\" class=\"yoast-schema-graph\">{\"@context\":\"https:\\\/\\\/schema.org\",\"@graph\":[{\"@type\":\"WebPage\",\"@id\":\"https:\\\/\\\/jupitermachinerie.ca\\\/produits\\\/equipements\\\/cisaille\\\/\",\"url\":\"https:\\\/\\\/jupitermachinerie.ca\\\/produits\\\/equipements\\\/cisaille\\\/\",\"name\":\"Cisailles pour transformation du m\u00e9tal et ferblanterie - Jupiter machinerie\",\"isPartOf\":{\"@id\":\"https:\\\/\\\/jupitermachinerie.ca\\\/produits\\\/#website\"},\"datePublished\":\"2024-01-24T18:38:05+00:00\",\"dateModified\":\"2026-03-12T18:08:41+00:00\",\"description\":\"Trouvez les cisailles id\u00e9ales parmi nos mod\u00e8les manuels et hydrauliques, reconnues pour leur durabilit\u00e9 et performance.\",\"breadcrumb\":{\"@id\":\"https:\\\/\\\/jupitermachinerie.ca\\\/produits\\\/equipements\\\/cisaille\\\/#breadcrumb\"},\"inLanguage\":\"fr-CA\",\"potentialAction\":[{\"@type\":\"ReadAction\",\"target\":[\"https:\\\/\\\/jupitermachinerie.ca\\\/produits\\\/equipements\\\/cisaille\\\/\"]}]},{\"@type\":\"BreadcrumbList\",\"@id\":\"https:\\\/\\\/jupitermachinerie.ca\\\/produits\\\/equipements\\\/cisaille\\\/#breadcrumb\",\"itemListElement\":[{\"@type\":\"ListItem\",\"position\":1,\"name\":\"Accueil\",\"item\":\"https:\\\/\\\/jupitermachinerie.ca\\\/produits\\\/\"},{\"@type\":\"ListItem\",\"position\":2,\"name\":\"\u00c9quipements industriels\",\"item\":\"https:\\\/\\\/jupitermachinerie.ca\\\/produits\\\/\"},{\"@type\":\"ListItem\",\"position\":3,\"name\":\"Cisailles\"}]},{\"@type\":\"WebSite\",\"@id\":\"https:\\\/\\\/jupitermachinerie.ca\\\/produits\\\/#website\",\"url\":\"https:\\\/\\\/jupitermachinerie.ca\\\/produits\\\/\",\"name\":\"Jupiter machinerie\",\"description\":\"\",\"publisher\":{\"@id\":\"https:\\\/\\\/jupitermachinerie.ca\\\/produits\\\/#organization\"},\"potentialAction\":[{\"@type\":\"SearchAction\",\"target\":{\"@type\":\"EntryPoint\",\"urlTemplate\":\"https:\\\/\\\/jupitermachinerie.ca\\\/produits\\\/?s={search_term_string}\"},\"query-input\":{\"@type\":\"PropertyValueSpecification\",\"valueRequired\":true,\"valueName\":\"search_term_string\"}}],\"inLanguage\":\"fr-CA\"},{\"@type\":\"Organization\",\"@id\":\"https:\\\/\\\/jupitermachinerie.ca\\\/produits\\\/#organization\",\"name\":\"Jupiter machinerie\",\"url\":\"https:\\\/\\\/jupitermachinerie.ca\\\/produits\\\/\",\"logo\":{\"@type\":\"ImageObject\",\"inLanguage\":\"fr-CA\",\"@id\":\"https:\\\/\\\/jupitermachinerie.ca\\\/produits\\\/#\\\/schema\\\/logo\\\/image\\\/\",\"url\":\"https:\\\/\\\/jupitermachinerie.ca\\\/produits\\\/wp-content\\\/uploads\\\/2026\\\/03\\\/LOGOfinal-copie1.jpg\",\"contentUrl\":\"https:\\\/\\\/jupitermachinerie.ca\\\/produits\\\/wp-content\\\/uploads\\\/2026\\\/03\\\/LOGOfinal-copie1.jpg\",\"width\":602,\"height\":334,\"caption\":\"Jupiter machinerie\"},\"image\":{\"@id\":\"https:\\\/\\\/jupitermachinerie.ca\\\/produits\\\/#\\\/schema\\\/logo\\\/image\\\/\"},\"sameAs\":[\"https:\\\/\\\/www.facebook.com\\\/jupiter.machinerie\",\"https:\\\/\\\/www.linkedin.com\\\/company\\\/jupitermachinerie\"]}]}<\/script>\n<!-- \/ Yoast SEO Premium plugin. -->","yoast_head_json":{"title":"Cisailles pour transformation du m\u00e9tal et ferblanterie - Jupiter machinerie","description":"Trouvez les cisailles id\u00e9ales parmi nos mod\u00e8les manuels et hydrauliques, reconnues pour leur durabilit\u00e9 et performance.","robots":{"index":"index","follow":"follow","max-snippet":"max-snippet:-1","max-image-preview":"max-image-preview:large","max-video-preview":"max-video-preview:-1"},"canonical":"https:\/\/jupitermachinerie.ca\/produits\/equipements\/cisaille\/","og_locale":"fr_CA","og_type":"article","og_title":"Cisailles","og_description":"Trouvez les cisailles id\u00e9ales parmi nos mod\u00e8les manuels et hydrauliques, reconnues pour leur durabilit\u00e9 et performance.","og_url":"https:\/\/jupitermachinerie.ca\/produits\/equipements\/cisaille\/","og_site_name":"Jupiter machinerie","article_publisher":"https:\/\/www.facebook.com\/jupiter.machinerie","article_modified_time":"2026-03-12T18:08:41+00:00","twitter_card":"summary_large_image","twitter_misc":{"Estimation du temps de lecture":"1 minute"},"schema":{"@context":"https:\/\/schema.org","@graph":[{"@type":"WebPage","@id":"https:\/\/jupitermachinerie.ca\/produits\/equipements\/cisaille\/","url":"https:\/\/jupitermachinerie.ca\/produits\/equipements\/cisaille\/","name":"Cisailles pour transformation du m\u00e9tal et ferblanterie - Jupiter machinerie","isPartOf":{"@id":"https:\/\/jupitermachinerie.ca\/produits\/#website"},"datePublished":"2024-01-24T18:38:05+00:00","dateModified":"2026-03-12T18:08:41+00:00","description":"Trouvez les cisailles id\u00e9ales parmi nos mod\u00e8les manuels et hydrauliques, reconnues pour leur durabilit\u00e9 et performance.","breadcrumb":{"@id":"https:\/\/jupitermachinerie.ca\/produits\/equipements\/cisaille\/#breadcrumb"},"inLanguage":"fr-CA","potentialAction":[{"@type":"ReadAction","target":["https:\/\/jupitermachinerie.ca\/produits\/equipements\/cisaille\/"]}]},{"@type":"BreadcrumbList","@id":"https:\/\/jupitermachinerie.ca\/produits\/equipements\/cisaille\/#breadcrumb","itemListElement":[{"@type":"ListItem","position":1,"name":"Accueil","item":"https:\/\/jupitermachinerie.ca\/produits\/"},{"@type":"ListItem","position":2,"name":"\u00c9quipements industriels","item":"https:\/\/jupitermachinerie.ca\/produits\/"},{"@type":"ListItem","position":3,"name":"Cisailles"}]},{"@type":"WebSite","@id":"https:\/\/jupitermachinerie.ca\/produits\/#website","url":"https:\/\/jupitermachinerie.ca\/produits\/","name":"Jupiter machinerie","description":"","publisher":{"@id":"https:\/\/jupitermachinerie.ca\/produits\/#organization"},"potentialAction":[{"@type":"SearchAction","target":{"@type":"EntryPoint","urlTemplate":"https:\/\/jupitermachinerie.ca\/produits\/?s={search_term_string}"},"query-input":{"@type":"PropertyValueSpecification","valueRequired":true,"valueName":"search_term_string"}}],"inLanguage":"fr-CA"},{"@type":"Organization","@id":"https:\/\/jupitermachinerie.ca\/produits\/#organization","name":"Jupiter machinerie","url":"https:\/\/jupitermachinerie.ca\/produits\/","logo":{"@type":"ImageObject","inLanguage":"fr-CA","@id":"https:\/\/jupitermachinerie.ca\/produits\/#\/schema\/logo\/image\/","url":"https:\/\/jupitermachinerie.ca\/produits\/wp-content\/uploads\/2026\/03\/LOGOfinal-copie1.jpg","contentUrl":"https:\/\/jupitermachinerie.ca\/produits\/wp-content\/uploads\/2026\/03\/LOGOfinal-copie1.jpg","width":602,"height":334,"caption":"Jupiter machinerie"},"image":{"@id":"https:\/\/jupitermachinerie.ca\/produits\/#\/schema\/logo\/image\/"},"sameAs":["https:\/\/www.facebook.com\/jupiter.machinerie","https:\/\/www.linkedin.com\/company\/jupitermachinerie"]}]}},"_links":{"self":[{"href":"https:\/\/jupitermachinerie.ca\/produits\/wp-json\/wp\/v2\/pages\/21","targetHints":{"allow":["GET"]}}],"collection":[{"href":"https:\/\/jupitermachinerie.ca\/produits\/wp-json\/wp\/v2\/pages"}],"about":[{"href":"https:\/\/jupitermachinerie.ca\/produits\/wp-json\/wp\/v2\/types\/page"}],"author":[{"embeddable":true,"href":"https:\/\/jupitermachinerie.ca\/produits\/wp-json\/wp\/v2\/users\/1"}],"replies":[{"embeddable":true,"href":"https:\/\/jupitermachinerie.ca\/produits\/wp-json\/wp\/v2\/comments?post=21"}],"version-history":[{"count":13,"href":"https:\/\/jupitermachinerie.ca\/produits\/wp-json\/wp\/v2\/pages\/21\/revisions"}],"predecessor-version":[{"id":262570,"href":"https:\/\/jupitermachinerie.ca\/produits\/wp-json\/wp\/v2\/pages\/21\/revisions\/262570"}],"up":[{"embeddable":true,"href":"https:\/\/jupitermachinerie.ca\/produits\/wp-json\/wp\/v2\/pages\/19"}],"wp:attachment":[{"href":"https:\/\/jupitermachinerie.ca\/produits\/wp-json\/wp\/v2\/media?parent=21"}],"curies":[{"name":"wp","href":"https:\/\/api.w.org\/{rel}","templated":true}]}}