{"id":52,"date":"2024-01-24T13:45:00","date_gmt":"2024-01-24T18:45:00","guid":{"rendered":"https:\/\/jupitermachinerie.ca\/produits\/?page_id=52"},"modified":"2026-03-12T14:10:15","modified_gmt":"2026-03-12T18:10:15","slug":"laser-cnc-fibre-optique","status":"publish","type":"page","link":"https:\/\/jupitermachinerie.ca\/produits\/equipements\/laser-cnc-fibre-optique\/","title":{"rendered":"Laser CNC fibre optique"},"content":{"rendered":"<div class=\"fusion-fullwidth fullwidth-box fusion-builder-row-1 fusion-flex-container has-pattern-background has-mask-background nonhundred-percent-fullwidth non-hundred-percent-height-scrolling\" style=\"--awb-border-radius-top-left:0px;--awb-border-radius-top-right:0px;--awb-border-radius-bottom-right:0px;--awb-border-radius-bottom-left:0px;--awb-flex-wrap:wrap;\" ><div class=\"fusion-builder-row fusion-row fusion-flex-align-items-flex-start fusion-flex-content-wrap\" style=\"max-width:1248px;margin-left: calc(-4% \/ 2 );margin-right: calc(-4% \/ 2 );\"><div class=\"fusion-layout-column fusion_builder_column fusion-builder-column-0 fusion_builder_column_1_3 1_3 fusion-flex-column\" style=\"--awb-bg-size:cover;--awb-width-large:33.333333333333%;--awb-margin-top-large:0px;--awb-spacing-right-large:5.76%;--awb-margin-bottom-large:20px;--awb-spacing-left-large:5.76%;--awb-width-medium:33.333333333333%;--awb-order-medium:0;--awb-spacing-right-medium:5.76%;--awb-spacing-left-medium:5.76%;--awb-width-small:100%;--awb-order-small:0;--awb-spacing-right-small:1.92%;--awb-spacing-left-small:1.92%;\"><div class=\"fusion-column-wrapper fusion-column-has-shadow fusion-flex-justify-content-flex-start fusion-content-layout-column\"><\/div><\/div><div class=\"fusion-layout-column fusion_builder_column fusion-builder-column-1 fusion_builder_column_2_3 2_3 fusion-flex-column\" style=\"--awb-bg-size:cover;--awb-width-large:66.666666666667%;--awb-margin-top-large:0px;--awb-spacing-right-large:2.88%;--awb-margin-bottom-large:20px;--awb-spacing-left-large:2.88%;--awb-width-medium:66.666666666667%;--awb-order-medium:0;--awb-spacing-right-medium:2.88%;--awb-spacing-left-medium:2.88%;--awb-width-small:100%;--awb-order-small:0;--awb-spacing-right-small:1.92%;--awb-spacing-left-small:1.92%;\"><div class=\"fusion-column-wrapper fusion-column-has-shadow fusion-flex-justify-content-flex-start fusion-content-layout-column\"><div class=\"fusion-image-element \" style=\"--awb-margin-top:10px;--awb-caption-title-font-family:var(--h2_typography-font-family);--awb-caption-title-font-weight:var(--h2_typography-font-weight);--awb-caption-title-font-style:var(--h2_typography-font-style);--awb-caption-title-size:var(--h2_typography-font-size);--awb-caption-title-transform:var(--h2_typography-text-transform);--awb-caption-title-line-height:var(--h2_typography-line-height);--awb-caption-title-letter-spacing:var(--h2_typography-letter-spacing);\"><span class=\" fusion-imageframe imageframe-none imageframe-1 hover-type-none\"><img decoding=\"async\" width=\"600\" height=\"600\" title=\"lasercnc600\" src=\"https:\/\/jupitermachinerie.ca\/produits\/wp-content\/uploads\/2024\/01\/lasercnc600.png\" alt class=\"img-responsive wp-image-271\" srcset=\"https:\/\/jupitermachinerie.ca\/produits\/wp-content\/uploads\/2024\/01\/lasercnc600-200x200.png 200w, https:\/\/jupitermachinerie.ca\/produits\/wp-content\/uploads\/2024\/01\/lasercnc600-400x400.png 400w, https:\/\/jupitermachinerie.ca\/produits\/wp-content\/uploads\/2024\/01\/lasercnc600.png 600w\" sizes=\"(max-width: 640px) 100vw, 600px\" \/><\/span><\/div><div class=\"fusion-title title fusion-title-1 fusion-sep-none fusion-title-text fusion-title-size-two\" style=\"--awb-text-color:var(--awb-color4);--awb-margin-top:40px;--awb-font-size:30px;\"><h2 class=\"fusion-title-heading title-heading-left\" style=\"font-family:&quot;Satoshi Black&quot;;font-style:normal;font-weight:400;margin:0;font-size:1em;\">Laser CNC fibre optique<\/h2><\/div><div class=\"fusion-text fusion-text-1 fusion-text-no-margin\" style=\"--awb-font-size:18px;--awb-text-color:var(--awb-color7);--awb-margin-top:14px;--awb-margin-bottom:10px;--awb-text-font-family:&quot;Satoshi Regular&quot;;--awb-text-font-style:normal;--awb-text-font-weight:400;\"><p>L&rsquo;industrie manufacturi\u00e8re canadienne exige une pr\u00e9cision millim\u00e9tr\u00e9e. Jupiter Machinerie r\u00e9pond \u00e0 ce besoin en important les derni\u00e8res technologies de laser fibre. Que vous soyez au Qu\u00e9bec ou en Ontario, nos solutions permettent une r\u00e9p\u00e9tabilit\u00e9 exceptionnelle pour les secteurs de l&rsquo;acier structurel et du HVAC.<\/p>\n<p>Jupiter Machinerie est fi\u00e8re d\u2019\u00eatre le partenaire officiel de Mehta pour tout le Canada. Cumulant plus de 30 ans d\u2019exp\u00e9rience en CNC, Mehta vous offre une qualit\u00e9 sup\u00e9rieure \u00e0 plusieurs manufacturiers r\u00e9put\u00e9s, une fiabilit\u00e9 et un rapport qualit\u00e9-prix incomparable. Gr\u00e2ce \u00e0 une m\u00e9thodologie d\u2019assemblage irr\u00e9prochable, une finition de qualit\u00e9, une ing\u00e9nierie de haut niveau et une s\u00e9lection de composants de qualit\u00e9, votre d\u00e9coupe laser fibre optique Mehta vous propulsera vers une production de qualit\u00e9 avec un minimum d\u2019entretien.<\/p>\n<\/div><div class=\"fusion-image-element \" style=\"--awb-caption-title-font-family:var(--h2_typography-font-family);--awb-caption-title-font-weight:var(--h2_typography-font-weight);--awb-caption-title-font-style:var(--h2_typography-font-style);--awb-caption-title-size:var(--h2_typography-font-size);--awb-caption-title-transform:var(--h2_typography-text-transform);--awb-caption-title-line-height:var(--h2_typography-line-height);--awb-caption-title-letter-spacing:var(--h2_typography-letter-spacing);\"><span class=\" fusion-imageframe imageframe-none imageframe-2 hover-type-none\"><img decoding=\"async\" width=\"120\" height=\"15\" title=\"divider-1\" src=\"https:\/\/jupitermachinerie.ca\/produits\/wp-content\/uploads\/2024\/01\/divider-1.jpg\" alt class=\"img-responsive wp-image-94\"\/><\/span><\/div><div class=\"fusion-text fusion-text-2 fusion-text-no-margin\" style=\"--awb-font-size:18px;--awb-text-color:var(--awb-color7);--awb-margin-top:14px;--awb-margin-bottom:10px;--awb-text-font-family:&quot;Satoshi Regular&quot;;--awb-text-font-style:normal;--awb-text-font-weight:400;\"><p>Parmi les composants d\u2019un laser Mehta, vous trouverez des marques telles que IPG, Panasonic, Precitec et Raycus.<\/p>\n<\/div><\/div><\/div><\/div><\/div>\n","protected":false},"excerpt":{"rendered":"","protected":false},"author":1,"featured_media":0,"parent":19,"menu_order":0,"comment_status":"closed","ping_status":"closed","template":"100-width.php","meta":{"footnotes":""},"class_list":["post-52","page","type-page","status-publish","hentry"],"yoast_head":"<!-- This site is optimized with the Yoast SEO Premium plugin v27.1 (Yoast SEO v27.4) - https:\/\/yoast.com\/product\/yoast-seo-premium-wordpress\/ -->\n<title>Laser CNC fibre optique - Jupiter machinerie Machines D\u00e9coupe Laser Fibre Canada<\/title>\n<meta name=\"description\" content=\"Les Machines D\u00e9coupe Laser Fibre au Canada offrent une fiabilit\u00e9 et une qualit\u00e9 exceptionnelles pour le secteur manufacturier.\" \/>\n<meta name=\"robots\" content=\"index, follow, max-snippet:-1, max-image-preview:large, max-video-preview:-1\" \/>\n<link rel=\"canonical\" href=\"https:\/\/jupitermachinerie.ca\/produits\/equipements\/laser-cnc-fibre-optique\/\" \/>\n<meta property=\"og:locale\" content=\"fr_CA\" \/>\n<meta property=\"og:type\" content=\"article\" \/>\n<meta property=\"og:title\" content=\"Laser CNC fibre optique\" \/>\n<meta property=\"og:description\" content=\"Les Machines D\u00e9coupe Laser Fibre au Canada offrent une fiabilit\u00e9 et une qualit\u00e9 exceptionnelles pour le secteur manufacturier.\" \/>\n<meta property=\"og:url\" content=\"https:\/\/jupitermachinerie.ca\/produits\/equipements\/laser-cnc-fibre-optique\/\" \/>\n<meta property=\"og:site_name\" content=\"Jupiter machinerie\" \/>\n<meta property=\"article:publisher\" content=\"https:\/\/www.facebook.com\/jupiter.machinerie\" \/>\n<meta property=\"article:modified_time\" content=\"2026-03-12T18:10:15+00:00\" \/>\n<meta name=\"twitter:card\" content=\"summary_large_image\" \/>\n<meta name=\"twitter:label1\" content=\"Estimation du temps de lecture\" \/>\n\t<meta name=\"twitter:data1\" content=\"2 minutes\" \/>\n<script type=\"application\/ld+json\" class=\"yoast-schema-graph\">{\"@context\":\"https:\\\/\\\/schema.org\",\"@graph\":[{\"@type\":\"WebPage\",\"@id\":\"https:\\\/\\\/jupitermachinerie.ca\\\/produits\\\/equipements\\\/laser-cnc-fibre-optique\\\/\",\"url\":\"https:\\\/\\\/jupitermachinerie.ca\\\/produits\\\/equipements\\\/laser-cnc-fibre-optique\\\/\",\"name\":\"Laser CNC fibre optique - Jupiter machinerie Machines D\u00e9coupe Laser Fibre Canada\",\"isPartOf\":{\"@id\":\"https:\\\/\\\/jupitermachinerie.ca\\\/produits\\\/#website\"},\"datePublished\":\"2024-01-24T18:45:00+00:00\",\"dateModified\":\"2026-03-12T18:10:15+00:00\",\"description\":\"Les Machines D\u00e9coupe Laser Fibre au Canada offrent une fiabilit\u00e9 et une qualit\u00e9 exceptionnelles pour le secteur manufacturier.\",\"breadcrumb\":{\"@id\":\"https:\\\/\\\/jupitermachinerie.ca\\\/produits\\\/equipements\\\/laser-cnc-fibre-optique\\\/#breadcrumb\"},\"inLanguage\":\"fr-CA\",\"potentialAction\":[{\"@type\":\"ReadAction\",\"target\":[\"https:\\\/\\\/jupitermachinerie.ca\\\/produits\\\/equipements\\\/laser-cnc-fibre-optique\\\/\"]}]},{\"@type\":\"BreadcrumbList\",\"@id\":\"https:\\\/\\\/jupitermachinerie.ca\\\/produits\\\/equipements\\\/laser-cnc-fibre-optique\\\/#breadcrumb\",\"itemListElement\":[{\"@type\":\"ListItem\",\"position\":1,\"name\":\"Accueil\",\"item\":\"https:\\\/\\\/jupitermachinerie.ca\\\/produits\\\/\"},{\"@type\":\"ListItem\",\"position\":2,\"name\":\"\u00c9quipements industriels\",\"item\":\"https:\\\/\\\/jupitermachinerie.ca\\\/produits\\\/\"},{\"@type\":\"ListItem\",\"position\":3,\"name\":\"Laser CNC fibre optique\"}]},{\"@type\":\"WebSite\",\"@id\":\"https:\\\/\\\/jupitermachinerie.ca\\\/produits\\\/#website\",\"url\":\"https:\\\/\\\/jupitermachinerie.ca\\\/produits\\\/\",\"name\":\"Jupiter machinerie\",\"description\":\"\",\"publisher\":{\"@id\":\"https:\\\/\\\/jupitermachinerie.ca\\\/produits\\\/#organization\"},\"potentialAction\":[{\"@type\":\"SearchAction\",\"target\":{\"@type\":\"EntryPoint\",\"urlTemplate\":\"https:\\\/\\\/jupitermachinerie.ca\\\/produits\\\/?s={search_term_string}\"},\"query-input\":{\"@type\":\"PropertyValueSpecification\",\"valueRequired\":true,\"valueName\":\"search_term_string\"}}],\"inLanguage\":\"fr-CA\"},{\"@type\":\"Organization\",\"@id\":\"https:\\\/\\\/jupitermachinerie.ca\\\/produits\\\/#organization\",\"name\":\"Jupiter machinerie\",\"url\":\"https:\\\/\\\/jupitermachinerie.ca\\\/produits\\\/\",\"logo\":{\"@type\":\"ImageObject\",\"inLanguage\":\"fr-CA\",\"@id\":\"https:\\\/\\\/jupitermachinerie.ca\\\/produits\\\/#\\\/schema\\\/logo\\\/image\\\/\",\"url\":\"https:\\\/\\\/jupitermachinerie.ca\\\/produits\\\/wp-content\\\/uploads\\\/2026\\\/03\\\/LOGOfinal-copie1.jpg\",\"contentUrl\":\"https:\\\/\\\/jupitermachinerie.ca\\\/produits\\\/wp-content\\\/uploads\\\/2026\\\/03\\\/LOGOfinal-copie1.jpg\",\"width\":602,\"height\":334,\"caption\":\"Jupiter machinerie\"},\"image\":{\"@id\":\"https:\\\/\\\/jupitermachinerie.ca\\\/produits\\\/#\\\/schema\\\/logo\\\/image\\\/\"},\"sameAs\":[\"https:\\\/\\\/www.facebook.com\\\/jupiter.machinerie\",\"https:\\\/\\\/www.linkedin.com\\\/company\\\/jupitermachinerie\"]}]}<\/script>\n<!-- \/ Yoast SEO Premium plugin. -->","yoast_head_json":{"title":"Laser CNC fibre optique - Jupiter machinerie Machines D\u00e9coupe Laser Fibre Canada","description":"Les Machines D\u00e9coupe Laser Fibre au Canada offrent une fiabilit\u00e9 et une qualit\u00e9 exceptionnelles pour le secteur manufacturier.","robots":{"index":"index","follow":"follow","max-snippet":"max-snippet:-1","max-image-preview":"max-image-preview:large","max-video-preview":"max-video-preview:-1"},"canonical":"https:\/\/jupitermachinerie.ca\/produits\/equipements\/laser-cnc-fibre-optique\/","og_locale":"fr_CA","og_type":"article","og_title":"Laser CNC fibre optique","og_description":"Les Machines D\u00e9coupe Laser Fibre au Canada offrent une fiabilit\u00e9 et une qualit\u00e9 exceptionnelles pour le secteur manufacturier.","og_url":"https:\/\/jupitermachinerie.ca\/produits\/equipements\/laser-cnc-fibre-optique\/","og_site_name":"Jupiter machinerie","article_publisher":"https:\/\/www.facebook.com\/jupiter.machinerie","article_modified_time":"2026-03-12T18:10:15+00:00","twitter_card":"summary_large_image","twitter_misc":{"Estimation du temps de lecture":"2 minutes"},"schema":{"@context":"https:\/\/schema.org","@graph":[{"@type":"WebPage","@id":"https:\/\/jupitermachinerie.ca\/produits\/equipements\/laser-cnc-fibre-optique\/","url":"https:\/\/jupitermachinerie.ca\/produits\/equipements\/laser-cnc-fibre-optique\/","name":"Laser CNC fibre optique - Jupiter machinerie Machines D\u00e9coupe Laser Fibre Canada","isPartOf":{"@id":"https:\/\/jupitermachinerie.ca\/produits\/#website"},"datePublished":"2024-01-24T18:45:00+00:00","dateModified":"2026-03-12T18:10:15+00:00","description":"Les Machines D\u00e9coupe Laser Fibre au Canada offrent une fiabilit\u00e9 et une qualit\u00e9 exceptionnelles pour le secteur manufacturier.","breadcrumb":{"@id":"https:\/\/jupitermachinerie.ca\/produits\/equipements\/laser-cnc-fibre-optique\/#breadcrumb"},"inLanguage":"fr-CA","potentialAction":[{"@type":"ReadAction","target":["https:\/\/jupitermachinerie.ca\/produits\/equipements\/laser-cnc-fibre-optique\/"]}]},{"@type":"BreadcrumbList","@id":"https:\/\/jupitermachinerie.ca\/produits\/equipements\/laser-cnc-fibre-optique\/#breadcrumb","itemListElement":[{"@type":"ListItem","position":1,"name":"Accueil","item":"https:\/\/jupitermachinerie.ca\/produits\/"},{"@type":"ListItem","position":2,"name":"\u00c9quipements industriels","item":"https:\/\/jupitermachinerie.ca\/produits\/"},{"@type":"ListItem","position":3,"name":"Laser CNC fibre optique"}]},{"@type":"WebSite","@id":"https:\/\/jupitermachinerie.ca\/produits\/#website","url":"https:\/\/jupitermachinerie.ca\/produits\/","name":"Jupiter machinerie","description":"","publisher":{"@id":"https:\/\/jupitermachinerie.ca\/produits\/#organization"},"potentialAction":[{"@type":"SearchAction","target":{"@type":"EntryPoint","urlTemplate":"https:\/\/jupitermachinerie.ca\/produits\/?s={search_term_string}"},"query-input":{"@type":"PropertyValueSpecification","valueRequired":true,"valueName":"search_term_string"}}],"inLanguage":"fr-CA"},{"@type":"Organization","@id":"https:\/\/jupitermachinerie.ca\/produits\/#organization","name":"Jupiter machinerie","url":"https:\/\/jupitermachinerie.ca\/produits\/","logo":{"@type":"ImageObject","inLanguage":"fr-CA","@id":"https:\/\/jupitermachinerie.ca\/produits\/#\/schema\/logo\/image\/","url":"https:\/\/jupitermachinerie.ca\/produits\/wp-content\/uploads\/2026\/03\/LOGOfinal-copie1.jpg","contentUrl":"https:\/\/jupitermachinerie.ca\/produits\/wp-content\/uploads\/2026\/03\/LOGOfinal-copie1.jpg","width":602,"height":334,"caption":"Jupiter machinerie"},"image":{"@id":"https:\/\/jupitermachinerie.ca\/produits\/#\/schema\/logo\/image\/"},"sameAs":["https:\/\/www.facebook.com\/jupiter.machinerie","https:\/\/www.linkedin.com\/company\/jupitermachinerie"]}]}},"_links":{"self":[{"href":"https:\/\/jupitermachinerie.ca\/produits\/wp-json\/wp\/v2\/pages\/52","targetHints":{"allow":["GET"]}}],"collection":[{"href":"https:\/\/jupitermachinerie.ca\/produits\/wp-json\/wp\/v2\/pages"}],"about":[{"href":"https:\/\/jupitermachinerie.ca\/produits\/wp-json\/wp\/v2\/types\/page"}],"author":[{"embeddable":true,"href":"https:\/\/jupitermachinerie.ca\/produits\/wp-json\/wp\/v2\/users\/1"}],"replies":[{"embeddable":true,"href":"https:\/\/jupitermachinerie.ca\/produits\/wp-json\/wp\/v2\/comments?post=52"}],"version-history":[{"count":4,"href":"https:\/\/jupitermachinerie.ca\/produits\/wp-json\/wp\/v2\/pages\/52\/revisions"}],"predecessor-version":[{"id":262562,"href":"https:\/\/jupitermachinerie.ca\/produits\/wp-json\/wp\/v2\/pages\/52\/revisions\/262562"}],"up":[{"embeddable":true,"href":"https:\/\/jupitermachinerie.ca\/produits\/wp-json\/wp\/v2\/pages\/19"}],"wp:attachment":[{"href":"https:\/\/jupitermachinerie.ca\/produits\/wp-json\/wp\/v2\/media?parent=52"}],"curies":[{"name":"wp","href":"https:\/\/api.w.org\/{rel}","templated":true}]}}