{"id":58,"date":"2024-01-24T13:49:13","date_gmt":"2024-01-24T18:49:13","guid":{"rendered":"https:\/\/jupitermachinerie.ca\/produits\/?page_id=58"},"modified":"2026-03-12T08:29:42","modified_gmt":"2026-03-12T12:29:42","slug":"presse-plieuse","status":"publish","type":"page","link":"https:\/\/jupitermachinerie.ca\/produits\/equipements\/presse-plieuse\/","title":{"rendered":"Presse Plieuse"},"content":{"rendered":"<div class=\"fusion-fullwidth fullwidth-box fusion-builder-row-1 fusion-flex-container has-pattern-background has-mask-background nonhundred-percent-fullwidth non-hundred-percent-height-scrolling\" style=\"--awb-border-radius-top-left:0px;--awb-border-radius-top-right:0px;--awb-border-radius-bottom-right:0px;--awb-border-radius-bottom-left:0px;--awb-flex-wrap:wrap;\" ><div class=\"fusion-builder-row fusion-row fusion-flex-align-items-flex-start fusion-flex-content-wrap\" style=\"max-width:1248px;margin-left: calc(-4% \/ 2 );margin-right: calc(-4% \/ 2 );\"><div class=\"fusion-layout-column fusion_builder_column fusion-builder-column-0 fusion_builder_column_1_3 1_3 fusion-flex-column\" style=\"--awb-bg-size:cover;--awb-width-large:33.333333333333%;--awb-margin-top-large:0px;--awb-spacing-right-large:5.76%;--awb-margin-bottom-large:20px;--awb-spacing-left-large:5.76%;--awb-width-medium:33.333333333333%;--awb-order-medium:0;--awb-spacing-right-medium:5.76%;--awb-spacing-left-medium:5.76%;--awb-width-small:100%;--awb-order-small:0;--awb-spacing-right-small:1.92%;--awb-spacing-left-small:1.92%;\"><div class=\"fusion-column-wrapper fusion-column-has-shadow fusion-flex-justify-content-flex-start fusion-content-layout-column\"><\/div><\/div><div class=\"fusion-layout-column fusion_builder_column fusion-builder-column-1 fusion_builder_column_2_3 2_3 fusion-flex-column\" style=\"--awb-bg-size:cover;--awb-width-large:66.666666666667%;--awb-margin-top-large:0px;--awb-spacing-right-large:2.88%;--awb-margin-bottom-large:20px;--awb-spacing-left-large:2.88%;--awb-width-medium:66.666666666667%;--awb-order-medium:0;--awb-spacing-right-medium:2.88%;--awb-spacing-left-medium:2.88%;--awb-width-small:100%;--awb-order-small:0;--awb-spacing-right-small:1.92%;--awb-spacing-left-small:1.92%;\"><div class=\"fusion-column-wrapper fusion-column-has-shadow fusion-flex-justify-content-flex-start fusion-content-layout-column\"><div class=\"fusion-image-element \" style=\"--awb-margin-top:10px;--awb-caption-title-font-family:var(--h2_typography-font-family);--awb-caption-title-font-weight:var(--h2_typography-font-weight);--awb-caption-title-font-style:var(--h2_typography-font-style);--awb-caption-title-size:var(--h2_typography-font-size);--awb-caption-title-transform:var(--h2_typography-text-transform);--awb-caption-title-line-height:var(--h2_typography-line-height);--awb-caption-title-letter-spacing:var(--h2_typography-letter-spacing);\"><span class=\" fusion-imageframe imageframe-none imageframe-1 hover-type-none\"><img decoding=\"async\" width=\"600\" height=\"600\" title=\"hybrid\" src=\"https:\/\/jupitermachinerie.ca\/produits\/wp-content\/uploads\/2024\/01\/hybrid.jpg\" alt class=\"img-responsive wp-image-277\" srcset=\"https:\/\/jupitermachinerie.ca\/produits\/wp-content\/uploads\/2024\/01\/hybrid-200x200.jpg 200w, https:\/\/jupitermachinerie.ca\/produits\/wp-content\/uploads\/2024\/01\/hybrid-400x400.jpg 400w, https:\/\/jupitermachinerie.ca\/produits\/wp-content\/uploads\/2024\/01\/hybrid.jpg 600w\" sizes=\"(max-width: 640px) 100vw, 600px\" \/><\/span><\/div><div class=\"fusion-title title fusion-title-1 fusion-sep-none fusion-title-text fusion-title-size-two\" style=\"--awb-text-color:var(--awb-color4);--awb-margin-top:40px;--awb-font-size:30px;\"><h2 class=\"fusion-title-heading title-heading-left\" style=\"font-family:&quot;Satoshi Black&quot;;font-style:normal;font-weight:400;margin:0;font-size:1em;\">Presse-Plieuse<\/h2><\/div><div class=\"fusion-text fusion-text-1 fusion-text-no-margin\" style=\"--awb-font-size:18px;--awb-text-color:var(--awb-color7);--awb-margin-top:14px;--awb-margin-bottom:10px;--awb-text-font-family:&quot;Satoshi Regular&quot;;--awb-text-font-style:normal;--awb-text-font-weight:400;\"><p>La presse plieuse hydraulique est l&rsquo;outil incontournable dans le processus de transformation du m\u00e9tal en feuille. Jupiter Machinerie est le distributeur officiel des presses plieuses hydrauliques nord-am\u00e9ricaines Accurpress, vendues \u00e0 plus de 20 000 exemplaires. Accurpress offre des mod\u00e8les de presses hydrauliques et hybrides avec des capacit\u00e9s de 25 tonnes x 4\u2019 \u00e0 3000 tonnes x 30\u2019. Si vous d\u00e9sirez optez pour une solution enti\u00e8rement \u00e9lectrique, la s\u00e9rie Servo Brake de Dener vous offrira \u00e9conomie d\u2019\u00e9nergie, efficacit\u00e9 et pr\u00e9cision.<\/p>\n<\/div><div class=\"fusion-image-element \" style=\"--awb-caption-title-font-family:var(--h2_typography-font-family);--awb-caption-title-font-weight:var(--h2_typography-font-weight);--awb-caption-title-font-style:var(--h2_typography-font-style);--awb-caption-title-size:var(--h2_typography-font-size);--awb-caption-title-transform:var(--h2_typography-text-transform);--awb-caption-title-line-height:var(--h2_typography-line-height);--awb-caption-title-letter-spacing:var(--h2_typography-letter-spacing);\"><span class=\" fusion-imageframe imageframe-none imageframe-2 hover-type-none\"><img decoding=\"async\" width=\"120\" height=\"15\" title=\"divider-1\" src=\"https:\/\/jupitermachinerie.ca\/produits\/wp-content\/uploads\/2024\/01\/divider-1.jpg\" alt class=\"img-responsive wp-image-94\"\/><\/span><\/div><div class=\"fusion-flip-boxes flip-boxes row fusion-columns-2 flip-effect-classic\" style=\"--awb-margin-top:70px;--awb-margin-bottom:70px;\"><div class=\"fusion-flip-box-wrapper fusion-column col-lg-6 col-md-6 col-sm-6\"><div class=\"fusion-flip-box flip-up\" tabindex=\"0\"><div class=\"flip-box-inner-wrapper\"><div class=\"flip-box-front\" style=\"--awb-icon-color:var(--awb-color4);--awb-background-color-front:var(--awb-color1);--awb-title-front-color:var(--awb-color4);--awb-text-front-color:var(--awb-color4);\"><div class=\"flip-box-front-inner\"><div class=\"flip-box-grafix flip-box-no-circle\"><i aria-hidden=\"true\" class=\"fa-certificate fas\"><\/i><\/div><h2 class=\"flip-box-heading without-text\">Fabriqu\u00e9 ici<\/h2><\/div><\/div><div class=\"flip-box-back\" style=\"--awb-icon-color:var(--awb-color4);--awb-background-color-back:var(--awb-color1);--awb-title-back-color:var(--awb-color4);--awb-text-back-color:var(--awb-color7);\"><div class=\"flip-box-back-inner\"><h3 class=\"flip-box-heading-back\">Fiabilit\u00e9 d'ici<\/h3>\n<p>Fi\u00e8rement fabriqu\u00e9 en Am\u00e9rique du Nord, Accurpress ouvre la voie avec des machines \u00e0 fort tonnage, des technologies r\u00e9volutionnaires de pliage de poteaux, des machines en tandem et l&rsquo;automatisation des robots. Avec plus de 21 000 machines vendues \u00e0 des milliers de clients satisfaits, Accurpress continue de fabriquer des presses plieuses r\u00e9put\u00e9es.<\/p>\n<\/div><\/div><\/div><\/div><\/div><div class=\"fusion-flip-box-wrapper fusion-column col-lg-6 col-md-6 col-sm-6\"><div class=\"fusion-flip-box flip-up\" tabindex=\"0\"><div class=\"flip-box-inner-wrapper\"><div class=\"flip-box-front\" style=\"--awb-icon-color:var(--awb-color4);--awb-background-color-front:var(--awb-color1);--awb-title-front-color:var(--awb-color4);--awb-text-front-color:var(--awb-color4);\"><div class=\"flip-box-front-inner\"><div class=\"flip-box-grafix flip-box-no-circle\"><i aria-hidden=\"true\" class=\"fa-certificate fas\"><\/i><\/div><h2 class=\"flip-box-heading without-text\">Qualit\u00e9<\/h2><\/div><\/div><div class=\"flip-box-back\" style=\"--awb-icon-color:var(--awb-color4);--awb-background-color-back:var(--awb-color1);--awb-title-back-color:var(--awb-color4);--awb-text-back-color:var(--awb-color7);\"><div class=\"flip-box-back-inner\"><h3 class=\"flip-box-heading-back\">Qualit\u00e9<\/h3>\n<p>Apr\u00e8s 45 ans qui ont apport\u00e9 d&rsquo;\u00e9normes changements dans l&rsquo;industrie de la machine-outil, Accurpress continue de rester fermes sur la base originale de qualit\u00e9 sur laquelle l&rsquo;entreprise a \u00e9t\u00e9 construite. Chaque machine Accurpress, y compris celle que vous ach\u00e8terez, est fabriqu\u00e9e avec 100 % des meilleurs efforts du manufacturier.<\/p>\n<\/div><\/div><\/div><\/div><\/div><\/div><\/div><\/div><\/div><\/div>\n","protected":false},"excerpt":{"rendered":"","protected":false},"author":1,"featured_media":0,"parent":19,"menu_order":0,"comment_status":"closed","ping_status":"closed","template":"100-width.php","meta":{"footnotes":""},"class_list":["post-58","page","type-page","status-publish","hentry"],"yoast_head":"<!-- This site is optimized with the Yoast SEO Premium plugin v27.1 (Yoast SEO v27.6) - https:\/\/yoast.com\/product\/yoast-seo-premium-wordpress\/ -->\n<title>Presse Plieuse pour Transformation du M\u00e9tal - Jupiter machinerie<\/title>\n<meta name=\"description\" content=\"Optez pour la presse plieuse adapt\u00e9e \u00e0 vos besoins. Nos solutions allient puissance, pr\u00e9cision et \u00e9conomies d&#039;\u00e9nergie.\" \/>\n<meta name=\"robots\" content=\"index, follow, max-snippet:-1, max-image-preview:large, max-video-preview:-1\" \/>\n<link rel=\"canonical\" href=\"https:\/\/jupitermachinerie.ca\/produits\/equipements\/presse-plieuse\/\" \/>\n<meta property=\"og:locale\" content=\"fr_CA\" \/>\n<meta property=\"og:type\" content=\"article\" \/>\n<meta property=\"og:title\" content=\"Presse Plieuse\" \/>\n<meta property=\"og:description\" content=\"Optez pour la presse plieuse adapt\u00e9e \u00e0 vos besoins. Nos solutions allient puissance, pr\u00e9cision et \u00e9conomies d&#039;\u00e9nergie.\" \/>\n<meta property=\"og:url\" content=\"https:\/\/jupitermachinerie.ca\/produits\/equipements\/presse-plieuse\/\" \/>\n<meta property=\"og:site_name\" content=\"Jupiter machinerie\" \/>\n<meta property=\"article:publisher\" content=\"https:\/\/www.facebook.com\/jupiter.machinerie\" \/>\n<meta property=\"article:modified_time\" content=\"2026-03-12T12:29:42+00:00\" \/>\n<meta name=\"twitter:card\" content=\"summary_large_image\" \/>\n<meta name=\"twitter:label1\" content=\"Estimation du temps de lecture\" \/>\n\t<meta name=\"twitter:data1\" content=\"2 minutes\" \/>\n<script type=\"application\/ld+json\" class=\"yoast-schema-graph\">{\"@context\":\"https:\\\/\\\/schema.org\",\"@graph\":[{\"@type\":\"WebPage\",\"@id\":\"https:\\\/\\\/jupitermachinerie.ca\\\/produits\\\/equipements\\\/presse-plieuse\\\/\",\"url\":\"https:\\\/\\\/jupitermachinerie.ca\\\/produits\\\/equipements\\\/presse-plieuse\\\/\",\"name\":\"Presse Plieuse pour Transformation du M\u00e9tal - Jupiter machinerie\",\"isPartOf\":{\"@id\":\"https:\\\/\\\/jupitermachinerie.ca\\\/produits\\\/#website\"},\"datePublished\":\"2024-01-24T18:49:13+00:00\",\"dateModified\":\"2026-03-12T12:29:42+00:00\",\"description\":\"Optez pour la presse plieuse adapt\u00e9e \u00e0 vos besoins. Nos solutions allient puissance, pr\u00e9cision et \u00e9conomies d'\u00e9nergie.\",\"breadcrumb\":{\"@id\":\"https:\\\/\\\/jupitermachinerie.ca\\\/produits\\\/equipements\\\/presse-plieuse\\\/#breadcrumb\"},\"inLanguage\":\"fr-CA\",\"potentialAction\":[{\"@type\":\"ReadAction\",\"target\":[\"https:\\\/\\\/jupitermachinerie.ca\\\/produits\\\/equipements\\\/presse-plieuse\\\/\"]}]},{\"@type\":\"BreadcrumbList\",\"@id\":\"https:\\\/\\\/jupitermachinerie.ca\\\/produits\\\/equipements\\\/presse-plieuse\\\/#breadcrumb\",\"itemListElement\":[{\"@type\":\"ListItem\",\"position\":1,\"name\":\"Accueil\",\"item\":\"https:\\\/\\\/jupitermachinerie.ca\\\/produits\\\/\"},{\"@type\":\"ListItem\",\"position\":2,\"name\":\"\u00c9quipements industriels\",\"item\":\"https:\\\/\\\/jupitermachinerie.ca\\\/produits\\\/\"},{\"@type\":\"ListItem\",\"position\":3,\"name\":\"Presse Plieuse\"}]},{\"@type\":\"WebSite\",\"@id\":\"https:\\\/\\\/jupitermachinerie.ca\\\/produits\\\/#website\",\"url\":\"https:\\\/\\\/jupitermachinerie.ca\\\/produits\\\/\",\"name\":\"Jupiter machinerie\",\"description\":\"\",\"publisher\":{\"@id\":\"https:\\\/\\\/jupitermachinerie.ca\\\/produits\\\/#organization\"},\"potentialAction\":[{\"@type\":\"SearchAction\",\"target\":{\"@type\":\"EntryPoint\",\"urlTemplate\":\"https:\\\/\\\/jupitermachinerie.ca\\\/produits\\\/?s={search_term_string}\"},\"query-input\":{\"@type\":\"PropertyValueSpecification\",\"valueRequired\":true,\"valueName\":\"search_term_string\"}}],\"inLanguage\":\"fr-CA\"},{\"@type\":\"Organization\",\"@id\":\"https:\\\/\\\/jupitermachinerie.ca\\\/produits\\\/#organization\",\"name\":\"Jupiter machinerie\",\"url\":\"https:\\\/\\\/jupitermachinerie.ca\\\/produits\\\/\",\"logo\":{\"@type\":\"ImageObject\",\"inLanguage\":\"fr-CA\",\"@id\":\"https:\\\/\\\/jupitermachinerie.ca\\\/produits\\\/#\\\/schema\\\/logo\\\/image\\\/\",\"url\":\"https:\\\/\\\/jupitermachinerie.ca\\\/produits\\\/wp-content\\\/uploads\\\/2026\\\/03\\\/LOGOfinal-copie1.jpg\",\"contentUrl\":\"https:\\\/\\\/jupitermachinerie.ca\\\/produits\\\/wp-content\\\/uploads\\\/2026\\\/03\\\/LOGOfinal-copie1.jpg\",\"width\":602,\"height\":334,\"caption\":\"Jupiter machinerie\"},\"image\":{\"@id\":\"https:\\\/\\\/jupitermachinerie.ca\\\/produits\\\/#\\\/schema\\\/logo\\\/image\\\/\"},\"sameAs\":[\"https:\\\/\\\/www.facebook.com\\\/jupiter.machinerie\",\"https:\\\/\\\/www.linkedin.com\\\/company\\\/jupitermachinerie\"]}]}<\/script>\n<!-- \/ Yoast SEO Premium plugin. -->","yoast_head_json":{"title":"Presse Plieuse pour Transformation du M\u00e9tal - Jupiter machinerie","description":"Optez pour la presse plieuse adapt\u00e9e \u00e0 vos besoins. Nos solutions allient puissance, pr\u00e9cision et \u00e9conomies d'\u00e9nergie.","robots":{"index":"index","follow":"follow","max-snippet":"max-snippet:-1","max-image-preview":"max-image-preview:large","max-video-preview":"max-video-preview:-1"},"canonical":"https:\/\/jupitermachinerie.ca\/produits\/equipements\/presse-plieuse\/","og_locale":"fr_CA","og_type":"article","og_title":"Presse Plieuse","og_description":"Optez pour la presse plieuse adapt\u00e9e \u00e0 vos besoins. Nos solutions allient puissance, pr\u00e9cision et \u00e9conomies d'\u00e9nergie.","og_url":"https:\/\/jupitermachinerie.ca\/produits\/equipements\/presse-plieuse\/","og_site_name":"Jupiter machinerie","article_publisher":"https:\/\/www.facebook.com\/jupiter.machinerie","article_modified_time":"2026-03-12T12:29:42+00:00","twitter_card":"summary_large_image","twitter_misc":{"Estimation du temps de lecture":"2 minutes"},"schema":{"@context":"https:\/\/schema.org","@graph":[{"@type":"WebPage","@id":"https:\/\/jupitermachinerie.ca\/produits\/equipements\/presse-plieuse\/","url":"https:\/\/jupitermachinerie.ca\/produits\/equipements\/presse-plieuse\/","name":"Presse Plieuse pour Transformation du M\u00e9tal - Jupiter machinerie","isPartOf":{"@id":"https:\/\/jupitermachinerie.ca\/produits\/#website"},"datePublished":"2024-01-24T18:49:13+00:00","dateModified":"2026-03-12T12:29:42+00:00","description":"Optez pour la presse plieuse adapt\u00e9e \u00e0 vos besoins. Nos solutions allient puissance, pr\u00e9cision et \u00e9conomies d'\u00e9nergie.","breadcrumb":{"@id":"https:\/\/jupitermachinerie.ca\/produits\/equipements\/presse-plieuse\/#breadcrumb"},"inLanguage":"fr-CA","potentialAction":[{"@type":"ReadAction","target":["https:\/\/jupitermachinerie.ca\/produits\/equipements\/presse-plieuse\/"]}]},{"@type":"BreadcrumbList","@id":"https:\/\/jupitermachinerie.ca\/produits\/equipements\/presse-plieuse\/#breadcrumb","itemListElement":[{"@type":"ListItem","position":1,"name":"Accueil","item":"https:\/\/jupitermachinerie.ca\/produits\/"},{"@type":"ListItem","position":2,"name":"\u00c9quipements industriels","item":"https:\/\/jupitermachinerie.ca\/produits\/"},{"@type":"ListItem","position":3,"name":"Presse Plieuse"}]},{"@type":"WebSite","@id":"https:\/\/jupitermachinerie.ca\/produits\/#website","url":"https:\/\/jupitermachinerie.ca\/produits\/","name":"Jupiter machinerie","description":"","publisher":{"@id":"https:\/\/jupitermachinerie.ca\/produits\/#organization"},"potentialAction":[{"@type":"SearchAction","target":{"@type":"EntryPoint","urlTemplate":"https:\/\/jupitermachinerie.ca\/produits\/?s={search_term_string}"},"query-input":{"@type":"PropertyValueSpecification","valueRequired":true,"valueName":"search_term_string"}}],"inLanguage":"fr-CA"},{"@type":"Organization","@id":"https:\/\/jupitermachinerie.ca\/produits\/#organization","name":"Jupiter machinerie","url":"https:\/\/jupitermachinerie.ca\/produits\/","logo":{"@type":"ImageObject","inLanguage":"fr-CA","@id":"https:\/\/jupitermachinerie.ca\/produits\/#\/schema\/logo\/image\/","url":"https:\/\/jupitermachinerie.ca\/produits\/wp-content\/uploads\/2026\/03\/LOGOfinal-copie1.jpg","contentUrl":"https:\/\/jupitermachinerie.ca\/produits\/wp-content\/uploads\/2026\/03\/LOGOfinal-copie1.jpg","width":602,"height":334,"caption":"Jupiter machinerie"},"image":{"@id":"https:\/\/jupitermachinerie.ca\/produits\/#\/schema\/logo\/image\/"},"sameAs":["https:\/\/www.facebook.com\/jupiter.machinerie","https:\/\/www.linkedin.com\/company\/jupitermachinerie"]}]}},"_links":{"self":[{"href":"https:\/\/jupitermachinerie.ca\/produits\/wp-json\/wp\/v2\/pages\/58","targetHints":{"allow":["GET"]}}],"collection":[{"href":"https:\/\/jupitermachinerie.ca\/produits\/wp-json\/wp\/v2\/pages"}],"about":[{"href":"https:\/\/jupitermachinerie.ca\/produits\/wp-json\/wp\/v2\/types\/page"}],"author":[{"embeddable":true,"href":"https:\/\/jupitermachinerie.ca\/produits\/wp-json\/wp\/v2\/users\/1"}],"replies":[{"embeddable":true,"href":"https:\/\/jupitermachinerie.ca\/produits\/wp-json\/wp\/v2\/comments?post=58"}],"version-history":[{"count":12,"href":"https:\/\/jupitermachinerie.ca\/produits\/wp-json\/wp\/v2\/pages\/58\/revisions"}],"predecessor-version":[{"id":262563,"href":"https:\/\/jupitermachinerie.ca\/produits\/wp-json\/wp\/v2\/pages\/58\/revisions\/262563"}],"up":[{"embeddable":true,"href":"https:\/\/jupitermachinerie.ca\/produits\/wp-json\/wp\/v2\/pages\/19"}],"wp:attachment":[{"href":"https:\/\/jupitermachinerie.ca\/produits\/wp-json\/wp\/v2\/media?parent=58"}],"curies":[{"name":"wp","href":"https:\/\/api.w.org\/{rel}","templated":true}]}}