{"id":261870,"date":"2019-09-30T12:35:00","date_gmt":"2019-09-30T16:35:00","guid":{"rendered":"https:\/\/jupitermachinerie.ca\/produits\/produit\/serie-cyl-st-3-rouleaux-bendmak\/"},"modified":"2024-11-21T11:18:31","modified_gmt":"2024-11-21T16:18:31","slug":"serie-cyl-st-3-rouleaux-bendmak","status":"publish","type":"product","link":"https:\/\/jupitermachinerie.ca\/produits\/produit\/serie-cyl-st-3-rouleaux-bendmak\/","title":{"rendered":"S\u00e9rie CYL-ST 3 Rouleaux Bendmak"},"content":{"rendered":"","protected":false},"excerpt":{"rendered":"<p>Les rouleaux de la s\u00e9rie CYL-ST de Bendmak sont sans aucun doute les cintreuses \u00e0 plaques m\u00e9caniques \u00e0 3 rouleaux les plus puissantes et \u00e9conomiques sur le march\u00e9. En raison du moteur \u00e9lectrique sur les rouleaux sup\u00e9rieur et inf\u00e9rieur, cette machine est le premier choix de l&rsquo;industrie de transformation du m\u00e9tal.<br \/>\n<img decoding=\"async\" src=\"https:\/\/jupiternet.com\/wp-content\/uploads\/2019\/04\/Logos__0001_Bendmak-150x150.png\" alt=\"\" width=\"150\" height=\"150\" class=\"alignnone size-thumbnail wp-image-207865\" \/><br \/>\nMod\u00e8les disponibles:<br \/>\nCYL-ST 140<br \/>\nCYL-ST 170<br \/>\nCYL-ST 190<br \/>\nCYL-ST 200<\/p>\n","protected":false},"featured_media":261871,"template":"","meta":[],"product_brand":[],"product_cat":[39],"product_tag":[127],"class_list":{"0":"post-261870","1":"product","2":"type-product","3":"status-publish","4":"has-post-thumbnail","6":"product_cat-rouleaux-a-plaque","7":"product_tag-bendmak","9":"first","10":"instock","11":"virtual","12":"product-type-simple"},"yoast_head":"<!-- This site is optimized with the Yoast SEO Premium plugin v27.1 (Yoast SEO v27.4) - https:\/\/yoast.com\/product\/yoast-seo-premium-wordpress\/ -->\n<title>S\u00e9rie CYL-ST 3 Rouleaux Bendmak - Jupiter machinerie<\/title>\n<meta name=\"robots\" content=\"index, follow, max-snippet:-1, max-image-preview:large, max-video-preview:-1\" \/>\n<link rel=\"canonical\" href=\"https:\/\/jupitermachinerie.ca\/produits\/produit\/serie-cyl-st-3-rouleaux-bendmak\/\" \/>\n<meta property=\"og:locale\" content=\"fr_CA\" \/>\n<meta property=\"og:type\" content=\"article\" \/>\n<meta property=\"og:title\" content=\"S\u00e9rie CYL-ST 3 Rouleaux Bendmak\" \/>\n<meta property=\"og:description\" content=\"Les rouleaux de la s\u00e9rie CYL-ST de Bendmak sont sans aucun doute les cintreuses \u00e0 plaques m\u00e9caniques \u00e0 3 rouleaux les plus puissantes et \u00e9conomiques sur le march\u00e9. En raison du moteur \u00e9lectrique sur les rouleaux sup\u00e9rieur et inf\u00e9rieur, cette machine est le premier choix de l&#039;industrie de transformation du m\u00e9tal.   Mod\u00e8les disponibles: CYL-ST 140 CYL-ST 170 CYL-ST 190 CYL-ST 200\" \/>\n<meta property=\"og:url\" content=\"https:\/\/jupitermachinerie.ca\/produits\/produit\/serie-cyl-st-3-rouleaux-bendmak\/\" \/>\n<meta property=\"og:site_name\" content=\"Jupiter machinerie\" \/>\n<meta property=\"article:publisher\" content=\"https:\/\/www.facebook.com\/jupiter.machinerie\" \/>\n<meta property=\"article:modified_time\" content=\"2024-11-21T16:18:31+00:00\" \/>\n<meta property=\"og:image\" content=\"https:\/\/jupitermachinerie.ca\/produits\/wp-content\/uploads\/2024\/03\/1-CLY-ST-1401-resized-4.jpg\" \/>\n\t<meta property=\"og:image:width\" content=\"900\" \/>\n\t<meta property=\"og:image:height\" content=\"900\" \/>\n\t<meta property=\"og:image:type\" content=\"image\/jpeg\" \/>\n<meta name=\"twitter:card\" content=\"summary_large_image\" \/>\n<script type=\"application\/ld+json\" class=\"yoast-schema-graph\">{\"@context\":\"https:\\\/\\\/schema.org\",\"@graph\":[{\"@type\":\"WebPage\",\"@id\":\"https:\\\/\\\/jupitermachinerie.ca\\\/produits\\\/produit\\\/serie-cyl-st-3-rouleaux-bendmak\\\/\",\"url\":\"https:\\\/\\\/jupitermachinerie.ca\\\/produits\\\/produit\\\/serie-cyl-st-3-rouleaux-bendmak\\\/\",\"name\":\"S\u00e9rie CYL-ST 3 Rouleaux Bendmak - Jupiter machinerie\",\"isPartOf\":{\"@id\":\"https:\\\/\\\/jupitermachinerie.ca\\\/produits\\\/#website\"},\"primaryImageOfPage\":{\"@id\":\"https:\\\/\\\/jupitermachinerie.ca\\\/produits\\\/produit\\\/serie-cyl-st-3-rouleaux-bendmak\\\/#primaryimage\"},\"image\":{\"@id\":\"https:\\\/\\\/jupitermachinerie.ca\\\/produits\\\/produit\\\/serie-cyl-st-3-rouleaux-bendmak\\\/#primaryimage\"},\"thumbnailUrl\":\"https:\\\/\\\/jupitermachinerie.ca\\\/produits\\\/wp-content\\\/uploads\\\/2024\\\/03\\\/1-CLY-ST-1401-resized-4.jpg\",\"datePublished\":\"2019-09-30T16:35:00+00:00\",\"dateModified\":\"2024-11-21T16:18:31+00:00\",\"breadcrumb\":{\"@id\":\"https:\\\/\\\/jupitermachinerie.ca\\\/produits\\\/produit\\\/serie-cyl-st-3-rouleaux-bendmak\\\/#breadcrumb\"},\"inLanguage\":\"fr-CA\",\"potentialAction\":[{\"@type\":\"ReadAction\",\"target\":[\"https:\\\/\\\/jupitermachinerie.ca\\\/produits\\\/produit\\\/serie-cyl-st-3-rouleaux-bendmak\\\/\"]}]},{\"@type\":\"ImageObject\",\"inLanguage\":\"fr-CA\",\"@id\":\"https:\\\/\\\/jupitermachinerie.ca\\\/produits\\\/produit\\\/serie-cyl-st-3-rouleaux-bendmak\\\/#primaryimage\",\"url\":\"https:\\\/\\\/jupitermachinerie.ca\\\/produits\\\/wp-content\\\/uploads\\\/2024\\\/03\\\/1-CLY-ST-1401-resized-4.jpg\",\"contentUrl\":\"https:\\\/\\\/jupitermachinerie.ca\\\/produits\\\/wp-content\\\/uploads\\\/2024\\\/03\\\/1-CLY-ST-1401-resized-4.jpg\",\"width\":900,\"height\":900,\"caption\":\"S\u00e9rie CYL-ST 3 Rouleaux Bendmak\"},{\"@type\":\"BreadcrumbList\",\"@id\":\"https:\\\/\\\/jupitermachinerie.ca\\\/produits\\\/produit\\\/serie-cyl-st-3-rouleaux-bendmak\\\/#breadcrumb\",\"itemListElement\":[{\"@type\":\"ListItem\",\"position\":1,\"name\":\"Accueil\",\"item\":\"https:\\\/\\\/jupitermachinerie.ca\\\/produits\\\/\"},{\"@type\":\"ListItem\",\"position\":2,\"name\":\"Boutique\",\"item\":\"https:\\\/\\\/jupitermachinerie.ca\\\/produits\\\/boutique\\\/\"},{\"@type\":\"ListItem\",\"position\":3,\"name\":\"S\u00e9rie CYL-ST 3 Rouleaux Bendmak\"}]},{\"@type\":\"WebSite\",\"@id\":\"https:\\\/\\\/jupitermachinerie.ca\\\/produits\\\/#website\",\"url\":\"https:\\\/\\\/jupitermachinerie.ca\\\/produits\\\/\",\"name\":\"Jupiter machinerie\",\"description\":\"\",\"publisher\":{\"@id\":\"https:\\\/\\\/jupitermachinerie.ca\\\/produits\\\/#organization\"},\"potentialAction\":[{\"@type\":\"SearchAction\",\"target\":{\"@type\":\"EntryPoint\",\"urlTemplate\":\"https:\\\/\\\/jupitermachinerie.ca\\\/produits\\\/?s={search_term_string}\"},\"query-input\":{\"@type\":\"PropertyValueSpecification\",\"valueRequired\":true,\"valueName\":\"search_term_string\"}}],\"inLanguage\":\"fr-CA\"},{\"@type\":\"Organization\",\"@id\":\"https:\\\/\\\/jupitermachinerie.ca\\\/produits\\\/#organization\",\"name\":\"Jupiter machinerie\",\"url\":\"https:\\\/\\\/jupitermachinerie.ca\\\/produits\\\/\",\"logo\":{\"@type\":\"ImageObject\",\"inLanguage\":\"fr-CA\",\"@id\":\"https:\\\/\\\/jupitermachinerie.ca\\\/produits\\\/#\\\/schema\\\/logo\\\/image\\\/\",\"url\":\"https:\\\/\\\/jupitermachinerie.ca\\\/produits\\\/wp-content\\\/uploads\\\/2026\\\/03\\\/LOGOfinal-copie1.jpg\",\"contentUrl\":\"https:\\\/\\\/jupitermachinerie.ca\\\/produits\\\/wp-content\\\/uploads\\\/2026\\\/03\\\/LOGOfinal-copie1.jpg\",\"width\":602,\"height\":334,\"caption\":\"Jupiter machinerie\"},\"image\":{\"@id\":\"https:\\\/\\\/jupitermachinerie.ca\\\/produits\\\/#\\\/schema\\\/logo\\\/image\\\/\"},\"sameAs\":[\"https:\\\/\\\/www.facebook.com\\\/jupiter.machinerie\",\"https:\\\/\\\/www.linkedin.com\\\/company\\\/jupitermachinerie\"]}]}<\/script>\n<!-- \/ Yoast SEO Premium plugin. -->","yoast_head_json":{"title":"S\u00e9rie CYL-ST 3 Rouleaux Bendmak - Jupiter machinerie","robots":{"index":"index","follow":"follow","max-snippet":"max-snippet:-1","max-image-preview":"max-image-preview:large","max-video-preview":"max-video-preview:-1"},"canonical":"https:\/\/jupitermachinerie.ca\/produits\/produit\/serie-cyl-st-3-rouleaux-bendmak\/","og_locale":"fr_CA","og_type":"article","og_title":"S\u00e9rie CYL-ST 3 Rouleaux Bendmak","og_description":"Les rouleaux de la s\u00e9rie CYL-ST de Bendmak sont sans aucun doute les cintreuses \u00e0 plaques m\u00e9caniques \u00e0 3 rouleaux les plus puissantes et \u00e9conomiques sur le march\u00e9. En raison du moteur \u00e9lectrique sur les rouleaux sup\u00e9rieur et inf\u00e9rieur, cette machine est le premier choix de l'industrie de transformation du m\u00e9tal.   Mod\u00e8les disponibles: CYL-ST 140 CYL-ST 170 CYL-ST 190 CYL-ST 200","og_url":"https:\/\/jupitermachinerie.ca\/produits\/produit\/serie-cyl-st-3-rouleaux-bendmak\/","og_site_name":"Jupiter machinerie","article_publisher":"https:\/\/www.facebook.com\/jupiter.machinerie","article_modified_time":"2024-11-21T16:18:31+00:00","og_image":[{"width":900,"height":900,"url":"https:\/\/jupitermachinerie.ca\/produits\/wp-content\/uploads\/2024\/03\/1-CLY-ST-1401-resized-4.jpg","type":"image\/jpeg"}],"twitter_card":"summary_large_image","schema":{"@context":"https:\/\/schema.org","@graph":[{"@type":"WebPage","@id":"https:\/\/jupitermachinerie.ca\/produits\/produit\/serie-cyl-st-3-rouleaux-bendmak\/","url":"https:\/\/jupitermachinerie.ca\/produits\/produit\/serie-cyl-st-3-rouleaux-bendmak\/","name":"S\u00e9rie CYL-ST 3 Rouleaux Bendmak - Jupiter machinerie","isPartOf":{"@id":"https:\/\/jupitermachinerie.ca\/produits\/#website"},"primaryImageOfPage":{"@id":"https:\/\/jupitermachinerie.ca\/produits\/produit\/serie-cyl-st-3-rouleaux-bendmak\/#primaryimage"},"image":{"@id":"https:\/\/jupitermachinerie.ca\/produits\/produit\/serie-cyl-st-3-rouleaux-bendmak\/#primaryimage"},"thumbnailUrl":"https:\/\/jupitermachinerie.ca\/produits\/wp-content\/uploads\/2024\/03\/1-CLY-ST-1401-resized-4.jpg","datePublished":"2019-09-30T16:35:00+00:00","dateModified":"2024-11-21T16:18:31+00:00","breadcrumb":{"@id":"https:\/\/jupitermachinerie.ca\/produits\/produit\/serie-cyl-st-3-rouleaux-bendmak\/#breadcrumb"},"inLanguage":"fr-CA","potentialAction":[{"@type":"ReadAction","target":["https:\/\/jupitermachinerie.ca\/produits\/produit\/serie-cyl-st-3-rouleaux-bendmak\/"]}]},{"@type":"ImageObject","inLanguage":"fr-CA","@id":"https:\/\/jupitermachinerie.ca\/produits\/produit\/serie-cyl-st-3-rouleaux-bendmak\/#primaryimage","url":"https:\/\/jupitermachinerie.ca\/produits\/wp-content\/uploads\/2024\/03\/1-CLY-ST-1401-resized-4.jpg","contentUrl":"https:\/\/jupitermachinerie.ca\/produits\/wp-content\/uploads\/2024\/03\/1-CLY-ST-1401-resized-4.jpg","width":900,"height":900,"caption":"S\u00e9rie CYL-ST 3 Rouleaux Bendmak"},{"@type":"BreadcrumbList","@id":"https:\/\/jupitermachinerie.ca\/produits\/produit\/serie-cyl-st-3-rouleaux-bendmak\/#breadcrumb","itemListElement":[{"@type":"ListItem","position":1,"name":"Accueil","item":"https:\/\/jupitermachinerie.ca\/produits\/"},{"@type":"ListItem","position":2,"name":"Boutique","item":"https:\/\/jupitermachinerie.ca\/produits\/boutique\/"},{"@type":"ListItem","position":3,"name":"S\u00e9rie CYL-ST 3 Rouleaux Bendmak"}]},{"@type":"WebSite","@id":"https:\/\/jupitermachinerie.ca\/produits\/#website","url":"https:\/\/jupitermachinerie.ca\/produits\/","name":"Jupiter machinerie","description":"","publisher":{"@id":"https:\/\/jupitermachinerie.ca\/produits\/#organization"},"potentialAction":[{"@type":"SearchAction","target":{"@type":"EntryPoint","urlTemplate":"https:\/\/jupitermachinerie.ca\/produits\/?s={search_term_string}"},"query-input":{"@type":"PropertyValueSpecification","valueRequired":true,"valueName":"search_term_string"}}],"inLanguage":"fr-CA"},{"@type":"Organization","@id":"https:\/\/jupitermachinerie.ca\/produits\/#organization","name":"Jupiter machinerie","url":"https:\/\/jupitermachinerie.ca\/produits\/","logo":{"@type":"ImageObject","inLanguage":"fr-CA","@id":"https:\/\/jupitermachinerie.ca\/produits\/#\/schema\/logo\/image\/","url":"https:\/\/jupitermachinerie.ca\/produits\/wp-content\/uploads\/2026\/03\/LOGOfinal-copie1.jpg","contentUrl":"https:\/\/jupitermachinerie.ca\/produits\/wp-content\/uploads\/2026\/03\/LOGOfinal-copie1.jpg","width":602,"height":334,"caption":"Jupiter machinerie"},"image":{"@id":"https:\/\/jupitermachinerie.ca\/produits\/#\/schema\/logo\/image\/"},"sameAs":["https:\/\/www.facebook.com\/jupiter.machinerie","https:\/\/www.linkedin.com\/company\/jupitermachinerie"]}]}},"_links":{"self":[{"href":"https:\/\/jupitermachinerie.ca\/produits\/wp-json\/wp\/v2\/product\/261870","targetHints":{"allow":["GET"]}}],"collection":[{"href":"https:\/\/jupitermachinerie.ca\/produits\/wp-json\/wp\/v2\/product"}],"about":[{"href":"https:\/\/jupitermachinerie.ca\/produits\/wp-json\/wp\/v2\/types\/product"}],"wp:featuredmedia":[{"embeddable":true,"href":"https:\/\/jupitermachinerie.ca\/produits\/wp-json\/wp\/v2\/media\/261871"}],"wp:attachment":[{"href":"https:\/\/jupitermachinerie.ca\/produits\/wp-json\/wp\/v2\/media?parent=261870"}],"wp:term":[{"taxonomy":"product_brand","embeddable":true,"href":"https:\/\/jupitermachinerie.ca\/produits\/wp-json\/wp\/v2\/product_brand?post=261870"},{"taxonomy":"product_cat","embeddable":true,"href":"https:\/\/jupitermachinerie.ca\/produits\/wp-json\/wp\/v2\/product_cat?post=261870"},{"taxonomy":"product_tag","embeddable":true,"href":"https:\/\/jupitermachinerie.ca\/produits\/wp-json\/wp\/v2\/product_tag?post=261870"}],"curies":[{"name":"wp","href":"https:\/\/api.w.org\/{rel}","templated":true}]}}