{"id":261974,"date":"2019-10-07T17:08:00","date_gmt":"2019-10-07T21:08:00","guid":{"rendered":"https:\/\/jupitermachinerie.ca\/produits\/produit\/poinconneuse-cnc-euromac\/"},"modified":"2024-11-21T11:23:20","modified_gmt":"2024-11-21T16:23:20","slug":"poinconneuse-cnc-euromac","status":"publish","type":"product","link":"https:\/\/jupitermachinerie.ca\/produits\/produit\/poinconneuse-cnc-euromac\/","title":{"rendered":"Poin\u00e7onneuse CNC Euromac"},"content":{"rendered":"","protected":false},"excerpt":{"rendered":"<p>La recherche constante et l\u0092innovation technologique ont permis \u00e0 Euromac de cr\u00e9er une gamme de poin\u00e7onneuses \u00e0 commande num\u00e9rique performantes, tr\u00e8s productives et offrant des co\u00fbts d\u0092exploitation minimes. Nous proposons de nombreuses configurations polyvalentes qui satisferont tous vos besoins de production, de la petite \u00e0 la grande industrie, en optimisant vos exigences.<br \/>\n<img decoding=\"async\" src=\"https:\/\/jupiternet.com\/wp-content\/uploads\/2019\/04\/Logos__0014_Euromac-150x150.png\" alt=\"\" width=\"150\" height=\"150\" class=\"alignnone size-thumbnail wp-image-207874\" \/><br \/>\nMod\u00e8les disponibles:<br \/>\nS\u00e9rie BX<br \/>\nS\u00e9rie ZX Flex Hybrid<br \/>\nS\u00e9rie MBX<br \/>\nS\u00e9rie MTX Flex 6 et 12<br \/>\nS\u00e9rie STX Flex 6 et 12<\/p>\n","protected":false},"featured_media":261975,"template":"","meta":[],"product_brand":[],"product_cat":[30],"product_tag":[91],"class_list":{"0":"post-261974","1":"product","2":"type-product","3":"status-publish","4":"has-post-thumbnail","6":"product_cat-poinconneuses-cnc","7":"product_tag-euromac","9":"first","10":"outofstock","11":"virtual","12":"product-type-simple"},"yoast_head":"<!-- This site is optimized with the Yoast SEO Premium plugin v27.1 (Yoast SEO v27.4) - https:\/\/yoast.com\/product\/yoast-seo-premium-wordpress\/ -->\n<title>Poin\u00e7onneuse CNC Euromac - Jupiter machinerie<\/title>\n<meta name=\"robots\" content=\"index, follow, max-snippet:-1, max-image-preview:large, max-video-preview:-1\" \/>\n<link rel=\"canonical\" href=\"https:\/\/jupitermachinerie.ca\/produits\/produit\/poinconneuse-cnc-euromac\/\" \/>\n<meta property=\"og:locale\" content=\"fr_CA\" \/>\n<meta property=\"og:type\" content=\"article\" \/>\n<meta property=\"og:title\" content=\"Poin\u00e7onneuse CNC Euromac\" \/>\n<meta property=\"og:description\" content=\"La recherche constante et l\u0092innovation technologique ont permis \u00e0 Euromac de cr\u00e9er une gamme de poin\u00e7onneuses \u00e0 commande num\u00e9rique performantes, tr\u00e8s productives et offrant des co\u00fbts d\u0092exploitation minimes. Nous proposons de nombreuses configurations polyvalentes qui satisferont tous vos besoins de production, de la petite \u00e0 la grande industrie, en optimisant vos exigences.  Mod\u00e8les disponibles: S\u00e9rie BX S\u00e9rie ZX Flex Hybrid S\u00e9rie MBX S\u00e9rie MTX Flex 6 et 12 S\u00e9rie STX Flex 6 et 12\" \/>\n<meta property=\"og:url\" content=\"https:\/\/jupitermachinerie.ca\/produits\/produit\/poinconneuse-cnc-euromac\/\" \/>\n<meta property=\"og:site_name\" content=\"Jupiter machinerie\" \/>\n<meta property=\"article:publisher\" content=\"https:\/\/www.facebook.com\/jupiter.machinerie\" \/>\n<meta property=\"article:modified_time\" content=\"2024-11-21T16:23:20+00:00\" \/>\n<meta property=\"og:image\" content=\"https:\/\/jupitermachinerie.ca\/produits\/wp-content\/uploads\/2024\/03\/1-bx-resized-4.jpg\" \/>\n\t<meta property=\"og:image:width\" content=\"900\" \/>\n\t<meta property=\"og:image:height\" content=\"900\" \/>\n\t<meta property=\"og:image:type\" content=\"image\/jpeg\" \/>\n<meta name=\"twitter:card\" content=\"summary_large_image\" \/>\n<script type=\"application\/ld+json\" class=\"yoast-schema-graph\">{\"@context\":\"https:\\\/\\\/schema.org\",\"@graph\":[{\"@type\":\"WebPage\",\"@id\":\"https:\\\/\\\/jupitermachinerie.ca\\\/produits\\\/produit\\\/poinconneuse-cnc-euromac\\\/\",\"url\":\"https:\\\/\\\/jupitermachinerie.ca\\\/produits\\\/produit\\\/poinconneuse-cnc-euromac\\\/\",\"name\":\"Poin\u00e7onneuse CNC Euromac - Jupiter machinerie\",\"isPartOf\":{\"@id\":\"https:\\\/\\\/jupitermachinerie.ca\\\/produits\\\/#website\"},\"primaryImageOfPage\":{\"@id\":\"https:\\\/\\\/jupitermachinerie.ca\\\/produits\\\/produit\\\/poinconneuse-cnc-euromac\\\/#primaryimage\"},\"image\":{\"@id\":\"https:\\\/\\\/jupitermachinerie.ca\\\/produits\\\/produit\\\/poinconneuse-cnc-euromac\\\/#primaryimage\"},\"thumbnailUrl\":\"https:\\\/\\\/jupitermachinerie.ca\\\/produits\\\/wp-content\\\/uploads\\\/2024\\\/03\\\/1-bx-resized-4.jpg\",\"datePublished\":\"2019-10-07T21:08:00+00:00\",\"dateModified\":\"2024-11-21T16:23:20+00:00\",\"breadcrumb\":{\"@id\":\"https:\\\/\\\/jupitermachinerie.ca\\\/produits\\\/produit\\\/poinconneuse-cnc-euromac\\\/#breadcrumb\"},\"inLanguage\":\"fr-CA\",\"potentialAction\":[{\"@type\":\"ReadAction\",\"target\":[\"https:\\\/\\\/jupitermachinerie.ca\\\/produits\\\/produit\\\/poinconneuse-cnc-euromac\\\/\"]}]},{\"@type\":\"ImageObject\",\"inLanguage\":\"fr-CA\",\"@id\":\"https:\\\/\\\/jupitermachinerie.ca\\\/produits\\\/produit\\\/poinconneuse-cnc-euromac\\\/#primaryimage\",\"url\":\"https:\\\/\\\/jupitermachinerie.ca\\\/produits\\\/wp-content\\\/uploads\\\/2024\\\/03\\\/1-bx-resized-4.jpg\",\"contentUrl\":\"https:\\\/\\\/jupitermachinerie.ca\\\/produits\\\/wp-content\\\/uploads\\\/2024\\\/03\\\/1-bx-resized-4.jpg\",\"width\":900,\"height\":900,\"caption\":\"Poin\u00e7onneuse CNC Euromac\"},{\"@type\":\"BreadcrumbList\",\"@id\":\"https:\\\/\\\/jupitermachinerie.ca\\\/produits\\\/produit\\\/poinconneuse-cnc-euromac\\\/#breadcrumb\",\"itemListElement\":[{\"@type\":\"ListItem\",\"position\":1,\"name\":\"Accueil\",\"item\":\"https:\\\/\\\/jupitermachinerie.ca\\\/produits\\\/\"},{\"@type\":\"ListItem\",\"position\":2,\"name\":\"Boutique\",\"item\":\"https:\\\/\\\/jupitermachinerie.ca\\\/produits\\\/boutique\\\/\"},{\"@type\":\"ListItem\",\"position\":3,\"name\":\"Poin\u00e7onneuse CNC Euromac\"}]},{\"@type\":\"WebSite\",\"@id\":\"https:\\\/\\\/jupitermachinerie.ca\\\/produits\\\/#website\",\"url\":\"https:\\\/\\\/jupitermachinerie.ca\\\/produits\\\/\",\"name\":\"Jupiter machinerie\",\"description\":\"\",\"publisher\":{\"@id\":\"https:\\\/\\\/jupitermachinerie.ca\\\/produits\\\/#organization\"},\"potentialAction\":[{\"@type\":\"SearchAction\",\"target\":{\"@type\":\"EntryPoint\",\"urlTemplate\":\"https:\\\/\\\/jupitermachinerie.ca\\\/produits\\\/?s={search_term_string}\"},\"query-input\":{\"@type\":\"PropertyValueSpecification\",\"valueRequired\":true,\"valueName\":\"search_term_string\"}}],\"inLanguage\":\"fr-CA\"},{\"@type\":\"Organization\",\"@id\":\"https:\\\/\\\/jupitermachinerie.ca\\\/produits\\\/#organization\",\"name\":\"Jupiter machinerie\",\"url\":\"https:\\\/\\\/jupitermachinerie.ca\\\/produits\\\/\",\"logo\":{\"@type\":\"ImageObject\",\"inLanguage\":\"fr-CA\",\"@id\":\"https:\\\/\\\/jupitermachinerie.ca\\\/produits\\\/#\\\/schema\\\/logo\\\/image\\\/\",\"url\":\"https:\\\/\\\/jupitermachinerie.ca\\\/produits\\\/wp-content\\\/uploads\\\/2026\\\/03\\\/LOGOfinal-copie1.jpg\",\"contentUrl\":\"https:\\\/\\\/jupitermachinerie.ca\\\/produits\\\/wp-content\\\/uploads\\\/2026\\\/03\\\/LOGOfinal-copie1.jpg\",\"width\":602,\"height\":334,\"caption\":\"Jupiter machinerie\"},\"image\":{\"@id\":\"https:\\\/\\\/jupitermachinerie.ca\\\/produits\\\/#\\\/schema\\\/logo\\\/image\\\/\"},\"sameAs\":[\"https:\\\/\\\/www.facebook.com\\\/jupiter.machinerie\",\"https:\\\/\\\/www.linkedin.com\\\/company\\\/jupitermachinerie\"]}]}<\/script>\n<!-- \/ Yoast SEO Premium plugin. -->","yoast_head_json":{"title":"Poin\u00e7onneuse CNC Euromac - Jupiter machinerie","robots":{"index":"index","follow":"follow","max-snippet":"max-snippet:-1","max-image-preview":"max-image-preview:large","max-video-preview":"max-video-preview:-1"},"canonical":"https:\/\/jupitermachinerie.ca\/produits\/produit\/poinconneuse-cnc-euromac\/","og_locale":"fr_CA","og_type":"article","og_title":"Poin\u00e7onneuse CNC Euromac","og_description":"La recherche constante et l\u0092innovation technologique ont permis \u00e0 Euromac de cr\u00e9er une gamme de poin\u00e7onneuses \u00e0 commande num\u00e9rique performantes, tr\u00e8s productives et offrant des co\u00fbts d\u0092exploitation minimes. Nous proposons de nombreuses configurations polyvalentes qui satisferont tous vos besoins de production, de la petite \u00e0 la grande industrie, en optimisant vos exigences.  Mod\u00e8les disponibles: S\u00e9rie BX S\u00e9rie ZX Flex Hybrid S\u00e9rie MBX S\u00e9rie MTX Flex 6 et 12 S\u00e9rie STX Flex 6 et 12","og_url":"https:\/\/jupitermachinerie.ca\/produits\/produit\/poinconneuse-cnc-euromac\/","og_site_name":"Jupiter machinerie","article_publisher":"https:\/\/www.facebook.com\/jupiter.machinerie","article_modified_time":"2024-11-21T16:23:20+00:00","og_image":[{"width":900,"height":900,"url":"https:\/\/jupitermachinerie.ca\/produits\/wp-content\/uploads\/2024\/03\/1-bx-resized-4.jpg","type":"image\/jpeg"}],"twitter_card":"summary_large_image","schema":{"@context":"https:\/\/schema.org","@graph":[{"@type":"WebPage","@id":"https:\/\/jupitermachinerie.ca\/produits\/produit\/poinconneuse-cnc-euromac\/","url":"https:\/\/jupitermachinerie.ca\/produits\/produit\/poinconneuse-cnc-euromac\/","name":"Poin\u00e7onneuse CNC Euromac - Jupiter machinerie","isPartOf":{"@id":"https:\/\/jupitermachinerie.ca\/produits\/#website"},"primaryImageOfPage":{"@id":"https:\/\/jupitermachinerie.ca\/produits\/produit\/poinconneuse-cnc-euromac\/#primaryimage"},"image":{"@id":"https:\/\/jupitermachinerie.ca\/produits\/produit\/poinconneuse-cnc-euromac\/#primaryimage"},"thumbnailUrl":"https:\/\/jupitermachinerie.ca\/produits\/wp-content\/uploads\/2024\/03\/1-bx-resized-4.jpg","datePublished":"2019-10-07T21:08:00+00:00","dateModified":"2024-11-21T16:23:20+00:00","breadcrumb":{"@id":"https:\/\/jupitermachinerie.ca\/produits\/produit\/poinconneuse-cnc-euromac\/#breadcrumb"},"inLanguage":"fr-CA","potentialAction":[{"@type":"ReadAction","target":["https:\/\/jupitermachinerie.ca\/produits\/produit\/poinconneuse-cnc-euromac\/"]}]},{"@type":"ImageObject","inLanguage":"fr-CA","@id":"https:\/\/jupitermachinerie.ca\/produits\/produit\/poinconneuse-cnc-euromac\/#primaryimage","url":"https:\/\/jupitermachinerie.ca\/produits\/wp-content\/uploads\/2024\/03\/1-bx-resized-4.jpg","contentUrl":"https:\/\/jupitermachinerie.ca\/produits\/wp-content\/uploads\/2024\/03\/1-bx-resized-4.jpg","width":900,"height":900,"caption":"Poin\u00e7onneuse CNC Euromac"},{"@type":"BreadcrumbList","@id":"https:\/\/jupitermachinerie.ca\/produits\/produit\/poinconneuse-cnc-euromac\/#breadcrumb","itemListElement":[{"@type":"ListItem","position":1,"name":"Accueil","item":"https:\/\/jupitermachinerie.ca\/produits\/"},{"@type":"ListItem","position":2,"name":"Boutique","item":"https:\/\/jupitermachinerie.ca\/produits\/boutique\/"},{"@type":"ListItem","position":3,"name":"Poin\u00e7onneuse CNC Euromac"}]},{"@type":"WebSite","@id":"https:\/\/jupitermachinerie.ca\/produits\/#website","url":"https:\/\/jupitermachinerie.ca\/produits\/","name":"Jupiter machinerie","description":"","publisher":{"@id":"https:\/\/jupitermachinerie.ca\/produits\/#organization"},"potentialAction":[{"@type":"SearchAction","target":{"@type":"EntryPoint","urlTemplate":"https:\/\/jupitermachinerie.ca\/produits\/?s={search_term_string}"},"query-input":{"@type":"PropertyValueSpecification","valueRequired":true,"valueName":"search_term_string"}}],"inLanguage":"fr-CA"},{"@type":"Organization","@id":"https:\/\/jupitermachinerie.ca\/produits\/#organization","name":"Jupiter machinerie","url":"https:\/\/jupitermachinerie.ca\/produits\/","logo":{"@type":"ImageObject","inLanguage":"fr-CA","@id":"https:\/\/jupitermachinerie.ca\/produits\/#\/schema\/logo\/image\/","url":"https:\/\/jupitermachinerie.ca\/produits\/wp-content\/uploads\/2026\/03\/LOGOfinal-copie1.jpg","contentUrl":"https:\/\/jupitermachinerie.ca\/produits\/wp-content\/uploads\/2026\/03\/LOGOfinal-copie1.jpg","width":602,"height":334,"caption":"Jupiter machinerie"},"image":{"@id":"https:\/\/jupitermachinerie.ca\/produits\/#\/schema\/logo\/image\/"},"sameAs":["https:\/\/www.facebook.com\/jupiter.machinerie","https:\/\/www.linkedin.com\/company\/jupitermachinerie"]}]}},"_links":{"self":[{"href":"https:\/\/jupitermachinerie.ca\/produits\/wp-json\/wp\/v2\/product\/261974","targetHints":{"allow":["GET"]}}],"collection":[{"href":"https:\/\/jupitermachinerie.ca\/produits\/wp-json\/wp\/v2\/product"}],"about":[{"href":"https:\/\/jupitermachinerie.ca\/produits\/wp-json\/wp\/v2\/types\/product"}],"wp:featuredmedia":[{"embeddable":true,"href":"https:\/\/jupitermachinerie.ca\/produits\/wp-json\/wp\/v2\/media\/261975"}],"wp:attachment":[{"href":"https:\/\/jupitermachinerie.ca\/produits\/wp-json\/wp\/v2\/media?parent=261974"}],"wp:term":[{"taxonomy":"product_brand","embeddable":true,"href":"https:\/\/jupitermachinerie.ca\/produits\/wp-json\/wp\/v2\/product_brand?post=261974"},{"taxonomy":"product_cat","embeddable":true,"href":"https:\/\/jupitermachinerie.ca\/produits\/wp-json\/wp\/v2\/product_cat?post=261974"},{"taxonomy":"product_tag","embeddable":true,"href":"https:\/\/jupitermachinerie.ca\/produits\/wp-json\/wp\/v2\/product_tag?post=261974"}],"curies":[{"name":"wp","href":"https:\/\/api.w.org\/{rel}","templated":true}]}}