{"id":262028,"date":"2023-10-24T09:33:00","date_gmt":"2023-10-24T13:33:00","guid":{"rendered":"https:\/\/jupitermachinerie.ca\/produits\/produit\/laserplaque-mehta\/"},"modified":"2026-01-23T14:46:56","modified_gmt":"2026-01-23T19:46:56","slug":"laserplaque-mehta","status":"publish","type":"product","link":"https:\/\/jupitermachinerie.ca\/produits\/produit\/laserplaque-mehta\/","title":{"rendered":"Laser Plaque Gloria ZX1530 CTC"},"content":{"rendered":"<p>Mehta Hitech est depuis plus de 30 ans une entreprise pionni\u00e8re dans les domaines du laser CO2, du laser \u00e0 fibre, du routeur CNC et des technologie d&rsquo;impression num\u00e9rique.<\/p>\n<p>Des innovations constantes et des investissements progressifs font de Mehta Hitech, avec ses 22 bureaux de ventes et ses 1000 employ\u00e9s, la plus grande organisation et le leader du march\u00e9 \u00e0 travers l&rsquo;Inde et a d\u00e9velopp\u00e9 un r\u00e9seau de distribution dans le monde entier.<\/p>\n<p>Les \u00e9quipements fabriqu\u00e9s chez Mehta Hitech sont fabriqu\u00e9s \u00e0 partir de pi\u00e8ces de haute qualit\u00e9 provenant de marques reconnues et disponible \u00e0 travers le monde.<\/p>\n<p>Les valeurs fondamentales de l&rsquo;organisation sont la passion pour la qualit\u00e9 du service et de la technologie. Le d\u00e9partement R&amp;D \u00e0 la fine pointe de la technologie montre clairement leur passion pour la qualit\u00e9 et l&rsquo;engagement \u00e0 d\u00e9velopper constamment des produits avanc\u00e9s technologiquement en permettant aux clients de d\u00e9velopper leurs activit\u00e9s et faire face \u00e0 la concurrence \u00e0 travers le monde.<\/p>\n<p>Disponible en version 1500 Watts jusqu&rsquo;\u00e0 40 000 Watts, le laser Mehta 1530 vous permettra la d\u00e9coupe de plaque de 5&prime; X 10&prime;.<\/p>\n<p>\u00c9quip\u00e9 d&rsquo;un d\u00e9poussi\u00e9reur Donaldson, d&rsquo;un syst\u00e8me de refroidissement par circulation Mehta, d&rsquo;une source Raycus et d&rsquo;une t\u00eate de d\u00e9coupe Prectiec (ou Raytools pour 3kw seulement).<\/p>\n<p>Con\u00e7u pour r\u00e9pondre aux besoins vari\u00e9s de l\u2019industrie m\u00e9tallurgique, le syst\u00e8me Mehta 1530 est capable de traiter efficacement plusieurs types de m\u00e9taux, incluant les feuilles ou plaques d\u2019aluminium, d\u2019acier doux et d\u2019acier inoxydable (stainless steel). Cette polyvalence assure une grande flexibilit\u00e9 de production, tant pour des applications g\u00e9n\u00e9rales que pour des projets de haute pr\u00e9cision, en faisant un outil indispensable pour les fabricants souhaitant optimiser leur rendement sans compromettre la qualit\u00e9.<\/p>\n<table width=\"746\">\n<tbody>\n<tr>\n<td width=\"373\"><strong>Mod\u00e8le<\/strong><\/td>\n<td width=\"373\"><strong>GLORIA-ZX-1530 -****<\/strong><\/td>\n<\/tr>\n<tr>\n<td width=\"373\"><strong>Description<\/strong><\/td>\n<td width=\"373\"><strong>D\u00e9coupeuse laser ferm\u00e9e avec changement de table <\/strong><\/td>\n<\/tr>\n<tr>\n<td width=\"373\"><strong>Dimensions de la zone de travail<\/strong><\/td>\n<td width=\"373\"><strong>1550 x 3050mm (5\u2019 x 10\u2019)<\/strong><\/td>\n<\/tr>\n<tr>\n<td width=\"373\"><strong>Source laser<\/strong><\/td>\n<td width=\"373\"><strong>3000 Watts \u00e0 40 000 Watts<\/strong><\/td>\n<\/tr>\n<tr>\n<td width=\"373\"><strong>Type de laser<\/strong><\/td>\n<td width=\"373\"><strong>Laser \u00e0 fibre Raycus ou IPG<\/strong><\/td>\n<\/tr>\n<tr>\n<td width=\"373\"><strong>Longueur d&rsquo;onde laser<\/strong><\/td>\n<td width=\"373\"><strong>1080 nm<\/strong><\/td>\n<\/tr>\n<tr>\n<td width=\"373\"><strong>T\u00eate de coupe<\/strong><\/td>\n<td width=\"373\"><strong>PRECITEC ou Raycus (3kw seulement)<\/strong><\/td>\n<\/tr>\n<tr>\n<td width=\"373\"><strong>Vitesse de coupe maximale<\/strong><\/td>\n<td width=\"373\"><strong>80 m\u00e8tres\/minute<\/strong><\/td>\n<\/tr>\n<tr>\n<td width=\"373\"><strong>Vitesse de d\u00e9placement maximale<\/strong><\/td>\n<td width=\"373\"><strong>130 m\u00e8tres\/minute<\/strong><\/td>\n<\/tr>\n<tr>\n<td width=\"373\"><strong>Pr\u00e9cision de positionnement<\/strong><\/td>\n<td width=\"373\"><strong>&lt;\u00b1 0.04 mm<\/strong><\/td>\n<\/tr>\n<tr>\n<td width=\"373\"><strong>Largeur de ligne minimale<\/strong><\/td>\n<td width=\"373\"><strong>&lt; 0.12 mm<\/strong><\/td>\n<\/tr>\n<tr>\n<td width=\"373\"><strong>Syst\u00e8me de refroidissement<\/strong><\/td>\n<td width=\"373\"><strong>Refroidissement \u00e0 l&rsquo;eau<\/strong><\/td>\n<\/tr>\n<tr>\n<td width=\"373\"><strong>Entra\u00eenements et contr\u00f4le<\/strong><\/td>\n<td width=\"373\"><strong>Servomoteur Panasonic AC<\/strong><\/td>\n<\/tr>\n<tr>\n<td width=\"373\"><strong>Tension \u00e9lectrique de travail<\/strong><\/td>\n<td width=\"373\"><strong>380 VAC<\/strong><\/td>\n<\/tr>\n<tr>\n<td width=\"373\"><strong>Poids<\/strong><\/td>\n<td width=\"373\"><strong>10 tonnes<\/strong><\/td>\n<\/tr>\n<tr>\n<td width=\"373\"><strong>Transmission<\/strong><\/td>\n<td width=\"373\"><strong>Axe Z avec vis \u00e0 billes. Axes X-Y rail carr\u00e9<\/strong><\/td>\n<\/tr>\n<tr>\n<td width=\"373\"><strong>Contr\u00f4leur<\/strong><\/td>\n<td width=\"373\"><strong>CypCutE<\/strong><\/td>\n<\/tr>\n<tr>\n<td width=\"373\"><strong>Extracteur de fum\u00e9e<\/strong><\/td>\n<td width=\"373\"><strong>Donaldson <\/strong><\/td>\n<\/tr>\n<\/tbody>\n<\/table>\n<div class=\"video-shortcode\"><iframe title=\"Jupiter is the exclusive dealer of Mehta Hitech Lasers!\" width=\"1200\" height=\"675\" src=\"https:\/\/www.youtube.com\/embed\/njcUv4tSbPk?feature=oembed\" frameborder=\"0\" allow=\"accelerometer; autoplay; clipboard-write; encrypted-media; gyroscope; picture-in-picture; web-share\" referrerpolicy=\"strict-origin-when-cross-origin\" allowfullscreen><\/iframe><\/div>\n<p>&nbsp;<\/p>\n","protected":false},"excerpt":{"rendered":"<p>Nous offrons en exclusivit\u00e9 tous les syst\u00e8mes de d\u00e9coupe laser du manufacturier Mehta Hitech. Appelez-nous pour plus d&rsquo;informations, une d\u00e9monstration ou une rencontre avec un sp\u00e9cialiste de d\u00e9coupe laser.<\/p>\n","protected":false},"featured_media":262554,"template":"","meta":[],"product_brand":[],"product_cat":[74],"product_tag":[120],"class_list":{"0":"post-262028","1":"product","2":"type-product","3":"status-publish","4":"has-post-thumbnail","6":"product_cat-systemes-de-decoupe-laser-a-fibre","7":"product_tag-mehta-laser","9":"first","10":"onbackorder","11":"virtual","12":"product-type-simple"},"yoast_head":"<!-- This site is optimized with the Yoast SEO Premium plugin v27.1 (Yoast SEO v27.4) - https:\/\/yoast.com\/product\/yoast-seo-premium-wordpress\/ -->\n<title>Laser Plaque Gloria ZX1530 CTC - Jupiter machinerie<\/title>\n<meta name=\"description\" content=\"Ce syst\u00e8me laser fibre permet la d\u00e9coupe pr\u00e9cise de plaques d\u2019aluminium, d\u2019acier et d\u2019acier inoxydable. Con\u00e7u pour une production industrielle performante.\" \/>\n<meta name=\"robots\" content=\"index, follow, max-snippet:-1, max-image-preview:large, max-video-preview:-1\" \/>\n<link rel=\"canonical\" href=\"https:\/\/jupitermachinerie.ca\/produits\/produit\/laserplaque-mehta\/\" \/>\n<meta property=\"og:locale\" content=\"fr_CA\" \/>\n<meta property=\"og:type\" content=\"article\" \/>\n<meta property=\"og:title\" content=\"Laser Plaque Gloria ZX1530 CTC\" \/>\n<meta property=\"og:description\" content=\"Ce syst\u00e8me laser fibre permet la d\u00e9coupe pr\u00e9cise de plaques d\u2019aluminium, d\u2019acier et d\u2019acier inoxydable. Con\u00e7u pour une production industrielle performante.\" \/>\n<meta property=\"og:url\" content=\"https:\/\/jupitermachinerie.ca\/produits\/produit\/laserplaque-mehta\/\" \/>\n<meta property=\"og:site_name\" content=\"Jupiter machinerie\" \/>\n<meta property=\"article:publisher\" content=\"https:\/\/www.facebook.com\/jupiter.machinerie\" \/>\n<meta property=\"article:modified_time\" content=\"2026-01-23T19:46:56+00:00\" \/>\n<meta property=\"og:image\" content=\"https:\/\/jupitermachinerie.ca\/produits\/wp-content\/uploads\/2023\/10\/zx1530.jpg\" \/>\n\t<meta property=\"og:image:width\" content=\"1506\" \/>\n\t<meta property=\"og:image:height\" content=\"1053\" \/>\n\t<meta property=\"og:image:type\" content=\"image\/jpeg\" \/>\n<meta name=\"twitter:card\" content=\"summary_large_image\" \/>\n<meta name=\"twitter:label1\" content=\"Estimation du temps de lecture\" \/>\n\t<meta name=\"twitter:data1\" content=\"3 minutes\" \/>\n<script type=\"application\/ld+json\" class=\"yoast-schema-graph\">{\"@context\":\"https:\\\/\\\/schema.org\",\"@graph\":[{\"@type\":\"WebPage\",\"@id\":\"https:\\\/\\\/jupitermachinerie.ca\\\/produits\\\/produit\\\/laserplaque-mehta\\\/\",\"url\":\"https:\\\/\\\/jupitermachinerie.ca\\\/produits\\\/produit\\\/laserplaque-mehta\\\/\",\"name\":\"Laser Plaque Gloria ZX1530 CTC - Jupiter machinerie\",\"isPartOf\":{\"@id\":\"https:\\\/\\\/jupitermachinerie.ca\\\/produits\\\/#website\"},\"primaryImageOfPage\":{\"@id\":\"https:\\\/\\\/jupitermachinerie.ca\\\/produits\\\/produit\\\/laserplaque-mehta\\\/#primaryimage\"},\"image\":{\"@id\":\"https:\\\/\\\/jupitermachinerie.ca\\\/produits\\\/produit\\\/laserplaque-mehta\\\/#primaryimage\"},\"thumbnailUrl\":\"https:\\\/\\\/jupitermachinerie.ca\\\/produits\\\/wp-content\\\/uploads\\\/2023\\\/10\\\/zx1530.jpg\",\"datePublished\":\"2023-10-24T13:33:00+00:00\",\"dateModified\":\"2026-01-23T19:46:56+00:00\",\"description\":\"Ce syst\u00e8me laser fibre permet la d\u00e9coupe pr\u00e9cise de plaques d\u2019aluminium, d\u2019acier et d\u2019acier inoxydable. Con\u00e7u pour une production industrielle performante.\",\"breadcrumb\":{\"@id\":\"https:\\\/\\\/jupitermachinerie.ca\\\/produits\\\/produit\\\/laserplaque-mehta\\\/#breadcrumb\"},\"inLanguage\":\"fr-CA\",\"potentialAction\":[{\"@type\":\"ReadAction\",\"target\":[\"https:\\\/\\\/jupitermachinerie.ca\\\/produits\\\/produit\\\/laserplaque-mehta\\\/\"]}]},{\"@type\":\"ImageObject\",\"inLanguage\":\"fr-CA\",\"@id\":\"https:\\\/\\\/jupitermachinerie.ca\\\/produits\\\/produit\\\/laserplaque-mehta\\\/#primaryimage\",\"url\":\"https:\\\/\\\/jupitermachinerie.ca\\\/produits\\\/wp-content\\\/uploads\\\/2023\\\/10\\\/zx1530.jpg\",\"contentUrl\":\"https:\\\/\\\/jupitermachinerie.ca\\\/produits\\\/wp-content\\\/uploads\\\/2023\\\/10\\\/zx1530.jpg\",\"width\":1506,\"height\":1053},{\"@type\":\"BreadcrumbList\",\"@id\":\"https:\\\/\\\/jupitermachinerie.ca\\\/produits\\\/produit\\\/laserplaque-mehta\\\/#breadcrumb\",\"itemListElement\":[{\"@type\":\"ListItem\",\"position\":1,\"name\":\"Accueil\",\"item\":\"https:\\\/\\\/jupitermachinerie.ca\\\/produits\\\/\"},{\"@type\":\"ListItem\",\"position\":2,\"name\":\"Boutique\",\"item\":\"https:\\\/\\\/jupitermachinerie.ca\\\/produits\\\/boutique\\\/\"},{\"@type\":\"ListItem\",\"position\":3,\"name\":\"Laser Plaque Gloria ZX1530 CTC\"}]},{\"@type\":\"WebSite\",\"@id\":\"https:\\\/\\\/jupitermachinerie.ca\\\/produits\\\/#website\",\"url\":\"https:\\\/\\\/jupitermachinerie.ca\\\/produits\\\/\",\"name\":\"Jupiter machinerie\",\"description\":\"\",\"publisher\":{\"@id\":\"https:\\\/\\\/jupitermachinerie.ca\\\/produits\\\/#organization\"},\"potentialAction\":[{\"@type\":\"SearchAction\",\"target\":{\"@type\":\"EntryPoint\",\"urlTemplate\":\"https:\\\/\\\/jupitermachinerie.ca\\\/produits\\\/?s={search_term_string}\"},\"query-input\":{\"@type\":\"PropertyValueSpecification\",\"valueRequired\":true,\"valueName\":\"search_term_string\"}}],\"inLanguage\":\"fr-CA\"},{\"@type\":\"Organization\",\"@id\":\"https:\\\/\\\/jupitermachinerie.ca\\\/produits\\\/#organization\",\"name\":\"Jupiter machinerie\",\"url\":\"https:\\\/\\\/jupitermachinerie.ca\\\/produits\\\/\",\"logo\":{\"@type\":\"ImageObject\",\"inLanguage\":\"fr-CA\",\"@id\":\"https:\\\/\\\/jupitermachinerie.ca\\\/produits\\\/#\\\/schema\\\/logo\\\/image\\\/\",\"url\":\"https:\\\/\\\/jupitermachinerie.ca\\\/produits\\\/wp-content\\\/uploads\\\/2026\\\/03\\\/LOGOfinal-copie1.jpg\",\"contentUrl\":\"https:\\\/\\\/jupitermachinerie.ca\\\/produits\\\/wp-content\\\/uploads\\\/2026\\\/03\\\/LOGOfinal-copie1.jpg\",\"width\":602,\"height\":334,\"caption\":\"Jupiter machinerie\"},\"image\":{\"@id\":\"https:\\\/\\\/jupitermachinerie.ca\\\/produits\\\/#\\\/schema\\\/logo\\\/image\\\/\"},\"sameAs\":[\"https:\\\/\\\/www.facebook.com\\\/jupiter.machinerie\",\"https:\\\/\\\/www.linkedin.com\\\/company\\\/jupitermachinerie\"]}]}<\/script>\n<!-- \/ Yoast SEO Premium plugin. -->","yoast_head_json":{"title":"Laser Plaque Gloria ZX1530 CTC - Jupiter machinerie","description":"Ce syst\u00e8me laser fibre permet la d\u00e9coupe pr\u00e9cise de plaques d\u2019aluminium, d\u2019acier et d\u2019acier inoxydable. Con\u00e7u pour une production industrielle performante.","robots":{"index":"index","follow":"follow","max-snippet":"max-snippet:-1","max-image-preview":"max-image-preview:large","max-video-preview":"max-video-preview:-1"},"canonical":"https:\/\/jupitermachinerie.ca\/produits\/produit\/laserplaque-mehta\/","og_locale":"fr_CA","og_type":"article","og_title":"Laser Plaque Gloria ZX1530 CTC","og_description":"Ce syst\u00e8me laser fibre permet la d\u00e9coupe pr\u00e9cise de plaques d\u2019aluminium, d\u2019acier et d\u2019acier inoxydable. Con\u00e7u pour une production industrielle performante.","og_url":"https:\/\/jupitermachinerie.ca\/produits\/produit\/laserplaque-mehta\/","og_site_name":"Jupiter machinerie","article_publisher":"https:\/\/www.facebook.com\/jupiter.machinerie","article_modified_time":"2026-01-23T19:46:56+00:00","og_image":[{"width":1506,"height":1053,"url":"https:\/\/jupitermachinerie.ca\/produits\/wp-content\/uploads\/2023\/10\/zx1530.jpg","type":"image\/jpeg"}],"twitter_card":"summary_large_image","twitter_misc":{"Estimation du temps de lecture":"3 minutes"},"schema":{"@context":"https:\/\/schema.org","@graph":[{"@type":"WebPage","@id":"https:\/\/jupitermachinerie.ca\/produits\/produit\/laserplaque-mehta\/","url":"https:\/\/jupitermachinerie.ca\/produits\/produit\/laserplaque-mehta\/","name":"Laser Plaque Gloria ZX1530 CTC - Jupiter machinerie","isPartOf":{"@id":"https:\/\/jupitermachinerie.ca\/produits\/#website"},"primaryImageOfPage":{"@id":"https:\/\/jupitermachinerie.ca\/produits\/produit\/laserplaque-mehta\/#primaryimage"},"image":{"@id":"https:\/\/jupitermachinerie.ca\/produits\/produit\/laserplaque-mehta\/#primaryimage"},"thumbnailUrl":"https:\/\/jupitermachinerie.ca\/produits\/wp-content\/uploads\/2023\/10\/zx1530.jpg","datePublished":"2023-10-24T13:33:00+00:00","dateModified":"2026-01-23T19:46:56+00:00","description":"Ce syst\u00e8me laser fibre permet la d\u00e9coupe pr\u00e9cise de plaques d\u2019aluminium, d\u2019acier et d\u2019acier inoxydable. Con\u00e7u pour une production industrielle performante.","breadcrumb":{"@id":"https:\/\/jupitermachinerie.ca\/produits\/produit\/laserplaque-mehta\/#breadcrumb"},"inLanguage":"fr-CA","potentialAction":[{"@type":"ReadAction","target":["https:\/\/jupitermachinerie.ca\/produits\/produit\/laserplaque-mehta\/"]}]},{"@type":"ImageObject","inLanguage":"fr-CA","@id":"https:\/\/jupitermachinerie.ca\/produits\/produit\/laserplaque-mehta\/#primaryimage","url":"https:\/\/jupitermachinerie.ca\/produits\/wp-content\/uploads\/2023\/10\/zx1530.jpg","contentUrl":"https:\/\/jupitermachinerie.ca\/produits\/wp-content\/uploads\/2023\/10\/zx1530.jpg","width":1506,"height":1053},{"@type":"BreadcrumbList","@id":"https:\/\/jupitermachinerie.ca\/produits\/produit\/laserplaque-mehta\/#breadcrumb","itemListElement":[{"@type":"ListItem","position":1,"name":"Accueil","item":"https:\/\/jupitermachinerie.ca\/produits\/"},{"@type":"ListItem","position":2,"name":"Boutique","item":"https:\/\/jupitermachinerie.ca\/produits\/boutique\/"},{"@type":"ListItem","position":3,"name":"Laser Plaque Gloria ZX1530 CTC"}]},{"@type":"WebSite","@id":"https:\/\/jupitermachinerie.ca\/produits\/#website","url":"https:\/\/jupitermachinerie.ca\/produits\/","name":"Jupiter machinerie","description":"","publisher":{"@id":"https:\/\/jupitermachinerie.ca\/produits\/#organization"},"potentialAction":[{"@type":"SearchAction","target":{"@type":"EntryPoint","urlTemplate":"https:\/\/jupitermachinerie.ca\/produits\/?s={search_term_string}"},"query-input":{"@type":"PropertyValueSpecification","valueRequired":true,"valueName":"search_term_string"}}],"inLanguage":"fr-CA"},{"@type":"Organization","@id":"https:\/\/jupitermachinerie.ca\/produits\/#organization","name":"Jupiter machinerie","url":"https:\/\/jupitermachinerie.ca\/produits\/","logo":{"@type":"ImageObject","inLanguage":"fr-CA","@id":"https:\/\/jupitermachinerie.ca\/produits\/#\/schema\/logo\/image\/","url":"https:\/\/jupitermachinerie.ca\/produits\/wp-content\/uploads\/2026\/03\/LOGOfinal-copie1.jpg","contentUrl":"https:\/\/jupitermachinerie.ca\/produits\/wp-content\/uploads\/2026\/03\/LOGOfinal-copie1.jpg","width":602,"height":334,"caption":"Jupiter machinerie"},"image":{"@id":"https:\/\/jupitermachinerie.ca\/produits\/#\/schema\/logo\/image\/"},"sameAs":["https:\/\/www.facebook.com\/jupiter.machinerie","https:\/\/www.linkedin.com\/company\/jupitermachinerie"]}]}},"_links":{"self":[{"href":"https:\/\/jupitermachinerie.ca\/produits\/wp-json\/wp\/v2\/product\/262028","targetHints":{"allow":["GET"]}}],"collection":[{"href":"https:\/\/jupitermachinerie.ca\/produits\/wp-json\/wp\/v2\/product"}],"about":[{"href":"https:\/\/jupitermachinerie.ca\/produits\/wp-json\/wp\/v2\/types\/product"}],"wp:featuredmedia":[{"embeddable":true,"href":"https:\/\/jupitermachinerie.ca\/produits\/wp-json\/wp\/v2\/media\/262554"}],"wp:attachment":[{"href":"https:\/\/jupitermachinerie.ca\/produits\/wp-json\/wp\/v2\/media?parent=262028"}],"wp:term":[{"taxonomy":"product_brand","embeddable":true,"href":"https:\/\/jupitermachinerie.ca\/produits\/wp-json\/wp\/v2\/product_brand?post=262028"},{"taxonomy":"product_cat","embeddable":true,"href":"https:\/\/jupitermachinerie.ca\/produits\/wp-json\/wp\/v2\/product_cat?post=262028"},{"taxonomy":"product_tag","embeddable":true,"href":"https:\/\/jupitermachinerie.ca\/produits\/wp-json\/wp\/v2\/product_tag?post=262028"}],"curies":[{"name":"wp","href":"https:\/\/api.w.org\/{rel}","templated":true}]}}