{"id":262199,"date":"2024-08-07T10:43:30","date_gmt":"2024-08-07T14:43:30","guid":{"rendered":"https:\/\/jupitermachinerie.ca\/produits\/?post_type=product&#038;p=262199"},"modified":"2025-05-06T17:15:41","modified_gmt":"2025-05-06T21:15:41","slug":"mehta-laser-combo-plaque-et-tube","status":"publish","type":"product","link":"https:\/\/jupitermachinerie.ca\/produits\/produit\/mehta-laser-combo-plaque-et-tube\/","title":{"rendered":"Mehta Laser Combo Plaque et tube"},"content":{"rendered":"<p>Afin de devenir le pionnier dans son pays, Mehta Hitech a choisi de fabriqu\u00e9 des machines selon les hautes normes de l&rsquo;industrie du laser de d\u00e9coupe \u00e0 fibre optique.<\/p>\n<p>En utilisant les pi\u00e8ces de haute qualit\u00e9 provenant de manufacturier reconnu mondialement, l&rsquo;accessibilit\u00e9 aux pi\u00e8ces de rechange demeure durable. Avec plus de 22 bureaux et plus de 1000 employ\u00e9s, Mehta Hitech a su d\u00e9velopper une position mondiale jusqu&rsquo;en Am\u00e9rique du nord.<\/p>\n<p>&nbsp;<\/p>\n<p>Le syst\u00e8me de d\u00e9coupe laser Mehta Gloria Combo vous permettra de d\u00e9couper autant les plaques que les tubes. Le tout dans une conception compl\u00e9tement couverte afin de minimiser la poussi\u00e8re et de respecter les plus hauts standards de s\u00e9curit\u00e9. Vous avez besoin de versatilit\u00e9 pour une production vari\u00e9e ? Ce produit vous permettra d&rsquo;adapter votre production de d\u00e9coupe sur une seule et m\u00eame machine en minimisant l&rsquo;espace requis.<\/p>\n<p>Le syst\u00e8me Gloria Combo est con\u00e7u pour offrir une performance optimale sur une grande vari\u00e9t\u00e9 de mat\u00e9riaux. Il permet la d\u00e9coupe pr\u00e9cise de feuilles ou plaques d\u2019aluminium, d\u2019acier doux ainsi que d\u2019acier inoxydable (stainless steel), r\u00e9pondant ainsi aux exigences les plus strictes des ateliers de fabrication m\u00e9tallique modernes. Cette compatibilit\u00e9 avec diff\u00e9rents m\u00e9taux en fait une solution de choix pour les entreprises recherchant flexibilit\u00e9, pr\u00e9cision et productivit\u00e9 sur une seule plateforme technologique.<\/p>\n<p>&nbsp;<\/p>\n<table width=\"746\">\n<tbody>\n<tr>\n<td width=\"373\"><strong>Mod\u00e8le<\/strong><\/td>\n<td width=\"373\"><strong>GLORIA-ZX-COMBO-1530-CTC-**** R6<\/strong><\/td>\n<\/tr>\n<tr>\n<td width=\"373\"><strong>Description<\/strong><\/td>\n<td width=\"373\"><strong>D\u00e9coupeuse laser ferm\u00e9e avec changement de table <\/strong><\/td>\n<\/tr>\n<tr>\n<td width=\"373\"><strong>Dimensions de la zone de travail<\/strong><\/td>\n<td width=\"373\"><strong>1550 x 3050mm (5\u2019 x 10\u2019)<\/strong><\/td>\n<\/tr>\n<tr>\n<td width=\"373\"><strong>Source laser<\/strong><\/td>\n<td width=\"373\"><strong>3 000 Watt \u00e0 24 000 Watt<\/strong><\/td>\n<\/tr>\n<tr>\n<td width=\"373\"><strong>Type de laser<\/strong><\/td>\n<td width=\"373\"><strong>Laser \u00e0 fibre Raycus<\/strong><\/td>\n<\/tr>\n<tr>\n<td width=\"373\"><strong>Longueur d&rsquo;onde laser<\/strong><\/td>\n<td width=\"373\"><strong>1080 nm<\/strong><\/td>\n<\/tr>\n<tr>\n<td width=\"373\"><strong>T\u00eate de coupe<\/strong><\/td>\n<td width=\"373\"><strong>Precitec<\/strong><strong> Thor <\/strong><\/td>\n<\/tr>\n<tr>\n<td width=\"373\"><strong>Vitesse de coupe maximale<\/strong><\/td>\n<td width=\"373\"><strong>80 m\u00e8tres\/minute<\/strong><\/td>\n<\/tr>\n<tr>\n<td width=\"373\"><strong>Vitesse de d\u00e9placement maximale<\/strong><\/td>\n<td width=\"373\"><strong>130 m\u00e8tres\/minute<\/strong><\/td>\n<\/tr>\n<tr>\n<td width=\"373\"><strong>Pr\u00e9cision de positionnement<\/strong><\/td>\n<td width=\"373\"><strong>&lt;\u00b1 0.04 mm<\/strong><\/td>\n<\/tr>\n<tr>\n<td width=\"373\"><strong>Largeur de ligne minimale<\/strong><\/td>\n<td width=\"373\"><strong>&lt; 0.12 mm<\/strong><\/td>\n<\/tr>\n<tr>\n<td width=\"373\"><strong>Syst\u00e8me de refroidissement<\/strong><\/td>\n<td width=\"373\"><strong>Refroidissement \u00e0 l&rsquo;eau<\/strong><\/td>\n<\/tr>\n<tr>\n<td width=\"373\"><strong>Entra\u00eenements et contr\u00f4le<\/strong><\/td>\n<td width=\"373\"><strong>Servomoteur Panasonic AC<\/strong><\/td>\n<\/tr>\n<tr>\n<td width=\"373\"><strong>Tension \u00e9lectrique de travail<\/strong><\/td>\n<td width=\"373\"><strong>380 VAC<\/strong><\/td>\n<\/tr>\n<tr>\n<td width=\"373\"><strong>Dimension de la zone de travail des tubes<\/strong><\/td>\n<td width=\"373\"><strong>20mm-200mm x 6m <\/strong><\/td>\n<\/tr>\n<tr>\n<td width=\"373\"><strong>Transmission<\/strong><\/td>\n<td width=\"373\"><strong>Axe Z avec vis \u00e0 billes. Axes X-Y rail carr\u00e9<\/strong><\/td>\n<\/tr>\n<tr>\n<td width=\"373\"><strong>Contr\u00f4leur<\/strong><\/td>\n<td width=\"373\"><strong>CypCutE<\/strong><\/td>\n<\/tr>\n<tr>\n<td width=\"373\"><strong>Extracteur de fum\u00e9e<\/strong><\/td>\n<td width=\"373\"><strong>Donaldson <\/strong><\/td>\n<\/tr>\n<\/tbody>\n<\/table>\n<p>&nbsp;<\/p>\n","protected":false},"excerpt":{"rendered":"<p>Afin de devenir le pionnier dans son pays, Mehta Hitech [&hellip;]<\/p>\n","protected":false},"featured_media":262201,"template":"","meta":[],"product_brand":[],"product_cat":[74],"product_tag":[120],"class_list":{"0":"post-262199","1":"product","2":"type-product","3":"status-publish","4":"has-post-thumbnail","6":"product_cat-systemes-de-decoupe-laser-a-fibre","7":"product_tag-mehta-laser","9":"first","10":"instock","11":"shipping-taxable","12":"product-type-simple"},"yoast_head":"<!-- This site is optimized with the Yoast SEO Premium plugin v27.1 (Yoast SEO v27.4) - https:\/\/yoast.com\/product\/yoast-seo-premium-wordpress\/ -->\n<title>Mehta Laser Combo Plaque et tube - Jupiter machinerie<\/title>\n<meta name=\"description\" content=\"D\u00e9coupeuse laser Mehta Combo : d\u00e9coupe plaques et tubes avec pr\u00e9cision, s\u00e9curit\u00e9 et compacit\u00e9. Puissance jusqu\u2019\u00e0 24 000W, syst\u00e8me ferm\u00e9 haute performance\" \/>\n<meta name=\"robots\" content=\"index, follow, max-snippet:-1, max-image-preview:large, max-video-preview:-1\" \/>\n<link rel=\"canonical\" href=\"https:\/\/jupitermachinerie.ca\/produits\/produit\/mehta-laser-combo-plaque-et-tube\/\" \/>\n<meta property=\"og:locale\" content=\"fr_CA\" \/>\n<meta property=\"og:type\" content=\"article\" \/>\n<meta property=\"og:title\" content=\"Mehta Laser Combo Plaque et tube\" \/>\n<meta property=\"og:description\" content=\"D\u00e9coupeuse laser Mehta Combo : d\u00e9coupe plaques et tubes avec pr\u00e9cision, s\u00e9curit\u00e9 et compacit\u00e9. Puissance jusqu\u2019\u00e0 24 000W, syst\u00e8me ferm\u00e9 haute performance\" \/>\n<meta property=\"og:url\" content=\"https:\/\/jupitermachinerie.ca\/produits\/produit\/mehta-laser-combo-plaque-et-tube\/\" \/>\n<meta property=\"og:site_name\" content=\"Jupiter machinerie\" \/>\n<meta property=\"article:publisher\" content=\"https:\/\/www.facebook.com\/jupiter.machinerie\" \/>\n<meta property=\"article:modified_time\" content=\"2025-05-06T21:15:41+00:00\" \/>\n<meta property=\"og:image\" content=\"https:\/\/jupitermachinerie.ca\/produits\/wp-content\/uploads\/2024\/08\/mehtalasercombo.jpg\" \/>\n\t<meta property=\"og:image:width\" content=\"500\" \/>\n\t<meta property=\"og:image:height\" content=\"500\" \/>\n\t<meta property=\"og:image:type\" content=\"image\/jpeg\" \/>\n<meta name=\"twitter:card\" content=\"summary_large_image\" \/>\n<meta name=\"twitter:label1\" content=\"Estimation du temps de lecture\" \/>\n\t<meta name=\"twitter:data1\" content=\"2 minutes\" \/>\n<script type=\"application\/ld+json\" class=\"yoast-schema-graph\">{\"@context\":\"https:\\\/\\\/schema.org\",\"@graph\":[{\"@type\":\"WebPage\",\"@id\":\"https:\\\/\\\/jupitermachinerie.ca\\\/produits\\\/produit\\\/mehta-laser-combo-plaque-et-tube\\\/\",\"url\":\"https:\\\/\\\/jupitermachinerie.ca\\\/produits\\\/produit\\\/mehta-laser-combo-plaque-et-tube\\\/\",\"name\":\"Mehta Laser Combo Plaque et tube - Jupiter machinerie\",\"isPartOf\":{\"@id\":\"https:\\\/\\\/jupitermachinerie.ca\\\/produits\\\/#website\"},\"primaryImageOfPage\":{\"@id\":\"https:\\\/\\\/jupitermachinerie.ca\\\/produits\\\/produit\\\/mehta-laser-combo-plaque-et-tube\\\/#primaryimage\"},\"image\":{\"@id\":\"https:\\\/\\\/jupitermachinerie.ca\\\/produits\\\/produit\\\/mehta-laser-combo-plaque-et-tube\\\/#primaryimage\"},\"thumbnailUrl\":\"https:\\\/\\\/jupitermachinerie.ca\\\/produits\\\/wp-content\\\/uploads\\\/2024\\\/08\\\/mehtalasercombo.jpg\",\"datePublished\":\"2024-08-07T14:43:30+00:00\",\"dateModified\":\"2025-05-06T21:15:41+00:00\",\"description\":\"D\u00e9coupeuse laser Mehta Combo : d\u00e9coupe plaques et tubes avec pr\u00e9cision, s\u00e9curit\u00e9 et compacit\u00e9. Puissance jusqu\u2019\u00e0 24 000W, syst\u00e8me ferm\u00e9 haute performance\",\"breadcrumb\":{\"@id\":\"https:\\\/\\\/jupitermachinerie.ca\\\/produits\\\/produit\\\/mehta-laser-combo-plaque-et-tube\\\/#breadcrumb\"},\"inLanguage\":\"fr-CA\",\"potentialAction\":[{\"@type\":\"ReadAction\",\"target\":[\"https:\\\/\\\/jupitermachinerie.ca\\\/produits\\\/produit\\\/mehta-laser-combo-plaque-et-tube\\\/\"]}]},{\"@type\":\"ImageObject\",\"inLanguage\":\"fr-CA\",\"@id\":\"https:\\\/\\\/jupitermachinerie.ca\\\/produits\\\/produit\\\/mehta-laser-combo-plaque-et-tube\\\/#primaryimage\",\"url\":\"https:\\\/\\\/jupitermachinerie.ca\\\/produits\\\/wp-content\\\/uploads\\\/2024\\\/08\\\/mehtalasercombo.jpg\",\"contentUrl\":\"https:\\\/\\\/jupitermachinerie.ca\\\/produits\\\/wp-content\\\/uploads\\\/2024\\\/08\\\/mehtalasercombo.jpg\",\"width\":500,\"height\":500},{\"@type\":\"BreadcrumbList\",\"@id\":\"https:\\\/\\\/jupitermachinerie.ca\\\/produits\\\/produit\\\/mehta-laser-combo-plaque-et-tube\\\/#breadcrumb\",\"itemListElement\":[{\"@type\":\"ListItem\",\"position\":1,\"name\":\"Accueil\",\"item\":\"https:\\\/\\\/jupitermachinerie.ca\\\/produits\\\/\"},{\"@type\":\"ListItem\",\"position\":2,\"name\":\"Boutique\",\"item\":\"https:\\\/\\\/jupitermachinerie.ca\\\/produits\\\/boutique\\\/\"},{\"@type\":\"ListItem\",\"position\":3,\"name\":\"Mehta Laser Combo Plaque et tube\"}]},{\"@type\":\"WebSite\",\"@id\":\"https:\\\/\\\/jupitermachinerie.ca\\\/produits\\\/#website\",\"url\":\"https:\\\/\\\/jupitermachinerie.ca\\\/produits\\\/\",\"name\":\"Jupiter machinerie\",\"description\":\"\",\"publisher\":{\"@id\":\"https:\\\/\\\/jupitermachinerie.ca\\\/produits\\\/#organization\"},\"potentialAction\":[{\"@type\":\"SearchAction\",\"target\":{\"@type\":\"EntryPoint\",\"urlTemplate\":\"https:\\\/\\\/jupitermachinerie.ca\\\/produits\\\/?s={search_term_string}\"},\"query-input\":{\"@type\":\"PropertyValueSpecification\",\"valueRequired\":true,\"valueName\":\"search_term_string\"}}],\"inLanguage\":\"fr-CA\"},{\"@type\":\"Organization\",\"@id\":\"https:\\\/\\\/jupitermachinerie.ca\\\/produits\\\/#organization\",\"name\":\"Jupiter machinerie\",\"url\":\"https:\\\/\\\/jupitermachinerie.ca\\\/produits\\\/\",\"logo\":{\"@type\":\"ImageObject\",\"inLanguage\":\"fr-CA\",\"@id\":\"https:\\\/\\\/jupitermachinerie.ca\\\/produits\\\/#\\\/schema\\\/logo\\\/image\\\/\",\"url\":\"https:\\\/\\\/jupitermachinerie.ca\\\/produits\\\/wp-content\\\/uploads\\\/2026\\\/03\\\/LOGOfinal-copie1.jpg\",\"contentUrl\":\"https:\\\/\\\/jupitermachinerie.ca\\\/produits\\\/wp-content\\\/uploads\\\/2026\\\/03\\\/LOGOfinal-copie1.jpg\",\"width\":602,\"height\":334,\"caption\":\"Jupiter machinerie\"},\"image\":{\"@id\":\"https:\\\/\\\/jupitermachinerie.ca\\\/produits\\\/#\\\/schema\\\/logo\\\/image\\\/\"},\"sameAs\":[\"https:\\\/\\\/www.facebook.com\\\/jupiter.machinerie\",\"https:\\\/\\\/www.linkedin.com\\\/company\\\/jupitermachinerie\"]}]}<\/script>\n<!-- \/ Yoast SEO Premium plugin. -->","yoast_head_json":{"title":"Mehta Laser Combo Plaque et tube - Jupiter machinerie","description":"D\u00e9coupeuse laser Mehta Combo : d\u00e9coupe plaques et tubes avec pr\u00e9cision, s\u00e9curit\u00e9 et compacit\u00e9. Puissance jusqu\u2019\u00e0 24 000W, syst\u00e8me ferm\u00e9 haute performance","robots":{"index":"index","follow":"follow","max-snippet":"max-snippet:-1","max-image-preview":"max-image-preview:large","max-video-preview":"max-video-preview:-1"},"canonical":"https:\/\/jupitermachinerie.ca\/produits\/produit\/mehta-laser-combo-plaque-et-tube\/","og_locale":"fr_CA","og_type":"article","og_title":"Mehta Laser Combo Plaque et tube","og_description":"D\u00e9coupeuse laser Mehta Combo : d\u00e9coupe plaques et tubes avec pr\u00e9cision, s\u00e9curit\u00e9 et compacit\u00e9. Puissance jusqu\u2019\u00e0 24 000W, syst\u00e8me ferm\u00e9 haute performance","og_url":"https:\/\/jupitermachinerie.ca\/produits\/produit\/mehta-laser-combo-plaque-et-tube\/","og_site_name":"Jupiter machinerie","article_publisher":"https:\/\/www.facebook.com\/jupiter.machinerie","article_modified_time":"2025-05-06T21:15:41+00:00","og_image":[{"width":500,"height":500,"url":"https:\/\/jupitermachinerie.ca\/produits\/wp-content\/uploads\/2024\/08\/mehtalasercombo.jpg","type":"image\/jpeg"}],"twitter_card":"summary_large_image","twitter_misc":{"Estimation du temps de lecture":"2 minutes"},"schema":{"@context":"https:\/\/schema.org","@graph":[{"@type":"WebPage","@id":"https:\/\/jupitermachinerie.ca\/produits\/produit\/mehta-laser-combo-plaque-et-tube\/","url":"https:\/\/jupitermachinerie.ca\/produits\/produit\/mehta-laser-combo-plaque-et-tube\/","name":"Mehta Laser Combo Plaque et tube - Jupiter machinerie","isPartOf":{"@id":"https:\/\/jupitermachinerie.ca\/produits\/#website"},"primaryImageOfPage":{"@id":"https:\/\/jupitermachinerie.ca\/produits\/produit\/mehta-laser-combo-plaque-et-tube\/#primaryimage"},"image":{"@id":"https:\/\/jupitermachinerie.ca\/produits\/produit\/mehta-laser-combo-plaque-et-tube\/#primaryimage"},"thumbnailUrl":"https:\/\/jupitermachinerie.ca\/produits\/wp-content\/uploads\/2024\/08\/mehtalasercombo.jpg","datePublished":"2024-08-07T14:43:30+00:00","dateModified":"2025-05-06T21:15:41+00:00","description":"D\u00e9coupeuse laser Mehta Combo : d\u00e9coupe plaques et tubes avec pr\u00e9cision, s\u00e9curit\u00e9 et compacit\u00e9. Puissance jusqu\u2019\u00e0 24 000W, syst\u00e8me ferm\u00e9 haute performance","breadcrumb":{"@id":"https:\/\/jupitermachinerie.ca\/produits\/produit\/mehta-laser-combo-plaque-et-tube\/#breadcrumb"},"inLanguage":"fr-CA","potentialAction":[{"@type":"ReadAction","target":["https:\/\/jupitermachinerie.ca\/produits\/produit\/mehta-laser-combo-plaque-et-tube\/"]}]},{"@type":"ImageObject","inLanguage":"fr-CA","@id":"https:\/\/jupitermachinerie.ca\/produits\/produit\/mehta-laser-combo-plaque-et-tube\/#primaryimage","url":"https:\/\/jupitermachinerie.ca\/produits\/wp-content\/uploads\/2024\/08\/mehtalasercombo.jpg","contentUrl":"https:\/\/jupitermachinerie.ca\/produits\/wp-content\/uploads\/2024\/08\/mehtalasercombo.jpg","width":500,"height":500},{"@type":"BreadcrumbList","@id":"https:\/\/jupitermachinerie.ca\/produits\/produit\/mehta-laser-combo-plaque-et-tube\/#breadcrumb","itemListElement":[{"@type":"ListItem","position":1,"name":"Accueil","item":"https:\/\/jupitermachinerie.ca\/produits\/"},{"@type":"ListItem","position":2,"name":"Boutique","item":"https:\/\/jupitermachinerie.ca\/produits\/boutique\/"},{"@type":"ListItem","position":3,"name":"Mehta Laser Combo Plaque et tube"}]},{"@type":"WebSite","@id":"https:\/\/jupitermachinerie.ca\/produits\/#website","url":"https:\/\/jupitermachinerie.ca\/produits\/","name":"Jupiter machinerie","description":"","publisher":{"@id":"https:\/\/jupitermachinerie.ca\/produits\/#organization"},"potentialAction":[{"@type":"SearchAction","target":{"@type":"EntryPoint","urlTemplate":"https:\/\/jupitermachinerie.ca\/produits\/?s={search_term_string}"},"query-input":{"@type":"PropertyValueSpecification","valueRequired":true,"valueName":"search_term_string"}}],"inLanguage":"fr-CA"},{"@type":"Organization","@id":"https:\/\/jupitermachinerie.ca\/produits\/#organization","name":"Jupiter machinerie","url":"https:\/\/jupitermachinerie.ca\/produits\/","logo":{"@type":"ImageObject","inLanguage":"fr-CA","@id":"https:\/\/jupitermachinerie.ca\/produits\/#\/schema\/logo\/image\/","url":"https:\/\/jupitermachinerie.ca\/produits\/wp-content\/uploads\/2026\/03\/LOGOfinal-copie1.jpg","contentUrl":"https:\/\/jupitermachinerie.ca\/produits\/wp-content\/uploads\/2026\/03\/LOGOfinal-copie1.jpg","width":602,"height":334,"caption":"Jupiter machinerie"},"image":{"@id":"https:\/\/jupitermachinerie.ca\/produits\/#\/schema\/logo\/image\/"},"sameAs":["https:\/\/www.facebook.com\/jupiter.machinerie","https:\/\/www.linkedin.com\/company\/jupitermachinerie"]}]}},"_links":{"self":[{"href":"https:\/\/jupitermachinerie.ca\/produits\/wp-json\/wp\/v2\/product\/262199","targetHints":{"allow":["GET"]}}],"collection":[{"href":"https:\/\/jupitermachinerie.ca\/produits\/wp-json\/wp\/v2\/product"}],"about":[{"href":"https:\/\/jupitermachinerie.ca\/produits\/wp-json\/wp\/v2\/types\/product"}],"wp:featuredmedia":[{"embeddable":true,"href":"https:\/\/jupitermachinerie.ca\/produits\/wp-json\/wp\/v2\/media\/262201"}],"wp:attachment":[{"href":"https:\/\/jupitermachinerie.ca\/produits\/wp-json\/wp\/v2\/media?parent=262199"}],"wp:term":[{"taxonomy":"product_brand","embeddable":true,"href":"https:\/\/jupitermachinerie.ca\/produits\/wp-json\/wp\/v2\/product_brand?post=262199"},{"taxonomy":"product_cat","embeddable":true,"href":"https:\/\/jupitermachinerie.ca\/produits\/wp-json\/wp\/v2\/product_cat?post=262199"},{"taxonomy":"product_tag","embeddable":true,"href":"https:\/\/jupitermachinerie.ca\/produits\/wp-json\/wp\/v2\/product_tag?post=262199"}],"curies":[{"name":"wp","href":"https:\/\/api.w.org\/{rel}","templated":true}]}}