{"id":262293,"date":"2024-11-26T10:00:57","date_gmt":"2024-11-26T15:00:57","guid":{"rendered":"https:\/\/jupitermachinerie.ca\/produits\/?post_type=product&#038;p=262293"},"modified":"2024-11-26T10:03:25","modified_gmt":"2024-11-26T15:03:25","slug":"laser-tube-mehta-9m-30-3kw","status":"publish","type":"product","link":"https:\/\/jupitermachinerie.ca\/produits\/produit\/laser-tube-mehta-9m-30-3kw\/","title":{"rendered":"Laser tube Mehta 9m (30&prime;) 3KW"},"content":{"rendered":"<p><strong>MEHTA <\/strong><strong>GLORIA-TX-L9-CB-3000w<\/strong><\/p>\n<p>Le syst\u00e8me de d\u00e9coupe laser pour tube de Mehta offrant une capacit\u00e9 de 3KW et une longueur de 30 pieds vous permettra d&rsquo;am\u00e9liorer les performances de votre production tout en offrant une qualit\u00e9 exceptionnelle. Offrant un mandrin de 20mm &#8211; 220mm de base, il est aussi possible d&rsquo;avoir l&rsquo;option de 20mm &#8211; 300mm sur vos travaux l&rsquo;exige.<\/p>\n<p>&nbsp;<\/p>\n<p>\u00c9quip\u00e9 d&rsquo;une t\u00eate de d\u00e9coupe Precitec, d&rsquo;un r\u00e9sonnateur digital Raycus, d&rsquo;un refroidisseur par circulation Mehta et d&rsquo;un d\u00e9poussi\u00e9reur Donaldson. Le logiciel TubePro inclus dans votre nouvelle acquisition vous permettra d&rsquo;op\u00e9rer facilement celui-ci gr\u00e2ce \u00e0 une interface des plus intuitives sur le march\u00e9. La construction a \u00e9t\u00e9 compl\u00e9tement repens\u00e9 pour le march\u00e9 canadien afin d&rsquo;offrir une durabilit\u00e9 sup\u00e9rieure\u00a0 avec des servo moteur utilisant la technologie Ethercat.<\/p>\n<p>&nbsp;<\/p>\n<table width=\"746\">\n<tbody>\n<tr>\n<td width=\"373\">Mod\u00e8le<\/td>\n<td width=\"373\">GLORIA-TX-L9-CB-3000<\/td>\n<\/tr>\n<tr>\n<td width=\"373\">Description<\/td>\n<td width=\"373\">D\u00e9coupeuse \u00e0 tube laser ferm\u00e9e<\/td>\n<\/tr>\n<tr>\n<td width=\"373\">Dimensions de la zone de travail<\/td>\n<td width=\"373\">20mm-220mm x 9m (0.79\u2019\u2019 \u2013 8.6\u2019\u2019 x 30\u2019)<\/td>\n<\/tr>\n<tr>\n<td width=\"373\">Source laser<\/td>\n<td width=\"373\">3 000 Watts<\/td>\n<\/tr>\n<tr>\n<td width=\"373\">Type de laser<\/td>\n<td width=\"373\">Laser \u00e0 fibre RAYCUS<\/td>\n<\/tr>\n<tr>\n<td width=\"373\">Longueur d&rsquo;onde laser<\/td>\n<td width=\"373\">1080 nm<\/td>\n<\/tr>\n<tr>\n<td width=\"373\">T\u00eate de coupe<\/td>\n<td width=\"373\">PRECITEC<\/td>\n<\/tr>\n<tr>\n<td width=\"373\">Vitesse de coupe maximale<\/td>\n<td width=\"373\">80 m\u00e8tres\/minute<\/td>\n<\/tr>\n<tr>\n<td width=\"373\">Vitesse de d\u00e9placement maximale<\/td>\n<td width=\"373\">140 m\u00e8tres\/minute<\/td>\n<\/tr>\n<tr>\n<td width=\"373\">Pr\u00e9cision de positionnement<\/td>\n<td width=\"373\">&lt;\u00b1 0.04 mm<\/td>\n<\/tr>\n<tr>\n<td width=\"373\">Largeur de ligne minimale<\/td>\n<td width=\"373\">&lt; 0.12 mm<\/td>\n<\/tr>\n<tr>\n<td width=\"373\">Syst\u00e8me de refroidissement<\/td>\n<td width=\"373\">Refroidissement \u00e0 l&rsquo;eau<\/td>\n<\/tr>\n<tr>\n<td width=\"373\">Entra\u00eenements et contr\u00f4le<\/td>\n<td width=\"373\">Servomoteur PANASONIC AC<\/td>\n<\/tr>\n<tr>\n<td width=\"373\">Tension \u00e9lectrique de travail<\/td>\n<td width=\"373\">380 VAC<\/td>\n<\/tr>\n<tr>\n<td width=\"373\">Poids<\/td>\n<td width=\"373\">\u00b1 5\u00a0000 kg (40k lbs.)<\/td>\n<\/tr>\n<tr>\n<td width=\"373\">Transmission<\/td>\n<td width=\"373\">Axe Z avec vis \u00e0 billes. Axes X-Y rail carr\u00e9<\/td>\n<\/tr>\n<tr>\n<td width=\"373\">Contr\u00f4leur<\/td>\n<td width=\"373\">TUBEPRO<\/td>\n<\/tr>\n<tr>\n<td width=\"373\">Extracteur de fum\u00e9e<\/td>\n<td width=\"373\">DONALDSON<\/td>\n<\/tr>\n<\/tbody>\n<\/table>\n","protected":false},"excerpt":{"rendered":"<p>La d\u00e9coupe laser tube n&rsquo;a jamais \u00e9t\u00e9 aussi facile et abordable !<\/p>\n","protected":false},"featured_media":261725,"template":"","meta":[],"product_brand":[],"product_cat":[74],"product_tag":[120],"class_list":{"0":"post-262293","1":"product","2":"type-product","3":"status-publish","4":"has-post-thumbnail","6":"product_cat-systemes-de-decoupe-laser-a-fibre","7":"product_tag-mehta-laser","9":"first","10":"onbackorder","11":"shipping-taxable","12":"purchasable","13":"product-type-simple"},"yoast_head":"<!-- This site is optimized with the Yoast SEO Premium plugin v27.1 (Yoast SEO v27.4) - https:\/\/yoast.com\/product\/yoast-seo-premium-wordpress\/ -->\n<title>Laser tube Mehta 9m (30&#039;) 3KW - Jupiter machinerie<\/title>\n<meta name=\"robots\" content=\"index, follow, max-snippet:-1, max-image-preview:large, max-video-preview:-1\" \/>\n<link rel=\"canonical\" href=\"https:\/\/jupitermachinerie.ca\/produits\/produit\/laser-tube-mehta-9m-30-3kw\/\" \/>\n<meta property=\"og:locale\" content=\"fr_CA\" \/>\n<meta property=\"og:type\" content=\"article\" \/>\n<meta property=\"og:title\" content=\"Laser tube Mehta 9m (30&#039;) 3KW\" \/>\n<meta property=\"og:description\" content=\"La d\u00e9coupe laser tube n&#039;a jamais \u00e9t\u00e9 aussi facile et abordable !\" \/>\n<meta property=\"og:url\" content=\"https:\/\/jupitermachinerie.ca\/produits\/produit\/laser-tube-mehta-9m-30-3kw\/\" \/>\n<meta property=\"og:site_name\" content=\"Jupiter machinerie\" \/>\n<meta property=\"article:publisher\" content=\"https:\/\/www.facebook.com\/jupiter.machinerie\" \/>\n<meta property=\"article:modified_time\" content=\"2024-11-26T15:03:25+00:00\" \/>\n<meta property=\"og:image\" content=\"https:\/\/jupitermachinerie.ca\/produits\/wp-content\/uploads\/2024\/03\/mehta-tube-4.png\" \/>\n\t<meta property=\"og:image:width\" content=\"600\" \/>\n\t<meta property=\"og:image:height\" content=\"600\" \/>\n\t<meta property=\"og:image:type\" content=\"image\/png\" \/>\n<meta name=\"twitter:card\" content=\"summary_large_image\" \/>\n<script type=\"application\/ld+json\" class=\"yoast-schema-graph\">{\"@context\":\"https:\\\/\\\/schema.org\",\"@graph\":[{\"@type\":\"WebPage\",\"@id\":\"https:\\\/\\\/jupitermachinerie.ca\\\/produits\\\/produit\\\/laser-tube-mehta-9m-30-3kw\\\/\",\"url\":\"https:\\\/\\\/jupitermachinerie.ca\\\/produits\\\/produit\\\/laser-tube-mehta-9m-30-3kw\\\/\",\"name\":\"Laser tube Mehta 9m (30') 3KW - Jupiter machinerie\",\"isPartOf\":{\"@id\":\"https:\\\/\\\/jupitermachinerie.ca\\\/produits\\\/#website\"},\"primaryImageOfPage\":{\"@id\":\"https:\\\/\\\/jupitermachinerie.ca\\\/produits\\\/produit\\\/laser-tube-mehta-9m-30-3kw\\\/#primaryimage\"},\"image\":{\"@id\":\"https:\\\/\\\/jupitermachinerie.ca\\\/produits\\\/produit\\\/laser-tube-mehta-9m-30-3kw\\\/#primaryimage\"},\"thumbnailUrl\":\"https:\\\/\\\/jupitermachinerie.ca\\\/produits\\\/wp-content\\\/uploads\\\/2024\\\/03\\\/mehta-tube-4.png\",\"datePublished\":\"2024-11-26T15:00:57+00:00\",\"dateModified\":\"2024-11-26T15:03:25+00:00\",\"breadcrumb\":{\"@id\":\"https:\\\/\\\/jupitermachinerie.ca\\\/produits\\\/produit\\\/laser-tube-mehta-9m-30-3kw\\\/#breadcrumb\"},\"inLanguage\":\"fr-CA\",\"potentialAction\":[{\"@type\":\"ReadAction\",\"target\":[\"https:\\\/\\\/jupitermachinerie.ca\\\/produits\\\/produit\\\/laser-tube-mehta-9m-30-3kw\\\/\"]}]},{\"@type\":\"ImageObject\",\"inLanguage\":\"fr-CA\",\"@id\":\"https:\\\/\\\/jupitermachinerie.ca\\\/produits\\\/produit\\\/laser-tube-mehta-9m-30-3kw\\\/#primaryimage\",\"url\":\"https:\\\/\\\/jupitermachinerie.ca\\\/produits\\\/wp-content\\\/uploads\\\/2024\\\/03\\\/mehta-tube-4.png\",\"contentUrl\":\"https:\\\/\\\/jupitermachinerie.ca\\\/produits\\\/wp-content\\\/uploads\\\/2024\\\/03\\\/mehta-tube-4.png\",\"width\":600,\"height\":600,\"caption\":\"Lasertube Mehta\"},{\"@type\":\"BreadcrumbList\",\"@id\":\"https:\\\/\\\/jupitermachinerie.ca\\\/produits\\\/produit\\\/laser-tube-mehta-9m-30-3kw\\\/#breadcrumb\",\"itemListElement\":[{\"@type\":\"ListItem\",\"position\":1,\"name\":\"Accueil\",\"item\":\"https:\\\/\\\/jupitermachinerie.ca\\\/produits\\\/\"},{\"@type\":\"ListItem\",\"position\":2,\"name\":\"Boutique\",\"item\":\"https:\\\/\\\/jupitermachinerie.ca\\\/produits\\\/boutique\\\/\"},{\"@type\":\"ListItem\",\"position\":3,\"name\":\"Laser tube Mehta 9m (30&prime;) 3KW\"}]},{\"@type\":\"WebSite\",\"@id\":\"https:\\\/\\\/jupitermachinerie.ca\\\/produits\\\/#website\",\"url\":\"https:\\\/\\\/jupitermachinerie.ca\\\/produits\\\/\",\"name\":\"Jupiter machinerie\",\"description\":\"\",\"publisher\":{\"@id\":\"https:\\\/\\\/jupitermachinerie.ca\\\/produits\\\/#organization\"},\"potentialAction\":[{\"@type\":\"SearchAction\",\"target\":{\"@type\":\"EntryPoint\",\"urlTemplate\":\"https:\\\/\\\/jupitermachinerie.ca\\\/produits\\\/?s={search_term_string}\"},\"query-input\":{\"@type\":\"PropertyValueSpecification\",\"valueRequired\":true,\"valueName\":\"search_term_string\"}}],\"inLanguage\":\"fr-CA\"},{\"@type\":\"Organization\",\"@id\":\"https:\\\/\\\/jupitermachinerie.ca\\\/produits\\\/#organization\",\"name\":\"Jupiter machinerie\",\"url\":\"https:\\\/\\\/jupitermachinerie.ca\\\/produits\\\/\",\"logo\":{\"@type\":\"ImageObject\",\"inLanguage\":\"fr-CA\",\"@id\":\"https:\\\/\\\/jupitermachinerie.ca\\\/produits\\\/#\\\/schema\\\/logo\\\/image\\\/\",\"url\":\"https:\\\/\\\/jupitermachinerie.ca\\\/produits\\\/wp-content\\\/uploads\\\/2026\\\/03\\\/LOGOfinal-copie1.jpg\",\"contentUrl\":\"https:\\\/\\\/jupitermachinerie.ca\\\/produits\\\/wp-content\\\/uploads\\\/2026\\\/03\\\/LOGOfinal-copie1.jpg\",\"width\":602,\"height\":334,\"caption\":\"Jupiter machinerie\"},\"image\":{\"@id\":\"https:\\\/\\\/jupitermachinerie.ca\\\/produits\\\/#\\\/schema\\\/logo\\\/image\\\/\"},\"sameAs\":[\"https:\\\/\\\/www.facebook.com\\\/jupiter.machinerie\",\"https:\\\/\\\/www.linkedin.com\\\/company\\\/jupitermachinerie\"]}]}<\/script>\n<!-- \/ Yoast SEO Premium plugin. -->","yoast_head_json":{"title":"Laser tube Mehta 9m (30') 3KW - Jupiter machinerie","robots":{"index":"index","follow":"follow","max-snippet":"max-snippet:-1","max-image-preview":"max-image-preview:large","max-video-preview":"max-video-preview:-1"},"canonical":"https:\/\/jupitermachinerie.ca\/produits\/produit\/laser-tube-mehta-9m-30-3kw\/","og_locale":"fr_CA","og_type":"article","og_title":"Laser tube Mehta 9m (30') 3KW","og_description":"La d\u00e9coupe laser tube n'a jamais \u00e9t\u00e9 aussi facile et abordable !","og_url":"https:\/\/jupitermachinerie.ca\/produits\/produit\/laser-tube-mehta-9m-30-3kw\/","og_site_name":"Jupiter machinerie","article_publisher":"https:\/\/www.facebook.com\/jupiter.machinerie","article_modified_time":"2024-11-26T15:03:25+00:00","og_image":[{"width":600,"height":600,"url":"https:\/\/jupitermachinerie.ca\/produits\/wp-content\/uploads\/2024\/03\/mehta-tube-4.png","type":"image\/png"}],"twitter_card":"summary_large_image","schema":{"@context":"https:\/\/schema.org","@graph":[{"@type":"WebPage","@id":"https:\/\/jupitermachinerie.ca\/produits\/produit\/laser-tube-mehta-9m-30-3kw\/","url":"https:\/\/jupitermachinerie.ca\/produits\/produit\/laser-tube-mehta-9m-30-3kw\/","name":"Laser tube Mehta 9m (30') 3KW - Jupiter machinerie","isPartOf":{"@id":"https:\/\/jupitermachinerie.ca\/produits\/#website"},"primaryImageOfPage":{"@id":"https:\/\/jupitermachinerie.ca\/produits\/produit\/laser-tube-mehta-9m-30-3kw\/#primaryimage"},"image":{"@id":"https:\/\/jupitermachinerie.ca\/produits\/produit\/laser-tube-mehta-9m-30-3kw\/#primaryimage"},"thumbnailUrl":"https:\/\/jupitermachinerie.ca\/produits\/wp-content\/uploads\/2024\/03\/mehta-tube-4.png","datePublished":"2024-11-26T15:00:57+00:00","dateModified":"2024-11-26T15:03:25+00:00","breadcrumb":{"@id":"https:\/\/jupitermachinerie.ca\/produits\/produit\/laser-tube-mehta-9m-30-3kw\/#breadcrumb"},"inLanguage":"fr-CA","potentialAction":[{"@type":"ReadAction","target":["https:\/\/jupitermachinerie.ca\/produits\/produit\/laser-tube-mehta-9m-30-3kw\/"]}]},{"@type":"ImageObject","inLanguage":"fr-CA","@id":"https:\/\/jupitermachinerie.ca\/produits\/produit\/laser-tube-mehta-9m-30-3kw\/#primaryimage","url":"https:\/\/jupitermachinerie.ca\/produits\/wp-content\/uploads\/2024\/03\/mehta-tube-4.png","contentUrl":"https:\/\/jupitermachinerie.ca\/produits\/wp-content\/uploads\/2024\/03\/mehta-tube-4.png","width":600,"height":600,"caption":"Lasertube Mehta"},{"@type":"BreadcrumbList","@id":"https:\/\/jupitermachinerie.ca\/produits\/produit\/laser-tube-mehta-9m-30-3kw\/#breadcrumb","itemListElement":[{"@type":"ListItem","position":1,"name":"Accueil","item":"https:\/\/jupitermachinerie.ca\/produits\/"},{"@type":"ListItem","position":2,"name":"Boutique","item":"https:\/\/jupitermachinerie.ca\/produits\/boutique\/"},{"@type":"ListItem","position":3,"name":"Laser tube Mehta 9m (30&prime;) 3KW"}]},{"@type":"WebSite","@id":"https:\/\/jupitermachinerie.ca\/produits\/#website","url":"https:\/\/jupitermachinerie.ca\/produits\/","name":"Jupiter machinerie","description":"","publisher":{"@id":"https:\/\/jupitermachinerie.ca\/produits\/#organization"},"potentialAction":[{"@type":"SearchAction","target":{"@type":"EntryPoint","urlTemplate":"https:\/\/jupitermachinerie.ca\/produits\/?s={search_term_string}"},"query-input":{"@type":"PropertyValueSpecification","valueRequired":true,"valueName":"search_term_string"}}],"inLanguage":"fr-CA"},{"@type":"Organization","@id":"https:\/\/jupitermachinerie.ca\/produits\/#organization","name":"Jupiter machinerie","url":"https:\/\/jupitermachinerie.ca\/produits\/","logo":{"@type":"ImageObject","inLanguage":"fr-CA","@id":"https:\/\/jupitermachinerie.ca\/produits\/#\/schema\/logo\/image\/","url":"https:\/\/jupitermachinerie.ca\/produits\/wp-content\/uploads\/2026\/03\/LOGOfinal-copie1.jpg","contentUrl":"https:\/\/jupitermachinerie.ca\/produits\/wp-content\/uploads\/2026\/03\/LOGOfinal-copie1.jpg","width":602,"height":334,"caption":"Jupiter machinerie"},"image":{"@id":"https:\/\/jupitermachinerie.ca\/produits\/#\/schema\/logo\/image\/"},"sameAs":["https:\/\/www.facebook.com\/jupiter.machinerie","https:\/\/www.linkedin.com\/company\/jupitermachinerie"]}]}},"_links":{"self":[{"href":"https:\/\/jupitermachinerie.ca\/produits\/wp-json\/wp\/v2\/product\/262293","targetHints":{"allow":["GET"]}}],"collection":[{"href":"https:\/\/jupitermachinerie.ca\/produits\/wp-json\/wp\/v2\/product"}],"about":[{"href":"https:\/\/jupitermachinerie.ca\/produits\/wp-json\/wp\/v2\/types\/product"}],"wp:featuredmedia":[{"embeddable":true,"href":"https:\/\/jupitermachinerie.ca\/produits\/wp-json\/wp\/v2\/media\/261725"}],"wp:attachment":[{"href":"https:\/\/jupitermachinerie.ca\/produits\/wp-json\/wp\/v2\/media?parent=262293"}],"wp:term":[{"taxonomy":"product_brand","embeddable":true,"href":"https:\/\/jupitermachinerie.ca\/produits\/wp-json\/wp\/v2\/product_brand?post=262293"},{"taxonomy":"product_cat","embeddable":true,"href":"https:\/\/jupitermachinerie.ca\/produits\/wp-json\/wp\/v2\/product_cat?post=262293"},{"taxonomy":"product_tag","embeddable":true,"href":"https:\/\/jupitermachinerie.ca\/produits\/wp-json\/wp\/v2\/product_tag?post=262293"}],"curies":[{"name":"wp","href":"https:\/\/api.w.org\/{rel}","templated":true}]}}