{"id":262413,"date":"2025-03-26T07:32:06","date_gmt":"2025-03-26T11:32:06","guid":{"rendered":"https:\/\/jupitermachinerie.ca\/produits\/?post_type=product&#038;p=262413"},"modified":"2025-03-26T07:37:37","modified_gmt":"2025-03-26T11:37:37","slug":"perceuses-industrielles-erlo-serie-se","status":"publish","type":"product","link":"https:\/\/jupitermachinerie.ca\/produits\/produit\/perceuses-industrielles-erlo-serie-se\/","title":{"rendered":"Perceuses Industrielles Erlo S\u00e9rie SE"},"content":{"rendered":"<p>La s\u00e9rie SE de perceuses industrielles par Erlo fait partie de la gamme de machine de production pour montage sur \u00e9tabli avec une transmission par engrenages pour plus de pr\u00e9cision.<\/p>\n<p>Disponible en version 25mm et 30mm<\/p>\n<p>&nbsp;<\/p>\n<h3>S\u00e9rie SE<\/h3>\n<h4>Perceuse de table d&rsquo;avance manuelle<\/h4>\n<ul>\n<li>Avance manuelle<\/li>\n<li>Transmission engrenages<\/li>\n<li>Diam\u00e8tre de colonne: 100 mm<\/li>\n<li>Distance de la broche \u00e0 la colonne: 250 mm<\/li>\n<li>Table fixe, t\u00eate d\u00e9pla\u00e7able et rotative<\/li>\n<li>Capacit\u00e9 de per\u00e7age: \u2300 25-30 mm<\/li>\n<li>Capacit\u00e9 de taraudage: M 22-25<\/li>\n<li>C\u00f4ne broche: CM 3<\/li>\n<li>Puissance de moteur: 1.1\/1.6 | 1.5\/1.9 CV<\/li>\n<li>Nombre et gamme de vitesses: (8) 65 \u2013 3060 t\/min.<\/li>\n<li>Profondeur de per\u00e7age: 120 mm<\/li>\n<li>Poids: 200 kg<\/li>\n<li>Mesures: 560x380x935 mm<\/li>\n<li>\u00c9quipement de refroidissement<\/li>\n<\/ul>\n<p><a href=\"https:\/\/jupitermachinerie.ca\/produits\/wp-content\/uploads\/2025\/03\/erlo-taladros-roscadoras-fresadoras-sobremesa-serie-SE-SEAfr.pdf\" target=\"_blank\" rel=\"noopener\">FICHE TECHNIQUE<\/a><\/p>\n","protected":false},"excerpt":{"rendered":"<p>La s\u00e9rie SE de perceuses industrielles par Erlo fait partie [&hellip;]<\/p>\n","protected":false},"featured_media":262414,"template":"","meta":[],"product_brand":[],"product_cat":[43],"product_tag":[],"class_list":{"0":"post-262413","1":"product","2":"type-product","3":"status-publish","4":"has-post-thumbnail","6":"product_cat-perceuses-a-colonne","8":"first","9":"instock","10":"shipping-taxable","11":"product-type-simple"},"yoast_head":"<!-- This site is optimized with the Yoast SEO Premium plugin v27.1 (Yoast SEO v27.3) - https:\/\/yoast.com\/product\/yoast-seo-premium-wordpress\/ -->\n<title>Perceuses Industrielles Erlo S\u00e9rie SE - Jupiter machinerie<\/title>\n<meta name=\"robots\" content=\"index, follow, max-snippet:-1, max-image-preview:large, max-video-preview:-1\" \/>\n<link rel=\"canonical\" href=\"https:\/\/jupitermachinerie.ca\/produits\/produit\/perceuses-industrielles-erlo-serie-se\/\" \/>\n<meta property=\"og:locale\" content=\"fr_CA\" \/>\n<meta property=\"og:type\" content=\"article\" \/>\n<meta property=\"og:title\" content=\"Perceuses Industrielles Erlo S\u00e9rie SE\" \/>\n<meta property=\"og:description\" content=\"La s\u00e9rie SE de perceuses industrielles par Erlo fait partie [&hellip;]\" \/>\n<meta property=\"og:url\" content=\"https:\/\/jupitermachinerie.ca\/produits\/produit\/perceuses-industrielles-erlo-serie-se\/\" \/>\n<meta property=\"og:site_name\" content=\"Jupiter machinerie\" \/>\n<meta property=\"article:publisher\" content=\"https:\/\/www.facebook.com\/jupiter.machinerie\" \/>\n<meta property=\"article:modified_time\" content=\"2025-03-26T11:37:37+00:00\" \/>\n<meta property=\"og:image\" content=\"https:\/\/jupitermachinerie.ca\/produits\/wp-content\/uploads\/2025\/03\/01-main-picture-1-683x1024.png\" \/>\n\t<meta property=\"og:image:width\" content=\"683\" \/>\n\t<meta property=\"og:image:height\" content=\"1024\" \/>\n\t<meta property=\"og:image:type\" content=\"image\/png\" \/>\n<meta name=\"twitter:card\" content=\"summary_large_image\" \/>\n<meta name=\"twitter:label1\" content=\"Estimation du temps de lecture\" \/>\n\t<meta name=\"twitter:data1\" content=\"3 minutes\" \/>\n<script type=\"application\/ld+json\" class=\"yoast-schema-graph\">{\"@context\":\"https:\\\/\\\/schema.org\",\"@graph\":[{\"@type\":\"WebPage\",\"@id\":\"https:\\\/\\\/jupitermachinerie.ca\\\/produits\\\/produit\\\/perceuses-industrielles-erlo-serie-se\\\/\",\"url\":\"https:\\\/\\\/jupitermachinerie.ca\\\/produits\\\/produit\\\/perceuses-industrielles-erlo-serie-se\\\/\",\"name\":\"Perceuses Industrielles Erlo S\u00e9rie SE - Jupiter machinerie\",\"isPartOf\":{\"@id\":\"https:\\\/\\\/jupitermachinerie.ca\\\/produits\\\/#website\"},\"primaryImageOfPage\":{\"@id\":\"https:\\\/\\\/jupitermachinerie.ca\\\/produits\\\/produit\\\/perceuses-industrielles-erlo-serie-se\\\/#primaryimage\"},\"image\":{\"@id\":\"https:\\\/\\\/jupitermachinerie.ca\\\/produits\\\/produit\\\/perceuses-industrielles-erlo-serie-se\\\/#primaryimage\"},\"thumbnailUrl\":\"https:\\\/\\\/jupitermachinerie.ca\\\/produits\\\/wp-content\\\/uploads\\\/2025\\\/03\\\/01-main-picture-1.png\",\"datePublished\":\"2025-03-26T11:32:06+00:00\",\"dateModified\":\"2025-03-26T11:37:37+00:00\",\"breadcrumb\":{\"@id\":\"https:\\\/\\\/jupitermachinerie.ca\\\/produits\\\/produit\\\/perceuses-industrielles-erlo-serie-se\\\/#breadcrumb\"},\"inLanguage\":\"fr-CA\",\"potentialAction\":[{\"@type\":\"ReadAction\",\"target\":[\"https:\\\/\\\/jupitermachinerie.ca\\\/produits\\\/produit\\\/perceuses-industrielles-erlo-serie-se\\\/\"]}]},{\"@type\":\"ImageObject\",\"inLanguage\":\"fr-CA\",\"@id\":\"https:\\\/\\\/jupitermachinerie.ca\\\/produits\\\/produit\\\/perceuses-industrielles-erlo-serie-se\\\/#primaryimage\",\"url\":\"https:\\\/\\\/jupitermachinerie.ca\\\/produits\\\/wp-content\\\/uploads\\\/2025\\\/03\\\/01-main-picture-1.png\",\"contentUrl\":\"https:\\\/\\\/jupitermachinerie.ca\\\/produits\\\/wp-content\\\/uploads\\\/2025\\\/03\\\/01-main-picture-1.png\",\"width\":3841,\"height\":5762},{\"@type\":\"BreadcrumbList\",\"@id\":\"https:\\\/\\\/jupitermachinerie.ca\\\/produits\\\/produit\\\/perceuses-industrielles-erlo-serie-se\\\/#breadcrumb\",\"itemListElement\":[{\"@type\":\"ListItem\",\"position\":1,\"name\":\"Accueil\",\"item\":\"https:\\\/\\\/jupitermachinerie.ca\\\/produits\\\/\"},{\"@type\":\"ListItem\",\"position\":2,\"name\":\"Boutique\",\"item\":\"https:\\\/\\\/jupitermachinerie.ca\\\/produits\\\/boutique\\\/\"},{\"@type\":\"ListItem\",\"position\":3,\"name\":\"Perceuses Industrielles Erlo S\u00e9rie SE\"}]},{\"@type\":\"WebSite\",\"@id\":\"https:\\\/\\\/jupitermachinerie.ca\\\/produits\\\/#website\",\"url\":\"https:\\\/\\\/jupitermachinerie.ca\\\/produits\\\/\",\"name\":\"Jupiter machinerie\",\"description\":\"\",\"publisher\":{\"@id\":\"https:\\\/\\\/jupitermachinerie.ca\\\/produits\\\/#organization\"},\"potentialAction\":[{\"@type\":\"SearchAction\",\"target\":{\"@type\":\"EntryPoint\",\"urlTemplate\":\"https:\\\/\\\/jupitermachinerie.ca\\\/produits\\\/?s={search_term_string}\"},\"query-input\":{\"@type\":\"PropertyValueSpecification\",\"valueRequired\":true,\"valueName\":\"search_term_string\"}}],\"inLanguage\":\"fr-CA\"},{\"@type\":\"Organization\",\"@id\":\"https:\\\/\\\/jupitermachinerie.ca\\\/produits\\\/#organization\",\"name\":\"Jupiter machinerie\",\"url\":\"https:\\\/\\\/jupitermachinerie.ca\\\/produits\\\/\",\"logo\":{\"@type\":\"ImageObject\",\"inLanguage\":\"fr-CA\",\"@id\":\"https:\\\/\\\/jupitermachinerie.ca\\\/produits\\\/#\\\/schema\\\/logo\\\/image\\\/\",\"url\":\"https:\\\/\\\/jupitermachinerie.ca\\\/produits\\\/wp-content\\\/uploads\\\/2026\\\/03\\\/LOGOfinal-copie1.jpg\",\"contentUrl\":\"https:\\\/\\\/jupitermachinerie.ca\\\/produits\\\/wp-content\\\/uploads\\\/2026\\\/03\\\/LOGOfinal-copie1.jpg\",\"width\":602,\"height\":334,\"caption\":\"Jupiter machinerie\"},\"image\":{\"@id\":\"https:\\\/\\\/jupitermachinerie.ca\\\/produits\\\/#\\\/schema\\\/logo\\\/image\\\/\"},\"sameAs\":[\"https:\\\/\\\/www.facebook.com\\\/jupiter.machinerie\",\"https:\\\/\\\/www.linkedin.com\\\/company\\\/jupitermachinerie\"]}]}<\/script>\n<!-- \/ Yoast SEO Premium plugin. -->","yoast_head_json":{"title":"Perceuses Industrielles Erlo S\u00e9rie SE - Jupiter machinerie","robots":{"index":"index","follow":"follow","max-snippet":"max-snippet:-1","max-image-preview":"max-image-preview:large","max-video-preview":"max-video-preview:-1"},"canonical":"https:\/\/jupitermachinerie.ca\/produits\/produit\/perceuses-industrielles-erlo-serie-se\/","og_locale":"fr_CA","og_type":"article","og_title":"Perceuses Industrielles Erlo S\u00e9rie SE","og_description":"La s\u00e9rie SE de perceuses industrielles par Erlo fait partie [&hellip;]","og_url":"https:\/\/jupitermachinerie.ca\/produits\/produit\/perceuses-industrielles-erlo-serie-se\/","og_site_name":"Jupiter machinerie","article_publisher":"https:\/\/www.facebook.com\/jupiter.machinerie","article_modified_time":"2025-03-26T11:37:37+00:00","og_image":[{"width":683,"height":1024,"url":"https:\/\/jupitermachinerie.ca\/produits\/wp-content\/uploads\/2025\/03\/01-main-picture-1-683x1024.png","type":"image\/png"}],"twitter_card":"summary_large_image","twitter_misc":{"Estimation du temps de lecture":"3 minutes"},"schema":{"@context":"https:\/\/schema.org","@graph":[{"@type":"WebPage","@id":"https:\/\/jupitermachinerie.ca\/produits\/produit\/perceuses-industrielles-erlo-serie-se\/","url":"https:\/\/jupitermachinerie.ca\/produits\/produit\/perceuses-industrielles-erlo-serie-se\/","name":"Perceuses Industrielles Erlo S\u00e9rie SE - Jupiter machinerie","isPartOf":{"@id":"https:\/\/jupitermachinerie.ca\/produits\/#website"},"primaryImageOfPage":{"@id":"https:\/\/jupitermachinerie.ca\/produits\/produit\/perceuses-industrielles-erlo-serie-se\/#primaryimage"},"image":{"@id":"https:\/\/jupitermachinerie.ca\/produits\/produit\/perceuses-industrielles-erlo-serie-se\/#primaryimage"},"thumbnailUrl":"https:\/\/jupitermachinerie.ca\/produits\/wp-content\/uploads\/2025\/03\/01-main-picture-1.png","datePublished":"2025-03-26T11:32:06+00:00","dateModified":"2025-03-26T11:37:37+00:00","breadcrumb":{"@id":"https:\/\/jupitermachinerie.ca\/produits\/produit\/perceuses-industrielles-erlo-serie-se\/#breadcrumb"},"inLanguage":"fr-CA","potentialAction":[{"@type":"ReadAction","target":["https:\/\/jupitermachinerie.ca\/produits\/produit\/perceuses-industrielles-erlo-serie-se\/"]}]},{"@type":"ImageObject","inLanguage":"fr-CA","@id":"https:\/\/jupitermachinerie.ca\/produits\/produit\/perceuses-industrielles-erlo-serie-se\/#primaryimage","url":"https:\/\/jupitermachinerie.ca\/produits\/wp-content\/uploads\/2025\/03\/01-main-picture-1.png","contentUrl":"https:\/\/jupitermachinerie.ca\/produits\/wp-content\/uploads\/2025\/03\/01-main-picture-1.png","width":3841,"height":5762},{"@type":"BreadcrumbList","@id":"https:\/\/jupitermachinerie.ca\/produits\/produit\/perceuses-industrielles-erlo-serie-se\/#breadcrumb","itemListElement":[{"@type":"ListItem","position":1,"name":"Accueil","item":"https:\/\/jupitermachinerie.ca\/produits\/"},{"@type":"ListItem","position":2,"name":"Boutique","item":"https:\/\/jupitermachinerie.ca\/produits\/boutique\/"},{"@type":"ListItem","position":3,"name":"Perceuses Industrielles Erlo S\u00e9rie SE"}]},{"@type":"WebSite","@id":"https:\/\/jupitermachinerie.ca\/produits\/#website","url":"https:\/\/jupitermachinerie.ca\/produits\/","name":"Jupiter machinerie","description":"","publisher":{"@id":"https:\/\/jupitermachinerie.ca\/produits\/#organization"},"potentialAction":[{"@type":"SearchAction","target":{"@type":"EntryPoint","urlTemplate":"https:\/\/jupitermachinerie.ca\/produits\/?s={search_term_string}"},"query-input":{"@type":"PropertyValueSpecification","valueRequired":true,"valueName":"search_term_string"}}],"inLanguage":"fr-CA"},{"@type":"Organization","@id":"https:\/\/jupitermachinerie.ca\/produits\/#organization","name":"Jupiter machinerie","url":"https:\/\/jupitermachinerie.ca\/produits\/","logo":{"@type":"ImageObject","inLanguage":"fr-CA","@id":"https:\/\/jupitermachinerie.ca\/produits\/#\/schema\/logo\/image\/","url":"https:\/\/jupitermachinerie.ca\/produits\/wp-content\/uploads\/2026\/03\/LOGOfinal-copie1.jpg","contentUrl":"https:\/\/jupitermachinerie.ca\/produits\/wp-content\/uploads\/2026\/03\/LOGOfinal-copie1.jpg","width":602,"height":334,"caption":"Jupiter machinerie"},"image":{"@id":"https:\/\/jupitermachinerie.ca\/produits\/#\/schema\/logo\/image\/"},"sameAs":["https:\/\/www.facebook.com\/jupiter.machinerie","https:\/\/www.linkedin.com\/company\/jupitermachinerie"]}]}},"_links":{"self":[{"href":"https:\/\/jupitermachinerie.ca\/produits\/wp-json\/wp\/v2\/product\/262413","targetHints":{"allow":["GET"]}}],"collection":[{"href":"https:\/\/jupitermachinerie.ca\/produits\/wp-json\/wp\/v2\/product"}],"about":[{"href":"https:\/\/jupitermachinerie.ca\/produits\/wp-json\/wp\/v2\/types\/product"}],"wp:featuredmedia":[{"embeddable":true,"href":"https:\/\/jupitermachinerie.ca\/produits\/wp-json\/wp\/v2\/media\/262414"}],"wp:attachment":[{"href":"https:\/\/jupitermachinerie.ca\/produits\/wp-json\/wp\/v2\/media?parent=262413"}],"wp:term":[{"taxonomy":"product_brand","embeddable":true,"href":"https:\/\/jupitermachinerie.ca\/produits\/wp-json\/wp\/v2\/product_brand?post=262413"},{"taxonomy":"product_cat","embeddable":true,"href":"https:\/\/jupitermachinerie.ca\/produits\/wp-json\/wp\/v2\/product_cat?post=262413"},{"taxonomy":"product_tag","embeddable":true,"href":"https:\/\/jupitermachinerie.ca\/produits\/wp-json\/wp\/v2\/product_tag?post=262413"}],"curies":[{"name":"wp","href":"https:\/\/api.w.org\/{rel}","templated":true}]}}