{"id":262492,"date":"2025-07-21T09:09:01","date_gmt":"2025-07-21T13:09:01","guid":{"rendered":"https:\/\/jupitermachinerie.ca\/produits\/?post_type=product&#038;p=262492"},"modified":"2025-07-21T09:31:45","modified_gmt":"2025-07-21T13:31:45","slug":"fraiseuse-erlo-tf-35","status":"publish","type":"product","link":"https:\/\/jupitermachinerie.ca\/produits\/produit\/fraiseuse-erlo-tf-35\/","title":{"rendered":"Fraiseuse Erlo TF-35"},"content":{"rendered":"<p>La fraiseuse Erlo TF-35 se d\u00e9marque sur le march\u00e9 par sa qualit\u00e9 de fabrication.<\/p>\n<p>Elle offre une capacit\u00e9 de per\u00e7age de 35mm.<\/p>\n<p>&#8211; Mouvement motoris\u00e9 de la t\u00eate<br \/>\n&#8211; Colonne prismatique<br \/>\n&#8211; Pompe \u00e0 graisse manuelle pour guides, colonne et table<br \/>\n&#8211; But\u00e9e de profondeur r\u00e9glable<br \/>\n&#8211; Roue frontale pour avance sensible<br \/>\n&#8211; Syst\u00e8me de refroidissement<br \/>\n&#8211; Tirant d&rsquo;\u00e9tau<br \/>\n&#8211; Syst\u00e8me d&rsquo;\u00e9clairage<br \/>\n&#8211; Interrupteur principal<br \/>\n&#8211; Bouton d&rsquo;arr\u00eat d&rsquo;urgence<br \/>\n&#8211; S\u00e9lection du sens de rotation<br \/>\n&#8211; \u00c9quipement \u00e9lectrique basse tension<br \/>\n&#8211; Panneau de commande mont\u00e9 sur le bras<br \/>\n&#8211; Protection de la perceuse avec micro-but\u00e9e<\/p>\n<p>&nbsp;<\/p>\n<p><strong>Options disponibles:<\/strong><\/p>\n<p>50012 LBC &#8211;\u00a0 \u00a0 \u00a0 \u00a0Lecteur de profondeur num\u00e9rique<br \/>\n50020 IR\/RS &#8211;\u00a0 \u00a0Inversion automatique de rotation pour taraudage manuel<br \/>\n50035 RHP &#8211;\u00a0 \u00a0 \u00a0 Syst\u00e8me de taraudage automatique avec broche standard (inclut la broche standard)<br \/>\n50038 HGP-S &#8211; Broche standard suppl\u00e9mentaire, pas sp\u00e9cial<br \/>\n50040 HGP &#8211;\u00a0 \u00a0 \u00a0Broche standard suppl\u00e9mentaire, pas standard<br \/>\n50070 ENG X &#8211;\u00a0 D\u00e9placement longitudinal automatique par avance motoris\u00e9e<br \/>\n50080 ENG Y &#8211;\u00a0 D\u00e9placement transversal automatique par avance motoris\u00e9e<br \/>\n50089 LDG-1 &#8211;\u00a0 Affichage num\u00e9rique pour 1 axe (sur le panneau de commande du bras articul\u00e9)<br \/>\n50090 LDG-2 &#8211;\u00a0 Affichage num\u00e9rique pour 2 axes (sur le panneau de commande du bras articul\u00e9)<br \/>\n50100 LDG-3 &#8211;\u00a0 Affichage num\u00e9rique pour 3 axes (sur le panneau de commande du bras articul\u00e9)<br \/>\n50120 PPZ &#8211;\u00a0 \u00a0 \u00a0 \u00a0Porte-pince avec contre-\u00e9crou, jeu de pinces, cl\u00e9 et coffret<br \/>\n50130 SC &#8211;\u00a0 \u00a0 \u00a0 \u00a0 \u00a0 Colonne de 250 mm Rallonge<br \/>\n50140 ISO-30 &#8211;\u00a0 Rallonge pour broche ISO.30<br \/>\n50141 ISO-40 &#8211;\u00a0 \u00a0Rallonge pour broche ISO.40<br \/>\n50170 SAH &#8211;\u00a0 \u00a0 \u00a0 \u00a0 Porte-outil automatique pour c\u00f4ne ISO<br \/>\n50250 ACNL &#8211;\u00a0 \u00a0 \u00a0Approche et recul rapides avec contrepoids pneumatique<br \/>\n50260 CI &#8211;\u00a0 \u00a0 \u00a0 \u00a0 \u00a0 \u00a0Cycle int\u00e9gral avec encodeur pour per\u00e7age de tubes \/ intermittences et profils.<\/p>\n<p>&nbsp;<\/p>\n<p>&nbsp;<\/p>\n","protected":false},"excerpt":{"rendered":"<p>La fraiseuse Erlo TF-35 se d\u00e9marque sur le march\u00e9 par [&hellip;]<\/p>\n","protected":false},"featured_media":262493,"template":"","meta":[],"product_brand":[],"product_cat":[174,43],"product_tag":[],"class_list":{"0":"post-262492","1":"product","2":"type-product","3":"status-publish","4":"has-post-thumbnail","6":"product_cat-milling","7":"product_cat-perceuses-a-colonne","9":"first","10":"instock","11":"shipping-taxable","12":"product-type-simple"},"yoast_head":"<!-- This site is optimized with the Yoast SEO Premium plugin v27.1 (Yoast SEO v27.3) - https:\/\/yoast.com\/product\/yoast-seo-premium-wordpress\/ -->\n<title>Fraiseuse Erlo TF-35 - Jupiter machinerie<\/title>\n<meta name=\"description\" content=\"La perceuse \u00e0 colonne id\u00e9ale pour votre atelier de maintenance. Produit fabriqu\u00e9 en Espagne. Qualit\u00e9, robustesse et pr\u00e9cision.\" \/>\n<meta name=\"robots\" content=\"index, follow, max-snippet:-1, max-image-preview:large, max-video-preview:-1\" \/>\n<link rel=\"canonical\" href=\"https:\/\/jupitermachinerie.ca\/produits\/produit\/fraiseuse-erlo-tf-35\/\" \/>\n<meta property=\"og:locale\" content=\"fr_CA\" \/>\n<meta property=\"og:type\" content=\"article\" \/>\n<meta property=\"og:title\" content=\"Fraiseuse Erlo TF-35\" \/>\n<meta property=\"og:description\" content=\"La perceuse \u00e0 colonne id\u00e9ale pour votre atelier de maintenance. Produit fabriqu\u00e9 en Espagne. Qualit\u00e9, robustesse et pr\u00e9cision.\" \/>\n<meta property=\"og:url\" content=\"https:\/\/jupitermachinerie.ca\/produits\/produit\/fraiseuse-erlo-tf-35\/\" \/>\n<meta property=\"og:site_name\" content=\"Jupiter machinerie\" \/>\n<meta property=\"article:publisher\" content=\"https:\/\/www.facebook.com\/jupiter.machinerie\" \/>\n<meta property=\"article:modified_time\" content=\"2025-07-21T13:31:45+00:00\" \/>\n<meta property=\"og:image\" content=\"https:\/\/jupitermachinerie.ca\/produits\/wp-content\/uploads\/2025\/07\/TF.35-1.png\" \/>\n\t<meta property=\"og:image:width\" content=\"451\" \/>\n\t<meta property=\"og:image:height\" content=\"573\" \/>\n\t<meta property=\"og:image:type\" content=\"image\/png\" \/>\n<meta name=\"twitter:card\" content=\"summary_large_image\" \/>\n<meta name=\"twitter:label1\" content=\"Estimation du temps de lecture\" \/>\n\t<meta name=\"twitter:data1\" content=\"1 minute\" \/>\n<script type=\"application\/ld+json\" class=\"yoast-schema-graph\">{\"@context\":\"https:\\\/\\\/schema.org\",\"@graph\":[{\"@type\":\"WebPage\",\"@id\":\"https:\\\/\\\/jupitermachinerie.ca\\\/produits\\\/produit\\\/fraiseuse-erlo-tf-35\\\/\",\"url\":\"https:\\\/\\\/jupitermachinerie.ca\\\/produits\\\/produit\\\/fraiseuse-erlo-tf-35\\\/\",\"name\":\"Fraiseuse Erlo TF-35 - Jupiter machinerie\",\"isPartOf\":{\"@id\":\"https:\\\/\\\/jupitermachinerie.ca\\\/produits\\\/#website\"},\"primaryImageOfPage\":{\"@id\":\"https:\\\/\\\/jupitermachinerie.ca\\\/produits\\\/produit\\\/fraiseuse-erlo-tf-35\\\/#primaryimage\"},\"image\":{\"@id\":\"https:\\\/\\\/jupitermachinerie.ca\\\/produits\\\/produit\\\/fraiseuse-erlo-tf-35\\\/#primaryimage\"},\"thumbnailUrl\":\"https:\\\/\\\/jupitermachinerie.ca\\\/produits\\\/wp-content\\\/uploads\\\/2025\\\/07\\\/TF.35-1.png\",\"datePublished\":\"2025-07-21T13:09:01+00:00\",\"dateModified\":\"2025-07-21T13:31:45+00:00\",\"description\":\"La perceuse \u00e0 colonne id\u00e9ale pour votre atelier de maintenance. Produit fabriqu\u00e9 en Espagne. Qualit\u00e9, robustesse et pr\u00e9cision.\",\"breadcrumb\":{\"@id\":\"https:\\\/\\\/jupitermachinerie.ca\\\/produits\\\/produit\\\/fraiseuse-erlo-tf-35\\\/#breadcrumb\"},\"inLanguage\":\"fr-CA\",\"potentialAction\":[{\"@type\":\"ReadAction\",\"target\":[\"https:\\\/\\\/jupitermachinerie.ca\\\/produits\\\/produit\\\/fraiseuse-erlo-tf-35\\\/\"]}]},{\"@type\":\"ImageObject\",\"inLanguage\":\"fr-CA\",\"@id\":\"https:\\\/\\\/jupitermachinerie.ca\\\/produits\\\/produit\\\/fraiseuse-erlo-tf-35\\\/#primaryimage\",\"url\":\"https:\\\/\\\/jupitermachinerie.ca\\\/produits\\\/wp-content\\\/uploads\\\/2025\\\/07\\\/TF.35-1.png\",\"contentUrl\":\"https:\\\/\\\/jupitermachinerie.ca\\\/produits\\\/wp-content\\\/uploads\\\/2025\\\/07\\\/TF.35-1.png\",\"width\":451,\"height\":573},{\"@type\":\"BreadcrumbList\",\"@id\":\"https:\\\/\\\/jupitermachinerie.ca\\\/produits\\\/produit\\\/fraiseuse-erlo-tf-35\\\/#breadcrumb\",\"itemListElement\":[{\"@type\":\"ListItem\",\"position\":1,\"name\":\"Accueil\",\"item\":\"https:\\\/\\\/jupitermachinerie.ca\\\/produits\\\/\"},{\"@type\":\"ListItem\",\"position\":2,\"name\":\"Boutique\",\"item\":\"https:\\\/\\\/jupitermachinerie.ca\\\/produits\\\/boutique\\\/\"},{\"@type\":\"ListItem\",\"position\":3,\"name\":\"Fraiseuse Erlo TF-35\"}]},{\"@type\":\"WebSite\",\"@id\":\"https:\\\/\\\/jupitermachinerie.ca\\\/produits\\\/#website\",\"url\":\"https:\\\/\\\/jupitermachinerie.ca\\\/produits\\\/\",\"name\":\"Jupiter machinerie\",\"description\":\"\",\"publisher\":{\"@id\":\"https:\\\/\\\/jupitermachinerie.ca\\\/produits\\\/#organization\"},\"potentialAction\":[{\"@type\":\"SearchAction\",\"target\":{\"@type\":\"EntryPoint\",\"urlTemplate\":\"https:\\\/\\\/jupitermachinerie.ca\\\/produits\\\/?s={search_term_string}\"},\"query-input\":{\"@type\":\"PropertyValueSpecification\",\"valueRequired\":true,\"valueName\":\"search_term_string\"}}],\"inLanguage\":\"fr-CA\"},{\"@type\":\"Organization\",\"@id\":\"https:\\\/\\\/jupitermachinerie.ca\\\/produits\\\/#organization\",\"name\":\"Jupiter machinerie\",\"url\":\"https:\\\/\\\/jupitermachinerie.ca\\\/produits\\\/\",\"logo\":{\"@type\":\"ImageObject\",\"inLanguage\":\"fr-CA\",\"@id\":\"https:\\\/\\\/jupitermachinerie.ca\\\/produits\\\/#\\\/schema\\\/logo\\\/image\\\/\",\"url\":\"https:\\\/\\\/jupitermachinerie.ca\\\/produits\\\/wp-content\\\/uploads\\\/2026\\\/03\\\/LOGOfinal-copie1.jpg\",\"contentUrl\":\"https:\\\/\\\/jupitermachinerie.ca\\\/produits\\\/wp-content\\\/uploads\\\/2026\\\/03\\\/LOGOfinal-copie1.jpg\",\"width\":602,\"height\":334,\"caption\":\"Jupiter machinerie\"},\"image\":{\"@id\":\"https:\\\/\\\/jupitermachinerie.ca\\\/produits\\\/#\\\/schema\\\/logo\\\/image\\\/\"},\"sameAs\":[\"https:\\\/\\\/www.facebook.com\\\/jupiter.machinerie\",\"https:\\\/\\\/www.linkedin.com\\\/company\\\/jupitermachinerie\"]}]}<\/script>\n<!-- \/ Yoast SEO Premium plugin. -->","yoast_head_json":{"title":"Fraiseuse Erlo TF-35 - Jupiter machinerie","description":"La perceuse \u00e0 colonne id\u00e9ale pour votre atelier de maintenance. Produit fabriqu\u00e9 en Espagne. Qualit\u00e9, robustesse et pr\u00e9cision.","robots":{"index":"index","follow":"follow","max-snippet":"max-snippet:-1","max-image-preview":"max-image-preview:large","max-video-preview":"max-video-preview:-1"},"canonical":"https:\/\/jupitermachinerie.ca\/produits\/produit\/fraiseuse-erlo-tf-35\/","og_locale":"fr_CA","og_type":"article","og_title":"Fraiseuse Erlo TF-35","og_description":"La perceuse \u00e0 colonne id\u00e9ale pour votre atelier de maintenance. Produit fabriqu\u00e9 en Espagne. Qualit\u00e9, robustesse et pr\u00e9cision.","og_url":"https:\/\/jupitermachinerie.ca\/produits\/produit\/fraiseuse-erlo-tf-35\/","og_site_name":"Jupiter machinerie","article_publisher":"https:\/\/www.facebook.com\/jupiter.machinerie","article_modified_time":"2025-07-21T13:31:45+00:00","og_image":[{"width":451,"height":573,"url":"https:\/\/jupitermachinerie.ca\/produits\/wp-content\/uploads\/2025\/07\/TF.35-1.png","type":"image\/png"}],"twitter_card":"summary_large_image","twitter_misc":{"Estimation du temps de lecture":"1 minute"},"schema":{"@context":"https:\/\/schema.org","@graph":[{"@type":"WebPage","@id":"https:\/\/jupitermachinerie.ca\/produits\/produit\/fraiseuse-erlo-tf-35\/","url":"https:\/\/jupitermachinerie.ca\/produits\/produit\/fraiseuse-erlo-tf-35\/","name":"Fraiseuse Erlo TF-35 - Jupiter machinerie","isPartOf":{"@id":"https:\/\/jupitermachinerie.ca\/produits\/#website"},"primaryImageOfPage":{"@id":"https:\/\/jupitermachinerie.ca\/produits\/produit\/fraiseuse-erlo-tf-35\/#primaryimage"},"image":{"@id":"https:\/\/jupitermachinerie.ca\/produits\/produit\/fraiseuse-erlo-tf-35\/#primaryimage"},"thumbnailUrl":"https:\/\/jupitermachinerie.ca\/produits\/wp-content\/uploads\/2025\/07\/TF.35-1.png","datePublished":"2025-07-21T13:09:01+00:00","dateModified":"2025-07-21T13:31:45+00:00","description":"La perceuse \u00e0 colonne id\u00e9ale pour votre atelier de maintenance. Produit fabriqu\u00e9 en Espagne. Qualit\u00e9, robustesse et pr\u00e9cision.","breadcrumb":{"@id":"https:\/\/jupitermachinerie.ca\/produits\/produit\/fraiseuse-erlo-tf-35\/#breadcrumb"},"inLanguage":"fr-CA","potentialAction":[{"@type":"ReadAction","target":["https:\/\/jupitermachinerie.ca\/produits\/produit\/fraiseuse-erlo-tf-35\/"]}]},{"@type":"ImageObject","inLanguage":"fr-CA","@id":"https:\/\/jupitermachinerie.ca\/produits\/produit\/fraiseuse-erlo-tf-35\/#primaryimage","url":"https:\/\/jupitermachinerie.ca\/produits\/wp-content\/uploads\/2025\/07\/TF.35-1.png","contentUrl":"https:\/\/jupitermachinerie.ca\/produits\/wp-content\/uploads\/2025\/07\/TF.35-1.png","width":451,"height":573},{"@type":"BreadcrumbList","@id":"https:\/\/jupitermachinerie.ca\/produits\/produit\/fraiseuse-erlo-tf-35\/#breadcrumb","itemListElement":[{"@type":"ListItem","position":1,"name":"Accueil","item":"https:\/\/jupitermachinerie.ca\/produits\/"},{"@type":"ListItem","position":2,"name":"Boutique","item":"https:\/\/jupitermachinerie.ca\/produits\/boutique\/"},{"@type":"ListItem","position":3,"name":"Fraiseuse Erlo TF-35"}]},{"@type":"WebSite","@id":"https:\/\/jupitermachinerie.ca\/produits\/#website","url":"https:\/\/jupitermachinerie.ca\/produits\/","name":"Jupiter machinerie","description":"","publisher":{"@id":"https:\/\/jupitermachinerie.ca\/produits\/#organization"},"potentialAction":[{"@type":"SearchAction","target":{"@type":"EntryPoint","urlTemplate":"https:\/\/jupitermachinerie.ca\/produits\/?s={search_term_string}"},"query-input":{"@type":"PropertyValueSpecification","valueRequired":true,"valueName":"search_term_string"}}],"inLanguage":"fr-CA"},{"@type":"Organization","@id":"https:\/\/jupitermachinerie.ca\/produits\/#organization","name":"Jupiter machinerie","url":"https:\/\/jupitermachinerie.ca\/produits\/","logo":{"@type":"ImageObject","inLanguage":"fr-CA","@id":"https:\/\/jupitermachinerie.ca\/produits\/#\/schema\/logo\/image\/","url":"https:\/\/jupitermachinerie.ca\/produits\/wp-content\/uploads\/2026\/03\/LOGOfinal-copie1.jpg","contentUrl":"https:\/\/jupitermachinerie.ca\/produits\/wp-content\/uploads\/2026\/03\/LOGOfinal-copie1.jpg","width":602,"height":334,"caption":"Jupiter machinerie"},"image":{"@id":"https:\/\/jupitermachinerie.ca\/produits\/#\/schema\/logo\/image\/"},"sameAs":["https:\/\/www.facebook.com\/jupiter.machinerie","https:\/\/www.linkedin.com\/company\/jupitermachinerie"]}]}},"_links":{"self":[{"href":"https:\/\/jupitermachinerie.ca\/produits\/wp-json\/wp\/v2\/product\/262492","targetHints":{"allow":["GET"]}}],"collection":[{"href":"https:\/\/jupitermachinerie.ca\/produits\/wp-json\/wp\/v2\/product"}],"about":[{"href":"https:\/\/jupitermachinerie.ca\/produits\/wp-json\/wp\/v2\/types\/product"}],"wp:featuredmedia":[{"embeddable":true,"href":"https:\/\/jupitermachinerie.ca\/produits\/wp-json\/wp\/v2\/media\/262493"}],"wp:attachment":[{"href":"https:\/\/jupitermachinerie.ca\/produits\/wp-json\/wp\/v2\/media?parent=262492"}],"wp:term":[{"taxonomy":"product_brand","embeddable":true,"href":"https:\/\/jupitermachinerie.ca\/produits\/wp-json\/wp\/v2\/product_brand?post=262492"},{"taxonomy":"product_cat","embeddable":true,"href":"https:\/\/jupitermachinerie.ca\/produits\/wp-json\/wp\/v2\/product_cat?post=262492"},{"taxonomy":"product_tag","embeddable":true,"href":"https:\/\/jupitermachinerie.ca\/produits\/wp-json\/wp\/v2\/product_tag?post=262492"}],"curies":[{"name":"wp","href":"https:\/\/api.w.org\/{rel}","templated":true}]}}