{"id":262496,"date":"2025-07-21T09:53:45","date_gmt":"2025-07-21T13:53:45","guid":{"rendered":"https:\/\/jupitermachinerie.ca\/produits\/?post_type=product&#038;p=262496"},"modified":"2025-07-21T09:55:51","modified_gmt":"2025-07-21T13:55:51","slug":"ligne-de-decouper-et-refendage","status":"publish","type":"product","link":"https:\/\/jupitermachinerie.ca\/produits\/produit\/ligne-de-decouper-et-refendage\/","title":{"rendered":"Ligne de d\u00e9coupe et refendage"},"content":{"rendered":"<p>La d\u00e9coupeuse\u2011refendeuse 1250\u202fmm\/1,25\u202fmm, qui prend en charge des feuilles m\u00e9talliques de plus de 4\u202fpi (1250\u202fmm\/49\u2033), r\u00e9pond aux attentes de la majorit\u00e9 des besoins en traitant des aciers de calibre\u202f26 \u00e0\u202f18 (\u00e9paisseurs de 0,5 \u00e0\u202f1,25\u202fmm). Il est aussi possible d&rsquo;obtenir des versions plus grandes de cette ligne de d\u00e9coupe.<\/p>\n<p>Voici les raisons qui devrait vous aider \u00e0 choisir une ligne de d\u00e9coupe et refendage de PROFIILIKESKUS :<\/p>\n<p>&#8212;<\/p>\n<p>### \u2705 1. Qualit\u00e9 de fabrication finlandaise<\/p>\n<p>PROFIILIKESKUS OY est une entreprise finlandaise r\u00e9put\u00e9e pour la qualit\u00e9, la robustesse et la long\u00e9vit\u00e9 de ses machines. Chaque ligne est con\u00e7ue pour offrir pr\u00e9cision, fiabilit\u00e9 et faible entretien.<\/p>\n<p>&#8212;<\/p>\n<p>### \u2699\ufe0f 2. Flexibilit\u00e9 de production<\/p>\n<p>Les lignes de d\u00e9coupe\/refendage sont con\u00e7ues pour s\u2019adapter \u00e0 diff\u00e9rentes largeurs de bande et \u00e9paisseurs de t\u00f4le, avec des syst\u00e8mes de r\u00e9glage rapides et intuitifs. Cela permet une production sur mesure selon les besoins du client.<\/p>\n<p>&#8212;<\/p>\n<p>### \ud83e\udde0 3. Automatisation intelligente<\/p>\n<p>Gr\u00e2ce \u00e0 une automatisation avanc\u00e9e, incluant des syst\u00e8mes de contr\u00f4le num\u00e9riques et une interface conviviale, la ligne r\u00e9duit les erreurs humaines et am\u00e9liore la productivit\u00e9. Certains mod\u00e8les peuvent \u00eatre connect\u00e9s \u00e0 distance pour le diagnostic et les mises \u00e0 jour.<\/p>\n<p>&#8212;<\/p>\n<p>### \u23f1 4. Gain de temps et rendement \u00e9lev\u00e9<\/p>\n<p>Les syst\u00e8mes de refendage et de coupe sont con\u00e7us pour des vitesses \u00e9lev\u00e9es tout en maintenant une excellente pr\u00e9cision de coupe. Cela se traduit par un rendement optimal, m\u00eame en production continue.<\/p>\n<p>&#8212;<\/p>\n<p>### \ud83d\udd27 **5. Support technique solide**<\/p>\n<p>PROFIILIKESKUS offre un excellent service apr\u00e8s-vente, incluant formation, installation, maintenance pr\u00e9ventive et pi\u00e8ces de rechange.<\/p>\n<div class=\"video-shortcode\"><iframe title=\"Profiilikeskus D\u00e9coupe et de refendage\" width=\"1200\" height=\"675\" src=\"https:\/\/www.youtube.com\/embed\/KUiskLP2XPY?feature=oembed\" frameborder=\"0\" allow=\"accelerometer; autoplay; clipboard-write; encrypted-media; gyroscope; picture-in-picture; web-share\" referrerpolicy=\"strict-origin-when-cross-origin\" allowfullscreen><\/iframe><\/div>\n","protected":false},"excerpt":{"rendered":"<p>La d\u00e9coupeuse\u2011refendeuse 1250\u202fmm\/1,25\u202fmm, qui prend en charge des feuilles m\u00e9talliques [&hellip;]<\/p>\n","protected":false},"featured_media":262494,"template":"","meta":[],"product_brand":[],"product_cat":[175],"product_tag":[],"class_list":{"0":"post-262496","1":"product","2":"type-product","3":"status-publish","4":"has-post-thumbnail","6":"product_cat-slitting","8":"first","9":"instock","10":"shipping-taxable","11":"product-type-simple"},"yoast_head":"<!-- This site is optimized with the Yoast SEO Premium plugin v27.1 (Yoast SEO v27.4) - https:\/\/yoast.com\/product\/yoast-seo-premium-wordpress\/ -->\n<title>Ligne de d\u00e9coupe et refendage - Jupiter machinerie<\/title>\n<meta name=\"robots\" content=\"index, follow, max-snippet:-1, max-image-preview:large, max-video-preview:-1\" \/>\n<link rel=\"canonical\" href=\"https:\/\/jupitermachinerie.ca\/produits\/produit\/ligne-de-decouper-et-refendage\/\" \/>\n<meta property=\"og:locale\" content=\"fr_CA\" \/>\n<meta property=\"og:type\" content=\"article\" \/>\n<meta property=\"og:title\" content=\"Ligne de d\u00e9coupe et refendage\" \/>\n<meta property=\"og:description\" content=\"La d\u00e9coupeuse\u2011refendeuse 1250\u202fmm\/1,25\u202fmm, qui prend en charge des feuilles m\u00e9talliques [&hellip;]\" \/>\n<meta property=\"og:url\" content=\"https:\/\/jupitermachinerie.ca\/produits\/produit\/ligne-de-decouper-et-refendage\/\" \/>\n<meta property=\"og:site_name\" content=\"Jupiter machinerie\" \/>\n<meta property=\"article:publisher\" content=\"https:\/\/www.facebook.com\/jupiter.machinerie\" \/>\n<meta property=\"article:modified_time\" content=\"2025-07-21T13:55:51+00:00\" \/>\n<meta property=\"og:image\" content=\"https:\/\/jupitermachinerie.ca\/produits\/wp-content\/uploads\/2025\/07\/profiilikeskus-slitter-line.jpg\" \/>\n\t<meta property=\"og:image:width\" content=\"500\" \/>\n\t<meta property=\"og:image:height\" content=\"283\" \/>\n\t<meta property=\"og:image:type\" content=\"image\/jpeg\" \/>\n<meta name=\"twitter:card\" content=\"summary_large_image\" \/>\n<meta name=\"twitter:label1\" content=\"Estimation du temps de lecture\" \/>\n\t<meta name=\"twitter:data1\" content=\"2 minutes\" \/>\n<script type=\"application\/ld+json\" class=\"yoast-schema-graph\">{\"@context\":\"https:\\\/\\\/schema.org\",\"@graph\":[{\"@type\":\"WebPage\",\"@id\":\"https:\\\/\\\/jupitermachinerie.ca\\\/produits\\\/produit\\\/ligne-de-decouper-et-refendage\\\/\",\"url\":\"https:\\\/\\\/jupitermachinerie.ca\\\/produits\\\/produit\\\/ligne-de-decouper-et-refendage\\\/\",\"name\":\"Ligne de d\u00e9coupe et refendage - Jupiter machinerie\",\"isPartOf\":{\"@id\":\"https:\\\/\\\/jupitermachinerie.ca\\\/produits\\\/#website\"},\"primaryImageOfPage\":{\"@id\":\"https:\\\/\\\/jupitermachinerie.ca\\\/produits\\\/produit\\\/ligne-de-decouper-et-refendage\\\/#primaryimage\"},\"image\":{\"@id\":\"https:\\\/\\\/jupitermachinerie.ca\\\/produits\\\/produit\\\/ligne-de-decouper-et-refendage\\\/#primaryimage\"},\"thumbnailUrl\":\"https:\\\/\\\/jupitermachinerie.ca\\\/produits\\\/wp-content\\\/uploads\\\/2025\\\/07\\\/profiilikeskus-slitter-line.jpg\",\"datePublished\":\"2025-07-21T13:53:45+00:00\",\"dateModified\":\"2025-07-21T13:55:51+00:00\",\"breadcrumb\":{\"@id\":\"https:\\\/\\\/jupitermachinerie.ca\\\/produits\\\/produit\\\/ligne-de-decouper-et-refendage\\\/#breadcrumb\"},\"inLanguage\":\"fr-CA\",\"potentialAction\":[{\"@type\":\"ReadAction\",\"target\":[\"https:\\\/\\\/jupitermachinerie.ca\\\/produits\\\/produit\\\/ligne-de-decouper-et-refendage\\\/\"]}]},{\"@type\":\"ImageObject\",\"inLanguage\":\"fr-CA\",\"@id\":\"https:\\\/\\\/jupitermachinerie.ca\\\/produits\\\/produit\\\/ligne-de-decouper-et-refendage\\\/#primaryimage\",\"url\":\"https:\\\/\\\/jupitermachinerie.ca\\\/produits\\\/wp-content\\\/uploads\\\/2025\\\/07\\\/profiilikeskus-slitter-line.jpg\",\"contentUrl\":\"https:\\\/\\\/jupitermachinerie.ca\\\/produits\\\/wp-content\\\/uploads\\\/2025\\\/07\\\/profiilikeskus-slitter-line.jpg\",\"width\":500,\"height\":283},{\"@type\":\"BreadcrumbList\",\"@id\":\"https:\\\/\\\/jupitermachinerie.ca\\\/produits\\\/produit\\\/ligne-de-decouper-et-refendage\\\/#breadcrumb\",\"itemListElement\":[{\"@type\":\"ListItem\",\"position\":1,\"name\":\"Accueil\",\"item\":\"https:\\\/\\\/jupitermachinerie.ca\\\/produits\\\/\"},{\"@type\":\"ListItem\",\"position\":2,\"name\":\"Boutique\",\"item\":\"https:\\\/\\\/jupitermachinerie.ca\\\/produits\\\/boutique\\\/\"},{\"@type\":\"ListItem\",\"position\":3,\"name\":\"Ligne de d\u00e9coupe et refendage\"}]},{\"@type\":\"WebSite\",\"@id\":\"https:\\\/\\\/jupitermachinerie.ca\\\/produits\\\/#website\",\"url\":\"https:\\\/\\\/jupitermachinerie.ca\\\/produits\\\/\",\"name\":\"Jupiter machinerie\",\"description\":\"\",\"publisher\":{\"@id\":\"https:\\\/\\\/jupitermachinerie.ca\\\/produits\\\/#organization\"},\"potentialAction\":[{\"@type\":\"SearchAction\",\"target\":{\"@type\":\"EntryPoint\",\"urlTemplate\":\"https:\\\/\\\/jupitermachinerie.ca\\\/produits\\\/?s={search_term_string}\"},\"query-input\":{\"@type\":\"PropertyValueSpecification\",\"valueRequired\":true,\"valueName\":\"search_term_string\"}}],\"inLanguage\":\"fr-CA\"},{\"@type\":\"Organization\",\"@id\":\"https:\\\/\\\/jupitermachinerie.ca\\\/produits\\\/#organization\",\"name\":\"Jupiter machinerie\",\"url\":\"https:\\\/\\\/jupitermachinerie.ca\\\/produits\\\/\",\"logo\":{\"@type\":\"ImageObject\",\"inLanguage\":\"fr-CA\",\"@id\":\"https:\\\/\\\/jupitermachinerie.ca\\\/produits\\\/#\\\/schema\\\/logo\\\/image\\\/\",\"url\":\"https:\\\/\\\/jupitermachinerie.ca\\\/produits\\\/wp-content\\\/uploads\\\/2026\\\/03\\\/LOGOfinal-copie1.jpg\",\"contentUrl\":\"https:\\\/\\\/jupitermachinerie.ca\\\/produits\\\/wp-content\\\/uploads\\\/2026\\\/03\\\/LOGOfinal-copie1.jpg\",\"width\":602,\"height\":334,\"caption\":\"Jupiter machinerie\"},\"image\":{\"@id\":\"https:\\\/\\\/jupitermachinerie.ca\\\/produits\\\/#\\\/schema\\\/logo\\\/image\\\/\"},\"sameAs\":[\"https:\\\/\\\/www.facebook.com\\\/jupiter.machinerie\",\"https:\\\/\\\/www.linkedin.com\\\/company\\\/jupitermachinerie\"]}]}<\/script>\n<!-- \/ Yoast SEO Premium plugin. -->","yoast_head_json":{"title":"Ligne de d\u00e9coupe et refendage - Jupiter machinerie","robots":{"index":"index","follow":"follow","max-snippet":"max-snippet:-1","max-image-preview":"max-image-preview:large","max-video-preview":"max-video-preview:-1"},"canonical":"https:\/\/jupitermachinerie.ca\/produits\/produit\/ligne-de-decouper-et-refendage\/","og_locale":"fr_CA","og_type":"article","og_title":"Ligne de d\u00e9coupe et refendage","og_description":"La d\u00e9coupeuse\u2011refendeuse 1250\u202fmm\/1,25\u202fmm, qui prend en charge des feuilles m\u00e9talliques [&hellip;]","og_url":"https:\/\/jupitermachinerie.ca\/produits\/produit\/ligne-de-decouper-et-refendage\/","og_site_name":"Jupiter machinerie","article_publisher":"https:\/\/www.facebook.com\/jupiter.machinerie","article_modified_time":"2025-07-21T13:55:51+00:00","og_image":[{"width":500,"height":283,"url":"https:\/\/jupitermachinerie.ca\/produits\/wp-content\/uploads\/2025\/07\/profiilikeskus-slitter-line.jpg","type":"image\/jpeg"}],"twitter_card":"summary_large_image","twitter_misc":{"Estimation du temps de lecture":"2 minutes"},"schema":{"@context":"https:\/\/schema.org","@graph":[{"@type":"WebPage","@id":"https:\/\/jupitermachinerie.ca\/produits\/produit\/ligne-de-decouper-et-refendage\/","url":"https:\/\/jupitermachinerie.ca\/produits\/produit\/ligne-de-decouper-et-refendage\/","name":"Ligne de d\u00e9coupe et refendage - Jupiter machinerie","isPartOf":{"@id":"https:\/\/jupitermachinerie.ca\/produits\/#website"},"primaryImageOfPage":{"@id":"https:\/\/jupitermachinerie.ca\/produits\/produit\/ligne-de-decouper-et-refendage\/#primaryimage"},"image":{"@id":"https:\/\/jupitermachinerie.ca\/produits\/produit\/ligne-de-decouper-et-refendage\/#primaryimage"},"thumbnailUrl":"https:\/\/jupitermachinerie.ca\/produits\/wp-content\/uploads\/2025\/07\/profiilikeskus-slitter-line.jpg","datePublished":"2025-07-21T13:53:45+00:00","dateModified":"2025-07-21T13:55:51+00:00","breadcrumb":{"@id":"https:\/\/jupitermachinerie.ca\/produits\/produit\/ligne-de-decouper-et-refendage\/#breadcrumb"},"inLanguage":"fr-CA","potentialAction":[{"@type":"ReadAction","target":["https:\/\/jupitermachinerie.ca\/produits\/produit\/ligne-de-decouper-et-refendage\/"]}]},{"@type":"ImageObject","inLanguage":"fr-CA","@id":"https:\/\/jupitermachinerie.ca\/produits\/produit\/ligne-de-decouper-et-refendage\/#primaryimage","url":"https:\/\/jupitermachinerie.ca\/produits\/wp-content\/uploads\/2025\/07\/profiilikeskus-slitter-line.jpg","contentUrl":"https:\/\/jupitermachinerie.ca\/produits\/wp-content\/uploads\/2025\/07\/profiilikeskus-slitter-line.jpg","width":500,"height":283},{"@type":"BreadcrumbList","@id":"https:\/\/jupitermachinerie.ca\/produits\/produit\/ligne-de-decouper-et-refendage\/#breadcrumb","itemListElement":[{"@type":"ListItem","position":1,"name":"Accueil","item":"https:\/\/jupitermachinerie.ca\/produits\/"},{"@type":"ListItem","position":2,"name":"Boutique","item":"https:\/\/jupitermachinerie.ca\/produits\/boutique\/"},{"@type":"ListItem","position":3,"name":"Ligne de d\u00e9coupe et refendage"}]},{"@type":"WebSite","@id":"https:\/\/jupitermachinerie.ca\/produits\/#website","url":"https:\/\/jupitermachinerie.ca\/produits\/","name":"Jupiter machinerie","description":"","publisher":{"@id":"https:\/\/jupitermachinerie.ca\/produits\/#organization"},"potentialAction":[{"@type":"SearchAction","target":{"@type":"EntryPoint","urlTemplate":"https:\/\/jupitermachinerie.ca\/produits\/?s={search_term_string}"},"query-input":{"@type":"PropertyValueSpecification","valueRequired":true,"valueName":"search_term_string"}}],"inLanguage":"fr-CA"},{"@type":"Organization","@id":"https:\/\/jupitermachinerie.ca\/produits\/#organization","name":"Jupiter machinerie","url":"https:\/\/jupitermachinerie.ca\/produits\/","logo":{"@type":"ImageObject","inLanguage":"fr-CA","@id":"https:\/\/jupitermachinerie.ca\/produits\/#\/schema\/logo\/image\/","url":"https:\/\/jupitermachinerie.ca\/produits\/wp-content\/uploads\/2026\/03\/LOGOfinal-copie1.jpg","contentUrl":"https:\/\/jupitermachinerie.ca\/produits\/wp-content\/uploads\/2026\/03\/LOGOfinal-copie1.jpg","width":602,"height":334,"caption":"Jupiter machinerie"},"image":{"@id":"https:\/\/jupitermachinerie.ca\/produits\/#\/schema\/logo\/image\/"},"sameAs":["https:\/\/www.facebook.com\/jupiter.machinerie","https:\/\/www.linkedin.com\/company\/jupitermachinerie"]}]}},"_links":{"self":[{"href":"https:\/\/jupitermachinerie.ca\/produits\/wp-json\/wp\/v2\/product\/262496","targetHints":{"allow":["GET"]}}],"collection":[{"href":"https:\/\/jupitermachinerie.ca\/produits\/wp-json\/wp\/v2\/product"}],"about":[{"href":"https:\/\/jupitermachinerie.ca\/produits\/wp-json\/wp\/v2\/types\/product"}],"wp:featuredmedia":[{"embeddable":true,"href":"https:\/\/jupitermachinerie.ca\/produits\/wp-json\/wp\/v2\/media\/262494"}],"wp:attachment":[{"href":"https:\/\/jupitermachinerie.ca\/produits\/wp-json\/wp\/v2\/media?parent=262496"}],"wp:term":[{"taxonomy":"product_brand","embeddable":true,"href":"https:\/\/jupitermachinerie.ca\/produits\/wp-json\/wp\/v2\/product_brand?post=262496"},{"taxonomy":"product_cat","embeddable":true,"href":"https:\/\/jupitermachinerie.ca\/produits\/wp-json\/wp\/v2\/product_cat?post=262496"},{"taxonomy":"product_tag","embeddable":true,"href":"https:\/\/jupitermachinerie.ca\/produits\/wp-json\/wp\/v2\/product_tag?post=262496"}],"curies":[{"name":"wp","href":"https:\/\/api.w.org\/{rel}","templated":true}]}}