{"id":262545,"date":"2025-10-08T09:56:28","date_gmt":"2025-10-08T13:56:28","guid":{"rendered":"https:\/\/jupitermachinerie.ca\/produits\/?post_type=product&#038;p=262545"},"modified":"2025-10-08T09:58:00","modified_gmt":"2025-10-08T13:58:00","slug":"cisaille-electrique-4-m-x-2-mm-butee-ar-electrique-750-mm-forte-capacite","status":"publish","type":"product","link":"https:\/\/jupitermachinerie.ca\/produits\/produit\/cisaille-electrique-4-m-x-2-mm-butee-ar-electrique-750-mm-forte-capacite\/","title":{"rendered":"Cisaille \u00e9lectrique 4 M x 2 mm, but\u00e9e AR \u00e9lectrique 750 mm, Forte capacit\u00e9"},"content":{"rendered":"<h1 class=\"h1-product\">Cisaille \u00e9lectrique 4 M x 2 mm, but\u00e9e AR \u00e9lectrique 750 mm, contr\u00f4le num\u00e9rique<\/h1>\n<h3 class=\"h3-product\"><strong>\u00c9quipement standard :<\/strong><\/h3>\n<ul>\n<li>Table avant, largeur 435 mm et hauteur de travail de 875 mm<\/li>\n<li>Plateaux coulissants en inox de 400 mm de longueur<\/li>\n<li>Bras supports de t\u00f4le 1000 mm, avec roulette avant facilitant<br \/>\nla mise en place de la feuille sur la table<\/li>\n<li>Bras de but\u00e9e d\u2019\u00e9querrage en inox, longueur 1000 mm,<br \/>\npositionn\u00e9 \u00e0 droite de la machine, avec roulette avant<\/li>\n<li>Presse-t\u00f4le automatique avec caoutchouc<br \/>\n(protection et maintien de la feuille)<\/li>\n<li>Porte lame sur glissi\u00e8res autolubrifi\u00e9es<\/li>\n<li>Lames monoblocs retournables 4 fois avant r\u00e9aff\u00fbtage<\/li>\n<li>R\u00e9glage manuel du jeu entre lames avec indicateur de position<br \/>\nen fonction des \u00e9paisseurs \u00e0 couper<\/li>\n<li>\u00c9clairage puissant de la ligne de coupe par ruban LED,<br \/>\nint\u00e9gr\u00e9 dans le presse-t\u00f4le (\u00e9clairage permanent, meilleure visibilit\u00e9)<\/li>\n<li>Commande par p\u00e9dale ou par bouton sur pupitre<\/li>\n<li>Pupitre de commande sur potence articul\u00e9e permettant<br \/>\nun positionnement optimal pour l\u2019op\u00e9rateur<\/li>\n<li>Cellules photo\u00e9lectriques permettant l\u2019acc\u00e8s en toute s\u00e9curit\u00e9<br \/>\n\u00e0 l\u2019arri\u00e8re de la machine<\/li>\n<li>But\u00e9e arri\u00e8re \u00e9lectrique \u00e0 d\u00e9placement rapide, g\u00e9r\u00e9e par la commande num\u00e9rique, course de 5 \u00e0 750 mm. Dispositif de conicit\u00e9 avec compteur permettant un positionnement oblique de la but\u00e9e arri\u00e8re pour les coupes biaises<br \/>\n(pr\u00e9cision \u00b1 0,1 mm)<\/li>\n<li>2 anneaux d\u2019\u00e9lingage<\/li>\n<\/ul>\n<h3 class=\"h3-product\"><strong>Les points forts :<\/strong><\/h3>\n<ul>\n<li>Capacit\u00e9s de coupe adapt\u00e9es aux m\u00e9tiers industriels de la t\u00f4le fine<\/li>\n<li>Double motorisation pour une bonne r\u00e9partition des efforts<\/li>\n<li>Excellente rigidit\u00e9 de la machine pour une coupe de qualit\u00e9<\/li>\n<li>Eclairage puissant et permanent de la ligne de coupe par Leds<\/li>\n<li>R\u00e9glage du jeu entre lames selon les \u00e9paisseurs et mati\u00e8res<\/li>\n<li>But\u00e9e arri\u00e8re \u00e9lectrique \u00e0 d\u00e9placement rapide<\/li>\n<li>CN tactile et intuitive offrant de nombreuses fonctionnalit\u00e9s<\/li>\n<li>Pupitre sur potence articul\u00e9e pour un positionnement optimal de l\u2019op\u00e9rateur<\/li>\n<li>Nombreux \u00e9quipements assurant productivit\u00e9 et confort d\u2019utilisation<\/li>\n<\/ul>\n<h3 class=\"h3-product\"><strong>Commande num\u00e9rique (incluse) :<\/strong><\/h3>\n<ul>\n<li>Commande num\u00e9rique avec \u00e9cran tactile couleur de 7\u2019\u2019 16\/9<\/li>\n<li>Programmes intuitifs et faciles d\u2019utilisation<\/li>\n<li>Cr\u00e9ation rapide de programmes par chantiers, par clients<\/li>\n<li>Programmation rapide des longueurs et quantit\u00e9s<\/li>\n<li>Menu auto pour de la s\u00e9rie ou mode manuel coup par coup<\/li>\n<li>Compteur de coups totalisateur et journalier avec remise \u00e0 0<\/li>\n<li>Gestion de la maintenance pr\u00e9ventive de la machine<\/li>\n<li>T\u00e9l\u00e9maintenance et mise \u00e0 jour \u00e0 distance via c\u00e2ble r\u00e9seau Ethernet (RJ45)<\/li>\n<\/ul>\n","protected":false},"excerpt":{"rendered":"<p>Cisaille guillotine \u00e9lectrique d&rsquo;atelier \u00e0 forte capacit\u00e9 r\u00e9f\u00e9rence CGI42-BAE, longueur utile de coupe 4 M, capacit\u00e9 acier 2 mm, contr\u00f4le par commande num\u00e9rique sur potence orientable avec \u00e9cran tactile 7&Prime;, but\u00e9e arri\u00e8re \u00e9lectrique \u00e0 courroie, course de 5 \u00e0 750 mm, avec bras supports de t\u00f4le 1000 mm et but\u00e9e d\u2019\u00e9querrage<\/p>\n","protected":false},"featured_media":262542,"template":"","meta":[],"product_brand":[176],"product_cat":[23],"product_tag":[177],"class_list":{"0":"post-262545","1":"product","2":"type-product","3":"status-publish","4":"has-post-thumbnail","6":"product_brand-jouanel","7":"product_cat-cisailles","8":"product_tag-jouanel","10":"first","11":"instock","12":"shipping-taxable","13":"product-type-simple"},"yoast_head":"<!-- This site is optimized with the Yoast SEO Premium plugin v27.1 (Yoast SEO v27.3) - https:\/\/yoast.com\/product\/yoast-seo-premium-wordpress\/ -->\n<title>Cisaille \u00e9lectrique 4 M x 2 mm, but\u00e9e AR \u00e9lectrique 750 mm, Forte capacit\u00e9 - Jupiter machinerie<\/title>\n<meta name=\"description\" content=\"Cisaille guillotine \u00e9lectrique \/ shear avec but\u00e9e arri\u00e8re. Syst\u00e8me de serrage automatique, commande num\u00e9rique 7&#039;&#039;,lames monoblocs r\u00e9versible 1x. 4M x 2mm\" \/>\n<meta name=\"robots\" content=\"index, follow, max-snippet:-1, max-image-preview:large, max-video-preview:-1\" \/>\n<link rel=\"canonical\" href=\"https:\/\/jupitermachinerie.ca\/produits\/produit\/cisaille-electrique-4-m-x-2-mm-butee-ar-electrique-750-mm-forte-capacite\/\" \/>\n<meta property=\"og:locale\" content=\"fr_CA\" \/>\n<meta property=\"og:type\" content=\"article\" \/>\n<meta property=\"og:title\" content=\"Cisaille \u00e9lectrique 4 M x 2 mm, but\u00e9e AR \u00e9lectrique 750 mm, Forte capacit\u00e9\" \/>\n<meta property=\"og:description\" content=\"Cisaille guillotine \u00e9lectrique \/ shear avec but\u00e9e arri\u00e8re. Syst\u00e8me de serrage automatique, commande num\u00e9rique 7&#039;&#039;,lames monoblocs r\u00e9versible 1x. 4M x 2mm\" \/>\n<meta property=\"og:url\" content=\"https:\/\/jupitermachinerie.ca\/produits\/produit\/cisaille-electrique-4-m-x-2-mm-butee-ar-electrique-750-mm-forte-capacite\/\" \/>\n<meta property=\"og:site_name\" content=\"Jupiter machinerie\" \/>\n<meta property=\"article:publisher\" content=\"https:\/\/www.facebook.com\/jupiter.machinerie\" \/>\n<meta property=\"article:modified_time\" content=\"2025-10-08T13:58:00+00:00\" \/>\n<meta property=\"og:image\" content=\"https:\/\/jupitermachinerie.ca\/produits\/wp-content\/uploads\/2025\/10\/800x450___cisaille-electrique-3-m-x-3-mm-butee-ar-electrique-750-mm-controle-numerique_gabarit-cgi33-bae-3.jpg\" \/>\n\t<meta property=\"og:image:width\" content=\"800\" \/>\n\t<meta property=\"og:image:height\" content=\"450\" \/>\n\t<meta property=\"og:image:type\" content=\"image\/jpeg\" \/>\n<meta name=\"twitter:card\" content=\"summary_large_image\" \/>\n<meta name=\"twitter:label1\" content=\"Estimation du temps de lecture\" \/>\n\t<meta name=\"twitter:data1\" content=\"3 minutes\" \/>\n<script type=\"application\/ld+json\" class=\"yoast-schema-graph\">{\"@context\":\"https:\\\/\\\/schema.org\",\"@graph\":[{\"@type\":\"WebPage\",\"@id\":\"https:\\\/\\\/jupitermachinerie.ca\\\/produits\\\/produit\\\/cisaille-electrique-4-m-x-2-mm-butee-ar-electrique-750-mm-forte-capacite\\\/\",\"url\":\"https:\\\/\\\/jupitermachinerie.ca\\\/produits\\\/produit\\\/cisaille-electrique-4-m-x-2-mm-butee-ar-electrique-750-mm-forte-capacite\\\/\",\"name\":\"Cisaille \u00e9lectrique 4 M x 2 mm, but\u00e9e AR \u00e9lectrique 750 mm, Forte capacit\u00e9 - Jupiter machinerie\",\"isPartOf\":{\"@id\":\"https:\\\/\\\/jupitermachinerie.ca\\\/produits\\\/#website\"},\"primaryImageOfPage\":{\"@id\":\"https:\\\/\\\/jupitermachinerie.ca\\\/produits\\\/produit\\\/cisaille-electrique-4-m-x-2-mm-butee-ar-electrique-750-mm-forte-capacite\\\/#primaryimage\"},\"image\":{\"@id\":\"https:\\\/\\\/jupitermachinerie.ca\\\/produits\\\/produit\\\/cisaille-electrique-4-m-x-2-mm-butee-ar-electrique-750-mm-forte-capacite\\\/#primaryimage\"},\"thumbnailUrl\":\"https:\\\/\\\/jupitermachinerie.ca\\\/produits\\\/wp-content\\\/uploads\\\/2025\\\/10\\\/800x450___cisaille-electrique-3-m-x-3-mm-butee-ar-electrique-750-mm-controle-numerique_gabarit-cgi33-bae-3.jpg\",\"datePublished\":\"2025-10-08T13:56:28+00:00\",\"dateModified\":\"2025-10-08T13:58:00+00:00\",\"description\":\"Cisaille guillotine \u00e9lectrique \\\/ shear avec but\u00e9e arri\u00e8re. Syst\u00e8me de serrage automatique, commande num\u00e9rique 7'',lames monoblocs r\u00e9versible 1x. 4M x 2mm\",\"breadcrumb\":{\"@id\":\"https:\\\/\\\/jupitermachinerie.ca\\\/produits\\\/produit\\\/cisaille-electrique-4-m-x-2-mm-butee-ar-electrique-750-mm-forte-capacite\\\/#breadcrumb\"},\"inLanguage\":\"fr-CA\",\"potentialAction\":[{\"@type\":\"ReadAction\",\"target\":[\"https:\\\/\\\/jupitermachinerie.ca\\\/produits\\\/produit\\\/cisaille-electrique-4-m-x-2-mm-butee-ar-electrique-750-mm-forte-capacite\\\/\"]}]},{\"@type\":\"ImageObject\",\"inLanguage\":\"fr-CA\",\"@id\":\"https:\\\/\\\/jupitermachinerie.ca\\\/produits\\\/produit\\\/cisaille-electrique-4-m-x-2-mm-butee-ar-electrique-750-mm-forte-capacite\\\/#primaryimage\",\"url\":\"https:\\\/\\\/jupitermachinerie.ca\\\/produits\\\/wp-content\\\/uploads\\\/2025\\\/10\\\/800x450___cisaille-electrique-3-m-x-3-mm-butee-ar-electrique-750-mm-controle-numerique_gabarit-cgi33-bae-3.jpg\",\"contentUrl\":\"https:\\\/\\\/jupitermachinerie.ca\\\/produits\\\/wp-content\\\/uploads\\\/2025\\\/10\\\/800x450___cisaille-electrique-3-m-x-3-mm-butee-ar-electrique-750-mm-controle-numerique_gabarit-cgi33-bae-3.jpg\",\"width\":800,\"height\":450},{\"@type\":\"BreadcrumbList\",\"@id\":\"https:\\\/\\\/jupitermachinerie.ca\\\/produits\\\/produit\\\/cisaille-electrique-4-m-x-2-mm-butee-ar-electrique-750-mm-forte-capacite\\\/#breadcrumb\",\"itemListElement\":[{\"@type\":\"ListItem\",\"position\":1,\"name\":\"Accueil\",\"item\":\"https:\\\/\\\/jupitermachinerie.ca\\\/produits\\\/\"},{\"@type\":\"ListItem\",\"position\":2,\"name\":\"Boutique\",\"item\":\"https:\\\/\\\/jupitermachinerie.ca\\\/produits\\\/boutique\\\/\"},{\"@type\":\"ListItem\",\"position\":3,\"name\":\"Cisaille \u00e9lectrique 4 M x 2 mm, but\u00e9e AR \u00e9lectrique 750 mm, Forte capacit\u00e9\"}]},{\"@type\":\"WebSite\",\"@id\":\"https:\\\/\\\/jupitermachinerie.ca\\\/produits\\\/#website\",\"url\":\"https:\\\/\\\/jupitermachinerie.ca\\\/produits\\\/\",\"name\":\"Jupiter machinerie\",\"description\":\"\",\"publisher\":{\"@id\":\"https:\\\/\\\/jupitermachinerie.ca\\\/produits\\\/#organization\"},\"potentialAction\":[{\"@type\":\"SearchAction\",\"target\":{\"@type\":\"EntryPoint\",\"urlTemplate\":\"https:\\\/\\\/jupitermachinerie.ca\\\/produits\\\/?s={search_term_string}\"},\"query-input\":{\"@type\":\"PropertyValueSpecification\",\"valueRequired\":true,\"valueName\":\"search_term_string\"}}],\"inLanguage\":\"fr-CA\"},{\"@type\":\"Organization\",\"@id\":\"https:\\\/\\\/jupitermachinerie.ca\\\/produits\\\/#organization\",\"name\":\"Jupiter machinerie\",\"url\":\"https:\\\/\\\/jupitermachinerie.ca\\\/produits\\\/\",\"logo\":{\"@type\":\"ImageObject\",\"inLanguage\":\"fr-CA\",\"@id\":\"https:\\\/\\\/jupitermachinerie.ca\\\/produits\\\/#\\\/schema\\\/logo\\\/image\\\/\",\"url\":\"https:\\\/\\\/jupitermachinerie.ca\\\/produits\\\/wp-content\\\/uploads\\\/2026\\\/03\\\/LOGOfinal-copie1.jpg\",\"contentUrl\":\"https:\\\/\\\/jupitermachinerie.ca\\\/produits\\\/wp-content\\\/uploads\\\/2026\\\/03\\\/LOGOfinal-copie1.jpg\",\"width\":602,\"height\":334,\"caption\":\"Jupiter machinerie\"},\"image\":{\"@id\":\"https:\\\/\\\/jupitermachinerie.ca\\\/produits\\\/#\\\/schema\\\/logo\\\/image\\\/\"},\"sameAs\":[\"https:\\\/\\\/www.facebook.com\\\/jupiter.machinerie\",\"https:\\\/\\\/www.linkedin.com\\\/company\\\/jupitermachinerie\"]}]}<\/script>\n<!-- \/ Yoast SEO Premium plugin. -->","yoast_head_json":{"title":"Cisaille \u00e9lectrique 4 M x 2 mm, but\u00e9e AR \u00e9lectrique 750 mm, Forte capacit\u00e9 - Jupiter machinerie","description":"Cisaille guillotine \u00e9lectrique \/ shear avec but\u00e9e arri\u00e8re. Syst\u00e8me de serrage automatique, commande num\u00e9rique 7'',lames monoblocs r\u00e9versible 1x. 4M x 2mm","robots":{"index":"index","follow":"follow","max-snippet":"max-snippet:-1","max-image-preview":"max-image-preview:large","max-video-preview":"max-video-preview:-1"},"canonical":"https:\/\/jupitermachinerie.ca\/produits\/produit\/cisaille-electrique-4-m-x-2-mm-butee-ar-electrique-750-mm-forte-capacite\/","og_locale":"fr_CA","og_type":"article","og_title":"Cisaille \u00e9lectrique 4 M x 2 mm, but\u00e9e AR \u00e9lectrique 750 mm, Forte capacit\u00e9","og_description":"Cisaille guillotine \u00e9lectrique \/ shear avec but\u00e9e arri\u00e8re. Syst\u00e8me de serrage automatique, commande num\u00e9rique 7'',lames monoblocs r\u00e9versible 1x. 4M x 2mm","og_url":"https:\/\/jupitermachinerie.ca\/produits\/produit\/cisaille-electrique-4-m-x-2-mm-butee-ar-electrique-750-mm-forte-capacite\/","og_site_name":"Jupiter machinerie","article_publisher":"https:\/\/www.facebook.com\/jupiter.machinerie","article_modified_time":"2025-10-08T13:58:00+00:00","og_image":[{"width":800,"height":450,"url":"https:\/\/jupitermachinerie.ca\/produits\/wp-content\/uploads\/2025\/10\/800x450___cisaille-electrique-3-m-x-3-mm-butee-ar-electrique-750-mm-controle-numerique_gabarit-cgi33-bae-3.jpg","type":"image\/jpeg"}],"twitter_card":"summary_large_image","twitter_misc":{"Estimation du temps de lecture":"3 minutes"},"schema":{"@context":"https:\/\/schema.org","@graph":[{"@type":"WebPage","@id":"https:\/\/jupitermachinerie.ca\/produits\/produit\/cisaille-electrique-4-m-x-2-mm-butee-ar-electrique-750-mm-forte-capacite\/","url":"https:\/\/jupitermachinerie.ca\/produits\/produit\/cisaille-electrique-4-m-x-2-mm-butee-ar-electrique-750-mm-forte-capacite\/","name":"Cisaille \u00e9lectrique 4 M x 2 mm, but\u00e9e AR \u00e9lectrique 750 mm, Forte capacit\u00e9 - Jupiter machinerie","isPartOf":{"@id":"https:\/\/jupitermachinerie.ca\/produits\/#website"},"primaryImageOfPage":{"@id":"https:\/\/jupitermachinerie.ca\/produits\/produit\/cisaille-electrique-4-m-x-2-mm-butee-ar-electrique-750-mm-forte-capacite\/#primaryimage"},"image":{"@id":"https:\/\/jupitermachinerie.ca\/produits\/produit\/cisaille-electrique-4-m-x-2-mm-butee-ar-electrique-750-mm-forte-capacite\/#primaryimage"},"thumbnailUrl":"https:\/\/jupitermachinerie.ca\/produits\/wp-content\/uploads\/2025\/10\/800x450___cisaille-electrique-3-m-x-3-mm-butee-ar-electrique-750-mm-controle-numerique_gabarit-cgi33-bae-3.jpg","datePublished":"2025-10-08T13:56:28+00:00","dateModified":"2025-10-08T13:58:00+00:00","description":"Cisaille guillotine \u00e9lectrique \/ shear avec but\u00e9e arri\u00e8re. Syst\u00e8me de serrage automatique, commande num\u00e9rique 7'',lames monoblocs r\u00e9versible 1x. 4M x 2mm","breadcrumb":{"@id":"https:\/\/jupitermachinerie.ca\/produits\/produit\/cisaille-electrique-4-m-x-2-mm-butee-ar-electrique-750-mm-forte-capacite\/#breadcrumb"},"inLanguage":"fr-CA","potentialAction":[{"@type":"ReadAction","target":["https:\/\/jupitermachinerie.ca\/produits\/produit\/cisaille-electrique-4-m-x-2-mm-butee-ar-electrique-750-mm-forte-capacite\/"]}]},{"@type":"ImageObject","inLanguage":"fr-CA","@id":"https:\/\/jupitermachinerie.ca\/produits\/produit\/cisaille-electrique-4-m-x-2-mm-butee-ar-electrique-750-mm-forte-capacite\/#primaryimage","url":"https:\/\/jupitermachinerie.ca\/produits\/wp-content\/uploads\/2025\/10\/800x450___cisaille-electrique-3-m-x-3-mm-butee-ar-electrique-750-mm-controle-numerique_gabarit-cgi33-bae-3.jpg","contentUrl":"https:\/\/jupitermachinerie.ca\/produits\/wp-content\/uploads\/2025\/10\/800x450___cisaille-electrique-3-m-x-3-mm-butee-ar-electrique-750-mm-controle-numerique_gabarit-cgi33-bae-3.jpg","width":800,"height":450},{"@type":"BreadcrumbList","@id":"https:\/\/jupitermachinerie.ca\/produits\/produit\/cisaille-electrique-4-m-x-2-mm-butee-ar-electrique-750-mm-forte-capacite\/#breadcrumb","itemListElement":[{"@type":"ListItem","position":1,"name":"Accueil","item":"https:\/\/jupitermachinerie.ca\/produits\/"},{"@type":"ListItem","position":2,"name":"Boutique","item":"https:\/\/jupitermachinerie.ca\/produits\/boutique\/"},{"@type":"ListItem","position":3,"name":"Cisaille \u00e9lectrique 4 M x 2 mm, but\u00e9e AR \u00e9lectrique 750 mm, Forte capacit\u00e9"}]},{"@type":"WebSite","@id":"https:\/\/jupitermachinerie.ca\/produits\/#website","url":"https:\/\/jupitermachinerie.ca\/produits\/","name":"Jupiter machinerie","description":"","publisher":{"@id":"https:\/\/jupitermachinerie.ca\/produits\/#organization"},"potentialAction":[{"@type":"SearchAction","target":{"@type":"EntryPoint","urlTemplate":"https:\/\/jupitermachinerie.ca\/produits\/?s={search_term_string}"},"query-input":{"@type":"PropertyValueSpecification","valueRequired":true,"valueName":"search_term_string"}}],"inLanguage":"fr-CA"},{"@type":"Organization","@id":"https:\/\/jupitermachinerie.ca\/produits\/#organization","name":"Jupiter machinerie","url":"https:\/\/jupitermachinerie.ca\/produits\/","logo":{"@type":"ImageObject","inLanguage":"fr-CA","@id":"https:\/\/jupitermachinerie.ca\/produits\/#\/schema\/logo\/image\/","url":"https:\/\/jupitermachinerie.ca\/produits\/wp-content\/uploads\/2026\/03\/LOGOfinal-copie1.jpg","contentUrl":"https:\/\/jupitermachinerie.ca\/produits\/wp-content\/uploads\/2026\/03\/LOGOfinal-copie1.jpg","width":602,"height":334,"caption":"Jupiter machinerie"},"image":{"@id":"https:\/\/jupitermachinerie.ca\/produits\/#\/schema\/logo\/image\/"},"sameAs":["https:\/\/www.facebook.com\/jupiter.machinerie","https:\/\/www.linkedin.com\/company\/jupitermachinerie"]}]}},"_links":{"self":[{"href":"https:\/\/jupitermachinerie.ca\/produits\/wp-json\/wp\/v2\/product\/262545","targetHints":{"allow":["GET"]}}],"collection":[{"href":"https:\/\/jupitermachinerie.ca\/produits\/wp-json\/wp\/v2\/product"}],"about":[{"href":"https:\/\/jupitermachinerie.ca\/produits\/wp-json\/wp\/v2\/types\/product"}],"wp:featuredmedia":[{"embeddable":true,"href":"https:\/\/jupitermachinerie.ca\/produits\/wp-json\/wp\/v2\/media\/262542"}],"wp:attachment":[{"href":"https:\/\/jupitermachinerie.ca\/produits\/wp-json\/wp\/v2\/media?parent=262545"}],"wp:term":[{"taxonomy":"product_brand","embeddable":true,"href":"https:\/\/jupitermachinerie.ca\/produits\/wp-json\/wp\/v2\/product_brand?post=262545"},{"taxonomy":"product_cat","embeddable":true,"href":"https:\/\/jupitermachinerie.ca\/produits\/wp-json\/wp\/v2\/product_cat?post=262545"},{"taxonomy":"product_tag","embeddable":true,"href":"https:\/\/jupitermachinerie.ca\/produits\/wp-json\/wp\/v2\/product_tag?post=262545"}],"curies":[{"name":"wp","href":"https:\/\/api.w.org\/{rel}","templated":true}]}}